{"id":201,"date":"2021-08-12T12:45:18","date_gmt":"2021-08-12T14:45:18","guid":{"rendered":"https:\/\/sites.usp.br\/laprofar\/?page_id=201"},"modified":"2021-08-13T12:31:23","modified_gmt":"2021-08-13T14:31:23","slug":"vagas","status":"publish","type":"page","link":"https:\/\/sites.usp.br\/laprofar\/vagas\/","title":{"rendered":"Vagas"},"content":{"rendered":"<p><strong>&#8211; <a href=\"http:\/\/fcfrp.usp.br\/iniciacao\/#.XqHbushKjIU\">Inicia\u00e7\u00e3o cient\u00edfica<\/a><\/strong><\/p>\n<p>*<a href=\"http:\/\/fcfrp.usp.br\/com-bolsa\/#.XqHb4chKjIU\">bolsas <\/a>\u2013 poder\u00e1 ser solicitada CNPq ou FAPESP<br \/>\n<strong>Vagas:<\/strong> 02 (3.\u00ba ano)<br \/>\n<strong>Dedica\u00e7\u00e3o:<\/strong> m\u00ednimo de 12h\/semana<br \/>\n<strong>\u00c1rea de pesquisa:<\/strong> secagem e encapsula\u00e7\u00e3o de ativos naturais<\/p>\n<p><strong>&#8211; <\/strong><a href=\"http:\/\/fcfrp.usp.br\/pg\/pcf\/\"><strong>Programa de P\u00f3s-Gradua\u00e7\u00e3o em Ci\u00eancias Farmac\u00eauticas<\/strong><\/a><\/p>\n<p><strong>Conceito CAPES:<\/strong> 7,0<br \/>\n<strong>\u00c1rea:<\/strong> <a href=\"http:\/\/fcfrp.usp.br\/pg\/pcf\/corpo-docente\/wanderley-pereira-oliveira\/\">Medicamentos e cosm\u00e9ticos<\/a><br \/>\n<a href=\"http:\/\/fcfrp.usp.br\/pg\/pcf\/selecao\/\">Mestrado\/ doutorado<\/a><br \/>\n<a href=\"http:\/\/fcfrp.usp.br\/pos-doutorandos\/#.XqHcNchKjIU\">P\u00f3s-doutorado<\/a><\/p>\n<p><a href=\"https:\/\/fapesp.br\/\"><img loading=\"lazy\" decoding=\"async\" class=\"alignnone  wp-image-304\" src=\"https:\/\/sites.usp.br\/laprofar\/wp-content\/uploads\/sites\/981\/2021\/08\/fapesp-300x61.jpg\" alt=\"\" width=\"231\" height=\"46\" srcset=\"https:\/\/sites.usp.br\/laprofar\/wp-content\/uploads\/sites\/981\/2021\/08\/fapesp-300x61.jpg 300w, https:\/\/sites.usp.br\/laprofar\/wp-content\/uploads\/sites\/981\/2021\/08\/fapesp-400x82.jpg 400w, https:\/\/sites.usp.br\/laprofar\/wp-content\/uploads\/sites\/981\/2021\/08\/fapesp.jpg 641w\" sizes=\"auto, (max-width: 231px) 100vw, 231px\" \/><\/a><a href=\"https:\/\/www.gov.br\/cnpq\/pt-br\"><img loading=\"lazy\" decoding=\"async\" class=\"alignnone  wp-image-303\" src=\"https:\/\/sites.usp.br\/laprofar\/wp-content\/uploads\/sites\/981\/2021\/08\/CNPq-300x122.jpg\" alt=\"\" width=\"138\" height=\"56\" srcset=\"https:\/\/sites.usp.br\/laprofar\/wp-content\/uploads\/sites\/981\/2021\/08\/CNPq-300x122.jpg 300w, https:\/\/sites.usp.br\/laprofar\/wp-content\/uploads\/sites\/981\/2021\/08\/CNPq-768x313.jpg 768w, https:\/\/sites.usp.br\/laprofar\/wp-content\/uploads\/sites\/981\/2021\/08\/CNPq-400x163.jpg 400w, https:\/\/sites.usp.br\/laprofar\/wp-content\/uploads\/sites\/981\/2021\/08\/CNPq.jpg 1000w\" sizes=\"auto, (max-width: 138px) 100vw, 138px\" \/><\/a><a href=\"https:\/\/www.gov.br\/capes\/pt-br\"><img loading=\"lazy\" decoding=\"async\" class=\"alignnone  wp-image-302\" src=\"https:\/\/sites.usp.br\/laprofar\/wp-content\/uploads\/sites\/981\/2021\/08\/Capes-300x221.jpg\" alt=\"\" width=\"110\" height=\"81\" srcset=\"https:\/\/sites.usp.br\/laprofar\/wp-content\/uploads\/sites\/981\/2021\/08\/Capes-300x221.jpg 300w, https:\/\/sites.usp.br\/laprofar\/wp-content\/uploads\/sites\/981\/2021\/08\/Capes-80x60.jpg 80w, https:\/\/sites.usp.br\/laprofar\/wp-content\/uploads\/sites\/981\/2021\/08\/Capes-400x295.jpg 400w, https:\/\/sites.usp.br\/laprofar\/wp-content\/uploads\/sites\/981\/2021\/08\/Capes.jpg 452w\" sizes=\"auto, (max-width: 110px) 100vw, 110px\" \/><\/a><\/p>\n","protected":false},"excerpt":{"rendered":"<p>&#8211; Inicia\u00e7\u00e3o cient\u00edfica *bolsas \u2013 poder\u00e1 ser solicitada CNPq ou FAPESP Vagas: 02 (3.\u00ba ano) Dedica\u00e7\u00e3o: m\u00ednimo de 12h\/semana \u00c1rea de pesquisa: secagem e encapsula\u00e7\u00e3o de ativos naturais &#8211; Programa de P\u00f3s-Gradua\u00e7\u00e3o em Ci\u00eancias Farmac\u00eauticas Conceito CAPES: 7,0 \u00c1rea: Medicamentos e cosm\u00e9ticos Mestrado\/ doutorado P\u00f3s-doutorado<\/p>\n","protected":false},"author":22495,"featured_media":0,"parent":0,"menu_order":0,"comment_status":"closed","ping_status":"closed","template":"","meta":{"footnotes":"","_links_to":"","_links_to_target":""},"class_list":["post-201","page","type-page","status-publish","hentry"],"_links":{"self":[{"href":"https:\/\/sites.usp.br\/laprofar\/wp-json\/wp\/v2\/pages\/201","targetHints":{"allow":["GET"]}}],"collection":[{"href":"https:\/\/sites.usp.br\/laprofar\/wp-json\/wp\/v2\/pages"}],"about":[{"href":"https:\/\/sites.usp.br\/laprofar\/wp-json\/wp\/v2\/types\/page"}],"author":[{"embeddable":true,"href":"https:\/\/sites.usp.br\/laprofar\/wp-json\/wp\/v2\/users\/22495"}],"replies":[{"embeddable":true,"href":"https:\/\/sites.usp.br\/laprofar\/wp-json\/wp\/v2\/comments?post=201"}],"version-history":[{"count":4,"href":"https:\/\/sites.usp.br\/laprofar\/wp-json\/wp\/v2\/pages\/201\/revisions"}],"predecessor-version":[{"id":305,"href":"https:\/\/sites.usp.br\/laprofar\/wp-json\/wp\/v2\/pages\/201\/revisions\/305"}],"wp:attachment":[{"href":"https:\/\/sites.usp.br\/laprofar\/wp-json\/wp\/v2\/media?parent=201"}],"curies":[{"name":"wp","href":"https:\/\/api.w.org\/{rel}","templated":true}]}}