{"id":202,"date":"2021-08-12T12:45:18","date_gmt":"2021-08-12T14:45:18","guid":{"rendered":"https:\/\/sites.usp.br\/laprofar\/?page_id=202"},"modified":"2021-08-25T15:22:41","modified_gmt":"2021-08-25T17:22:41","slug":"servicos","status":"publish","type":"page","link":"https:\/\/sites.usp.br\/laprofar\/servicos\/","title":{"rendered":"Servi\u00e7os"},"content":{"rendered":"<p><strong>Servi\u00e7os e Assessoria<\/strong><br \/>\n<img loading=\"lazy\" decoding=\"async\" class=\" wp-image-306 alignright\" src=\"https:\/\/sites.usp.br\/laprofar\/wp-content\/uploads\/sites\/981\/2021\/08\/Logo_LAPROFAR-300x217.jpg\" alt=\"\" width=\"195\" height=\"141\" srcset=\"https:\/\/sites.usp.br\/laprofar\/wp-content\/uploads\/sites\/981\/2021\/08\/Logo_LAPROFAR-300x217.jpg 300w, https:\/\/sites.usp.br\/laprofar\/wp-content\/uploads\/sites\/981\/2021\/08\/Logo_LAPROFAR-400x289.jpg 400w, https:\/\/sites.usp.br\/laprofar\/wp-content\/uploads\/sites\/981\/2021\/08\/Logo_LAPROFAR.jpg 743w\" sizes=\"auto, (max-width: 195px) 100vw, 195px\" \/><br \/>\nO\u00a0<strong>Laborat\u00f3rio de P &amp; D em Processos Farmac\u00eauticos<\/strong>\u00a0(LAPROFAR), da Faculdade de Ci\u00eancias Farmac\u00eauticas de Ribeir\u00e3o Preto (FCFRP\/USP), est\u00e1 capacitado a prestar servi\u00e7os t\u00e9cnicos especializados e atividades de consultoria e assessoria t\u00e9cnico-cient\u00edfica nas seguintes \u00e1reas:<\/p>\n<p><strong>&#8211; Secagem de produtos farmac\u00eauticos, aliment\u00edcios e agr\u00edcolas;<\/strong><br \/>\n<strong>&#8211; Nano e microencapsula\u00e7\u00e3o de ativos naturais, empregando tecnologias de secagem;<\/strong><br \/>\n<strong>&#8211; Desenvolvimento tecnol\u00f3gico de fitoter\u00e1picos;<\/strong><br \/>\n<strong>&#8211; Obten\u00e7\u00e3o de isotermas de adsor\u00e7\u00e3o\/desor\u00e7\u00e3o;<\/strong><br \/>\n<strong>&#8211; Ensaios de estabilidade de fitoter\u00e1picos e produtos farmac\u00eauticos;<\/strong><br \/>\n<strong>&#8211; Caracteriza\u00e7\u00e3o f\u00edsica e qu\u00edmica de produtos biol\u00f3gicos (teor de umidade, atividade de \u00e1gua, titula\u00e7\u00e3o Karl Fischer, caracteriza\u00e7\u00e3o granulom\u00e9trica, quantifica\u00e7\u00e3o de princ\u00edpios ativos, etc);<\/strong><br \/>\n<strong>&#8211; Ensaios reol\u00f3gicos;<\/strong><br \/>\n<strong>&#8211; Tratamento de dados, planejamento e an\u00e1lise de experimentos.<\/strong><\/p>\n<ul>\n<li><a href=\"https:\/\/fcfrp.usp.br\/pt\/pesquisa-extensao\/pesquisa\/centrais-multiusuarios\/laprofar\/\"><span style=\"color: #008000;\">determina\u00e7\u00f5es de potencial zeta, tamanho de part\u00edculas e peso molecular em sistemas dispersos micro e nanoestruturados (Zetasizer Nano ZS90)<\/span><\/a><\/li>\n<\/ul>\n<p>Interessados devem entrar em contato diretamente com o\u00a0<strong>Prof. Dr. Wanderley Pereira Oliveira<\/strong>\u00a0pelo telefone\u00a0<strong>(16) 3315-4185<\/strong>\u00a0ou e-mail:\u00a0<a href=\"mailto:wpoliv@fcfrp.usp.br\">wpoliv@fcfrp.usp.br<\/a><\/p>\n","protected":false},"excerpt":{"rendered":"<p>Servi\u00e7os e Assessoria O\u00a0Laborat\u00f3rio de P &amp; D em Processos Farmac\u00eauticos\u00a0(LAPROFAR), da Faculdade de Ci\u00eancias Farmac\u00eauticas de Ribeir\u00e3o Preto (FCFRP\/USP), est\u00e1 capacitado a prestar servi\u00e7os t\u00e9cnicos especializados e atividades de consultoria e assessoria t\u00e9cnico-cient\u00edfica nas seguintes \u00e1reas: &#8211; Secagem de produtos farmac\u00eauticos, aliment\u00edcios e agr\u00edcolas; &#8211; Nano e microencapsula\u00e7\u00e3o de ativos naturais, empregando tecnologias de [&hellip;]<\/p>\n","protected":false},"author":22495,"featured_media":0,"parent":0,"menu_order":0,"comment_status":"closed","ping_status":"closed","template":"","meta":{"footnotes":"","_links_to":"","_links_to_target":""},"class_list":["post-202","page","type-page","status-publish","hentry"],"_links":{"self":[{"href":"https:\/\/sites.usp.br\/laprofar\/wp-json\/wp\/v2\/pages\/202","targetHints":{"allow":["GET"]}}],"collection":[{"href":"https:\/\/sites.usp.br\/laprofar\/wp-json\/wp\/v2\/pages"}],"about":[{"href":"https:\/\/sites.usp.br\/laprofar\/wp-json\/wp\/v2\/types\/page"}],"author":[{"embeddable":true,"href":"https:\/\/sites.usp.br\/laprofar\/wp-json\/wp\/v2\/users\/22495"}],"replies":[{"embeddable":true,"href":"https:\/\/sites.usp.br\/laprofar\/wp-json\/wp\/v2\/comments?post=202"}],"version-history":[{"count":5,"href":"https:\/\/sites.usp.br\/laprofar\/wp-json\/wp\/v2\/pages\/202\/revisions"}],"predecessor-version":[{"id":417,"href":"https:\/\/sites.usp.br\/laprofar\/wp-json\/wp\/v2\/pages\/202\/revisions\/417"}],"wp:attachment":[{"href":"https:\/\/sites.usp.br\/laprofar\/wp-json\/wp\/v2\/media?parent=202"}],"curies":[{"name":"wp","href":"https:\/\/api.w.org\/{rel}","templated":true}]}}