{"id":203,"date":"2021-08-12T12:45:18","date_gmt":"2021-08-12T14:45:18","guid":{"rendered":"https:\/\/sites.usp.br\/laprofar\/?page_id=203"},"modified":"2022-02-23T11:20:46","modified_gmt":"2022-02-23T13:20:46","slug":"links-uteis","status":"publish","type":"page","link":"https:\/\/sites.usp.br\/laprofar\/links-uteis\/","title":{"rendered":"Links \u00fateis"},"content":{"rendered":"<p><a href=\"https:\/\/jornal.usp.br\/ciencias\/produto-a-base-de-alecrim-pimenta-pode-ser-arma-contra-superfungo\/?fbclid=IwAR0vcC28APgn30yzmimyKJItKv7NazyjTelKXZNGLJEU7-Bo2rMeCwdfpc0\">&#8211; Reportagem sobre produto \u00e0 base de alecrim-pimenta como arma contra super fungo <\/a><\/p>\n<p>&#8211; <a href=\"https:\/\/jornal.usp.br\/universidade\/usp-registra-patente-de-tecnica-que-pode-substituir-conservantes\/\">Reportagem sobre registro de patente com alecrim-pimenta<\/a><\/p>\n<p>&#8211; <a href=\"https:\/\/www.youtube.com\/watch?v=cQ9Y_F5q8ro\">Pesquisadores da USP desenvolvem rem\u00e9dio natural contra otite externa de pets<\/a><\/p>\n<p>&#8211; <a href=\"http:\/\/fcfrp.usp.br\/\">FCFRP<\/a><br \/>\n&#8211; <a href=\"http:\/\/portal.anvisa.gov.br\/\">ANVISA<\/a><br \/>\n&#8211; <a href=\"http:\/\/www.sbpmed.org.br\/\">Sociedade Brasileira de Plantas Medicinais<\/a><br \/>\n&#8211; <a href=\"http:\/\/www.sbfgnosia.org.br\/eventos.html\">Sociedade Brasileira de Farmacognosia<\/a><br \/>\n&#8211; <a href=\"http:\/\/www.abifisa.org.br\/\">Associa\u00e7\u00e3o Brasileira das Empresas do Setor Fitoter\u00e1pico, Suplemento alimentar e de Promo\u00e7\u00e3o da Sa\u00fade<\/a><br \/>\n&#8211; <a href=\"https:\/\/saude.gov.br\/\">Minist\u00e9rio da Sa\u00fade<\/a><br \/>\n&#8211; <a href=\"http:\/\/inct.cnpq.br\/web\/inct-if\">Instituto Nacional de Ci\u00eancias e Tecnologia para Inova\u00e7\u00e3o Farmac\u00eautica<\/a><br \/>\n&#8211; <a href=\"http:\/\/bioencapsulation.net\/index1.html\">Bioencapsulation Research Group<\/a><br \/>\n&#8211; <a href=\"https:\/\/www.ga-online.org\/\">Society for Medicinal Plant and Natural Product Research<\/a><br \/>\n&#8211; <a href=\"https:\/\/www.controlledreleasesociety.org\/\">Controlled Release Society<\/a><br \/>\n&#8211; <a href=\"https:\/\/jornal.usp.br\/\">Jornal da USP<\/a><br \/>\n&#8211; <a href=\"http:\/\/www.inovacao.usp.br\/\">Ag\u00eancia USP de Inova\u00e7\u00e3o<\/a><br \/>\n&#8211; <a href=\"https:\/\/prceu.usp.br\/\">Pr\u00f3-reitoria de cultura e extens\u00e3o universit\u00e1ria<\/a><br \/>\n&#8211; <a href=\"http:\/\/www.usp.br\/internationaloffice\/\">Ag\u00eancia USP de coopera\u00e7\u00e3o acad\u00eamica nacional e internacional<\/a><br \/>\n&#8211; <a href=\"http:\/\/www.prefeiturarp.usp.br\/cultura\/\">Se\u00e7\u00e3o de atividades culturais do <em>campus<\/em> da USP de Ribeir\u00e3o Preto<\/a><br \/>\n&#8211; <a href=\"http:\/\/www.prefeiturarp.usp.br\/\">Prefeitura do <em>campus<\/em> da USP de Ribeir\u00e3o Preto<\/a><br \/>\n&#8211; <a href=\"https:\/\/prceu.usp.br\/centro\/museu-de-ciencias\/\">Museu de Ci\u00eancias<\/a><br \/>\n&#8211; <a href=\"https:\/\/teses.usp.br\/\">Biblioteca digital<\/a><br \/>\n&#8211; <a href=\"http:\/\/fcfrp.usp.br\/farmacia-ensino\/#.XqHfQ8hKjIU\">Farm\u00e1cia ensino da FCFRP<\/a><\/p>\n","protected":false},"excerpt":{"rendered":"<p>&#8211; Reportagem sobre produto \u00e0 base de alecrim-pimenta como arma contra super fungo &#8211; Reportagem sobre registro de patente com alecrim-pimenta &#8211; Pesquisadores da USP desenvolvem rem\u00e9dio natural contra otite externa de pets &#8211; FCFRP &#8211; ANVISA &#8211; Sociedade Brasileira de Plantas Medicinais &#8211; Sociedade Brasileira de Farmacognosia &#8211; Associa\u00e7\u00e3o Brasileira das Empresas do Setor [&hellip;]<\/p>\n","protected":false},"author":22495,"featured_media":0,"parent":0,"menu_order":0,"comment_status":"closed","ping_status":"closed","template":"","meta":{"footnotes":"","_links_to":"","_links_to_target":""},"class_list":["post-203","page","type-page","status-publish","hentry"],"_links":{"self":[{"href":"https:\/\/sites.usp.br\/laprofar\/wp-json\/wp\/v2\/pages\/203","targetHints":{"allow":["GET"]}}],"collection":[{"href":"https:\/\/sites.usp.br\/laprofar\/wp-json\/wp\/v2\/pages"}],"about":[{"href":"https:\/\/sites.usp.br\/laprofar\/wp-json\/wp\/v2\/types\/page"}],"author":[{"embeddable":true,"href":"https:\/\/sites.usp.br\/laprofar\/wp-json\/wp\/v2\/users\/22495"}],"replies":[{"embeddable":true,"href":"https:\/\/sites.usp.br\/laprofar\/wp-json\/wp\/v2\/comments?post=203"}],"version-history":[{"count":4,"href":"https:\/\/sites.usp.br\/laprofar\/wp-json\/wp\/v2\/pages\/203\/revisions"}],"predecessor-version":[{"id":440,"href":"https:\/\/sites.usp.br\/laprofar\/wp-json\/wp\/v2\/pages\/203\/revisions\/440"}],"wp:attachment":[{"href":"https:\/\/sites.usp.br\/laprofar\/wp-json\/wp\/v2\/media?parent=203"}],"curies":[{"name":"wp","href":"https:\/\/api.w.org\/{rel}","templated":true}]}}