{"id":227,"date":"2021-08-12T15:14:22","date_gmt":"2021-08-12T17:14:22","guid":{"rendered":"https:\/\/sites.usp.br\/laprofar\/?page_id=227"},"modified":"2021-08-17T12:08:38","modified_gmt":"2021-08-17T14:08:38","slug":"historico","status":"publish","type":"page","link":"https:\/\/sites.usp.br\/laprofar\/historico\/","title":{"rendered":"Hist\u00f3rico"},"content":{"rendered":"<p>A ideia de estabelecer um grupo de pesquisa focado no desenvolvimento de processos farmac\u00eauticos data de <strong>1996<\/strong>, quando <strong>Prof. Wanderley<\/strong> foi nomeado na <strong>FCFRP\/USP<\/strong>, como <strong>Professor Assistente<\/strong>, em per\u00edodo integral, com dedica\u00e7\u00e3o exclusiva ao ensino e pesquisa (RDIDP). As atividades do grupo come\u00e7aram simultaneamente e v\u00eam se expandindo e se consolidando ao longo do tempo, com o estabelecimento de uma infraestrutura robusta de pesquisa e o estabelecimento de colabora\u00e7\u00f5es com outros grupos de pesquisa, tanto no Brasil quanto no exterior.<\/p>\n<p>O Grupo de Aglomera\u00e7\u00e3o e Secagem de Produtos Farmac\u00eauticos, inicialmente, focou no estudo de t\u00e9cnicas de revestimento de part\u00edculas s\u00f3lidas em leitos fluidizados e de jorro e a obten\u00e7\u00e3o de extratos secos padronizados de plantas medicinais e arom\u00e1ticas (processamento de fitoter\u00e1picos).<\/p>\n<p>Ao ser nomeado como <strong>professor e orientador da p\u00f3s-gradua\u00e7\u00e3o no Programa de P\u00f3s-Gradua\u00e7\u00e3o em Ci\u00eancias Farmac\u00eauticas<\/strong>, em <strong>1998<\/strong>, criaram-se perspectivas de desenvolver projetos de maior complexidade. Desde ent\u00e3o, v\u00e1rios t\u00f3picos de pesquisa vinculados a produtos e processos farmac\u00eauticos e biotecnol\u00f3gicos foram iniciados.<\/p>\n<p>Exemplos ilustrativos das investiga\u00e7\u00f5es do LAPROFAR incluem o revestimento de formas farmac\u00eauticas s\u00f3lidas em estado suspenso (por exemplo, leitos fluidizados); secagem de extratos de plantas medicinais e arom\u00e1ticas; micro e nanoencapsula\u00e7\u00e3o de produtos farmac\u00eauticos, \u00f3leos essenciais e extratos bot\u00e2nicos; secagem de enzimas e prote\u00ednas; avalia\u00e7\u00e3o da estabilidade e da atividade biol\u00f3gica de produtos fitofarmac\u00eauticos.<\/p>\n<p>O Grupo LAPROFAR ganhou reconhecimento frequente de v\u00e1rias ag\u00eancias de financiamento cient\u00edfico do Brasil (por exemplo, <strong>FAPESP, CNPq, CAPES e USP<\/strong>) pelas pesquisas desenvolvidas e recebeu apoio financeiro para v\u00e1rios projetos cient\u00edficos (Aux\u00edlios \u00e0 Pesquisa Regulares da FAPESP, Universal e outros CNPq Chamadas, Pesquisador Jovem em Centros Emergentes, Bolsas de Infraestrutura e Multiusu\u00e1rios e diversas bolsas de inicia\u00e7\u00e3o cient\u00edfica, mestrado e doutorado, n\u00edveis de pesquisa e p\u00f3s-doutorado no Brasil e no exterior, entre outros). At\u00e9 2020 foram formados 14 mestres e 9 doutores, al\u00e9m de outros recursos humanos (p\u00f3s-doutorado, inicia\u00e7\u00e3o cient\u00edfica, atualiza\u00e7\u00e3o profissional, coorienta\u00e7\u00e3o).<\/p>\n<p style=\"text-align: center;\"><a href=\"https:\/\/sites.usp.br\/laprofar\/wp-content\/uploads\/sites\/981\/2021\/08\/foto_lab_historico.jpg\"><img loading=\"lazy\" decoding=\"async\" class=\"alignnone size-medium wp-image-251\" src=\"https:\/\/sites.usp.br\/laprofar\/wp-content\/uploads\/sites\/981\/2021\/08\/foto_lab_historico-300x183.jpg\" alt=\"\" width=\"300\" height=\"183\" srcset=\"https:\/\/sites.usp.br\/laprofar\/wp-content\/uploads\/sites\/981\/2021\/08\/foto_lab_historico-300x183.jpg 300w, https:\/\/sites.usp.br\/laprofar\/wp-content\/uploads\/sites\/981\/2021\/08\/foto_lab_historico-400x244.jpg 400w, https:\/\/sites.usp.br\/laprofar\/wp-content\/uploads\/sites\/981\/2021\/08\/foto_lab_historico.jpg 604w\" sizes=\"auto, (max-width: 300px) 100vw, 300px\" \/><\/a><\/p>\n<p><strong><em>Foto:<\/em><\/strong><em> Resultados do LAPROFAR com rela\u00e7\u00e3o ao treinamento de pessoal em diversos n\u00edveis.<\/em><\/p>\n<p><em>\u00a0<\/em>A dissemina\u00e7\u00e3o dos resultados cient\u00edficos e tecnol\u00f3gicos produzidos contribuiu para o aumento significativo da visibilidade e internacionaliza\u00e7\u00e3o do grupo, evidenciado pelo crescente n\u00famero de cita\u00e7\u00f5es da produ\u00e7\u00e3o bibliogr\u00e1fica por pesquisadores de centros de excel\u00eancia nacionais e internacionais em pesquisas cient\u00edficas e tecnol\u00f3gicas.<a href=\"https:\/\/sites.usp.br\/laprofar\/wp-content\/uploads\/sites\/981\/2021\/08\/predio-Laprofar-lateral.jpg\"><img loading=\"lazy\" decoding=\"async\" class=\"size-medium wp-image-256 aligncenter\" src=\"https:\/\/sites.usp.br\/laprofar\/wp-content\/uploads\/sites\/981\/2021\/08\/predio-Laprofar-lateral-300x225.jpg\" alt=\"\" width=\"300\" height=\"225\" srcset=\"https:\/\/sites.usp.br\/laprofar\/wp-content\/uploads\/sites\/981\/2021\/08\/predio-Laprofar-lateral-300x225.jpg 300w, https:\/\/sites.usp.br\/laprofar\/wp-content\/uploads\/sites\/981\/2021\/08\/predio-Laprofar-lateral-768x576.jpg 768w, https:\/\/sites.usp.br\/laprofar\/wp-content\/uploads\/sites\/981\/2021\/08\/predio-Laprofar-lateral-80x60.jpg 80w, https:\/\/sites.usp.br\/laprofar\/wp-content\/uploads\/sites\/981\/2021\/08\/predio-Laprofar-lateral-400x300.jpg 400w, https:\/\/sites.usp.br\/laprofar\/wp-content\/uploads\/sites\/981\/2021\/08\/predio-Laprofar-lateral.jpg 800w\" sizes=\"auto, (max-width: 300px) 100vw, 300px\" \/><\/a><\/p>\n<p><strong><em>Foto:<\/em><\/strong><em> Pr\u00e9dio atual onde est\u00e1 instalado o LAPROFAR (Bloco Q &#8211; t\u00e9rreo fundo).<\/em><\/p>\n","protected":false},"excerpt":{"rendered":"<p>A ideia de estabelecer um grupo de pesquisa focado no desenvolvimento de processos farmac\u00eauticos data de 1996, quando Prof. Wanderley foi nomeado na FCFRP\/USP, como Professor Assistente, em per\u00edodo integral, com dedica\u00e7\u00e3o exclusiva ao ensino e pesquisa (RDIDP). As atividades do grupo come\u00e7aram simultaneamente e v\u00eam se expandindo e se consolidando ao longo do tempo, [&hellip;]<\/p>\n","protected":false},"author":22495,"featured_media":0,"parent":0,"menu_order":0,"comment_status":"closed","ping_status":"closed","template":"","meta":{"footnotes":"","_links_to":"","_links_to_target":""},"class_list":["post-227","page","type-page","status-publish","hentry"],"_links":{"self":[{"href":"https:\/\/sites.usp.br\/laprofar\/wp-json\/wp\/v2\/pages\/227","targetHints":{"allow":["GET"]}}],"collection":[{"href":"https:\/\/sites.usp.br\/laprofar\/wp-json\/wp\/v2\/pages"}],"about":[{"href":"https:\/\/sites.usp.br\/laprofar\/wp-json\/wp\/v2\/types\/page"}],"author":[{"embeddable":true,"href":"https:\/\/sites.usp.br\/laprofar\/wp-json\/wp\/v2\/users\/22495"}],"replies":[{"embeddable":true,"href":"https:\/\/sites.usp.br\/laprofar\/wp-json\/wp\/v2\/comments?post=227"}],"version-history":[{"count":4,"href":"https:\/\/sites.usp.br\/laprofar\/wp-json\/wp\/v2\/pages\/227\/revisions"}],"predecessor-version":[{"id":365,"href":"https:\/\/sites.usp.br\/laprofar\/wp-json\/wp\/v2\/pages\/227\/revisions\/365"}],"wp:attachment":[{"href":"https:\/\/sites.usp.br\/laprofar\/wp-json\/wp\/v2\/media?parent=227"}],"curies":[{"name":"wp","href":"https:\/\/api.w.org\/{rel}","templated":true}]}}