{"id":229,"date":"2021-08-12T15:14:37","date_gmt":"2021-08-12T17:14:37","guid":{"rendered":"https:\/\/sites.usp.br\/laprofar\/?page_id=229"},"modified":"2021-08-17T12:38:15","modified_gmt":"2021-08-17T14:38:15","slug":"infraestrutura","status":"publish","type":"page","link":"https:\/\/sites.usp.br\/laprofar\/infraestrutura\/","title":{"rendered":"Infraestrutura"},"content":{"rendered":"<p>O laborat\u00f3rio teve in\u00edcio em uma \u00e1rea de 40 m<sup>2<\/sup>, compartilhada com outro docente, e desde 2001 est\u00e1 localizado no t\u00e9rreo do <strong>Bloco Q<\/strong> (<strong>laborat\u00f3rios de A a D<\/strong>) e uma sala no Bloco R (<strong>laborat\u00f3rio E<\/strong>) da <strong>FCFRP<\/strong>, ocupando uma \u00e1rea de <strong>110 m\u00b2<\/strong> e um parque de equipamentos para pesquisa e desenvolvimento que conta principalmente com:<\/p>\n<p>&#8211; <u>Equipamentos de secagem e recobrimento de part\u00edculas:<\/u> leito de jorro, leito fluidizado, <em>spray dryer<\/em>, liofilizador;<\/p>\n<p>&#8211; <u>Equipamentos para micro e nanoencapsula\u00e7\u00e3o:<\/u> homogeneizador de alta press\u00e3o, sonda de ultrassom, ultraturrax;<\/p>\n<p>&#8211; <u>Equipamentos de caracteriza\u00e7\u00e3o f\u00edsico-qu\u00edmica:<\/u> HPLC, espectrofot\u00f4metro, analisador de potencial zeta, rancimat, dissolutor, microscopia \u00f3tica, color\u00edmetro, titulador Karl Fischer, analisador de atividade de \u00e1gua, analisador de densidade, re\u00f4metro, c\u00e2maras de teste de estabilidade;<\/p>\n<p>&#8211; <u>Equipamentos para estudos biotecnol\u00f3gicos:<\/u> fluxo laminar, agitador orbital com aquecimento, microsc\u00f3pio \u00f3tico, geladeira, autoclave, agitador de banho-maria, centr\u00edfuga e alguns outros equipamentos auxiliares;<\/p>\n<p>&#8211; <u>Equipamentos diversos:<\/u> Balan\u00e7as anal\u00edticas e de precis\u00e3o, moinho de facas (MA 680, Marconi), triturador de laborat\u00f3rio, agitador de peneiras Bertel, sistemas de extra\u00e7\u00e3o, banhos termost\u00e1ticos de circula\u00e7\u00e3o com aquecimento e arrefecimento, banhos ultrass\u00f4nicos, evaporadores rotativos, pHmetro Metrohm, Condutiv\u00edmetro Metrohm 856 com Touch Control 840, analisador de umidade infravermelho MA35 (Sartorius), refrigeradores, freezer -20 \u00baC, ultrafreezer -80 \u00baC, sistemas de extra\u00e7\u00e3o de \u00f3leo essencial, agitador orbital MA 140 CFT (Marconi), microman\u00f4metros (Furness Control &#8211; v\u00e1rias faixas) com sistemas de aquisi\u00e7\u00e3o de dados, sistemas de aquisi\u00e7\u00e3o de dados de temperatura e press\u00e3o, sistemas de medi\u00e7\u00e3o de umidade, centr\u00edfuga refrigerada, agitadores, entre outros.<\/p>\n<p>Os estudos multidisciplinares implementados pelo grupo demandam uma ampla infraestrutura de pesquisa para caracteriza\u00e7\u00e3o f\u00edsico-qu\u00edmica de diversos produtos (ervas, p\u00f3s, gr\u00e2nulos, emuls\u00f5es, sistemas lip\u00eddicos, extratos, enzimas, etc.). A maioria dos equipamentos de pesquisa est\u00e3o instalados em 5 pequenos laborat\u00f3rios, organizados de acordo com a finalidade proposta, conforme apresentado a seguir:<\/p>\n<ol>\n<li><u>Laborat\u00f3rio A:<\/u> Desenvolvimento de produtos e caracteriza\u00e7\u00e3o f\u00edsico-qu\u00edmica;<\/li>\n<li><u>Laborat\u00f3rio B:<\/u> Laborat\u00f3rio de espectrofotometria e cromatografia;<\/li>\n<li><u>Laborat\u00f3rio C:<\/u> Secagem e an\u00e1lises de estabilidade;<\/li>\n<li><u>Laborat\u00f3rio D:<\/u> An\u00e1lise de imagem, reologia, potencial zeta e colorimetria;<\/li>\n<li><u>Laborat\u00f3rio E:<\/u> Biotecnologia.<\/li>\n<\/ol>\n<p style=\"text-align: center;\"><a href=\"https:\/\/sites.usp.br\/laprofar\/wp-content\/uploads\/sites\/981\/2021\/08\/labA1.jpg\"><img loading=\"lazy\" decoding=\"async\" class=\"alignnone  wp-image-366\" src=\"https:\/\/sites.usp.br\/laprofar\/wp-content\/uploads\/sites\/981\/2021\/08\/labA1-300x91.jpg\" alt=\"\" width=\"366\" height=\"111\" srcset=\"https:\/\/sites.usp.br\/laprofar\/wp-content\/uploads\/sites\/981\/2021\/08\/labA1-300x91.jpg 300w, https:\/\/sites.usp.br\/laprofar\/wp-content\/uploads\/sites\/981\/2021\/08\/labA1-1024x310.jpg 1024w, https:\/\/sites.usp.br\/laprofar\/wp-content\/uploads\/sites\/981\/2021\/08\/labA1-768x233.jpg 768w, https:\/\/sites.usp.br\/laprofar\/wp-content\/uploads\/sites\/981\/2021\/08\/labA1-400x121.jpg 400w, https:\/\/sites.usp.br\/laprofar\/wp-content\/uploads\/sites\/981\/2021\/08\/labA1.jpg 1280w\" sizes=\"auto, (max-width: 366px) 100vw, 366px\" \/><\/a><\/p>\n<p><strong><em>Foto:<\/em><\/strong><em> Vista geral do laborat\u00f3rio A.<\/em><\/p>\n<p style=\"text-align: center;\"><a href=\"https:\/\/sites.usp.br\/laprofar\/wp-content\/uploads\/sites\/981\/2021\/08\/labB.jpg\"><img loading=\"lazy\" decoding=\"async\" class=\"alignnone size-medium wp-image-367\" src=\"https:\/\/sites.usp.br\/laprofar\/wp-content\/uploads\/sites\/981\/2021\/08\/labB-300x225.jpg\" alt=\"\" width=\"300\" height=\"225\" srcset=\"https:\/\/sites.usp.br\/laprofar\/wp-content\/uploads\/sites\/981\/2021\/08\/labB-300x225.jpg 300w, https:\/\/sites.usp.br\/laprofar\/wp-content\/uploads\/sites\/981\/2021\/08\/labB-80x60.jpg 80w, https:\/\/sites.usp.br\/laprofar\/wp-content\/uploads\/sites\/981\/2021\/08\/labB-400x300.jpg 400w, https:\/\/sites.usp.br\/laprofar\/wp-content\/uploads\/sites\/981\/2021\/08\/labB.jpg 577w\" sizes=\"auto, (max-width: 300px) 100vw, 300px\" \/><\/a><\/p>\n<p><strong><em>Foto:<\/em><\/strong><em> Vista geral do laborat\u00f3rio B.<\/em><\/p>\n<p style=\"text-align: center;\"><a href=\"https:\/\/sites.usp.br\/laprofar\/wp-content\/uploads\/sites\/981\/2021\/08\/LabC-scaled.jpg\"><img loading=\"lazy\" decoding=\"async\" class=\"alignnone size-medium wp-image-368\" src=\"https:\/\/sites.usp.br\/laprofar\/wp-content\/uploads\/sites\/981\/2021\/08\/LabC-300x169.jpg\" alt=\"\" width=\"300\" height=\"169\" srcset=\"https:\/\/sites.usp.br\/laprofar\/wp-content\/uploads\/sites\/981\/2021\/08\/LabC-300x169.jpg 300w, https:\/\/sites.usp.br\/laprofar\/wp-content\/uploads\/sites\/981\/2021\/08\/LabC-1024x576.jpg 1024w, https:\/\/sites.usp.br\/laprofar\/wp-content\/uploads\/sites\/981\/2021\/08\/LabC-768x432.jpg 768w, https:\/\/sites.usp.br\/laprofar\/wp-content\/uploads\/sites\/981\/2021\/08\/LabC-1536x864.jpg 1536w, https:\/\/sites.usp.br\/laprofar\/wp-content\/uploads\/sites\/981\/2021\/08\/LabC-2048x1152.jpg 2048w, https:\/\/sites.usp.br\/laprofar\/wp-content\/uploads\/sites\/981\/2021\/08\/LabC-310x174.jpg 310w, https:\/\/sites.usp.br\/laprofar\/wp-content\/uploads\/sites\/981\/2021\/08\/LabC-400x225.jpg 400w\" sizes=\"auto, (max-width: 300px) 100vw, 300px\" \/><\/a><\/p>\n<p><strong><em>Foto:<\/em><\/strong><em> Vista geral do laborat\u00f3rio C.<\/em><\/p>\n<p style=\"text-align: center;\"><a href=\"https:\/\/sites.usp.br\/laprofar\/wp-content\/uploads\/sites\/981\/2021\/08\/labD.jpg\"><img loading=\"lazy\" decoding=\"async\" class=\"alignnone size-medium wp-image-369\" src=\"https:\/\/sites.usp.br\/laprofar\/wp-content\/uploads\/sites\/981\/2021\/08\/labD-300x225.jpg\" alt=\"\" width=\"300\" height=\"225\" srcset=\"https:\/\/sites.usp.br\/laprofar\/wp-content\/uploads\/sites\/981\/2021\/08\/labD-300x225.jpg 300w, https:\/\/sites.usp.br\/laprofar\/wp-content\/uploads\/sites\/981\/2021\/08\/labD-80x60.jpg 80w, https:\/\/sites.usp.br\/laprofar\/wp-content\/uploads\/sites\/981\/2021\/08\/labD-400x300.jpg 400w, https:\/\/sites.usp.br\/laprofar\/wp-content\/uploads\/sites\/981\/2021\/08\/labD.jpg 640w\" sizes=\"auto, (max-width: 300px) 100vw, 300px\" \/><\/a><\/p>\n<p><strong><em>Foto:<\/em><\/strong><em> Vista geral do laborat\u00f3rio D.<\/em><\/p>\n<p style=\"text-align: center;\"><a href=\"https:\/\/sites.usp.br\/laprofar\/wp-content\/uploads\/sites\/981\/2021\/08\/LabE-scaled.jpg\"><img loading=\"lazy\" decoding=\"async\" class=\"alignnone size-medium wp-image-370\" src=\"https:\/\/sites.usp.br\/laprofar\/wp-content\/uploads\/sites\/981\/2021\/08\/LabE-240x300.jpg\" alt=\"\" width=\"240\" height=\"300\" srcset=\"https:\/\/sites.usp.br\/laprofar\/wp-content\/uploads\/sites\/981\/2021\/08\/LabE-240x300.jpg 240w, https:\/\/sites.usp.br\/laprofar\/wp-content\/uploads\/sites\/981\/2021\/08\/LabE-819x1024.jpg 819w, https:\/\/sites.usp.br\/laprofar\/wp-content\/uploads\/sites\/981\/2021\/08\/LabE-768x960.jpg 768w, https:\/\/sites.usp.br\/laprofar\/wp-content\/uploads\/sites\/981\/2021\/08\/LabE-1229x1536.jpg 1229w, https:\/\/sites.usp.br\/laprofar\/wp-content\/uploads\/sites\/981\/2021\/08\/LabE-1638x2048.jpg 1638w, https:\/\/sites.usp.br\/laprofar\/wp-content\/uploads\/sites\/981\/2021\/08\/LabE-400x500.jpg 400w, https:\/\/sites.usp.br\/laprofar\/wp-content\/uploads\/sites\/981\/2021\/08\/LabE-scaled.jpg 2048w\" sizes=\"auto, (max-width: 240px) 100vw, 240px\" \/><\/a><\/p>\n<p><strong><em>Foto:<\/em><\/strong><em> Vista geral do laborat\u00f3rio E.<\/em><\/p>\n<p><a href=\"http:\/\/fcfrp.usp.br\/centrais-multiusuarios\/#.XqHhvMhKjIU\"><strong>Equipamentos multiusu\u00e1rios da FCFRP\/USP:<\/strong><\/a><\/p>\n<p>O grupo LAPROFAR tamb\u00e9m participou de diversos subs\u00eddios multiusu\u00e1rios de v\u00e1rias ag\u00eancias de fomento (FAPESP, CNPq, CAPES e MCT), o que permitiu a aquisi\u00e7\u00e3o de equipamentos caros (por exemplo, cromat\u00f3grafo a g\u00e1s com detec\u00e7\u00e3o de massa &#8211; GC-MS Simadzu QP-2010, espectrofot\u00f4metro infravermelho, analisador de tamanho de part\u00edcula Beckman Coulter LS13 320, calor\u00edmetro Perkin Elmer &#8211; mod. Jade-DSC, analisador termogravim\u00e9trico, analisador de potencial Zeta &#8211; Zetasizer Nano ZS90, microsc\u00f3pio eletr\u00f4nico de varredura com pistola de emiss\u00e3o de campo &#8211; F-50, FEI &#8211; Nederland, difrat\u00f4metro de raios X Rigaku Rotaflex &#8211; modelo RU 200B, microsc\u00f3pio confocal de varredura a laser Leica TCS SP8 e outros). Esses equipamentos est\u00e3o instalados em v\u00e1rios laborat\u00f3rios da USP e est\u00e3o prontamente dispon\u00edveis para serem utilizados, por meio de acordos de coopera\u00e7\u00e3o, que permitem a expans\u00e3o das linhas de pesquisa do grupo.<\/p>\n","protected":false},"excerpt":{"rendered":"<p>O laborat\u00f3rio teve in\u00edcio em uma \u00e1rea de 40 m2, compartilhada com outro docente, e desde 2001 est\u00e1 localizado no t\u00e9rreo do Bloco Q (laborat\u00f3rios de A a D) e uma sala no Bloco R (laborat\u00f3rio E) da FCFRP, ocupando uma \u00e1rea de 110 m\u00b2 e um parque de equipamentos para pesquisa e desenvolvimento que [&hellip;]<\/p>\n","protected":false},"author":22495,"featured_media":0,"parent":0,"menu_order":0,"comment_status":"closed","ping_status":"closed","template":"","meta":{"footnotes":"","_links_to":"","_links_to_target":""},"class_list":["post-229","page","type-page","status-publish","hentry"],"_links":{"self":[{"href":"https:\/\/sites.usp.br\/laprofar\/wp-json\/wp\/v2\/pages\/229","targetHints":{"allow":["GET"]}}],"collection":[{"href":"https:\/\/sites.usp.br\/laprofar\/wp-json\/wp\/v2\/pages"}],"about":[{"href":"https:\/\/sites.usp.br\/laprofar\/wp-json\/wp\/v2\/types\/page"}],"author":[{"embeddable":true,"href":"https:\/\/sites.usp.br\/laprofar\/wp-json\/wp\/v2\/users\/22495"}],"replies":[{"embeddable":true,"href":"https:\/\/sites.usp.br\/laprofar\/wp-json\/wp\/v2\/comments?post=229"}],"version-history":[{"count":4,"href":"https:\/\/sites.usp.br\/laprofar\/wp-json\/wp\/v2\/pages\/229\/revisions"}],"predecessor-version":[{"id":375,"href":"https:\/\/sites.usp.br\/laprofar\/wp-json\/wp\/v2\/pages\/229\/revisions\/375"}],"wp:attachment":[{"href":"https:\/\/sites.usp.br\/laprofar\/wp-json\/wp\/v2\/media?parent=229"}],"curies":[{"name":"wp","href":"https:\/\/api.w.org\/{rel}","templated":true}]}}