{"id":233,"date":"2021-08-12T15:17:32","date_gmt":"2021-08-12T17:17:32","guid":{"rendered":"https:\/\/sites.usp.br\/laprofar\/?page_id=233"},"modified":"2024-01-26T17:37:47","modified_gmt":"2024-01-26T19:37:47","slug":"dissertacoes","status":"publish","type":"page","link":"https:\/\/sites.usp.br\/laprofar\/dissertacoes\/","title":{"rendered":"Disserta\u00e7\u00f5es"},"content":{"rendered":"<p><strong>\u00a0<\/strong><\/p>\n<table width=\"67%\">\n<tbody>\n<tr>\n<td>\n<h3 style=\"text-align: center;\"><span style=\"color: #008000;\"><strong>EM ANDAMENTO<\/strong><\/span><\/h3>\n<\/td>\n<\/tr>\n<\/tbody>\n<\/table>\n<p><strong>T\u00edtulo:<\/strong> Encapsula\u00e7\u00e3o de compostos bioativos da Camu-Camu (<em>Myrciaria dubai<\/em>) em prolipossomas como ingrediente ativo de fitocosm\u00e9ticos<br \/>\n<strong>Autor: <\/strong>Lucas Emanuel de Oliveira Santos<br \/>\n<strong>Ag\u00eancia financiadora:\u00a0<\/strong>CAPES (suspensa)<\/p>\n<table width=\"67%\">\n<tbody>\n<tr>\n<td>\n<h3 style=\"text-align: center;\"><span style=\"color: #008000;\"><strong>2022<\/strong><\/span><\/h3>\n<\/td>\n<\/tr>\n<\/tbody>\n<\/table>\n<p><strong>T\u00edtulo:<\/strong> Encapsula\u00e7\u00e3o de ativos farmac\u00eauticos em nanofibras eletrofiadas<br \/>\n<strong>Autor: <\/strong>Maria Sirlene de Morais<br \/>\n<strong>Ag\u00eancia financiadora: <\/strong>sem bolsa (v\u00ednculo empregat\u00edcio)<\/p>\n<table width=\"67%\">\n<tbody>\n<tr>\n<td>\n<h3 style=\"text-align: center;\"><span style=\"color: #008000;\"><strong>2017<\/strong><\/span><\/h3>\n<\/td>\n<\/tr>\n<\/tbody>\n<\/table>\n<p><strong>T\u00edtulo:<\/strong> Desenvolvimento tecnol\u00f3gico e secagem de sistemas lip\u00eddicos nanoestruturados contendo \u00f3leo essencial de <em>Lippia sidoides<\/em><br \/>\n<strong>Autor: <\/strong>Iara Baldim<br \/>\n<strong>Ag\u00eancia financiadora: <\/strong>CAPES<\/p>\n<table width=\"67%\">\n<tbody>\n<tr>\n<td>\n<h3 style=\"text-align: center;\"><span style=\"color: #008000;\"><strong>2015<\/strong><\/span><\/h3>\n<\/td>\n<\/tr>\n<\/tbody>\n<\/table>\n<p><strong>T\u00edtulo:<\/strong>\u00a0Microencapsula\u00e7\u00e3o de compostos bioativos de\u00a0<em>Camellia sinensis<\/em>\u00a0em sistemas lip\u00eddicos s\u00f3lidos.<br \/>\n<strong>Autor: <\/strong>Vanessa Aparecida Secolin<br \/>\n<strong>Ag\u00eancia financiadora: <\/strong>FAPESP<\/p>\n<table width=\"67%\">\n<tbody>\n<tr>\n<td>\n<h3 style=\"text-align: center;\"><span style=\"color: #008000;\"><strong>2012<\/strong><\/span><\/h3>\n<\/td>\n<\/tr>\n<\/tbody>\n<\/table>\n<p><strong>T\u00edtulo:<\/strong>\u00a0Estudo da secagem de polpa de coco verde e viabilidade de sua utiliza\u00e7\u00e3o na ind\u00fastria (Co-Orientador)<br \/>\n<strong>Autor:<\/strong> F\u00e1bia Carolina Gon\u00e7alves Lavoyer<br \/>\n<strong>Ag\u00eancia financiadora:<\/strong>\u00a0Funda\u00e7\u00e3o Banco do Brasil<\/p>\n<p><strong>T\u00edtulo:<\/strong>\u00a0Desenvolvimento, padroniza\u00e7\u00e3o e avalia\u00e7\u00e3o biol\u00f3gica de extratos nebulizados de\u00a0<em>Dalbergia ecastaphyllum<\/em><br \/>\n<strong>Autor:<\/strong> Maira Neto Zampier<br \/>\n<strong>Ag\u00eancia financiadora:<\/strong>\u00a0sem bolsa (v\u00ednculo empregat\u00edcio)<\/p>\n<table width=\"67%\">\n<tbody>\n<tr>\n<td>\n<h3 style=\"text-align: center;\"><span style=\"color: #008000;\"><strong>2011<\/strong><\/span><\/h3>\n<\/td>\n<\/tr>\n<\/tbody>\n<\/table>\n<p><strong>T\u00edtulo:<\/strong>\u00a0Extratos secos padronizados de\u00a0<em>Bidens pilosa<\/em> L.: Desenvolvimento tecnol\u00f3gico e avalia\u00e7\u00e3o da atividade biol\u00f3gica<br \/>\n<strong>Autor:<\/strong> Diego Francisco Cort\u00e9s Rojas<br \/>\n<strong>Ag\u00eancia financiadora:<\/strong>\u00a0FAPESP<\/p>\n<p><strong>T\u00edtulo:<\/strong>\u00a0Desenvolvimento, padroniza\u00e7\u00e3o e avalia\u00e7\u00e3o biol\u00f3gica de extratos secos de\u00a0<em>Lippia sidoides<\/em> pelo processo leito de jorro<br \/>\n<strong>Autor:\u00a0<\/strong>Lucimara Benelli<br \/>\n<strong>Ag\u00eancia financiadora:\u00a0<\/strong>CNPq<\/p>\n<table width=\"67%\">\n<tbody>\n<tr>\n<td>\n<h3 style=\"text-align: center;\"><span style=\"color: #008000;\"><strong>2007<\/strong><\/span><\/h3>\n<\/td>\n<\/tr>\n<\/tbody>\n<\/table>\n<p><strong>T\u00edtulo:<\/strong>\u00a0<a href=\"http:\/\/www.teses.usp.br\/teses\/disponiveis\/60\/60137\/tde-02102008-163334\/publico\/Fabiano_Rezende.pdf\">Revestimento de gr\u00e2nulos farmac\u00eauticos em leito fluidizado<\/a><br \/>\n<strong>Autor:<\/strong> Fabiano Ara\u00fajo Rezende<br \/>\n<strong>Ag\u00eancia financiadora:<\/strong>\u00a0sem bolsa<\/p>\n<table width=\"67%\">\n<tbody>\n<tr>\n<td>\n<h3 style=\"text-align: center;\"><span style=\"color: #008000;\"><strong>2005<\/strong><\/span><\/h3>\n<\/td>\n<\/tr>\n<\/tbody>\n<\/table>\n<p><strong>T\u00edtulo:<\/strong>\u00a0<a href=\"http:\/\/www.teses.usp.br\/teses\/disponiveis\/60\/60131\/tde-09012009-144551\/publico\/MESTRADO.pdf\">Determina\u00e7\u00e3o das especifica\u00e7\u00f5es do processo\u00a0<em>spray drying<\/em> na obten\u00e7\u00e3o de micropart\u00edculas biodegrad\u00e1veis para libera\u00e7\u00e3o sustentada de princ\u00edpios ativos com aplica\u00e7\u00f5es odontol\u00f3gica<\/a>s<br \/>\n<strong>Autor:<\/strong> Gl\u00e1ucia Karime Braga<br \/>\n<strong>Ag\u00eancia financiadora:\u00a0<\/strong>sem bolsa<\/p>\n<p><strong>T\u00edtulo:\u00a0<\/strong><a href=\"http:\/\/servicos.capes.gov.br\/capesdw\/resumo.html?idtese=200524333002029023P5\">Otimiza\u00e7\u00e3o dos par\u00e2metros para a secagem de bromelina em\u00a0<em>spray dryer<\/em><\/a><br \/>\n<strong>Autor:<\/strong> Augusto C\u00e9sar dos Santos Cabral<br \/>\n<strong>Ag\u00eancia financiadora:<\/strong>\u00a0CAPES<\/p>\n<table width=\"67%\">\n<tbody>\n<tr>\n<td>\n<h3 style=\"text-align: center;\"><span style=\"color: #008000;\"><strong>2004<\/strong><\/span><\/h3>\n<\/td>\n<\/tr>\n<\/tbody>\n<\/table>\n<p><strong>T\u00edtulo:<\/strong>\u00a0<a href=\"http:\/\/servicos.capes.gov.br\/capesdw\/resumo.html?idtese=200420533002029023P5\">An\u00e1lise da viabilidade do processo\u00a0<em>spray drying<\/em> para a prepara\u00e7\u00e3o de anti-inflamat\u00f3rios n\u00e3o esteroidais de libera\u00e7\u00e3o modificada<\/a><br \/>\n<strong>Autor:\u00a0<\/strong>Alysson Leandro Ribeiro Rattes<br \/>\n<strong>Ag\u00eancia financiadora:\u00a0<\/strong>FAPESP<\/p>\n<table width=\"67%\">\n<tbody>\n<tr>\n<td>\n<h3 style=\"text-align: center;\"><span style=\"color: #008000;\"><strong>2003<\/strong><\/span><\/h3>\n<\/td>\n<\/tr>\n<\/tbody>\n<\/table>\n<p><strong>T\u00edtulo:\u00a0<\/strong><a href=\"http:\/\/servicos.capes.gov.br\/capesdw\/resumo.html?idtese=200316033002029023P5\">Desenvolvimento e avalia\u00e7\u00e3o de um sistema de suspens\u00e3o em ar para o revestimento de p\u00f3s<\/a><br \/>\n<strong>Autor:\u00a0<\/strong>Gustavo Ravagnani<br \/>\n<strong>Ag\u00eancia financiadora:\u00a0<\/strong>FAPESP<\/p>\n<p><strong>T\u00edtulo:\u00a0<\/strong><a href=\"http:\/\/www.teses.usp.br\/teses\/disponiveis\/60\/60131\/tde-16052007-090939\/publico\/2003_dissertacao_claudia_regina_fernandes_de_souza.pdf\">Estudo comparativo da produ\u00e7\u00e3o de extrato seco de\u00a0<em>Bauhinia forficata\u00a0<\/em>pelos processos\u00a0<em>spray dryer<\/em> e leito de jorro<\/a><br \/>\n<strong>Autor:<\/strong> Cl\u00e1udia Regina Fernandes de Souza<br \/>\n<strong>Ag\u00eancia financiadora:\u00a0<\/strong>FAPESP<\/p>\n<p><strong>T\u00edtulo:\u00a0<\/strong><a href=\"http:\/\/servicos.capes.gov.br\/capesdw\/resumo.html?idtese=200317133002029023P5\">Revestimento em c\u00e1psulas duras de gelatina com suspens\u00f5es polim\u00e9ricas pelo processo leito de jorro<\/a><br \/>\n<strong>Autor:<\/strong> Gilm\u00e1rcio Zimmermman Martins<br \/>\n<strong>Ag\u00eancia financiadora:<\/strong>\u00a0sem bolsa<\/p>\n<table width=\"67%\">\n<tbody>\n<tr>\n<td>\n<h3 style=\"text-align: center;\"><span style=\"color: #008000;\"><strong>2000<\/strong><\/span><\/h3>\n<\/td>\n<\/tr>\n<\/tbody>\n<\/table>\n<p><strong>T\u00edtulo:<\/strong>\u00a0<a href=\"http:\/\/servicos.capes.gov.br\/capesdw\/resumo.html?idtese=20007233002029023P5\">Produ\u00e7\u00e3o de extrato seco de\u00a0<em>Maytenus ilicifolia<\/em> Martius ex Reiss pelo processo leito de jorro<\/a><br \/>\n<strong>Autor:\u00a0<\/strong>Daniel Sivieri Cordeiro<br \/>\n<strong>Ag\u00eancia financiadora:\u00a0<\/strong>FAPESP<\/p>\n","protected":false},"excerpt":{"rendered":"<p>\u00a0 EM ANDAMENTO T\u00edtulo: Encapsula\u00e7\u00e3o de compostos bioativos da Camu-Camu (Myrciaria dubai) em prolipossomas como ingrediente ativo de fitocosm\u00e9ticos Autor: Lucas Emanuel de Oliveira Santos Ag\u00eancia financiadora:\u00a0CAPES (suspensa) 2022 T\u00edtulo: Encapsula\u00e7\u00e3o de ativos farmac\u00eauticos em nanofibras eletrofiadas Autor: Maria Sirlene de Morais Ag\u00eancia financiadora: sem bolsa (v\u00ednculo empregat\u00edcio) 2017 T\u00edtulo: Desenvolvimento tecnol\u00f3gico e secagem de [&hellip;]<\/p>\n","protected":false},"author":22495,"featured_media":0,"parent":0,"menu_order":0,"comment_status":"closed","ping_status":"closed","template":"","meta":{"footnotes":"","_links_to":"","_links_to_target":""},"class_list":["post-233","page","type-page","status-publish","hentry"],"_links":{"self":[{"href":"https:\/\/sites.usp.br\/laprofar\/wp-json\/wp\/v2\/pages\/233","targetHints":{"allow":["GET"]}}],"collection":[{"href":"https:\/\/sites.usp.br\/laprofar\/wp-json\/wp\/v2\/pages"}],"about":[{"href":"https:\/\/sites.usp.br\/laprofar\/wp-json\/wp\/v2\/types\/page"}],"author":[{"embeddable":true,"href":"https:\/\/sites.usp.br\/laprofar\/wp-json\/wp\/v2\/users\/22495"}],"replies":[{"embeddable":true,"href":"https:\/\/sites.usp.br\/laprofar\/wp-json\/wp\/v2\/comments?post=233"}],"version-history":[{"count":5,"href":"https:\/\/sites.usp.br\/laprofar\/wp-json\/wp\/v2\/pages\/233\/revisions"}],"predecessor-version":[{"id":489,"href":"https:\/\/sites.usp.br\/laprofar\/wp-json\/wp\/v2\/pages\/233\/revisions\/489"}],"wp:attachment":[{"href":"https:\/\/sites.usp.br\/laprofar\/wp-json\/wp\/v2\/media?parent=233"}],"curies":[{"name":"wp","href":"https:\/\/api.w.org\/{rel}","templated":true}]}}