{"id":235,"date":"2021-08-12T15:17:45","date_gmt":"2021-08-12T17:17:45","guid":{"rendered":"https:\/\/sites.usp.br\/laprofar\/?page_id=235"},"modified":"2024-01-26T17:36:48","modified_gmt":"2024-01-26T19:36:48","slug":"teses","status":"publish","type":"page","link":"https:\/\/sites.usp.br\/laprofar\/teses\/","title":{"rendered":"Teses"},"content":{"rendered":"<table width=\"67%\">\n<tbody>\n<tr>\n<td>\n<h3 style=\"text-align: center;\"><span style=\"color: #008000;\"><strong>EM ANDAMENTO<\/strong><\/span><\/h3>\n<\/td>\n<\/tr>\n<\/tbody>\n<\/table>\n<p><strong>T\u00edtulo:<\/strong> Prospec\u00e7\u00e3o e aplica\u00e7\u00e3o de tensoativos naturais obtidos dos frutos de\u00a0<em>Sapindus saponaria<\/em>\u00a0(sab\u00e3o-de-soldado)<br \/>\n<strong>Autor: <\/strong>Rodolfo Scarpino Barboza Franco<br \/>\n<strong>Ag\u00eancia financiadora: <\/strong>n\u00e3o (v\u00ednculo empregat\u00edcio)<\/p>\n<p><span style=\"color: #008000;\"><strong>CO-ORIENTA\u00c7\u00c3O<\/strong><\/span><\/p>\n<p><strong>T\u00edtulo:<\/strong> Micro e nanoencapsula\u00e7\u00e3o de ativos naturais para a produ\u00e7\u00e3o de tecidos funcionais<br \/>\n<strong>Autor: <\/strong>Gabriel Porto Quadros<br \/>\n<strong>Ag\u00eancia financiadora: <\/strong>CAPES<\/p>\n<p><strong>T\u00edtulo:<\/strong> S\u00edntese de membranas biocidas \u00e0 base se celulose por eletrofia\u00e7\u00e3o para aplica\u00e7\u00f5es em filtra\u00e7\u00e3o e EPIs<br \/>\n<strong>Autor: <\/strong>Gustavo Cardoso da Mata<br \/>\n<strong>Ag\u00eancia financiadora: <\/strong>CAPES<\/p>\n<p><strong>T\u00edtulo:<\/strong> Desenvolvimento e avalia\u00e7\u00e3o da efic\u00e1cia de formula\u00e7\u00f5es cosm\u00e9ticas contendo \u00f3leo de pequi encapsulado em sistemas nanoestruturados<br \/>\n<strong>Autor: <\/strong>Let\u00edcia Kakuda<br \/>\n<strong>Ag\u00eancia financiadora: <\/strong>FAPESP<\/p>\n<p><strong>T\u00edtulo:<\/strong> Extra\u00e7\u00e3o, caracteriza\u00e7\u00e3o e estabiliza\u00e7\u00e3o de corante \u00edndigo de <em>Couroupita guianensis<\/em><br \/>\n<strong>Autor: <\/strong>Tha\u00eds Silvestre Sanches Antichera<br \/>\n<strong>Ag\u00eancia financiadora: <\/strong>CNPq<\/p>\n<table width=\"67%\">\n<tbody>\n<tr>\n<td>\n<h3 style=\"text-align: center;\"><span style=\"color: #008000;\"><strong>2022<\/strong><\/span><\/h3>\n<\/td>\n<\/tr>\n<\/tbody>\n<\/table>\n<p><strong>T\u00edtulo:<\/strong> Forma\u00e7\u00e3o, caracteriza\u00e7\u00e3o e atividade biol\u00f3gica de sistemas lip\u00eddicos contendo \u00f3leo essencial de <em>Lippia sidoides<\/em><br \/>\n<strong>Autor:\u00a0<\/strong> Iara Baldim<br \/>\n* sandwich Universidade do Minho, Portugal (setembro\/2019 \u2013 mar\u00e7o\/2020)<br \/>\n<strong>Ag\u00eancia financiadora:\u00a0<\/strong>CAPES<\/p>\n<table width=\"67%\">\n<tbody>\n<tr>\n<td>\n<h3 style=\"text-align: center;\"><span style=\"color: #008000;\"><strong>2020<\/strong><\/span><\/h3>\n<\/td>\n<\/tr>\n<\/tbody>\n<\/table>\n<p><strong>T\u00edtulo:<\/strong> Encapsula\u00e7\u00e3o de polifen\u00f3is de <em>Rosmarinus officinalis<\/em> em sistemas lip\u00eddicos redispers\u00edveis<br \/>\n<strong>Autor:\u00a0<\/strong> Victor Oloruntoba Bankole<br \/>\n<strong>Ag\u00eancia financiadora:\u00a0<\/strong>CAPES<\/p>\n<table width=\"67%\">\n<tbody>\n<tr>\n<td>\n<h3 style=\"text-align: center;\"><span style=\"color: #008000;\"><strong>2016<\/strong><\/span><\/h3>\n<\/td>\n<\/tr>\n<\/tbody>\n<\/table>\n<p><strong>T\u00edtulo:\u00a0<\/strong>Encapsula\u00e7\u00e3o de extratos vegetais em leito fluidizado<br \/>\n<strong>Autor:<\/strong> Lucimara Benelli<br \/>\n<strong>Ag\u00eancia financiadora:\u00a0<\/strong>FAPESP<\/p>\n<table width=\"67%\">\n<tbody>\n<tr>\n<td>\n<h3 style=\"text-align: center;\"><span style=\"color: #008000;\"><strong>2015<\/strong><\/span><\/h3>\n<\/td>\n<\/tr>\n<\/tbody>\n<\/table>\n<p><strong>T\u00edtulo:\u00a0<\/strong>Encapsula\u00e7\u00e3o de compostos bioativos de <em>Syzygium aromaticum<\/em> em carreadores lip\u00eddicos s\u00f3lidos<br \/>\n<strong>Autor:<\/strong> Diego Francisco Cort\u00e9s-Rojas<br \/>\n<strong>Ag\u00eancia financiadora:\u00a0<\/strong>FAPESP<\/p>\n<table width=\"67%\">\n<tbody>\n<tr>\n<td>\n<h3 style=\"text-align: center;\"><span style=\"color: #008000;\"><strong>2014<\/strong><\/span><\/h3>\n<\/td>\n<\/tr>\n<\/tbody>\n<\/table>\n<p><strong>T\u00edtulo:\u00a0<\/strong>Produ\u00e7\u00e3o e imobiliza\u00e7\u00e3o de lipases produzidas pelo fungo endof\u00edtico\u00a0<em>Cercospora kikuchii<\/em> para aplica\u00e7\u00f5es biotecnol\u00f3gicas<br \/>\n<strong>Autor:<\/strong> Tales Alexandre Costa e Silva<br \/>\n<strong>Ag\u00eancia financiadora:\u00a0<\/strong>FAPESP<\/p>\n<table width=\"67%\">\n<tbody>\n<tr>\n<td>\n<h3 style=\"text-align: center;\"><span style=\"color: #008000;\"><strong>2013<\/strong><\/span><\/h3>\n<\/td>\n<\/tr>\n<\/tbody>\n<\/table>\n<p><strong>T\u00edtulo:\u00a0<\/strong>Padroniza\u00e7\u00e3o e avalia\u00e7\u00e3o biol\u00f3gica de produtos microparticulados a partir da esp\u00e9cie\u00a0<em>Psidium guajava<\/em>\u00a0L. pelo processo\u00a0<em>spray drying<\/em><br \/>\n<strong>Autor:<\/strong> Maurette dos Reis Vieira Fernandes<br \/>\n<strong>Ag\u00eancia financiadora:\u00a0<\/strong>CNPq<\/p>\n<table width=\"67%\">\n<tbody>\n<tr>\n<td>\n<h3 style=\"text-align: center;\"><span style=\"color: #008000;\"><strong>2009<\/strong><\/span><\/h3>\n<\/td>\n<\/tr>\n<\/tbody>\n<\/table>\n<p><strong>T\u00edtulo:\u00a0<\/strong>Desenvolvimento e padroniza\u00e7\u00e3o de produtos secos obtidos a partir de\u00a0<em>Lippia sidoides<\/em>\u00a0pela t\u00e9cnica\u00a0<em>spray drying<\/em> e avalia\u00e7\u00e3o das suas propriedades antif\u00fangicas<br \/>\n<strong>Autor:<\/strong> Luciana Pinto Fernandes<br \/>\n<strong>Ag\u00eancia financiadora:\u00a0<\/strong>CNPq<\/p>\n<table width=\"67%\">\n<tbody>\n<tr>\n<td>\n<h3 style=\"text-align: center;\"><span style=\"color: #008000;\"><strong>2008<\/strong><\/span><\/h3>\n<\/td>\n<\/tr>\n<\/tbody>\n<\/table>\n<p><strong>T\u00edtulo:<\/strong>\u00a0<a href=\"http:\/\/www.teses.usp.br\/teses\/disponiveis\/60\/60137\/tde-02102008-164411\/publico\/Simplificada.pdf\">Influ\u00eancia do processo de obten\u00e7\u00e3o, das condi\u00e7\u00f5es de armazenamento e das propriedades f\u00edsico-qu\u00edmicas sobre a estabilidade de extratos secos padronizados de plantas medicinais<\/a><br \/>\n<strong>Autor:\u00a0<\/strong>Rubiana Ferreira Bott<br \/>\n<strong>Ag\u00eancia financiadora:<\/strong>\u00a0FAPESP<\/p>\n<table width=\"67%\">\n<tbody>\n<tr>\n<td>\n<h3 style=\"text-align: center;\"><span style=\"color: #008000;\"><strong>2007<\/strong><\/span><\/h3>\n<\/td>\n<\/tr>\n<\/tbody>\n<\/table>\n<p><strong>T\u00edtulo:<\/strong>\u00a0<a href=\"http:\/\/www.teses.usp.br\/teses\/disponiveis\/60\/60137\/tde-05122008-145318\/publico\/Versao_resumida.pdf\">Produ\u00e7\u00e3o de extratos secos padronizados de plantas medicinais brasileiras: estudo da viabilidade t\u00e9cnica e econ\u00f4mica do processo em leito de jorro<\/a><br \/>\n<strong>Autor:\u00a0<\/strong>Cl\u00e1udia Regina Fernandes de Souza<br \/>\n<strong>Ag\u00eancia financiadora:<\/strong>\u00a0FAPESP<\/p>\n<table width=\"67%\">\n<tbody>\n<tr>\n<td>\n<h3 style=\"text-align: center;\"><span style=\"color: #008000;\"><strong>2005<\/strong><\/span><\/h3>\n<\/td>\n<\/tr>\n<\/tbody>\n<\/table>\n<p><strong>T\u00edtulo:<\/strong>\u00a0<a href=\"http:\/\/servicos.capes.gov.br\/capesdw\/resumo.html?idtese=200523933002029023P5\">Secagem de plantas arom\u00e1ticas e medicinais: obten\u00e7\u00e3o de isotermas de equil\u00edbrio e caracter\u00edsticas de secagem das folhas\u00a0<em>Maytenus ilicifolia<\/em>\u00a0(espinheira santa) e\u00a0<em>Cymbopogon citratus<\/em> (capim-lim\u00e3o)<\/a><br \/>\n<strong>Autor:\u00a0<\/strong>Daniel Sivieri Cordeiro<br \/>\n<strong>Ag\u00eancia financiadora:<\/strong>\u00a0FAPESP<\/p>\n","protected":false},"excerpt":{"rendered":"<p>EM ANDAMENTO T\u00edtulo: Prospec\u00e7\u00e3o e aplica\u00e7\u00e3o de tensoativos naturais obtidos dos frutos de\u00a0Sapindus saponaria\u00a0(sab\u00e3o-de-soldado) Autor: Rodolfo Scarpino Barboza Franco Ag\u00eancia financiadora: n\u00e3o (v\u00ednculo empregat\u00edcio) CO-ORIENTA\u00c7\u00c3O T\u00edtulo: Micro e nanoencapsula\u00e7\u00e3o de ativos naturais para a produ\u00e7\u00e3o de tecidos funcionais Autor: Gabriel Porto Quadros Ag\u00eancia financiadora: CAPES T\u00edtulo: S\u00edntese de membranas biocidas \u00e0 base se celulose por [&hellip;]<\/p>\n","protected":false},"author":22495,"featured_media":0,"parent":0,"menu_order":0,"comment_status":"closed","ping_status":"closed","template":"","meta":{"footnotes":"","_links_to":"","_links_to_target":""},"class_list":["post-235","page","type-page","status-publish","hentry"],"_links":{"self":[{"href":"https:\/\/sites.usp.br\/laprofar\/wp-json\/wp\/v2\/pages\/235","targetHints":{"allow":["GET"]}}],"collection":[{"href":"https:\/\/sites.usp.br\/laprofar\/wp-json\/wp\/v2\/pages"}],"about":[{"href":"https:\/\/sites.usp.br\/laprofar\/wp-json\/wp\/v2\/types\/page"}],"author":[{"embeddable":true,"href":"https:\/\/sites.usp.br\/laprofar\/wp-json\/wp\/v2\/users\/22495"}],"replies":[{"embeddable":true,"href":"https:\/\/sites.usp.br\/laprofar\/wp-json\/wp\/v2\/comments?post=235"}],"version-history":[{"count":4,"href":"https:\/\/sites.usp.br\/laprofar\/wp-json\/wp\/v2\/pages\/235\/revisions"}],"predecessor-version":[{"id":488,"href":"https:\/\/sites.usp.br\/laprofar\/wp-json\/wp\/v2\/pages\/235\/revisions\/488"}],"wp:attachment":[{"href":"https:\/\/sites.usp.br\/laprofar\/wp-json\/wp\/v2\/media?parent=235"}],"curies":[{"name":"wp","href":"https:\/\/api.w.org\/{rel}","templated":true}]}}