{"id":237,"date":"2021-08-12T15:18:01","date_gmt":"2021-08-12T17:18:01","guid":{"rendered":"https:\/\/sites.usp.br\/laprofar\/?page_id=237"},"modified":"2024-03-08T10:51:26","modified_gmt":"2024-03-08T12:51:26","slug":"iniciacao-cientifica","status":"publish","type":"page","link":"https:\/\/sites.usp.br\/laprofar\/iniciacao-cientifica\/","title":{"rendered":"Inicia\u00e7\u00e3o cient\u00edfica"},"content":{"rendered":"<table width=\"67%\">\n<tbody>\n<tr>\n<td>\n<h3 style=\"text-align: center;\"><span style=\"color: #008000;\"><strong>EM ANDAMENTO<\/strong><\/span><\/h3>\n<\/td>\n<\/tr>\n<\/tbody>\n<\/table>\n<p><strong>Nome:\u00a0<\/strong> Gabriela Alberto Gil<br \/>\n<strong>T\u00edtulo do projeto: <\/strong>Desenvolvimento tecnol\u00f3gico e avalia\u00e7\u00e3o da atividade biol\u00f3gica de fitoativos obtidos a partir de <em>Handroanthus impetiginosus<\/em> (Mart. ex DC.) Mattos<br \/>\n<strong>Ag\u00eancia financiadora:\u00a0<\/strong>FAPESP<\/p>\n<p><strong>Nome:\u00a0<\/strong> Gabriela Alberto Gil<br \/>\n<strong>T\u00edtulo do projeto: <\/strong>Bioensaios e t\u00e9cnicas de cultura de c\u00e9lulas 2D e 3D para avalia\u00e7\u00e3o preliminar das respostas imunes de extratos de pau-d\u00b4arco<br \/>\n<strong>Ag\u00eancia financiadora:\u00a0<\/strong>FAPESP *BEP: Florida Agricultural and Mechanical University (FAMU), EUA (dez\/23 a fev\/24)<\/p>\n<p><strong>Nome:\u00a0<\/strong> Gabriela Alves da Silva<br \/>\n<strong>T\u00edtulo do projeto: <\/strong>Prolipossomas contendo compostos bioativos da\u00a0<em>Eugenia pyriformis<\/em> Cambess e avalia\u00e7\u00e3o do seu potencial como subst\u00e2ncia ativa vegetal para a pele<br \/>\n<strong>Ag\u00eancia financiadora:\u00a0<\/strong>PIBIq-CNPq<\/p>\n<p><strong>Nome:\u00a0<\/strong> Leonardo Henrique Nascimento<br \/>\n<strong>T\u00edtulo do projeto: <\/strong>Encapsula\u00e7\u00e3o de \u00f3leo essencial de\u00a0<em>Lippia sidoides<\/em>\u00a0em sistemas particulados biodegrad\u00e1veis para emprego no controle alternativo do\u00a0<em>Aedes aegypti<\/em><br \/>\n<strong>Ag\u00eancia financiadora: <\/strong>Programa Unificado de Bolsas (PUB-USP)<\/p>\n<p><strong>Nome:\u00a0<\/strong> Maria Eug\u00eania Bombonato Rocha<br \/>\n<strong>T\u00edtulo do projeto: <\/strong>Avalia\u00e7\u00e3o da aplica\u00e7\u00e3o da mucilagem de plantas do g\u00eanero\u00a0<em>Plantago<\/em>\u00a0ssp. como alternativa natural a pol\u00edmeros sint\u00e9ticos em cosm\u00e9ticos inovadores<br \/>\n<strong>Ag\u00eancia financiadora: <\/strong>Bolsa Empreendedorismo &#8211; Interc\u00e2mbio: Universidade do Porto, Portugal (FFUP &#8211; out\/23 a abr\/24)<\/p>\n<p><strong>Nome:\u00a0<\/strong> Maria Fernanda Santos Lopes<br \/>\n<strong>T\u00edtulo do projeto: <\/strong>S\u00edntese verde de nanopart\u00edculas met\u00e1licas para uso como agente antimicrobiano com aplica\u00e7\u00f5es em piscicultura<br \/>\n<strong>Ag\u00eancia financiadora: <\/strong>Programa Unificado de Bolsas (PUB-USP)<\/p>\n<table width=\"67%\">\n<tbody>\n<tr>\n<td>\n<h3 style=\"text-align: center;\"><span style=\"color: #008000;\"><strong>2023<\/strong><\/span><\/h3>\n<\/td>\n<\/tr>\n<\/tbody>\n<\/table>\n<p><strong>Nome:\u00a0<\/strong> Gabriela Alberto Gil<br \/>\n<strong>T\u00edtulo do projeto: <\/strong>Desenvolvimento tecnol\u00f3gico e avalia\u00e7\u00e3o da atividade biol\u00f3gica de fitoativos obtidos a partir de <em>Handroanthus impetiginosus<\/em> (Mart. ex DC.) Mattos<br \/>\n<strong>Ag\u00eancia financiadora:\u00a0<\/strong>FAPESP<\/p>\n<p><strong>Nome:\u00a0<\/strong> Gabriela Alves da Silva<br \/>\n<strong>T\u00edtulo do projeto: <\/strong>Prolipossomas contendo compostos bioativos da\u00a0<em>Eugenia pyriformis<\/em> Cambess e avalia\u00e7\u00e3o do seu potencial como subst\u00e2ncia ativa vegetal para a pele<br \/>\n<strong>Ag\u00eancia financiadora:\u00a0<\/strong>PIBIq-CNPq<\/p>\n<p><strong>Nome:\u00a0<\/strong> Gabriela Alves da Silva<br \/>\n<strong>T\u00edtulo do projeto: <\/strong>Formula\u00e7\u00f5es farmac\u00eauticas contendo \u00f3leo essencial de <em>Lippia sidoides<\/em> incorporado em carreadores lip\u00eddicos nanoestruturados para o tratamento t\u00f3pico de micoses causadas por fungos resistentes<br \/>\n<strong>Ag\u00eancia financiadora:\u00a0<\/strong>PIBIq-CNPq<\/p>\n<table width=\"67%\">\n<tbody>\n<tr>\n<td>\n<h3 style=\"text-align: center;\"><span style=\"color: #008000;\"><strong>2022<\/strong><\/span><\/h3>\n<\/td>\n<\/tr>\n<\/tbody>\n<\/table>\n<p><strong>Nome:\u00a0<\/strong> Gabriela Alberto Gil<br \/>\n<strong>T\u00edtulo do projeto: <\/strong>Desenvolvimento de formula\u00e7\u00f5es farmac\u00eauticas contendo \u00f3leo essencial de <em>Lippia sidoides<\/em> encapsulado em nanopart\u00edculas lip\u00eddicas para o tratamento t\u00f3pico de micoses<br \/>\n<strong>Ag\u00eancia financiadora: <\/strong>CNPq<\/p>\n<p><strong>Nome:\u00a0<\/strong> Gabriela Alberto Gil<br \/>\n<strong>T\u00edtulo do projeto: <\/strong>Formula\u00e7\u00f5es farmac\u00eauticas contendo \u00f3leo essencial de <em>Lippia sidoides<\/em> incorporado em carreadores lip\u00eddicos nanoestruturados para o tratamento t\u00f3pico de micoses causadas por fungos resistentes<br \/>\n<strong>Ag\u00eancia financiadora: <\/strong>CNPq\/PIBIC<\/p>\n<table width=\"67%\">\n<tbody>\n<tr>\n<td>\n<h3 style=\"text-align: center;\"><span style=\"color: #008000;\"><strong>2021<\/strong><\/span><\/h3>\n<\/td>\n<\/tr>\n<\/tbody>\n<\/table>\n<p><strong>Nome:\u00a0<\/strong> Gabriela Alberto Gil<br \/>\n<strong>T\u00edtulo do projeto: <\/strong>Desenvolvimento de formula\u00e7\u00f5es farmac\u00eauticas contendo \u00f3leo essencial de <em>Lippia sidoides<\/em> encapsulado em nanopart\u00edculas lip\u00eddicas para o tratamento t\u00f3pico de micoses<br \/>\n<strong>Ag\u00eancia financiadora: <\/strong>CNPq\/PIBITI<\/p>\n<p><strong>Nome:\u00a0<\/strong> Leonardo Henrique Nascimento<br \/>\n<strong>T\u00edtulo do projeto:<\/strong> Encapsula\u00e7\u00e3o de \u00f3leo essencial de\u00a0<em>Lippia sidoides<\/em>\u00a0em sistemas particulados biodegrad\u00e1veis para emprego no controle alternativo do\u00a0<em>Aedes aegypti<\/em><br \/>\n<strong>Ag\u00eancia financiadora:\u00a0<\/strong>Unificado de Bolsas (PUB-USP)<\/p>\n<p><strong>Nome: <\/strong>Wanderson Cawan Dourado Souza<br \/>\n<strong>T\u00edtulo do projeto: <\/strong>Desenvolvimento de composi\u00e7\u00f5es lip\u00eddicas redispers\u00edveis contendo \u00f3leos essenciais de <em>Rosmarinus officinalis<\/em> e <em>Lippia multiflora<\/em><br \/>\n<b>Ag\u00eancia financiadora: <\/b>PIBiq &#8211; CNPq<\/p>\n<p><strong>Nome:<\/strong> Yan Arem<br \/>\n<strong>T\u00edtulo do projeto:<\/strong> Encapsula\u00e7\u00e3o dos \u00f3leos essenciais de\u00a0<em>Lippia multiflora<\/em>\u00a0e\u00a0<em>Rosmarinus officinalis<\/em> em sistemas lip\u00eddicos dispers\u00edveis: otimiza\u00e7\u00e3o do processo e avalia\u00e7\u00e3o de bioatividade<br \/>\n<strong>Ag\u00eancia financiadora: <\/strong>FAPESP<\/p>\n<table width=\"67%\">\n<tbody>\n<tr>\n<td>\n<h3 style=\"text-align: center;\"><span style=\"color: #008000;\"><strong>2020<\/strong><\/span><\/h3>\n<\/td>\n<\/tr>\n<\/tbody>\n<\/table>\n<p><strong>Nome: <\/strong>Jo\u00e3o Pedro de Lima Silva<br \/>\n<strong>T\u00edtulo do projeto: <\/strong>Hidrogel \u00e0 base de prolipossomas de polifen\u00f3is de <em>Rosmarinus officinalis<\/em> para tratamento t\u00f3pico de micoses<br \/>\n<b>Ag\u00eancia financiadora: <\/b>Programa Unificado de Bolsas (PUB-USP)<\/p>\n<p><strong>Nome:\u00a0<\/strong> Leonardo Henrique Nascimento<br \/>\n<strong>T\u00edtulo do projeto:<\/strong> Produ\u00e7\u00e3o de anti-hipertensivos de libera\u00e7\u00e3o modificada por <em>spray drying<\/em><br \/>\n<strong>Ag\u00eancia financiadora:\u00a0<\/strong>Unificado de Bolsas (PUB-USP)<\/p>\n<p><strong>Nome:<\/strong> Yan Arem<br \/>\n<strong>T\u00edtulo do projeto:<\/strong> Secagem de extratos de <em>Camellia sinensis<\/em> e <em>Tagetes erecta<\/em> pelo processo leito de jorro para uso como antioxidante e corante natural<br \/>\n<strong>Ag\u00eancia financiadora: <\/strong>Unificado de Bolsas (PUB-USP)<\/p>\n<table width=\"67%\">\n<tbody>\n<tr>\n<td>\n<h3 style=\"text-align: center;\"><span style=\"color: #008000;\"><strong>2019<\/strong><\/span><\/h3>\n<\/td>\n<\/tr>\n<\/tbody>\n<\/table>\n<p><strong>Nome:<\/strong> Luciane Mathias Miguel<br \/>\n<strong>T\u00edtulo do projeto:<\/strong> Desenvolvimento e secagem de sistemas micro e nanoestruturados redispers\u00edveis incorporando \u00f3leos essenciais com propriedades antimicrobianas<br \/>\n<strong>Ag\u00eancia financiadora:\u00a0<\/strong><\/p>\n<table width=\"67%\">\n<tbody>\n<tr>\n<td>\n<h3 style=\"text-align: center;\"><span style=\"color: #008000;\"><strong>2018<\/strong><\/span><\/h3>\n<\/td>\n<\/tr>\n<\/tbody>\n<\/table>\n<p><strong>Nome:<\/strong> Andressa Matias Oliveira<br \/>\n<strong>T\u00edtulo do projeto: <\/strong>Encapsula\u00e7\u00e3o de \u00f3leo essencial em prolipossomas<br \/>\n<strong>Ag\u00eancia financiadora:\u00a0<\/strong><\/p>\n<p><strong>Nome:<\/strong> Luciane Mathias Miguel<br \/>\n<strong>T\u00edtulo do projeto: <\/strong>Extra\u00e7\u00e3o e encapsula\u00e7\u00e3o de compostos bioativos de flores de <em>Tagetes erecta<\/em> L.<br \/>\n<strong>Ag\u00eancia financiadora:\u00a0<\/strong><\/p>\n<table width=\"67%\">\n<tbody>\n<tr>\n<td>\n<h3 style=\"text-align: center;\"><span style=\"color: #008000;\"><strong>2017<\/strong><\/span><\/h3>\n<\/td>\n<\/tr>\n<\/tbody>\n<\/table>\n<p><strong>Nome:<\/strong> D\u00e9bora Morais Rosa<br \/>\n<strong>T\u00edtulo do projeto: <\/strong>Incorpora\u00e7\u00e3o de \u00f3leos essenciais em sistemas lip\u00eddicos por tecnologias de secagem<br \/>\n<strong>Ag\u00eancia financiadora: <\/strong>PIBIC\/CNPq<\/p>\n<table width=\"67%\">\n<tbody>\n<tr>\n<td>\n<h3 style=\"text-align: center;\"><span style=\"color: #008000;\"><strong>2016<\/strong><\/span><\/h3>\n<\/td>\n<\/tr>\n<\/tbody>\n<\/table>\n<p><strong>Nome:<\/strong> D\u00e9bora Morais Rosa<br \/>\n<strong>T\u00edtulo do projeto: <\/strong>Secagem de carreadores lip\u00eddicos nanoestruturados incorporando timol<br \/>\n<strong>Ag\u00eancia financiadora: <\/strong>PIBIC\/CNPq<\/p>\n<p><strong>Nome:<\/strong> Maisa Previatti de Souza Faria<br \/>\n<strong>T\u00edtulo do projeto: <\/strong>Obten\u00e7\u00e3o e caracteriza\u00e7\u00e3o da enzima invertase a partir de res\u00edduos da ind\u00fastria sucroalcooleira<br \/>\n<strong>Ag\u00eancia financiadora: <\/strong>Unificado de Bolsas (PUB-USP)<\/p>\n<table width=\"67%\">\n<tbody>\n<tr>\n<td>\n<h3 style=\"text-align: center;\"><span style=\"color: #008000;\"><strong>2015<\/strong><\/span><\/h3>\n<\/td>\n<\/tr>\n<\/tbody>\n<\/table>\n<p><strong>Nome:<\/strong> Renata Benevente Rossi<br \/>\n<strong>T\u00edtulo do projeto: <\/strong>Obten\u00e7\u00e3o da enzima invertase a partir de res\u00edduos da ind\u00fastria sucroalcooleira<br \/>\n<strong>Ag\u00eancia financiadora: <\/strong>Unificado de Bolsas (PUB-USP)<\/p>\n<table width=\"67%\">\n<tbody>\n<tr>\n<td>\n<h3 style=\"text-align: center;\"><span style=\"color: #008000;\"><strong>2014<\/strong><\/span><\/h3>\n<\/td>\n<\/tr>\n<\/tbody>\n<\/table>\n<p><strong>Nome:<\/strong> T\u00e1bata Cristina Sant\u00b4Anna<br \/>\n<strong>T\u00edtulo do projeto:\u00a0<\/strong>\u00a0Microencapsula\u00e7\u00e3o de compostos bioativos de\u00a0<em>Bidens pilosa<\/em>\u00a0L. utilizando <em>spray drying<\/em><br \/>\n<strong>Ag\u00eancia financiadora:\u00a0<\/strong>CNPq<\/p>\n<table width=\"67%\">\n<tbody>\n<tr>\n<td>\n<h3 style=\"text-align: center;\"><span style=\"color: #008000;\"><strong>2013<\/strong><\/span><\/h3>\n<\/td>\n<\/tr>\n<\/tbody>\n<\/table>\n<p><strong>Nome:<\/strong> Gabriela da Silva Bicalho<br \/>\n<strong>T\u00edtulo do projeto:\u00a0<\/strong>\u00a0Encapsula\u00e7\u00e3o de polifen\u00f3is de\u00a0<em>Rosmarinus officinalis<\/em> por spray drying<br \/>\n<strong>Ag\u00eancia financiadora:\u00a0<\/strong>CNPq<\/p>\n<p><strong>Nome: <\/strong>Polyana Samorano Marques<br \/>\n<strong>T\u00edtulo do projeto:\u00a0<\/strong>\u00a0Imobiliza\u00e7\u00e3o da enzima lipase em quitosana empregando-se tecnologias de secagem<br \/>\n<strong>Ag\u00eancia financiadora:\u00a0<\/strong>CNPq<\/p>\n<table width=\"67%\">\n<tbody>\n<tr>\n<td>\n<h3 style=\"text-align: center;\"><span style=\"color: #008000;\"><strong>2012<\/strong><\/span><\/h3>\n<\/td>\n<\/tr>\n<\/tbody>\n<\/table>\n<p><strong>Nome:<\/strong> Danielle Nishida Ramos<br \/>\n<strong>T\u00edtulo do projeto:\u00a0<\/strong>Obten\u00e7\u00e3o de produtos microparticulados a partir de\u00a0<em>Camelia sinensis<\/em>\u00a0(ch\u00e1-verde) pelo processo de\u00a0<em>spray drying<\/em>: influ\u00eancia do adjuvante tecnol\u00f3gico e condi\u00e7\u00f5es de secagem sobre propriedades f\u00edsico-qu\u00edmicas e atividade antioxidante do produto<br \/>\n<strong>Ag\u00eancia financiadora:\u00a0<\/strong>CNPq<\/p>\n<table width=\"67%\">\n<tbody>\n<tr>\n<td>\n<h3 style=\"text-align: center;\"><span style=\"color: #008000;\"><strong>2010<\/strong><\/span><\/h3>\n<\/td>\n<\/tr>\n<\/tbody>\n<\/table>\n<p><strong>Nome:<\/strong> Fabiana Fregonesi<br \/>\n<strong>T\u00edtulo do projeto:\u00a0<\/strong>Secagem de extratos de\u00a0<em>Hymenaea courbaril<\/em> em leito de jorro: desenvolvimento tecnol\u00f3gico e avalia\u00e7\u00e3o da atividade antioxidante e antimicrobiana<br \/>\n<strong>Ag\u00eancia financiadora:<\/strong>\u00a0FAPESP<\/p>\n<p><strong>Nome:\u00a0<\/strong>Rodrigo Caetano Monti Guedes<br \/>\n<strong>T\u00edtulo do projeto:<\/strong>\u00a0Extratos secos nebulizados de\u00a0<em>Petiveria alliacea<\/em> (Phytolaccaceae): desenvolvimento, padroniza\u00e7\u00e3o e avalia\u00e7\u00e3o da atividade antimicrobiana<br \/>\n<strong>Ag\u00eancia financiadora:\u00a0<\/strong>FAPESP<\/p>\n<table width=\"67%\">\n<tbody>\n<tr>\n<td>\n<h3 style=\"text-align: center;\"><span style=\"color: #008000;\"><strong>2009<\/strong><\/span><\/h3>\n<\/td>\n<\/tr>\n<\/tbody>\n<\/table>\n<p><strong>Nome:<\/strong> Camila Manoel Crnkovic<br \/>\n<strong>T\u00edtulo do projeto:<\/strong> Obten\u00e7\u00e3o e padroniza\u00e7\u00e3o de extratos vegetais<br \/>\n<strong>Ag\u00eancia financiadora:<\/strong>\u00a0CNPq<\/p>\n<p><strong>Nome:<\/strong> Danielle Nishida Ramos<br \/>\n<strong>T\u00edtulo do projeto: <\/strong>Obten\u00e7\u00e3o e avalia\u00e7\u00e3o da estabilidade de extratos vegetais<br \/>\n<strong>Ag\u00eancia financiadora: <\/strong>CNPq<\/p>\n<table width=\"67%\">\n<tbody>\n<tr>\n<td>\n<h3 style=\"text-align: center;\"><span style=\"color: #008000;\"><strong>2008<\/strong><\/span><\/h3>\n<\/td>\n<\/tr>\n<\/tbody>\n<\/table>\n<p><strong>Nome:<\/strong> Fabiana Fregonesi<br \/>\n<strong>T\u00edtulo do projeto:<\/strong>\u00a0Avalia\u00e7\u00e3o de m\u00e9todos extrativos e sistemas solventes na obten\u00e7\u00e3o de fra\u00e7\u00f5es biologicamente ativas de\u00a0<em>Hymenaea courbaril<\/em><br \/>\n<strong>Ag\u00eancia financiadora: <\/strong>sem bolsa<\/p>\n<p><strong>Nome:<\/strong> Paula Elisa Dias<br \/>\n<strong>T\u00edtulo do projeto:<\/strong>\u00a0Desenvolvimento, padroniza\u00e7\u00e3o e avalia\u00e7\u00e3o biol\u00f3gica de extratos secos nebulizados de\u00a0<em>Rosmarinus officinalis<\/em><br \/>\n<strong>Ag\u00eancia financiadora:<\/strong>\u00a0PIBIC\/CNPq<\/p>\n<p><strong>Nome: <\/strong>Rodrigo Caetano Monti Guedes<br \/>\n<strong>T\u00edtulo do projeto: <\/strong>Desenvolvimento de produtos tecnol\u00f3gicos a partir de folhas e ra\u00edzes de\u00a0<em>Petiveria alliacea<\/em> com a\u00e7\u00e3o antioxidante e antimicrobiana<br \/>\n<strong>Ag\u00eancia financiadora: <\/strong>FAPESP<\/p>\n<table width=\"67%\">\n<tbody>\n<tr>\n<td>\n<h3 style=\"text-align: center;\"><span style=\"color: #008000;\"><strong>2006<\/strong><\/span><\/h3>\n<\/td>\n<\/tr>\n<\/tbody>\n<\/table>\n<p><strong>Nome:<\/strong> Carla Garcia Serra<br \/>\n<strong>T\u00edtulo do projeto:<\/strong>\u00a0Avalia\u00e7\u00e3o da influ\u00eancia de adjuvantes tecnol\u00f3gicos nas propriedades f\u00edsicas, qu\u00edmicas e farmacol\u00f3gicas de extratos secos de\u00a0<em>Bauhinia forficata<\/em> Link<br \/>\n<strong>Ag\u00eancia financiadora:<\/strong>\u00a0PIBIC\/CNPq<\/p>\n<table width=\"67%\">\n<tbody>\n<tr>\n<td>\n<h3 style=\"text-align: center;\"><span style=\"color: #008000;\"><strong>2004<\/strong><\/span><\/h3>\n<\/td>\n<\/tr>\n<\/tbody>\n<\/table>\n<p><strong>Nome:\u00a0<\/strong>Irineu Aparecido Schiavetto<br \/>\n<strong>T\u00edtulo do projeto:<\/strong>\u00a0Caracteriza\u00e7\u00e3o de extratos secos de\u00a0<em>Rosmarinus officinalis<\/em>\u00a0L. pelos processos leito de jorro e\u00a0<em>spray dryer<\/em><br \/>\n<strong>Ag\u00eancia financiadora:<\/strong>\u00a0FAPESP<\/p>\n<table width=\"67%\">\n<tbody>\n<tr>\n<td>\n<h3 style=\"text-align: center;\"><span style=\"color: #008000;\"><strong>2001<\/strong><\/span><\/h3>\n<\/td>\n<\/tr>\n<\/tbody>\n<\/table>\n<p><strong>Nome:\u00a0<\/strong>Rafael Pissinatti<br \/>\n<strong>T\u00edtulo do projeto:<\/strong> Desenvolvimento e avalia\u00e7\u00e3o de revestimento gastro-resistente em c\u00e1psulas gelatinosas pelo processo leito de jorro<br \/>\n<strong>Ag\u00eancia financiadora:\u00a0<\/strong>FAPESP<\/p>\n<p><strong>Nome:<\/strong> Rubiana Ferreira Bott<br \/>\n<strong>T\u00edtulo do projeto:<\/strong>\u00a0Estudo comparativo da produ\u00e7\u00e3o de extrato-seco de\u00a0<em>Passiflora alata<\/em>\u00a0Dryander pelos processos\u00a0<em>spray dryer<\/em> e leito de jorro<br \/>\n<strong>Ag\u00eancia financiadora:<\/strong>\u00a0PIBIC\/CNPq<\/p>\n<table width=\"67%\">\n<tbody>\n<tr>\n<td>\n<h3 style=\"text-align: center;\"><span style=\"color: #008000;\"><strong>1999<\/strong><\/span><\/h3>\n<\/td>\n<\/tr>\n<\/tbody>\n<\/table>\n<p><strong>Nome: <\/strong>Fernanda Pedroza Runha<br \/>\n<strong>T\u00edtulo do projeto:<\/strong>\u00a0Desenvolvimento e avalia\u00e7\u00e3o anal\u00edtica de extrato seco de\u00a0<em>Maytenus ilicifolia<\/em> (espinheira santa) pelo processo leito de jorro<br \/>\n<strong>Ag\u00eancia financiadora:<\/strong>\u00a0PIBIC\/CNPq<\/p>\n<p><strong>Nome:<\/strong> Juliana Senne<br \/>\n<strong>T\u00edtulo do projeto:<\/strong> Uso do processo leito de jorro para a produ\u00e7\u00e3o de microc\u00e1psulas de libera\u00e7\u00e3o prolongada contendo cloreto de pot\u00e1ssio<br \/>\n<strong>Ag\u00eancia financiadora:\u00a0<\/strong>sem bolsa<\/p>\n<p><strong>Nome:<\/strong><strong>\u00a0<\/strong>Guilherme Rodrigues de Campos<br \/>\n<strong>T\u00edtulo do projeto:\u00a0<\/strong>Revestimento de comprimidos em leito de jorro: instrumenta\u00e7\u00e3o do equipamento e estudos fluidodin\u00e2micos<br \/>\n<strong>Ag\u00eancia financiadora:<\/strong>\u00a0FAPESP<\/p>\n<table width=\"67%\">\n<tbody>\n<tr>\n<td>\n<h3 style=\"text-align: center;\"><span style=\"color: #008000;\"><strong>1998<\/strong><\/span><\/h3>\n<\/td>\n<\/tr>\n<\/tbody>\n<\/table>\n<p><strong>Nome:<\/strong> Fernanda Pedroza Runha<br \/>\n<strong>T\u00edtulo do projeto:\u00a0<\/strong>Novas formas e processos farmac\u00eauticos: produ\u00e7\u00e3o de extrato seco pelo processo leito de jorro<br \/>\n<strong>Ag\u00eancia financiadora:<\/strong>\u00a0PIBIC\/CNPq<\/p>\n<p><strong>Nome:<\/strong> Monica Cristina P. Publio<br \/>\n<strong>T\u00edtulo do projeto:<\/strong> Influ\u00eancia da configura\u00e7\u00e3o do equipamento e condi\u00e7\u00f5es operacionais no revestimento de part\u00edculas em leito de jorro. Parte 2 &#8211; revestimento de comprimidos com suspens\u00f5es polim\u00e9ricas pelo processo leito de jorro<br \/>\n<strong>Ag\u00eancia financiadora:<\/strong>\u00a0FAPESP<\/p>\n<table width=\"67%\">\n<tbody>\n<tr>\n<td>\n<h3 style=\"text-align: center;\"><span style=\"color: #008000;\"><strong>1997<\/strong><\/span><\/h3>\n<\/td>\n<\/tr>\n<\/tbody>\n<\/table>\n<p><strong>Nome:\u00a0<\/strong>Gustavo D. Silva<br \/>\n<strong>T\u00edtulo do projeto:<\/strong> Efici\u00eancia de ades\u00e3o e cin\u00e9tica de crescimento durante o revestimento de comprimidos em leito de jorro<br \/>\n<strong>Ag\u00eancia financiadora:\u00a0<\/strong>PIBIC\/CNPq<\/p>\n<p><strong>Nome:<\/strong> Monica Cristina P. Publio<br \/>\n<strong>T\u00edtulo do projeto:<\/strong> Influ\u00eancia da configura\u00e7\u00e3o do equipamento e condi\u00e7\u00f5es operacionais no revestimento de part\u00edculas em leito de jorro<br \/>\n<strong>Ag\u00eancia financiadora:<\/strong>\u00a0FAPESP<\/p>\n","protected":false},"excerpt":{"rendered":"<p>EM ANDAMENTO Nome:\u00a0 Gabriela Alberto Gil T\u00edtulo do projeto: Desenvolvimento tecnol\u00f3gico e avalia\u00e7\u00e3o da atividade biol\u00f3gica de fitoativos obtidos a partir de Handroanthus impetiginosus (Mart. ex DC.) Mattos Ag\u00eancia financiadora:\u00a0FAPESP Nome:\u00a0 Gabriela Alberto Gil T\u00edtulo do projeto: Bioensaios e t\u00e9cnicas de cultura de c\u00e9lulas 2D e 3D para avalia\u00e7\u00e3o preliminar das respostas imunes de extratos [&hellip;]<\/p>\n","protected":false},"author":22495,"featured_media":0,"parent":0,"menu_order":0,"comment_status":"closed","ping_status":"closed","template":"","meta":{"footnotes":"","_links_to":"","_links_to_target":""},"class_list":["post-237","page","type-page","status-publish","hentry"],"_links":{"self":[{"href":"https:\/\/sites.usp.br\/laprofar\/wp-json\/wp\/v2\/pages\/237","targetHints":{"allow":["GET"]}}],"collection":[{"href":"https:\/\/sites.usp.br\/laprofar\/wp-json\/wp\/v2\/pages"}],"about":[{"href":"https:\/\/sites.usp.br\/laprofar\/wp-json\/wp\/v2\/types\/page"}],"author":[{"embeddable":true,"href":"https:\/\/sites.usp.br\/laprofar\/wp-json\/wp\/v2\/users\/22495"}],"replies":[{"embeddable":true,"href":"https:\/\/sites.usp.br\/laprofar\/wp-json\/wp\/v2\/comments?post=237"}],"version-history":[{"count":5,"href":"https:\/\/sites.usp.br\/laprofar\/wp-json\/wp\/v2\/pages\/237\/revisions"}],"predecessor-version":[{"id":505,"href":"https:\/\/sites.usp.br\/laprofar\/wp-json\/wp\/v2\/pages\/237\/revisions\/505"}],"wp:attachment":[{"href":"https:\/\/sites.usp.br\/laprofar\/wp-json\/wp\/v2\/media?parent=237"}],"curies":[{"name":"wp","href":"https:\/\/api.w.org\/{rel}","templated":true}]}}