{"id":239,"date":"2021-08-12T15:18:27","date_gmt":"2021-08-12T17:18:27","guid":{"rendered":"https:\/\/sites.usp.br\/laprofar\/?page_id=239"},"modified":"2022-08-29T11:48:08","modified_gmt":"2022-08-29T13:48:08","slug":"capitulos-de-livros","status":"publish","type":"page","link":"https:\/\/sites.usp.br\/laprofar\/capitulos-de-livros\/","title":{"rendered":"Livro e Cap\u00edtulos de livros"},"content":{"rendered":"<h3><strong>EDI\u00c7\u00c3O DE LIVRO INTERNACIONAL<\/strong><\/h3>\n<table width=\"67%\">\n<tbody>\n<tr>\n<td>\n<h3 style=\"text-align: center;\"><span style=\"color: #008000;\"><strong>2021<\/strong><\/span><\/h3>\n<\/td>\n<\/tr>\n<\/tbody>\n<\/table>\n<p><a href=\"https:\/\/www.taylorfrancis.com\/books\/edit\/10.1201\/9781003225416\/phytotechnology-wanderley-pereira-oliveira\"><img loading=\"lazy\" decoding=\"async\" class=\" wp-image-437 alignright\" src=\"https:\/\/sites.usp.br\/laprofar\/wp-content\/uploads\/sites\/981\/2022\/01\/capa_livro_Wanderley-213x300.jpg\" alt=\"\" width=\"103\" height=\"145\" srcset=\"https:\/\/sites.usp.br\/laprofar\/wp-content\/uploads\/sites\/981\/2022\/01\/capa_livro_Wanderley-213x300.jpg 213w, https:\/\/sites.usp.br\/laprofar\/wp-content\/uploads\/sites\/981\/2022\/01\/capa_livro_Wanderley.jpg 343w\" sizes=\"auto, (max-width: 103px) 100vw, 103px\" \/><\/a><\/p>\n<p style=\"text-align: left;\"><a href=\"https:\/\/www.taylorfrancis.com\/books\/edit\/10.1201\/9781003225416\/phytotechnology-wanderley-pereira-oliveira\">OLIVEIRA, W.P. <strong>Phytotechnology: A Sustainable Platform for the Development of\u00a0Herbal Products<\/strong>. 1<sup>st<\/sup> Ed. CRC Press. ISBN: 9781003225416, 13 chapters, 376 p., 2021. DOI: 10.1201\/9781003225416<strong>.<\/strong><\/a><\/p>\n<p>&nbsp;<\/p>\n<h3><strong>CAP\u00cdTULOS DE LIVROS PUBLICADOS<\/strong><\/h3>\n<table width=\"67%\">\n<tbody>\n<tr>\n<td>\n<h3 style=\"text-align: center;\"><span style=\"color: #008000;\"><strong>2022<\/strong><\/span><\/h3>\n<\/td>\n<\/tr>\n<\/tbody>\n<\/table>\n<p>BALDIM, I.; OLIVEIRA, W.P.; RAO, R. YADAV, N.; MAHANT, S.; GAMA, F.M.; SOUTO, E.B. Biofate and cellular interactions of nanoparticles.\u00a0In: Singh, K.K. (Ed.), <strong>Nanoparticle therapeutics: Production technologies, types of nanoparticles, and regulatory aspects<\/strong>. Chapter 5. Academic Press. ISBN:\u00a09780128207574, 211-246, 2022. DOI: 10.1016\/B978-0-12-820757-4.00015-6.<\/p>\n<table width=\"67%\">\n<tbody>\n<tr>\n<td>\n<h3 style=\"text-align: center;\"><span style=\"color: #008000;\"><strong>2021<\/strong><\/span><\/h3>\n<\/td>\n<\/tr>\n<\/tbody>\n<\/table>\n<p>BALDIM, I.; SOUZA, C.R.F.; OLIVEIRA, W.P. Encapsulation of essential oils in lipid-based nanosystems, In: Oliveira, W.P. (Ed.). <strong>Phytotechnology: A Sustainable Platform for the Development of Herbal Products<\/strong>. Chapter 8. CRC Press. ISBN: 9781003225416, 197\u00a0\u2013\u00a0230, 2021. <a href=\"https:\/\/doi.org\/10.1201\/9781003225416\">DOI: 10.1201\/9781003225416-10<\/a>.<\/p>\n<p>OLIVEIRA, W.P. Standardization of herbal extracts by drying technologies, In: Oliveira, W.P. (Ed.) <strong>Phytotechnology: A Sustainable Platform for the Development of Herbal Products<\/strong>. Chapter 5.\u00a0 CRC Press. ISBN: 9781003225416, 105\u00a0&#8211;\u00a0140, 2021. <a href=\"https:\/\/doi.org\/10.1201\/9781003225416\">DOI: 10.1201\/9781003225416-7<\/a>.<\/p>\n<p>SOUZA, C.R.F.; OLIVEIRA, W.P. Drying of phytochemical compositions by spouted bed: An update. In: OLIVEIRA, W.P. (Ed.) <strong>Phytotechnology: A Sustainable Platform for the Development of Herbal Products<\/strong>. Chapter 6. CRC Press. ISBN: 9781003225416, 141-171, 2021. <a href=\"https:\/\/doi.org\/10.1201\/9781003225416\">DOI: 10.1201\/9781003225416-8<\/a>.<\/p>\n<p>BARBOSA, W.L.R.; OLIVEIRA, W.P.; SILVA, A.S.B.; PINHEIRO, A.C. Registration of phytomedicines: Technical requirements and highlights on regulation instruments. In: Oliveira, W.P. (Ed.) <strong>Phytotechnology: A Sustainable Platform for the Development of Herbal Products<\/strong>. Chapter 12. CRC Press. ISBN: 9781003225416, 309-325, 2021. <a href=\"https:\/\/doi.org\/10.1201\/9781003225416\">DOI: 10.1201\/9781003225416-16<\/a>.<\/p>\n<p>BALDIM, I., RIBEIRO, A. M. DIAS-FERREIRA, J.; OLIVEIRA, W. P.; GAMA, F. M.; SOUTO, E. B. Drug Delivery Systems for Targeting Blood Brain Barrier: Examples of nanomedicines for the treatment of neurodegenerative diseases. In\u00a0Nelesh Kumar Mehra, N.K.; Gulbake, A. (Eds.) <strong>Micro-and Nanotechnologies-Based Product Development<\/strong>. Chapter 17. CRC Press. ISBN:\u00a0\u00a0 9780367488451, 257-268, 2021. DOI: <a href=\"https:\/\/doi.org\/10.1201\/9781003043164-17\">10.1201\/9781003043164-17<\/a>.<\/p>\n<table width=\"67%\">\n<tbody>\n<tr>\n<td>\n<h3 style=\"text-align: center;\"><span style=\"color: #008000;\"><strong>2019<\/strong><\/span><\/h3>\n<\/td>\n<\/tr>\n<\/tbody>\n<\/table>\n<p><a href=\"https:\/\/drive.google.com\/file\/d\/1hCqpdkhhoTDxIm0HC2FsxjrY1v4M_Y9u\/view\">OLIVEIRA, W.P. LAPROFAR\u00b4s Research Group at University of S\u00e3o Paulo\/USP. In: Freire, J.T.; Ferreira, M.C.; Freire, F.B.; Maia, G.D. (Org.). <strong>An overview on particulate systems in Brazil<\/strong>. 1 ed. S\u00e3o Carlos: 2019, p. 98-133.<\/a><\/p>\n<table width=\"67%\">\n<tbody>\n<tr>\n<td>\n<h3 style=\"text-align: center;\"><span style=\"color: #008000;\"><strong>2014<\/strong><\/span><\/h3>\n<\/td>\n<\/tr>\n<\/tbody>\n<\/table>\n<p>OLIVEIRA, W.P. Secagem de enzimas por <em>spray drying<\/em>. In: Said, S.; Pietro, R.C.L.R. (Org.).\u00a0<strong>Enzimas como Agentes Biotecnol\u00f3gicos<\/strong>. 2 ed. Ribeir\u00e3o Preto: Legis Summa, 2014, v. 1, p. 85-100.<\/p>\n<table width=\"67%\">\n<tbody>\n<tr>\n<td>\n<h3 style=\"text-align: center;\"><span style=\"color: #008000;\"><strong>2012<\/strong><\/span><\/h3>\n<\/td>\n<\/tr>\n<\/tbody>\n<\/table>\n<p>OLIVEIRA, W.P.; FREITAS, L.A.P.;\u00a0FREIRE, J.T. Drying of Pharmaceutical Products. In: Freire, J.T.; Silveira, A.M.; Ferreira, M.C. (Org.).\u00a0<strong>Transport Phenomena in Particulate Systems<\/strong>. Oak Park: Bethan Science (e-book), 2012, p. 148-171.<\/p>\n<table width=\"67%\">\n<tbody>\n<tr>\n<td>\n<h3 style=\"text-align: center;\"><span style=\"color: #008000;\"><strong>2010<\/strong><\/span><\/h3>\n<\/td>\n<\/tr>\n<\/tbody>\n<\/table>\n<p>OLIVEIRA, W.P.;\u00a0SOUZA, C.R.F.; KUROZAWA, L.E.; PARK, K.J. Spray drying of food and herbal products. In: M.W.Woo; A.S. Mujumdar; W.R.W. Daud. (Org.).\u00a0<strong>Spray drying Technology<\/strong>. 1 ed. Singapura: TPR Group, 2010, v. 1, p. 113-156.<\/p>\n<table width=\"67%\">\n<tbody>\n<tr>\n<td>\n<h3 style=\"text-align: center;\"><span style=\"color: #008000;\"><strong>2009<\/strong><\/span><\/h3>\n<\/td>\n<\/tr>\n<\/tbody>\n<\/table>\n<p>OLIVEIRA, W.P.; FREITAS, L.A.P.; FREIRE, J.T. Secagem de Produtos Farmac\u00eauticos (IN PRESS). In: Freire, J.T.; Silveira, A.M. (Org.).\u00a0<strong>Fen\u00f4menos de transporte em sistemas particulados: fundamentos e aplica\u00e7\u00f5es<\/strong>. S\u00e3o Carlos &#8211; SP: Suprema, 2009, p. 307-343.<\/p>\n<table width=\"67%\">\n<tbody>\n<tr>\n<td>\n<h3 style=\"text-align: center;\"><span style=\"color: #008000;\"><strong>1998<\/strong><\/span><\/h3>\n<\/td>\n<\/tr>\n<\/tbody>\n<\/table>\n<p>OLIVEIRA, W.P.; FREIRE, J.T. Estudo da Secagem de Pastas em Leito de Jorro. In: Freire, J.T.; Silveira, A.M. (Org.).\u00a0<strong>T\u00f3picos Especiais de Sistemas Particulados<\/strong>. 1 ed. S\u00e3o Carlos &#8211; SP: Ed. UFSCar, 1998, v. 1, p. 79-118.<\/p>\n<table width=\"67%\">\n<tbody>\n<tr>\n<td>\n<h3 style=\"text-align: center;\"><span style=\"color: #008000;\"><strong>1992<\/strong><\/span><\/h3>\n<\/td>\n<\/tr>\n<\/tbody>\n<\/table>\n<p>FREIRE, J.T.; OLIVEIRA, W.P. Aspectos Tecnol\u00f3gicos dos Processos de Revestimento de Part\u00edculas. In: Jos\u00e9 Teixeira Freire; Demerval M. Sartori. (Org.).\u00a0<strong>T\u00f3picos Especiais de Secagem<\/strong>. 2 ed. S\u00e3o Carlos &#8211; SP: UFSCar, 1992, v. 2, p. 253-293.<\/p>\n","protected":false},"excerpt":{"rendered":"<p>EDI\u00c7\u00c3O DE LIVRO INTERNACIONAL 2021 OLIVEIRA, W.P. Phytotechnology: A Sustainable Platform for the Development of\u00a0Herbal Products. 1st Ed. CRC Press. ISBN: 9781003225416, 13 chapters, 376 p., 2021. DOI: 10.1201\/9781003225416. &nbsp; CAP\u00cdTULOS DE LIVROS PUBLICADOS 2022 BALDIM, I.; OLIVEIRA, W.P.; RAO, R. YADAV, N.; MAHANT, S.; GAMA, F.M.; SOUTO, E.B. Biofate and cellular interactions of nanoparticles.\u00a0In: [&hellip;]<\/p>\n","protected":false},"author":22495,"featured_media":0,"parent":0,"menu_order":0,"comment_status":"closed","ping_status":"closed","template":"","meta":{"footnotes":"","_links_to":"","_links_to_target":""},"class_list":["post-239","page","type-page","status-publish","hentry"],"_links":{"self":[{"href":"https:\/\/sites.usp.br\/laprofar\/wp-json\/wp\/v2\/pages\/239","targetHints":{"allow":["GET"]}}],"collection":[{"href":"https:\/\/sites.usp.br\/laprofar\/wp-json\/wp\/v2\/pages"}],"about":[{"href":"https:\/\/sites.usp.br\/laprofar\/wp-json\/wp\/v2\/types\/page"}],"author":[{"embeddable":true,"href":"https:\/\/sites.usp.br\/laprofar\/wp-json\/wp\/v2\/users\/22495"}],"replies":[{"embeddable":true,"href":"https:\/\/sites.usp.br\/laprofar\/wp-json\/wp\/v2\/comments?post=239"}],"version-history":[{"count":4,"href":"https:\/\/sites.usp.br\/laprofar\/wp-json\/wp\/v2\/pages\/239\/revisions"}],"predecessor-version":[{"id":459,"href":"https:\/\/sites.usp.br\/laprofar\/wp-json\/wp\/v2\/pages\/239\/revisions\/459"}],"wp:attachment":[{"href":"https:\/\/sites.usp.br\/laprofar\/wp-json\/wp\/v2\/media?parent=239"}],"curies":[{"name":"wp","href":"https:\/\/api.w.org\/{rel}","templated":true}]}}