{"id":241,"date":"2021-08-12T15:18:42","date_gmt":"2021-08-12T17:18:42","guid":{"rendered":"https:\/\/sites.usp.br\/laprofar\/?page_id=241"},"modified":"2024-01-26T16:36:50","modified_gmt":"2024-01-26T18:36:50","slug":"artigos-completos","status":"publish","type":"page","link":"https:\/\/sites.usp.br\/laprofar\/artigos-completos\/","title":{"rendered":"Artigos completos"},"content":{"rendered":"<ul>\n<li>\u00faltimos 10 anos<\/li>\n<\/ul>\n<table width=\"67%\">\n<tbody>\n<tr>\n<td>\n<h3 style=\"text-align: center;\"><span style=\"color: #008000;\"><strong>2023<\/strong><\/span><\/h3>\n<\/td>\n<\/tr>\n<\/tbody>\n<\/table>\n<p><a href=\"https:\/\/www.cureus.com\/articles\/172138-characterization-antimicrobial-activity-and-antioxidant-efficacy-of-a-pomegranate-peel-solution-against-persistent-root-canal-pathogens#!\/\">Gallas, J.A.; Pelozo, L.L.; Oliveira, W.P.; Salvador, S.L.; Corona, S.M.; Souza-Gabriel, A.E. Characterization, Antimicrobial Activity, and Antioxidant Efficacy of a Pomegranate Peel Solution Against Persistent Root Canal Pathogens. <strong>Cureus<\/strong>, v. 15, p. : e43142, 2023.<\/a><\/p>\n<p><a href=\"https:\/\/app.jove.com\/t\/65192\/process-development-for-spray-drying-probiotic-bacteria-evaluation\">Kakuda, L.; Jaramillo, Yeily; Ni\u00f1o-Arias, F.C.; Souza, M.F. de; Concei\u00e7\u00e3o, E.C.; Alves, V.A.F.; Almeida, O.G.G. de; De Martinis, E.C.P.; Oliveira, W.P. Process Development for the Spray-Drying of Probiotic Bacteria and Evaluation of the Product Quality. <strong>Jove-Journal of Visualized Experiments<\/strong>, v. 194, p. 1, 2023.<\/a><\/p>\n<p><a href=\"https:\/\/pubs.rsc.org\/en\/content\/articlelanding\/2023\/en\/d3en00182b\">Mata, G.C. da; Morais, M.S.; Oliveira, W.P.; Aguiar, M.L. Sustainable Surgical Masks: Optimizing Fine\/Ultrafine Particle Filtration Using PVA\/Chitosan Electrospun Nanofibers. <strong>Environmental Science-Nano<\/strong>, v. 1, p. 1, 2023.<\/a><\/p>\n<p><a href=\"https:\/\/doi.org\/10.1080\/07373937.2022.2115510\">Oliveira, W.P.; Miguel, L. M. Encapsulation of volatile oils with antimicrobial activity in chitosan-\u03b2CD molecular inclusion complexes by spray drying. <strong>Drying Technology<\/strong>, p. 754-766, 2023.<\/a><\/p>\n<table width=\"67%\">\n<tbody>\n<tr>\n<td>\n<h3 style=\"text-align: center;\"><span style=\"color: #008000;\"><strong>2022<\/strong><\/span><\/h3>\n<\/td>\n<\/tr>\n<\/tbody>\n<\/table>\n<p><a href=\"https:\/\/www.mdpi.com\/2075-1729\/12\/1\/95\/htm\">Baldim, I.; Oliveira, A.M.; Souto, E.B.; Oliveira, W.P. Cyclodextrins-in-Liposomes: A Promising Delivery System for Lippia sidoides and Syzygium aromaticum Essential Oils.\u00a0<strong>Life<\/strong>,\u00a012(1), 95, 2022. DOI: 10.3390\/life12010095<\/a><\/p>\n<p><a href=\"https:\/\/www.mdpi.com\/1999-4923\/14\/1\/180\/htm\">Baldim I.; Paziani M.H.; Grizante Bari\u00e3o; P.H., Kress; M.R.V.Z.; Oliveira, W.P. Nanostructured Lipid Carriers Loaded with\u00a0<em>Lippia sidoides<\/em>\u00a0Essential Oil as a Strategy to Combat the Multidrug-Resistant\u00a0<em>Candida auris<\/em>. <strong>Pharmaceutics<\/strong>, 14(1):180, 2022.\u00a0\u00a0\u00a0 DOI:10.3390\/pharmaceutics14010180<\/a><\/p>\n<p><a href=\"https:\/\/conjecturas.org\/index.php\/edicoes\/article\/view\/708\">Cardoso da Mata, G.; De Almeida, D.S.; Oliveira, W.P.; Aguiar, M.L. Nanofibers functionalized with surfactants to Eliminate SARS-CoV-2 and other airborne pathogens. <strong>Conjecturas<\/strong>, v. 22, p. 1929-1961, 2022.<\/a><\/p>\n<p><a href=\"https:\/\/www.sciencedirect.com\/science\/article\/pii\/S0263876222001897?via%3Dihub\">Costa-Silva, T.A.; Carvalho, A.K.F.; Souza, C.R.F ; Freitas, L.; De Castro, H.F.; Oliveira, W.P. Highly effective Candida rugosa lipase immobilization on renewable carriers: integrated drying and immobilization process to improve enzyme performance. <strong>Chemical Engineering Research &amp; Design<\/strong>, v. 183, p. 41-55, 2022.<\/a><\/p>\n<p><a href=\"https:\/\/www.mdpi.com\/2073-4360\/14\/22\/4856\">Mata, G.C.; Morais, M.S. ; Oliveira, W.P.;\u00a0Aguiar, M.L. Composition Effects on the Morphology of PVA\/Chitosan Electrospun Nanofibers. <strong>Polymers<\/strong>, v. 14, p. 4856, 2022.<\/a><\/p>\n<p><a href=\"https:\/\/link.springer.com\/article\/10.1007\/s12247-022-09681-7\">Morais, M.S.; Bonfim, D.P. F.; Aguiar, M.L.; Oliveira, W.P. Electrospun Poly (Vinyl Alcohol) Nanofibrous Mat Loaded with Green Propolis Extract, Chitosan and Nystatin as an Innovative Wound Dressing Material. <strong>Journal of Pharmaceutical Innovation, <\/strong>v. 1, p. 1, 2022.<\/a><\/p>\n<table width=\"67%\">\n<tbody>\n<tr>\n<td>\n<h3 style=\"text-align: center;\"><span style=\"color: #008000;\"><strong>2021<\/strong><\/span><\/h3>\n<\/td>\n<\/tr>\n<\/tbody>\n<\/table>\n<p><a href=\"http:\/\/dx.doi.org\/10.1080\/02786826.2020.1830025\">Almeida, A. F.;\u00a0Oliveira, W.P.;\u00a0Aguiar, M. L. Adhesion strength of soot particles to cellulose ester membranes determined by centrifuge technique. <strong>Aerosol Science and Technology<\/strong>, v. 55, p. 167-181, 2021.\u00a0<\/a><\/p>\n<p><a href=\"http:\/\/dx.doi.org\/10.1055\/a-1348-5707\">Cort\u00e9s-Rojas, D.F.; Lira de Medeiros, T.; Oliveira, C.B.S.; Rodrigues Meurer, Y.S.; Andrade-Neto, V.F.;\u00a0Oliveira, W.P. Antimalarial activity of <em>Bidens pilosa<\/em> root extract co-spray dried in the presence of \u03b2-cyclodextrin or aerosil: microcrystalline cellulose blend. <strong>Planta Medica International Open<\/strong>, v. 8, p. e1-e9, 2021.<\/a><\/p>\n<p><a href=\"http:\/\/dx.doi.org\/10.1016\/j.jclepro.2020.124728\">Costa-Silva, T.A.; Carvalho, A.K.F.;\u00a0Souza, C.R.F.; De Castro, H.F.;\u00a0Bachmann, L.;\u00a0Said, S.;\u00a0Oliveira, W.P. Immobilized enzyme-driven value enhancement of lignocellulosic-based agricultural byproducts: application in aroma synthesis. <strong>Journal of Cleaner Production<\/strong>, v. 284, p. 124728-13p, 2021.<\/a><\/p>\n<p><a href=\"http:\/\/dx.doi.org\/10.1016\/j.apcata.2021.118217\">Costa-Silva, T.A.; Carvalho, A.K.F.;\u00a0Souza, C.R.F.; De Castro, H.F.;\u00a0Bachmann, L.;\u00a0Said, S.;\u00a0Oliveira, W.P. Enhancement lipase activity via immobilization onto chitosan beads used as seed particles during fluidized bed drying: application in butyl butyrate production. <strong>Applied Catalysis A-General<\/strong>, 2021.<\/a><\/p>\n<table width=\"67%\">\n<tbody>\n<tr>\n<td>\n<h3 style=\"text-align: center;\"><span style=\"color: #008000;\"><strong>2020<\/strong><\/span><\/h3>\n<\/td>\n<\/tr>\n<\/tbody>\n<\/table>\n<p><a href=\"http:\/\/dx.doi.org\/10.3390\/biom10050693\">Baldim, I.; Rosa, D.M.; Souza, C.R.F.; Da Ana, R.; Durazzo, A.; Lucarini, M.; Santini, A.; Souto, E.B.;\u00a0Oliveira, W.P. Factors affecting the retention efficiency and physicochemical properties of spray dried lipid nanoparticles loaded with <em>Lippia sidoides<\/em> essential oil. <strong>Biomolecules<\/strong>, v. 10, p. 693-17p, 2020.<\/a><\/p>\n<p><a href=\"http:\/\/dx.doi.org\/10.3390\/biom10070980\">Baldim, I.;\u00a0Oliveira, W.P.; Kadian, V.; Rao, R.; Yadav, N.H; Mahant, S.; Lucarini, M.; Durazzo, A.; Da Ana, R.; Capasso, R.; Souto, S.B.; Santini, A.; Souto, E.B. Natural ergot alkaloids in ocular pharmacotherapy: known molecules for novel nanoparticle-based delivery systems. <strong>Biomolecules<\/strong>, v. 10, p. 980, 2020.<\/a><\/p>\n<p><a href=\"http:\/\/dx.doi.org\/10.3390\/foods9081110\">Baldim, I.;\u00a0Souza, C.R.F.; Durazzo, A.; Lucarini, M.; Santini, A.; Souto, E.B.;\u00a0Oliveira, W.P. Spray-dried structured lipid carriers for the loading of <em>Rosmarinus officinalis<\/em>: new nutraceutical and food preservative. <strong>Foods<\/strong>, v. 9, p. 1110, 2020.\u00a0<\/a><\/p>\n<p><a href=\"http:\/\/dx.doi.org\/10.1208\/s12249-020-01668-2\">Bankole, V.O.; Osungunna, M.O.;\u00a0Souza, C.R.F.; Salvador, S.L.;\u00a0Oliveira, W.P. Spray dried proliposomes: an innovative method for encapsulation of <em>Rosmarinus officinalis<\/em> L. polyphenols. <strong>AAPS PHARMSCITECH<\/strong>,v. 21, p. 143, 2020.<\/a><\/p>\n<p><a href=\"http:\/\/dx.doi.org\/10.1007\/s12223-019-00759-3\">Bustamante, M.; Oomah, B.D.;\u00a0Oliveira, W.P.; Burgos-D\u00edaz, C.; Rubilar, M.; Shene, C. Probiotics and prebiotics potential for the care of skin, female urogenital tract, and respiratory tract. <strong>Folia Microbiologica<\/strong>, v. 65, p. 245-264, 2020.\u00a0<\/a><\/p>\n<p><a href=\"http:\/\/dx.doi.org\/10.1007\/s13205-020-2164-z\">Cavalcanti, R.M.F.;\u00a0Martinez, M.L.L.\u00a0;\u00a0Oliveira, W.P.\u00a0;\u00a0Guimar\u00e3es, L.H.S. Stabilization and application of spray-dried tannase from <em>Aspergillus fumigatus<\/em> cas21 in the presence of different carriers. <strong>3 Biotech<\/strong>, v. 10, p.177-x, 2020.<\/a><\/p>\n<p><a href=\"http:\/\/dx.doi.org\/10.3390\/agriculture10080349\">Souza, C.R.F.; Baldim, I. ; Bankole, V.O.; Da Ana, R.; Durazzo, A.; Lucarini, M.; Cicero, N.; Santini, A.; Souto, E.B.;\u00a0Oliveira, W.P. Spouted bed dried <em>Rosmarinus officinalis<\/em> extract: a novel approach for physicochemical properties and antioxidant activity. <strong>Agriculture<\/strong>, v. 10, p. 349, 2020.<\/a><\/p>\n<p><a href=\"https:\/\/www.tandfonline.com\/doi\/abs\/10.1080\/17425247.2020.1727883?journalCode=iedd20\">Souto, E.B.; Baldim, I.;\u00a0Oliveira, W.P.; Rao, R.; Yadav, N.; Gama, F.M.; Mahant, S. SLN and NLC for topical, dermal, and transdermal drug delivery. <strong>Expert Opinion on Drug Delivery<\/strong>, v. 17, p. 1-21, 2020.<\/a><\/p>\n<p><a href=\"https:\/\/dx.doi.org\/10.1590\/1678-4324-2020190024\">Souza, P.N.C.; Tavares, D.G.; Souza, C.R.F.; Martinez, M.L.L.; Oliveira, W.P.; Guimaraes, L.H.S.; Cardoso, P.G. Spray Drying of Coloring Extracts Produced by Fungi Isolated from Brazilian Caves. <strong>Brazilian Archives of Biology and Technology<\/strong>, v. 63, 2020.<\/a><\/p>\n<table width=\"67%\">\n<tbody>\n<tr>\n<td>\n<h3 style=\"text-align: center;\"><span style=\"color: #008000;\"><strong>2019<\/strong><\/span><\/h3>\n<\/td>\n<\/tr>\n<\/tbody>\n<\/table>\n<p><a href=\"https:\/\/www.sciencedirect.com\/science\/article\/abs\/pii\/S0926669018309373?via%3Dihub\">Baldim, I.; Tonani, L.; Kress, M.R.V.Z.;\u00a0Oliveira, W.P. <em>Lippia sidoides<\/em> essential oil encapsulated in lipid nanosystem as an anti-Candida agent. <strong>Industrial Crops and Products<\/strong>, v. 127, p. 73-81, 2019.<\/a><\/p>\n<p>Benelli, L.;\u00a0Oliveira, W.P. Fluidized bed coating of inert cores with a lipid-based system loaded with a polyphenol-rich <em>Rosmarinus officinalis<\/em> extract. <strong>Food and Bioproducts processing<\/strong>, p. 216-226, 2019.<\/p>\n<table width=\"67%\">\n<tbody>\n<tr>\n<td>\n<h3 style=\"text-align: center;\"><span style=\"color: #008000;\"><strong>2018<\/strong><\/span><\/h3>\n<\/td>\n<\/tr>\n<\/tbody>\n<\/table>\n<p><a href=\"https:\/\/www.imedpub.com\/articles\/the-active-role-of-spraydried-phytase-produced-by-rhizopus-microsporus-var-microsporus-biofilm-in-feeding-broiler-chickens.php?aid=18565\">Sato, V.S.; Pinto, G.V.D.; Amaral, C.M.C.; Crisci, A.R.;\u00a0Oliveira, W.P.; Guimar\u00e3es, L.H.S. The Active Role of Spray-Dried Phytase Produced by <em>Rhizopus microsporus<\/em> var. microsporus Biofilm in Feeding Broiler Chickens. <strong>Insights in Enzyme Research<\/strong>, v. 01, p. 1-6, 2018.<\/a><\/p>\n<p><a href=\"http:\/\/www.ccsenet.org\/journal\/index.php\/jfr\/article\/view\/74764\">Fernandes, M.R.V.; Kabeya, L.M.;\u00a0Souza, C.R.F.; Massarioli, A.P.; Alencar, S.M.;\u00a0Oliveira, W.P. Antioxidant Activity of Spray-Dried Extracts of <em>Psidium guajava<\/em> Leaves. <strong>Journal of Food Research<\/strong>, v. 7, p. 141-148, 2018.<\/a><\/p>\n<p><a href=\"https:\/\/www.tandfonline.com\/doi\/abs\/10.1080\/09637486.2018.1442819?journalCode=iijf20\">Quinhoneiro, D.C.G.; Nicoletti, C.F.; Pinhel, M.A.S.; Noronha, N.Y.; Braga, C.B.M.; Oliveira, B.A.P.; Cortes-Oliveira, C.;\u00a0Oliveira, W.P.; Salgado Junior, W.; Marchini, J.S.; Nonino, C.B. Green tea supplementation upregulates uncoupling protein 3 expression in severe obese women adipose tissue but does not promote weight loss. <strong>International Journal of Food Sciences and Nutrition<\/strong>, v. E-ON, p. 1-8, 2018.<\/a><\/p>\n<table width=\"67%\">\n<tbody>\n<tr>\n<td>\n<h3 style=\"text-align: center;\"><span style=\"color: #008000;\"><strong>2017<\/strong><\/span><\/h3>\n<\/td>\n<\/tr>\n<\/tbody>\n<\/table>\n<p><a href=\"https:\/\/www.tandfonline.com\/doi\/abs\/10.1080\/10837450.2017.1314491?journalCode=iphd20\">Cort\u00e9s-Rojas, D.F.;\u00a0Souza, C.R.F.; Chen, M.J.; Hochhaus, G.;\u00a0Oliveira, W.P. Effects of lipid formulations on clove extract spray dried powders: Comparison of physicochemical properties, storage stability and in vitro intestinal permeation. <strong>Pharmaceutical Development and Technology<\/strong>, p. 1-31, 2017.<\/a><\/p>\n<p><a href=\"https:\/\/www.tandfonline.com\/doi\/abs\/10.3109\/08982104.2016.1140183?journalCode=ilpr20\">Secolin, V.A.; Souza, C.R.F.;\u00a0Oliveira, W.P. Spray drying of lipid-based systems loaded with\u00a0<em>Camellia sinensis<\/em>\u00a0polyphenols. <strong>Journal of Liposome Research<\/strong>, v. 27, p. 11-20, 2017.<\/a><\/p>\n<p><a href=\"https:\/\/pubs.acs.org\/doi\/10.1021\/acs.energyfuels.7b02033\">Costa-Silva, T.A.; Carvalho, A.K.F.;\u00a0Souza, C.R.F.; De Castro, H.F.;\u00a0Said, S.\u00a0;\u00a0Oliveira, W.P. Enzymatic Transesterification of Coconut Oil Using Chitosan-Immobilized Lipase Produced by Fluidized-Bed System. <strong>Energy &amp; Fuels<\/strong>, v. 31, p. 12209-12216, 2017.<\/a><\/p>\n<p><a href=\"http:\/\/ijpsr.com\/bft-article\/effects-of-surfactant-type-on-retention-of-bioactive-compounds-of-syzygium-aromaticum-in-spray-dried-lipid-based-systems\/?view=fulltext\">Cort\u00e9s-Rojas, D.F.;\u00a0Souza, C.R.F.;\u00a0Oliveira, W.P. Effects of surfactant type on retention of bioactive compounds of <em>Syzygium aromaticum<\/em> in spray dried lipid based systems. <strong>International Journal of Pharmaceutical Sciences and Research<\/strong>, v. 8, p. 5057-5064, 2017.<\/a><\/p>\n<table width=\"67%\">\n<tbody>\n<tr>\n<td>\n<h3 style=\"text-align: center;\"><span style=\"color: #008000;\"><strong>2016<\/strong><\/span><\/h3>\n<\/td>\n<\/tr>\n<\/tbody>\n<\/table>\n<p><a href=\"https:\/\/www.sciencedirect.com\/science\/article\/abs\/pii\/S0032591015301753?via%3Dihub\">Benelli, L.;\u00a0Oliveira, W.P. System dynamics and product quality during fluidized bed agglomeration of phytochemical compositions. <strong>Powder Technology<\/strong> (Print), v. 300, p. 2-13, 2016.<\/a><\/p>\n<p><a href=\"https:\/\/link.springer.com\/article\/10.1007%2Fs10973-015-5123-x\">De C\u00e1ssia Almeida Sampaio, R.; Costa, R.S.; Souza, C.R.F.; Duarte J\u00fanior, A.P.; Ribeiro-Costa, R.M.; Costa, C.E.F.; Oliveira, W.P.; Converti, A.; Silva J\u00fanior, J.O.C. Thermal characterization of <em>Arrabidaea chica<\/em> (Humb. &amp; Bonpl.) B. Verl. dry extracts obtained by spray dryer. <strong>Journal of Thermal Analysis and Calorimetry<\/strong>, v. 123, p. 2469-2475, 2016.<\/a><\/p>\n<p><a href=\"https:\/\/pubs.acs.org\/doi\/10.1021\/acs.energyfuels.6b00208\">Costa-Silva, T.A.; Carvalho, A.K.;\u00a0Souza, C.R.F.; Castro, H.F.;\u00a0Said, S.;\u00a0Oliveira, W.P. Enzymatic Synthesis of Biodiesel Using Immobilized Lipase on a Non-commercial Support. <strong>Energy &amp; Fuels<\/strong>, v. 30, p. 4820-4824, 2016.<\/a><\/p>\n<p><a href=\"http:\/\/static.sites.sbq.org.br\/quimicanova.sbq.org.br\/pdf\/AR20160161.pdf\">Souza, C.R.F.; Ferraz-Freitas, P.N.;\u00a0Oliveira, W.P. Binary, ternary and quaternary inclusion complexes containing essential oil. <strong>Qu\u00edmica Nova<\/strong> (Impresso), p. 979-986, 2016.<\/a><\/p>\n<p><a href=\"https:\/\/www.sciencedirect.com\/science\/article\/pii\/S1018363914000312?via%3Dihub\">Cort\u00e9s-Rojas, D.F.;\u00a0Souza, C.R.F.;\u00a0Oliveira, W.P. Assessment of stability of a spray dried extract from the medicinal plant <em>Bidens pilosa<\/em> L. <strong>Journal of King Saud University &#8211; Engineering Sciences<\/strong>, v. 28, p. 141-146, 2016.<\/a><\/p>\n<table width=\"67%\">\n<tbody>\n<tr>\n<td>\n<h3 style=\"text-align: center;\"><span style=\"color: #008000;\"><strong>2015<\/strong><\/span><\/h3>\n<\/td>\n<\/tr>\n<\/tbody>\n<\/table>\n<p><a href=\"https:\/\/www.sciencedirect.com\/science\/article\/abs\/pii\/S0032591014010043?via%3Dihub\">Benelli, L.;\u00a0Cort\u00e9s-Rojas, D.F.;\u00a0Souza, C.R.F.;\u00a0Oliveira, W.P. Fluid bed drying and agglomeration of phytopharmaceutical compositions. <strong>Powder Technology<\/strong> (Print), v. 273, p. 145-153, 2015.<\/a><\/p>\n<p><a href=\"https:\/\/www.sciencedirect.com\/science\/article\/abs\/pii\/S0263876214002676?via%3Dihub\">Cort\u00e9s-Rojas, D.F.;\u00a0Souza, C.R.F.;\u00a0Oliveira, W.P. Optimization of spray drying conditions for production of <em>Bidens pilosa<\/em> L. dried extract. <strong>Chemical Engineering Research &amp; Design<\/strong>, v. 93, p. 366-376, 2015.<\/a><\/p>\n<p><a href=\"https:\/\/www.tandfonline.com\/doi\/abs\/10.1080\/01496395.2014.952305\">Cort\u00e9s-Rojas, D.F.;\u00a0Souza, C.R.F.;\u00a0Oliveira, W.P. Surfactant Mediated Extraction of Antioxidants from\u00a0<em>Syzygium aromaticum<\/em>. <strong>Separation Science and Technology<\/strong> (Print), v. 50, p. 207-213, 2015.<\/a><\/p>\n<p><a href=\"https:\/\/academicjournals.org\/journal\/AJB\/article-abstract\/07BE71B56058\">Costa-Silva, T.A.; Souza, C.R.F.; Said, S.;\u00a0Oliveira, W.P. Drying of enzyme immobilized on eco-friendly supports. <strong>African Journal of Biotechnology<\/strong>, v. 14, p. 3019-3026, 2015.<\/a><\/p>\n<p><a href=\"https:\/\/www.tandfonline.com\/doi\/abs\/10.3109\/02652048.2014.940013\">Costa-Silva, T.A.;\u00a0Marques, P.S.; Souza, C.R.F.; Said, S.;\u00a0Oliveira, W.P. Enzyme encapsulation in magnetic chitosan-Fe3O4 microparticles. <strong>Journal of microencapsulation<\/strong>, v. 32, p. 16-21, 2015.<\/a><\/p>\n<p><a href=\"http:\/\/www.scielo.br\/scielo.php?script=sci_arttext&amp;pid=S1516-05722015000100067&amp;lng=pt&amp;tlng=pt\">Souza, C.R.F.; Fernandes, L.P.;\u00a0Bott, R.F.;\u00a0Oliveira, W.P. Influ\u00eancia do processo de secagem e condi\u00e7\u00e3o de armazenamento de extratos secos de <em>Bauhinia forficata<\/em> e <em>Passiflora alata<\/em> sobre seu perfil de dissolu\u00e7\u00e3o. <strong>Revista Brasileira de Plantas Medicinais<\/strong>, v. 17, n. 1, p. 67-75, 2015.<\/a><\/p>\n","protected":false},"excerpt":{"rendered":"<p>\u00faltimos 10 anos 2023 Gallas, J.A.; Pelozo, L.L.; Oliveira, W.P.; Salvador, S.L.; Corona, S.M.; Souza-Gabriel, A.E. Characterization, Antimicrobial Activity, and Antioxidant Efficacy of a Pomegranate Peel Solution Against Persistent Root Canal Pathogens. Cureus, v. 15, p. : e43142, 2023. Kakuda, L.; Jaramillo, Yeily; Ni\u00f1o-Arias, F.C.; Souza, M.F. de; Concei\u00e7\u00e3o, E.C.; Alves, V.A.F.; Almeida, O.G.G. de; [&hellip;]<\/p>\n","protected":false},"author":22495,"featured_media":0,"parent":0,"menu_order":0,"comment_status":"closed","ping_status":"closed","template":"","meta":{"footnotes":"","_links_to":"","_links_to_target":""},"class_list":["post-241","page","type-page","status-publish","hentry"],"_links":{"self":[{"href":"https:\/\/sites.usp.br\/laprofar\/wp-json\/wp\/v2\/pages\/241","targetHints":{"allow":["GET"]}}],"collection":[{"href":"https:\/\/sites.usp.br\/laprofar\/wp-json\/wp\/v2\/pages"}],"about":[{"href":"https:\/\/sites.usp.br\/laprofar\/wp-json\/wp\/v2\/types\/page"}],"author":[{"embeddable":true,"href":"https:\/\/sites.usp.br\/laprofar\/wp-json\/wp\/v2\/users\/22495"}],"replies":[{"embeddable":true,"href":"https:\/\/sites.usp.br\/laprofar\/wp-json\/wp\/v2\/comments?post=241"}],"version-history":[{"count":4,"href":"https:\/\/sites.usp.br\/laprofar\/wp-json\/wp\/v2\/pages\/241\/revisions"}],"predecessor-version":[{"id":484,"href":"https:\/\/sites.usp.br\/laprofar\/wp-json\/wp\/v2\/pages\/241\/revisions\/484"}],"wp:attachment":[{"href":"https:\/\/sites.usp.br\/laprofar\/wp-json\/wp\/v2\/media?parent=241"}],"curies":[{"name":"wp","href":"https:\/\/api.w.org\/{rel}","templated":true}]}}