{"id":243,"date":"2021-08-12T15:18:54","date_gmt":"2021-08-12T17:18:54","guid":{"rendered":"https:\/\/sites.usp.br\/laprofar\/?page_id=243"},"modified":"2022-01-26T16:32:58","modified_gmt":"2022-01-26T18:32:58","slug":"patentes","status":"publish","type":"page","link":"https:\/\/sites.usp.br\/laprofar\/patentes\/","title":{"rendered":"Patentes"},"content":{"rendered":"<p>&nbsp;<\/p>\n<table width=\"67%\">\n<tbody>\n<tr>\n<td>\n<h3 style=\"text-align: center;\"><span style=\"color: #008000;\"><strong>2022<\/strong><\/span><\/h3>\n<\/td>\n<\/tr>\n<\/tbody>\n<\/table>\n<p>OLIVEIRA, W.P.; SOUZA, C.R.F.; PACHECO-FILHO, E.F.; ZAMPIER, M.N. <strong>SISTEMAS MICROPARTICULADOS, COMPOSI\u00c7\u00c3O EM FORMA DE GEL E COMPOSI\u00c7\u00c3O EM FORMA DE EMULS\u00c3O<\/strong>. 2022, Brasil.<br \/>\n<strong>Patente:<\/strong> Inven\u00e7\u00e3o<br \/>\n<strong>N\u00famero do registro: <\/strong>BR102012017623-8<br \/>\n<strong>T\u00edtulo: \u201c<\/strong>SISTEMAS MICROPARTICULADOS, COMPOSI\u00c7\u00c3O EM FORMA DE GEL E COMPOSI\u00c7\u00c3O EM FORMA DE EMULS\u00c3O\u201d<br \/>\n<strong>Institui\u00e7\u00e3o de registro:<\/strong> INPI &#8211; Instituto Nacional da Propriedade Industrial<br \/>\n<strong>Dep\u00f3sito: <\/strong>17\/07\/2012<br \/>\n<strong>Institui\u00e7\u00e3o financiadora: <\/strong>USP<\/p>\n<table width=\"67%\">\n<tbody>\n<tr>\n<td>\n<h3 style=\"text-align: center;\"><span style=\"color: #008000;\"><strong>2018<\/strong><\/span><\/h3>\n<\/td>\n<\/tr>\n<\/tbody>\n<\/table>\n<p>BALDIM, I.;\u00a0OLIVEIRA, W.P.; KRESS, M.R.V.Z.; TONANI, L. <strong>Processo para a produ\u00e7\u00e3o de uma formula\u00e7\u00e3o fitoter\u00e1pica e uso da mesma<\/strong>. 2018, Brasil.<br \/>\n<strong>Patente:<\/strong> Privil\u00e9gio de Inova\u00e7\u00e3o<br \/>\n<strong>N\u00famero do registro:<\/strong> BR1020180165267<br \/>\n<strong>T\u00edtulo:<\/strong> &#8220;Processo para a produ\u00e7\u00e3o de uma formula\u00e7\u00e3o fitoter\u00e1pica e uso da mesma\u201d<br \/>\n<strong>Institui\u00e7\u00e3o de registro:<\/strong> INPI &#8211; Instituto Nacional da Propriedade Industrial<br \/>\n<strong>Dep\u00f3sito: <\/strong>13\/08\/2018<br \/>\n<strong>Institui\u00e7\u00e3o financiadora:<\/strong> USP<\/p>\n<table width=\"67%\">\n<tbody>\n<tr>\n<td>\n<h3 style=\"text-align: center;\"><span style=\"color: #008000;\"><strong>2014<\/strong><\/span><\/h3>\n<\/td>\n<\/tr>\n<\/tbody>\n<\/table>\n<p>SALVADOR, M.J.; TEIXEIRA, A.G.;\u00a0SOUZA, C.R.F.;\u00a0OLIVEIRA, W.P. <strong>Formula\u00e7\u00e3o t\u00f3pica a base de extrato seco de espinheira santa (<em>Maytenus ilicifolia<\/em>) e uso<\/strong>. 2014, Brasil.<br \/>\n<strong>Patente:<\/strong> Modelo de Utilidade<br \/>\n<strong>N\u00famero do registro:<\/strong> BR 102014001602-3<br \/>\n<strong>T\u00edtulo:<\/strong> &#8220;Formula\u00e7\u00e3o t\u00f3pica a base de extrato seco de espinheira santa (<em>Maytenus ilicifolia<\/em>) e uso&#8221;<br \/>\n<strong>Institui\u00e7\u00e3o de registro:<\/strong> INPI &#8211; Instituto Nacional da Propriedade Industrial<br \/>\n<strong>Dep\u00f3sito:<\/strong> 22\/01\/2014<br \/>\n<strong>Concess\u00e3o:<\/strong> 12\/04\/2016<br \/>\n<strong>Institui\u00e7\u00e3o financiadora:<\/strong><\/p>\n<table width=\"67%\">\n<tbody>\n<tr>\n<td>\n<h3 style=\"text-align: center;\"><span style=\"color: #008000;\"><strong>2012<\/strong><\/span><\/h3>\n<\/td>\n<\/tr>\n<\/tbody>\n<\/table>\n<p>CORT\u00c9S-ROJAS, D.F.;\u00a0OLIVEIRA, W. P. <strong>MICROPART\u00cdCULA S\u00d3LIDA<\/strong>. 2012, Brasil.<br \/>\n<strong>Patente:<\/strong> Privil\u00e9gio de Inova\u00e7\u00e3o<br \/>\n<strong>N\u00famero do registro:<\/strong> BR1020120096862<br \/>\n<strong>T\u00edtulo:<\/strong> &#8220;MICROPART\u00cdCULA S\u00d3LIDA&#8221;<br \/>\n<strong>Institui\u00e7\u00e3o de registro: <\/strong>???<br \/>\n<strong>Dep\u00f3sito:<\/strong> 25\/04\/2012<br \/>\n<strong>Institui\u00e7\u00e3o financiadora:<\/strong> USP<\/p>\n<p>OLIVEIRA, W.P.; ZAMPIER, M.N.;\u00a0SOUZA, C.R.F.; PACHECO, E.F. <strong>Sistemas particulados, composi\u00e7\u00e3o em forma de gel e composi\u00e7\u00e3o em forma de emuls\u00e3o<\/strong>. 2012, Brasil.<br \/>\n<strong>Patente:<\/strong> Privil\u00e9gio de Inova\u00e7\u00e3o<br \/>\n<strong>N\u00famero do registro:<\/strong> BR1020120176238<br \/>\n<strong>T\u00edtulo:<\/strong> &#8220;Sistemas particulados, composi\u00e7\u00e3o em forma de gel e composi\u00e7\u00e3o em forma de emuls\u00e3o&#8221;<br \/>\n<strong>Institui\u00e7\u00e3o de registro:\u00a0<\/strong><br \/>\n<strong>Dep\u00f3sito:<\/strong> 17\/07\/2012<br \/>\n<strong>Institui\u00e7\u00f5es financiadoras:<\/strong> FAPESP, CNPq<\/p>\n<table width=\"67%\">\n<tbody>\n<tr>\n<td>\n<h3 style=\"text-align: center;\"><span style=\"color: #008000;\"><strong>2011<\/strong><\/span><\/h3>\n<\/td>\n<\/tr>\n<\/tbody>\n<\/table>\n<p>SILVA Jr, J.; SILVA, H.R.; COSTA, R.M.R.; COSTA, C.E.F.; BARBOSA, W.L.R.; VEIGA, A.A.S.; COSTA, F.B.;\u00a0OLIVEIRA, W.P. <strong>Formula\u00e7\u00f5es de uso t\u00f3pico com atividade antimicrobiana<\/strong>. 2011, Brasil.<br \/>\n<strong>Patente:<\/strong> Privil\u00e9gio de Inova\u00e7\u00e3o<br \/>\n<strong>N\u00famero do registro:<\/strong> PG 00006941<br \/>\n<strong>T\u00edtulo:<\/strong> &#8220;Formula\u00e7\u00f5es de uso t\u00f3pico com atividade antimicrobiana&#8221;<br \/>\n<strong>Institui\u00e7\u00e3o de registro: <\/strong>???<br \/>\n<strong>Dep\u00f3sito:<\/strong> 06\/07\/2011<br \/>\n<strong>Institui\u00e7\u00f5es financiadoras:<\/strong> UFPA, CAPES<\/p>\n<table width=\"67%\">\n<tbody>\n<tr>\n<td>\n<h3 style=\"text-align: center;\"><span style=\"color: #008000;\"><strong>2007<\/strong><\/span><\/h3>\n<\/td>\n<\/tr>\n<\/tbody>\n<\/table>\n<p>FERNANDES, L.P.;\u00a0OLIVEIRA, W.P. <strong>PART\u00cdCULA, PROCESSO PARA SUA PREPARA\u00c7\u00c3O E COMPOSI\u00c7\u00c3O CONTENDO PART\u00cdCULA<\/strong>. 2007, Brasil.<br \/>\n<strong>Patente:<\/strong> Privil\u00e9gio de Inova\u00e7\u00e3o<br \/>\n<strong>N\u00famero do registro:<\/strong> PI07049021<br \/>\n<strong>T\u00edtulo:<\/strong> &#8220;PART\u00cdCULA, PROCESSO PARA SUA PREPARA\u00c7\u00c3O E COMPOSI\u00c7\u00c3O CONTENDO PART\u00cdCULA&#8221;<br \/>\n<strong>Institui\u00e7\u00e3o de registro: <\/strong>INPI &#8211; Instituto Nacional da Propriedade Industrial<br \/>\n<strong>Dep\u00f3sito:<\/strong> 01\/10\/2007<br \/>\n<strong>Institui\u00e7\u00e3o financiadora:<\/strong> USP<\/p>\n<p>OLIVEIRA, W.P.;\u00a0FERNANDES, L.P. <strong>PART\u00cdCULA COMPREENDENDO COMPOSTO VOL\u00c1TIL, PROCESSO PARA SUA PREPARA\u00c7\u00c3O E COMPOSI\u00c7\u00d5ES CONTENDO AS MESMAS<\/strong>. 2007, Brasil.<br \/>\n<strong>Patente:<\/strong> Privil\u00e9gio de Inova\u00e7\u00e3o<br \/>\n<strong>N\u00famero do registro:<\/strong> PI0704902-1<br \/>\n<strong>T\u00edtulo:<\/strong> &#8220;PART\u00cdCULA COMPREENDENDO COMPOSTO VOL\u00c1TIL, PROCESSO PARA SUA PREPARA\u00c7\u00c3O E COMPOSI\u00c7\u00d5ES CONTENDO AS MESMAS&#8221;<br \/>\n<strong>Institui\u00e7\u00e3o de registro:\u00a0<\/strong><br \/>\n<strong>Dep\u00f3sito:<\/strong> 01\/10\/2007<br \/>\n<strong>Institui\u00e7\u00f5es financiadoras:<\/strong> USP, CNPq<\/p>\n","protected":false},"excerpt":{"rendered":"<p>&nbsp; 2022 OLIVEIRA, W.P.; SOUZA, C.R.F.; PACHECO-FILHO, E.F.; ZAMPIER, M.N. SISTEMAS MICROPARTICULADOS, COMPOSI\u00c7\u00c3O EM FORMA DE GEL E COMPOSI\u00c7\u00c3O EM FORMA DE EMULS\u00c3O. 2022, Brasil. Patente: Inven\u00e7\u00e3o N\u00famero do registro: BR102012017623-8 T\u00edtulo: \u201cSISTEMAS MICROPARTICULADOS, COMPOSI\u00c7\u00c3O EM FORMA DE GEL E COMPOSI\u00c7\u00c3O EM FORMA DE EMULS\u00c3O\u201d Institui\u00e7\u00e3o de registro: INPI &#8211; Instituto Nacional da Propriedade Industrial [&hellip;]<\/p>\n","protected":false},"author":22495,"featured_media":0,"parent":0,"menu_order":0,"comment_status":"closed","ping_status":"closed","template":"","meta":{"footnotes":"","_links_to":"","_links_to_target":""},"class_list":["post-243","page","type-page","status-publish","hentry"],"_links":{"self":[{"href":"https:\/\/sites.usp.br\/laprofar\/wp-json\/wp\/v2\/pages\/243","targetHints":{"allow":["GET"]}}],"collection":[{"href":"https:\/\/sites.usp.br\/laprofar\/wp-json\/wp\/v2\/pages"}],"about":[{"href":"https:\/\/sites.usp.br\/laprofar\/wp-json\/wp\/v2\/types\/page"}],"author":[{"embeddable":true,"href":"https:\/\/sites.usp.br\/laprofar\/wp-json\/wp\/v2\/users\/22495"}],"replies":[{"embeddable":true,"href":"https:\/\/sites.usp.br\/laprofar\/wp-json\/wp\/v2\/comments?post=243"}],"version-history":[{"count":4,"href":"https:\/\/sites.usp.br\/laprofar\/wp-json\/wp\/v2\/pages\/243\/revisions"}],"predecessor-version":[{"id":436,"href":"https:\/\/sites.usp.br\/laprofar\/wp-json\/wp\/v2\/pages\/243\/revisions\/436"}],"wp:attachment":[{"href":"https:\/\/sites.usp.br\/laprofar\/wp-json\/wp\/v2\/media?parent=243"}],"curies":[{"name":"wp","href":"https:\/\/api.w.org\/{rel}","templated":true}]}}