{"id":26,"date":"2013-11-21T19:00:33","date_gmt":"2013-11-21T19:00:33","guid":{"rendered":"http:\/\/sites.usp.br\/laprofar\/?page_id=26"},"modified":"2024-02-07T12:19:49","modified_gmt":"2024-02-07T14:19:49","slug":"contato","status":"publish","type":"page","link":"https:\/\/sites.usp.br\/laprofar\/contato\/","title":{"rendered":"Contato"},"content":{"rendered":"<p><strong>Prof. Dr. Wanderley Pereira de Oliveira<\/strong><\/p>\n<p style=\"text-align: center;\"><a href=\"https:\/\/sites.usp.br\/laprofar\/wp-content\/uploads\/sites\/981\/2021\/08\/Logo_LAPROFAR.jpg\"><img loading=\"lazy\" decoding=\"async\" class=\"alignnone size-medium wp-image-306\" src=\"https:\/\/sites.usp.br\/laprofar\/wp-content\/uploads\/sites\/981\/2021\/08\/Logo_LAPROFAR-300x217.jpg\" alt=\"\" width=\"300\" height=\"217\" srcset=\"https:\/\/sites.usp.br\/laprofar\/wp-content\/uploads\/sites\/981\/2021\/08\/Logo_LAPROFAR-300x217.jpg 300w, https:\/\/sites.usp.br\/laprofar\/wp-content\/uploads\/sites\/981\/2021\/08\/Logo_LAPROFAR-400x289.jpg 400w, https:\/\/sites.usp.br\/laprofar\/wp-content\/uploads\/sites\/981\/2021\/08\/Logo_LAPROFAR.jpg 743w\" sizes=\"auto, (max-width: 300px) 100vw, 300px\" \/><\/a><\/p>\n<p><strong>Email:<\/strong>\u00a0<a href=\"mailto:wpoliv@fcfrp.usp.br\">wpoliv@fcfrp.usp.br<\/a><br \/>\nFaculdade de Ci\u00eancias Farmac\u00eauticas de Ribeir\u00e3o Preto (FCFRP\/USP)<br \/>\nLaborat\u00f3rio de P &amp; D em Processos Farmac\u00eauticos (LAPROFAR)<br \/>\nAvenida Professor Doutor Zeferino Vaz s\/n Bloco N &#8211; sala 21<br \/>\nBairro Monte Alegre CEP: 14040-903 Ribeir\u00e3o Preto \u2013 SP<br \/>\n<strong>Telefone:<\/strong>\u00a0(16) 3315 4437\/ 4185<br \/>\n<strong>Fax:\u00a0<\/strong>(16) 3315 4178<\/p>\n<p style=\"text-align: center;\"><a href=\"https:\/\/www.google.com\/maps\/place\/LAPROFAR-FCFRP%2FUSP\/@-21.166556,-47.8541687,15.75z\/data=!4m5!3m4!1s0x0:0x689dc0f03740ecc2!8m2!3d-21.1695083!4d-47.8474205\"><img loading=\"lazy\" decoding=\"async\" class=\"alignnone size-medium wp-image-312\" src=\"https:\/\/sites.usp.br\/laprofar\/wp-content\/uploads\/sites\/981\/2021\/08\/mapa_Laprofar-300x190.jpg\" alt=\"\" width=\"300\" height=\"190\" srcset=\"https:\/\/sites.usp.br\/laprofar\/wp-content\/uploads\/sites\/981\/2021\/08\/mapa_Laprofar-300x190.jpg 300w, https:\/\/sites.usp.br\/laprofar\/wp-content\/uploads\/sites\/981\/2021\/08\/mapa_Laprofar-768x485.jpg 768w, https:\/\/sites.usp.br\/laprofar\/wp-content\/uploads\/sites\/981\/2021\/08\/mapa_Laprofar-400x253.jpg 400w, https:\/\/sites.usp.br\/laprofar\/wp-content\/uploads\/sites\/981\/2021\/08\/mapa_Laprofar.jpg 859w\" sizes=\"auto, (max-width: 300px) 100vw, 300px\" \/><\/a><\/p>\n","protected":false},"excerpt":{"rendered":"<p>Prof. Dr. Wanderley Pereira de Oliveira Email:\u00a0wpoliv@fcfrp.usp.br Faculdade de Ci\u00eancias Farmac\u00eauticas de Ribeir\u00e3o Preto (FCFRP\/USP) Laborat\u00f3rio de P &amp; D em Processos Farmac\u00eauticos (LAPROFAR) Avenida Professor Doutor Zeferino Vaz s\/n Bloco N &#8211; sala 21 Bairro Monte Alegre CEP: 14040-903 Ribeir\u00e3o Preto \u2013 SP Telefone:\u00a0(16) 3315 4437\/ 4185 Fax:\u00a0(16) 3315 4178<\/p>\n","protected":false},"author":1,"featured_media":0,"parent":0,"menu_order":3,"comment_status":"closed","ping_status":"closed","template":"","meta":{"footnotes":"","_links_to":"","_links_to_target":""},"class_list":["post-26","page","type-page","status-publish","hentry"],"_links":{"self":[{"href":"https:\/\/sites.usp.br\/laprofar\/wp-json\/wp\/v2\/pages\/26","targetHints":{"allow":["GET"]}}],"collection":[{"href":"https:\/\/sites.usp.br\/laprofar\/wp-json\/wp\/v2\/pages"}],"about":[{"href":"https:\/\/sites.usp.br\/laprofar\/wp-json\/wp\/v2\/types\/page"}],"author":[{"embeddable":true,"href":"https:\/\/sites.usp.br\/laprofar\/wp-json\/wp\/v2\/users\/1"}],"replies":[{"embeddable":true,"href":"https:\/\/sites.usp.br\/laprofar\/wp-json\/wp\/v2\/comments?post=26"}],"version-history":[{"count":4,"href":"https:\/\/sites.usp.br\/laprofar\/wp-json\/wp\/v2\/pages\/26\/revisions"}],"predecessor-version":[{"id":492,"href":"https:\/\/sites.usp.br\/laprofar\/wp-json\/wp\/v2\/pages\/26\/revisions\/492"}],"wp:attachment":[{"href":"https:\/\/sites.usp.br\/laprofar\/wp-json\/wp\/v2\/media?parent=26"}],"curies":[{"name":"wp","href":"https:\/\/api.w.org\/{rel}","templated":true}]}}