{"id":321,"date":"2021-08-16T11:11:49","date_gmt":"2021-08-16T13:11:49","guid":{"rendered":"https:\/\/sites.usp.br\/laprofar\/?page_id=321"},"modified":"2022-08-29T11:47:18","modified_gmt":"2022-08-29T13:47:18","slug":"downloads","status":"publish","type":"page","link":"https:\/\/sites.usp.br\/laprofar\/downloads\/","title":{"rendered":"Downloads"},"content":{"rendered":"<p><a href=\"https:\/\/apps.who.int\/iris\/bitstream\/handle\/10665\/41986\/9241545100.pdf;jsessionid=E717A58C1B3C89B8AF1904BFD3DD33BB?sequence=1\">&#8211; Quality control methods for medicinal plant materials \u2013 WHO, Geneva, Switzerland<\/a><\/p>\n<p><a href=\"https:\/\/bvsms.saude.gov.br\/bvs\/publicacoes\/fitoterapia_no_sus.pdf\">&#8211; A Fitoterapia no SUS e o Programa de Pesquisas de Plantas Medicinais da Central de Medicamento<\/a>s<\/p>\n<p><a href=\"http:\/\/www.dominiopublico.gov.br\/download\/texto\/up000036.pdf\">&#8211; STASI, L.C., HIRUMA-LIMA, C.A. Plantas medicinais na Amaz\u00f4nia e na Mata Atl\u00e2ntica. Funda\u00e7\u00e3o Editora da UNESP, 2ed. 605 p., 2002<\/a><\/p>\n<p><a href=\"https:\/\/drive.google.com\/file\/d\/1hCqpdkhhoTDxIm0HC2FsxjrY1v4M_Y9u\/view\">&#8211; OLIVEIRA, W.P. LAPROFAR\u00b4s Research Group at University of S\u00e3o Paulo\/USP. In: Freire, J.T.; Ferreira, M.C.; Freire, F.B.; Maia, G.D. (Org.). <strong>An overview on particulate systems in Brazil<\/strong>. 1 ed. S\u00e3o Carlos: 2019, p. 98-133.<\/a><\/p>\n","protected":false},"excerpt":{"rendered":"<p>&#8211; Quality control methods for medicinal plant materials \u2013 WHO, Geneva, Switzerland &#8211; A Fitoterapia no SUS e o Programa de Pesquisas de Plantas Medicinais da Central de Medicamentos &#8211; STASI, L.C., HIRUMA-LIMA, C.A. Plantas medicinais na Amaz\u00f4nia e na Mata Atl\u00e2ntica. Funda\u00e7\u00e3o Editora da UNESP, 2ed. 605 p., 2002 &#8211; OLIVEIRA, W.P. LAPROFAR\u00b4s Research [&hellip;]<\/p>\n","protected":false},"author":22495,"featured_media":0,"parent":0,"menu_order":0,"comment_status":"closed","ping_status":"closed","template":"","meta":{"footnotes":"","_links_to":"","_links_to_target":""},"class_list":["post-321","page","type-page","status-publish","hentry"],"_links":{"self":[{"href":"https:\/\/sites.usp.br\/laprofar\/wp-json\/wp\/v2\/pages\/321","targetHints":{"allow":["GET"]}}],"collection":[{"href":"https:\/\/sites.usp.br\/laprofar\/wp-json\/wp\/v2\/pages"}],"about":[{"href":"https:\/\/sites.usp.br\/laprofar\/wp-json\/wp\/v2\/types\/page"}],"author":[{"embeddable":true,"href":"https:\/\/sites.usp.br\/laprofar\/wp-json\/wp\/v2\/users\/22495"}],"replies":[{"embeddable":true,"href":"https:\/\/sites.usp.br\/laprofar\/wp-json\/wp\/v2\/comments?post=321"}],"version-history":[{"count":3,"href":"https:\/\/sites.usp.br\/laprofar\/wp-json\/wp\/v2\/pages\/321\/revisions"}],"predecessor-version":[{"id":458,"href":"https:\/\/sites.usp.br\/laprofar\/wp-json\/wp\/v2\/pages\/321\/revisions\/458"}],"wp:attachment":[{"href":"https:\/\/sites.usp.br\/laprofar\/wp-json\/wp\/v2\/media?parent=321"}],"curies":[{"name":"wp","href":"https:\/\/api.w.org\/{rel}","templated":true}]}}