{"id":79,"date":"2014-02-24T16:51:20","date_gmt":"2014-02-24T18:51:20","guid":{"rendered":"http:\/\/sites.usp.br\/laprofar\/?page_id=79"},"modified":"2021-08-17T12:33:01","modified_gmt":"2021-08-17T14:33:01","slug":"pagina-inicial","status":"publish","type":"page","link":"https:\/\/sites.usp.br\/laprofar\/","title":{"rendered":"LAPROFAR"},"content":{"rendered":"<p>Este site apresenta um hist\u00f3rico, bem como as linhas de pesquisa e produ\u00e7\u00e3o cient\u00edfica do <strong>Laborat\u00f3rio de P&amp;D em Processos Farmac\u00eauticos (LAPROFAR)<\/strong>, da Faculdade de Ci\u00eancias Farmac\u00eauticas de Ribeir\u00e3o Preto, da Universidade de S\u00e3o Paulo (FCFRP\/USP), coordenado pelo <strong>Prof. Dr. Wanderley Pereira de Oliveira<\/strong>.<\/p>\n<p>De maneira geral, os estudos realizados no LAPROFAR t\u00eam sido direcionados ao desenvolvimento tecnol\u00f3gico da secagem e aglomera\u00e7\u00e3o de processos farmac\u00eauticos e biotecnol\u00f3gicos. Exemplos representativos dessas pesquisas incluem revestimento e aglomera\u00e7\u00e3o de produtos farmac\u00eauticos em estado suspenso (leitos fluidizado e de jorro); micro e nanoencapsula\u00e7\u00e3o de produtos farmac\u00eauticos, \u00f3leos vol\u00e1teis e extratos vegetais; secagem de prote\u00ednas e enzimas; e tecnologia fitofarmac\u00eautica, com \u00eanfase no desenvolvimento e padroniza\u00e7\u00e3o de fitofarmac\u00eauticos, caracteriza\u00e7\u00e3o de produtos e avalia\u00e7\u00e3o da estabilidade de extratos fluidos e secos de plantas medicinais e arom\u00e1ticas. Os ensaios de atividade biol\u00f3gica dos produtos de engenharia tamb\u00e9m s\u00e3o realizados em coopera\u00e7\u00e3o com outros grupos de pesquisa intra e interinstitucionais.<\/p>\n<p>As pesquisas desenvolvidas pelo grupo LAPROFAR recebem forte apoio financeiro da FAPESP, de ag\u00eancias federais de fomento (CNPq, CAPES) e da USP. Essas interven\u00e7\u00f5es incluem bolsas de pesquisa, fornecimento de infraestrutura, equipamentos multiusu\u00e1rios e projetos de jovens pesquisadores, al\u00e9m de v\u00e1rias bolsas de inicia\u00e7\u00e3o cient\u00edfica, mestrado, doutorado, de pesquisa e de p\u00f3s-doutorado. Os not\u00e1veis \u200b\u200brecursos financeiros concedidos at\u00e9 o momento permitiram a implementa\u00e7\u00e3o de uma infraestrutura de pesquisa robusta e inovadora em termos de \u00e1rea f\u00edsica, equipamentos de pesquisa, suprimentos e pessoal tecnicamente qualificado.<\/p>\n<p>Os resultados dos trabalhos s\u00e3o apresentados em importantes reuni\u00f5es cient\u00edficas da \u00e1rea e publicados em revistas cient\u00edficas nacionais e internacionais de alto impacto, cap\u00edtulos de livros e anais de confer\u00eancias; o que tende a fortalecer a visibilidade e o reconhecimento nacional e internacional do grupo de pesquisa. Isso \u00e9 evidenciado pelo crescimento consistente no n\u00famero de cita\u00e7\u00f5es da produ\u00e7\u00e3o bibliogr\u00e1fica do LAPROFAR por grupos de pesquisa do Brasil e do exterior.<\/p>\n<p><a href=\"https:\/\/sites.usp.br\/laprofar\/wp-content\/uploads\/sites\/981\/2021\/08\/foto_capa.jpg\"><img loading=\"lazy\" decoding=\"async\" class=\"size-medium wp-image-222 aligncenter\" src=\"https:\/\/sites.usp.br\/laprofar\/wp-content\/uploads\/sites\/981\/2021\/08\/foto_capa-300x178.jpg\" alt=\"\" width=\"300\" height=\"178\" srcset=\"https:\/\/sites.usp.br\/laprofar\/wp-content\/uploads\/sites\/981\/2021\/08\/foto_capa-300x178.jpg 300w, https:\/\/sites.usp.br\/laprofar\/wp-content\/uploads\/sites\/981\/2021\/08\/foto_capa-400x238.jpg 400w, https:\/\/sites.usp.br\/laprofar\/wp-content\/uploads\/sites\/981\/2021\/08\/foto_capa.jpg 581w\" sizes=\"auto, (max-width: 300px) 100vw, 300px\" \/><\/a><\/p>\n<p><strong><em>Foto: <\/em><\/strong><em>Lista de v\u00e1rias plantas medicinais e arom\u00e1ticas investigadas no LAPROFAR.<\/em><\/p>\n","protected":false},"excerpt":{"rendered":"<p>Este site apresenta um hist\u00f3rico, bem como as linhas de pesquisa e produ\u00e7\u00e3o cient\u00edfica do Laborat\u00f3rio de P&amp;D em Processos Farmac\u00eauticos (LAPROFAR), da Faculdade de Ci\u00eancias Farmac\u00eauticas de Ribeir\u00e3o Preto, da Universidade de S\u00e3o Paulo (FCFRP\/USP), coordenado pelo Prof. Dr. Wanderley Pereira de Oliveira. De maneira geral, os estudos realizados no LAPROFAR t\u00eam sido direcionados [&hellip;]<\/p>\n","protected":false},"author":1,"featured_media":0,"parent":0,"menu_order":6,"comment_status":"closed","ping_status":"closed","template":"","meta":{"footnotes":"","_links_to":"","_links_to_target":""},"class_list":["post-79","page","type-page","status-publish","hentry"],"_links":{"self":[{"href":"https:\/\/sites.usp.br\/laprofar\/wp-json\/wp\/v2\/pages\/79","targetHints":{"allow":["GET"]}}],"collection":[{"href":"https:\/\/sites.usp.br\/laprofar\/wp-json\/wp\/v2\/pages"}],"about":[{"href":"https:\/\/sites.usp.br\/laprofar\/wp-json\/wp\/v2\/types\/page"}],"author":[{"embeddable":true,"href":"https:\/\/sites.usp.br\/laprofar\/wp-json\/wp\/v2\/users\/1"}],"replies":[{"embeddable":true,"href":"https:\/\/sites.usp.br\/laprofar\/wp-json\/wp\/v2\/comments?post=79"}],"version-history":[{"count":5,"href":"https:\/\/sites.usp.br\/laprofar\/wp-json\/wp\/v2\/pages\/79\/revisions"}],"predecessor-version":[{"id":374,"href":"https:\/\/sites.usp.br\/laprofar\/wp-json\/wp\/v2\/pages\/79\/revisions\/374"}],"wp:attachment":[{"href":"https:\/\/sites.usp.br\/laprofar\/wp-json\/wp\/v2\/media?parent=79"}],"curies":[{"name":"wp","href":"https:\/\/api.w.org\/{rel}","templated":true}]}}