{"id":226,"date":"2022-06-06T13:04:36","date_gmt":"2022-06-06T15:04:36","guid":{"rendered":"https:\/\/sites.usp.br\/laprosus\/?page_id=226"},"modified":"2022-06-16T13:57:50","modified_gmt":"2022-06-16T15:57:50","slug":"inicio","status":"publish","type":"page","link":"https:\/\/sites.usp.br\/laprosus\/","title":{"rendered":"Apresenta\u00e7\u00e3o"},"content":{"rendered":"<p style=\"text-align: left;\"><strong>V\u00eddeo<\/strong><\/p>\n<div style=\"width: 604px;\" class=\"wp-video\"><video class=\"wp-video-shortcode\" id=\"video-226-1\" width=\"604\" height=\"332\" preload=\"metadata\" controls=\"controls\"><source type=\"video\/mp4\" src=\"https:\/\/sites.usp.br\/laprosus\/wp-content\/uploads\/sites\/1117\/2022\/06\/WhatsApp-Video-2022-06-16-at-11.58.52.mp4?_=1\" \/><a href=\"https:\/\/sites.usp.br\/laprosus\/wp-content\/uploads\/sites\/1117\/2022\/06\/WhatsApp-Video-2022-06-16-at-11.58.52.mp4\">https:\/\/sites.usp.br\/laprosus\/wp-content\/uploads\/sites\/1117\/2022\/06\/WhatsApp-Video-2022-06-16-at-11.58.52.mp4<\/a><\/video><\/div>\n<p>&nbsp;<\/p>\n<p style=\"text-align: center;\"><img loading=\"lazy\" decoding=\"async\" class=\"wp-image-362 size-medium aligncenter\" src=\"https:\/\/sites.usp.br\/laprosus\/wp-content\/uploads\/sites\/1117\/2022\/06\/LOGO-ORIGINAL-1-300x132.jpg\" alt=\"\" width=\"300\" height=\"132\" srcset=\"https:\/\/sites.usp.br\/laprosus\/wp-content\/uploads\/sites\/1117\/2022\/06\/LOGO-ORIGINAL-1-300x132.jpg 300w, https:\/\/sites.usp.br\/laprosus\/wp-content\/uploads\/sites\/1117\/2022\/06\/LOGO-ORIGINAL-1-1024x451.jpg 1024w, https:\/\/sites.usp.br\/laprosus\/wp-content\/uploads\/sites\/1117\/2022\/06\/LOGO-ORIGINAL-1-768x338.jpg 768w, https:\/\/sites.usp.br\/laprosus\/wp-content\/uploads\/sites\/1117\/2022\/06\/LOGO-ORIGINAL-1-1536x677.jpg 1536w, https:\/\/sites.usp.br\/laprosus\/wp-content\/uploads\/sites\/1117\/2022\/06\/LOGO-ORIGINAL-1-2048x903.jpg 2048w, https:\/\/sites.usp.br\/laprosus\/wp-content\/uploads\/sites\/1117\/2022\/06\/LOGO-ORIGINAL-1-400x176.jpg 400w\" sizes=\"auto, (max-width: 300px) 100vw, 300px\" \/><\/p>\n<p style=\"text-align: center;\">Faculdade de Filosofia, Ci\u00eancias e Letras de Ribeir\u00e3o Preto | Universidade de S\u00e3o Paulo &#8211; FFCL-RP \/ USP<\/p>\n<p><img loading=\"lazy\" decoding=\"async\" class=\"wp-image-406 size-medium aligncenter\" src=\"https:\/\/sites.usp.br\/laprosus\/wp-content\/uploads\/sites\/1117\/2022\/06\/Sem-dfsgsdfg-300x61.png\" alt=\"\" width=\"300\" height=\"61\" srcset=\"https:\/\/sites.usp.br\/laprosus\/wp-content\/uploads\/sites\/1117\/2022\/06\/Sem-dfsgsdfg-300x61.png 300w, https:\/\/sites.usp.br\/laprosus\/wp-content\/uploads\/sites\/1117\/2022\/06\/Sem-dfsgsdfg-1024x207.png 1024w, https:\/\/sites.usp.br\/laprosus\/wp-content\/uploads\/sites\/1117\/2022\/06\/Sem-dfsgsdfg-768x156.png 768w, https:\/\/sites.usp.br\/laprosus\/wp-content\/uploads\/sites\/1117\/2022\/06\/Sem-dfsgsdfg-400x81.png 400w, https:\/\/sites.usp.br\/laprosus\/wp-content\/uploads\/sites\/1117\/2022\/06\/Sem-dfsgsdfg.png 1328w\" sizes=\"auto, (max-width: 300px) 100vw, 300px\" \/><\/p>\n","protected":false},"excerpt":{"rendered":"<p>V\u00eddeo &nbsp; Faculdade de Filosofia, Ci\u00eancias e Letras de Ribeir\u00e3o Preto | Universidade de S\u00e3o Paulo &#8211; FFCL-RP \/ USP<\/p>\n","protected":false},"author":22952,"featured_media":0,"parent":0,"menu_order":0,"comment_status":"closed","ping_status":"closed","template":"","meta":{"footnotes":"","_links_to":"","_links_to_target":""},"class_list":["post-226","page","type-page","status-publish","hentry"],"_links":{"self":[{"href":"https:\/\/sites.usp.br\/laprosus\/wp-json\/wp\/v2\/pages\/226","targetHints":{"allow":["GET"]}}],"collection":[{"href":"https:\/\/sites.usp.br\/laprosus\/wp-json\/wp\/v2\/pages"}],"about":[{"href":"https:\/\/sites.usp.br\/laprosus\/wp-json\/wp\/v2\/types\/page"}],"author":[{"embeddable":true,"href":"https:\/\/sites.usp.br\/laprosus\/wp-json\/wp\/v2\/users\/22952"}],"replies":[{"embeddable":true,"href":"https:\/\/sites.usp.br\/laprosus\/wp-json\/wp\/v2\/comments?post=226"}],"version-history":[{"count":4,"href":"https:\/\/sites.usp.br\/laprosus\/wp-json\/wp\/v2\/pages\/226\/revisions"}],"predecessor-version":[{"id":425,"href":"https:\/\/sites.usp.br\/laprosus\/wp-json\/wp\/v2\/pages\/226\/revisions\/425"}],"wp:attachment":[{"href":"https:\/\/sites.usp.br\/laprosus\/wp-json\/wp\/v2\/media?parent=226"}],"curies":[{"name":"wp","href":"https:\/\/api.w.org\/{rel}","templated":true}]}}