{"id":62,"date":"2014-02-12T11:28:30","date_gmt":"2014-02-12T13:28:30","guid":{"rendered":"http:\/\/sites.usp.br\/laprosus\/?page_id=62"},"modified":"2022-12-12T19:17:19","modified_gmt":"2022-12-12T21:17:19","slug":"pagina-1","status":"publish","type":"page","link":"https:\/\/sites.usp.br\/laprosus\/pagina-1\/","title":{"rendered":"Quem somos"},"content":{"rendered":"<p style=\"text-align: center;\"><strong>COORDENA\u00c7\u00c3O<\/strong><\/p>\n<table style=\"height: 388px;\" width=\"776\">\n<tbody>\n<tr>\n<td width=\"415\"><img loading=\"lazy\" decoding=\"async\" class=\"aligncenter wp-image-450 size-thumbnail\" src=\"https:\/\/sites.usp.br\/laprosus\/wp-content\/uploads\/sites\/1117\/2022\/09\/WhatsApp-Image-2022-09-07-at-11.58.04-modified-150x150.png\" alt=\"\" width=\"150\" height=\"150\" srcset=\"https:\/\/sites.usp.br\/laprosus\/wp-content\/uploads\/sites\/1117\/2022\/09\/WhatsApp-Image-2022-09-07-at-11.58.04-modified-150x150.png 150w, https:\/\/sites.usp.br\/laprosus\/wp-content\/uploads\/sites\/1117\/2022\/09\/WhatsApp-Image-2022-09-07-at-11.58.04-modified-300x300.png 300w, https:\/\/sites.usp.br\/laprosus\/wp-content\/uploads\/sites\/1117\/2022\/09\/WhatsApp-Image-2022-09-07-at-11.58.04-modified-45x45.png 45w, https:\/\/sites.usp.br\/laprosus\/wp-content\/uploads\/sites\/1117\/2022\/09\/WhatsApp-Image-2022-09-07-at-11.58.04-modified-200x200.png 200w, https:\/\/sites.usp.br\/laprosus\/wp-content\/uploads\/sites\/1117\/2022\/09\/WhatsApp-Image-2022-09-07-at-11.58.04-modified-400x400.png 400w, https:\/\/sites.usp.br\/laprosus\/wp-content\/uploads\/sites\/1117\/2022\/09\/WhatsApp-Image-2022-09-07-at-11.58.04-modified.png 590w\" sizes=\"auto, (max-width: 150px) 100vw, 150px\" \/><\/p>\n<p style=\"text-align: center;\"><a href=\"http:\/\/lattes.cnpq.br\/6570887644821453\"><strong>Carmen L\u00facia<\/strong><strong>\u00a0Cardoso<\/strong><\/a><br \/>\n<a href=\"http:\/\/lattes.cnpq.br\/6570887644821453\">LATTES<\/a><\/p>\n<\/td>\n<td width=\"525\">Professora Associada da Universidade de S\u00e3o Paulo, Livre Doc\u00eancia na \u00e1rea da Psicologia da Sa\u00fade pela Faculdade de Filosofia, Ci\u00eancias e Letras da Universidade de S\u00e3o Paulo &#8211; FFCLRP. Tem experi\u00eancia na \u00e1rea de Pesquisa e Interven\u00e7\u00e3o em Aspectos Psicossociais da Sa\u00fade, atuando principalmente nos seguintes temas: psicologia da sa\u00fade, programa de sa\u00fade da fam\u00edlia, sa\u00fade mental, promo\u00e7\u00e3o da sa\u00fade, contribui\u00e7\u00f5es da psicologia a odontologia e odontopediatria.<\/td>\n<\/tr>\n<\/tbody>\n<\/table>\n<p style=\"text-align: center;\"><strong>MEMBROS<br \/>\n<\/strong><em>*Clique sobre os nomes dos membros para acessar o curr\u00edculo lattes.<\/em><\/p>\n<table>\n<tbody>\n<tr>\n<td width=\"182\"><img loading=\"lazy\" decoding=\"async\" class=\"wp-image-318 size-thumbnail alignleft\" src=\"https:\/\/sites.usp.br\/laprosus\/wp-content\/uploads\/sites\/1117\/2022\/06\/15-150x150.jpg\" alt=\"\" width=\"150\" height=\"150\" srcset=\"https:\/\/sites.usp.br\/laprosus\/wp-content\/uploads\/sites\/1117\/2022\/06\/15-150x150.jpg 150w, https:\/\/sites.usp.br\/laprosus\/wp-content\/uploads\/sites\/1117\/2022\/06\/15-45x45.jpg 45w, https:\/\/sites.usp.br\/laprosus\/wp-content\/uploads\/sites\/1117\/2022\/06\/15.jpg 194w\" sizes=\"auto, (max-width: 150px) 100vw, 150px\" \/><\/p>\n<p>&nbsp;<\/p>\n<p>&nbsp;<\/p>\n<p>&nbsp;<\/p>\n<p><a href=\"http:\/\/lattes.cnpq.br\/4220365276492196\"><strong>Ana Paula Craveiro Prado<\/strong><\/a><\/p>\n<p>Doutorado &#8211; &#8220;An\u00e1lise Compreensiva de um Programa de Promo\u00e7\u00e3o de Sa\u00fade Mental: O Grupo Comunit\u00e1rio de Sa\u00fade Mental&#8221;, com est\u00e1gio de pesquisa na Pontificia Universit\u00e0 Lateranense (Roma, It\u00e1lia).<\/td>\n<td width=\"182\"><img loading=\"lazy\" decoding=\"async\" class=\"alignright wp-image-452 size-thumbnail\" src=\"https:\/\/sites.usp.br\/laprosus\/wp-content\/uploads\/sites\/1117\/2022\/09\/WhatsApp-Image-2022-09-07-at-12.05.07-modified-1-150x150.png\" alt=\"\" width=\"150\" height=\"150\" srcset=\"https:\/\/sites.usp.br\/laprosus\/wp-content\/uploads\/sites\/1117\/2022\/09\/WhatsApp-Image-2022-09-07-at-12.05.07-modified-1-150x150.png 150w, https:\/\/sites.usp.br\/laprosus\/wp-content\/uploads\/sites\/1117\/2022\/09\/WhatsApp-Image-2022-09-07-at-12.05.07-modified-1-45x45.png 45w, https:\/\/sites.usp.br\/laprosus\/wp-content\/uploads\/sites\/1117\/2022\/09\/WhatsApp-Image-2022-09-07-at-12.05.07-modified-1-200x200.png 200w, https:\/\/sites.usp.br\/laprosus\/wp-content\/uploads\/sites\/1117\/2022\/09\/WhatsApp-Image-2022-09-07-at-12.05.07-modified-1.png 292w\" sizes=\"auto, (max-width: 150px) 100vw, 150px\" \/><\/p>\n<p style=\"text-align: right;\"><a href=\"http:\/\/lattes.cnpq.br\/8366892891914042\"><strong>Bruna Bataglini<\/strong><\/a><\/p>\n<p>Inicia\u00e7\u00e3o cient\u00edfica &#8211; Grupo Comunit\u00e1rio de Sa\u00fade Mental: o cuidado em uma atividade comunit\u00e1ria em formato online.<\/td>\n<\/tr>\n<tr>\n<td width=\"182\"><img loading=\"lazy\" decoding=\"async\" class=\"wp-image-300 size-thumbnail\" src=\"https:\/\/sites.usp.br\/laprosus\/wp-content\/uploads\/sites\/1117\/2022\/06\/6-150x150.jpg\" alt=\"\" width=\"150\" height=\"150\" srcset=\"https:\/\/sites.usp.br\/laprosus\/wp-content\/uploads\/sites\/1117\/2022\/06\/6-150x150.jpg 150w, https:\/\/sites.usp.br\/laprosus\/wp-content\/uploads\/sites\/1117\/2022\/06\/6-300x300.jpg 300w, https:\/\/sites.usp.br\/laprosus\/wp-content\/uploads\/sites\/1117\/2022\/06\/6-45x45.jpg 45w, https:\/\/sites.usp.br\/laprosus\/wp-content\/uploads\/sites\/1117\/2022\/06\/6-200x200.jpg 200w, https:\/\/sites.usp.br\/laprosus\/wp-content\/uploads\/sites\/1117\/2022\/06\/6.jpg 302w\" sizes=\"auto, (max-width: 150px) 100vw, 150px\" \/><\/p>\n<p><a href=\"http:\/\/lattes.cnpq.br\/7907711849898088\"><strong>Bruna Cardoso Pinheiro<\/strong><\/a><\/p>\n<p>Mestrado &#8211; &#8220;Grupo Comunit\u00e1rio de Sa\u00fade Mental: Forma\u00e7\u00e3o de Recursos Humanos&#8221;.<\/td>\n<td width=\"182\"><img loading=\"lazy\" decoding=\"async\" class=\"wp-image-319 size-thumbnail alignright\" src=\"https:\/\/sites.usp.br\/laprosus\/wp-content\/uploads\/sites\/1117\/2022\/06\/16-150x150.jpg\" alt=\"\" width=\"150\" height=\"150\" srcset=\"https:\/\/sites.usp.br\/laprosus\/wp-content\/uploads\/sites\/1117\/2022\/06\/16-150x150.jpg 150w, https:\/\/sites.usp.br\/laprosus\/wp-content\/uploads\/sites\/1117\/2022\/06\/16-300x300.jpg 300w, https:\/\/sites.usp.br\/laprosus\/wp-content\/uploads\/sites\/1117\/2022\/06\/16-45x45.jpg 45w, https:\/\/sites.usp.br\/laprosus\/wp-content\/uploads\/sites\/1117\/2022\/06\/16-200x200.jpg 200w, https:\/\/sites.usp.br\/laprosus\/wp-content\/uploads\/sites\/1117\/2022\/06\/16.jpg 302w\" sizes=\"auto, (max-width: 150px) 100vw, 150px\" \/><\/p>\n<p style=\"text-align: right;\"><a href=\"http:\/\/lattes.cnpq.br\/9105606411140099\"><strong>Danillo Lisboa<\/strong><\/a><\/p>\n<p>Doutorado &#8211; &#8220;Forma\u00e7\u00e3o de Coordenadores do Grupo Comunit\u00e1rio de Sa\u00fade Mental: uma an\u00e1lise fenomenol\u00f3gica&#8221;.<\/td>\n<\/tr>\n<tr>\n<td width=\"182\"><img loading=\"lazy\" decoding=\"async\" class=\"alignnone wp-image-302 size-thumbnail\" src=\"https:\/\/sites.usp.br\/laprosus\/wp-content\/uploads\/sites\/1117\/2022\/06\/8-150x150.jpg\" alt=\"https:\/\/sites.usp.br\/laprosus\/wp-content\/uploads\/sites\/1117\/2022\/06\/8.jpg\" width=\"150\" height=\"150\" srcset=\"https:\/\/sites.usp.br\/laprosus\/wp-content\/uploads\/sites\/1117\/2022\/06\/8-150x150.jpg 150w, https:\/\/sites.usp.br\/laprosus\/wp-content\/uploads\/sites\/1117\/2022\/06\/8-300x300.jpg 300w, https:\/\/sites.usp.br\/laprosus\/wp-content\/uploads\/sites\/1117\/2022\/06\/8-45x45.jpg 45w, https:\/\/sites.usp.br\/laprosus\/wp-content\/uploads\/sites\/1117\/2022\/06\/8-200x200.jpg 200w, https:\/\/sites.usp.br\/laprosus\/wp-content\/uploads\/sites\/1117\/2022\/06\/8.jpg 302w\" sizes=\"auto, (max-width: 150px) 100vw, 150px\" \/><\/p>\n<p><a href=\"http:\/\/lattes.cnpq.br\/1465504911620796\"><strong>Felipe Santos da Silva<\/strong><\/a><br \/>\nMestrado &#8211; Participante interinstitucional da Unicamp &#8211; &#8220;Experi\u00eancias Emocionais Nos Tempos da Pandemia: um estudo cl\u00ednico-qualitativo de relatos de M\u00e9dicos e Enfermeiros brasileiros Trabalhando na linha de frente do atendimento em Covid-19 em um hospital p\u00fablico universit\u00e1rio&#8221;.<\/td>\n<td width=\"182\"><img loading=\"lazy\" decoding=\"async\" class=\"wp-image-316 size-thumbnail alignright\" src=\"https:\/\/sites.usp.br\/laprosus\/wp-content\/uploads\/sites\/1117\/2022\/06\/13-150x150.jpg\" alt=\"\" width=\"150\" height=\"150\" srcset=\"https:\/\/sites.usp.br\/laprosus\/wp-content\/uploads\/sites\/1117\/2022\/06\/13-150x150.jpg 150w, https:\/\/sites.usp.br\/laprosus\/wp-content\/uploads\/sites\/1117\/2022\/06\/13-45x45.jpg 45w, https:\/\/sites.usp.br\/laprosus\/wp-content\/uploads\/sites\/1117\/2022\/06\/13.jpg 194w\" sizes=\"auto, (max-width: 150px) 100vw, 150px\" \/><\/p>\n<p style=\"text-align: right;\"><b>Julia Teodoro<\/b><\/p>\n<p>Inicia\u00e7\u00e3o cient\u00edfica &#8211; Compreens\u00e3o da viol\u00eancia de g\u00eanero na Aten\u00e7\u00e3o Prim\u00e1ria \u00e0 Sa\u00fade a partir da \u00f3tica dos profissionais<\/td>\n<\/tr>\n<tr>\n<td width=\"182\"><img loading=\"lazy\" decoding=\"async\" class=\"alignnone wp-image-317 size-thumbnail\" src=\"https:\/\/sites.usp.br\/laprosus\/wp-content\/uploads\/sites\/1117\/2022\/06\/14-150x150.jpg\" alt=\"\" width=\"150\" height=\"150\" srcset=\"https:\/\/sites.usp.br\/laprosus\/wp-content\/uploads\/sites\/1117\/2022\/06\/14-150x150.jpg 150w, https:\/\/sites.usp.br\/laprosus\/wp-content\/uploads\/sites\/1117\/2022\/06\/14-300x300.jpg 300w, https:\/\/sites.usp.br\/laprosus\/wp-content\/uploads\/sites\/1117\/2022\/06\/14-45x45.jpg 45w, https:\/\/sites.usp.br\/laprosus\/wp-content\/uploads\/sites\/1117\/2022\/06\/14-200x200.jpg 200w, https:\/\/sites.usp.br\/laprosus\/wp-content\/uploads\/sites\/1117\/2022\/06\/14.jpg 302w\" sizes=\"auto, (max-width: 150px) 100vw, 150px\" \/><\/p>\n<p><a href=\"http:\/\/lattes.cnpq.br\/8118743029998036\"><strong>Karin Aparecida Casarini<\/strong><\/a><br \/>\nP\u00f3s Doutorado &#8211; &#8220;Doen\u00e7a grave e interna\u00e7\u00e3o em terapia intensiva: experi\u00eancias a longo prazo de pacientes e cuidadores&#8221;, com per\u00edodo de est\u00e1gio na Pontificia Univesit\u00e0 Lateranensis, em Roma, e na Universit\u00e0 del Sacro Cuore, em Mil\u00e3o, It\u00e1lia.<\/td>\n<td width=\"182\"><img loading=\"lazy\" decoding=\"async\" class=\"wp-image-320 size-thumbnail alignright\" src=\"https:\/\/sites.usp.br\/laprosus\/wp-content\/uploads\/sites\/1117\/2022\/06\/17-150x150.jpg\" alt=\"\" width=\"150\" height=\"150\" srcset=\"https:\/\/sites.usp.br\/laprosus\/wp-content\/uploads\/sites\/1117\/2022\/06\/17-150x150.jpg 150w, https:\/\/sites.usp.br\/laprosus\/wp-content\/uploads\/sites\/1117\/2022\/06\/17-300x300.jpg 300w, https:\/\/sites.usp.br\/laprosus\/wp-content\/uploads\/sites\/1117\/2022\/06\/17-45x45.jpg 45w, https:\/\/sites.usp.br\/laprosus\/wp-content\/uploads\/sites\/1117\/2022\/06\/17-200x200.jpg 200w, https:\/\/sites.usp.br\/laprosus\/wp-content\/uploads\/sites\/1117\/2022\/06\/17.jpg 302w\" sizes=\"auto, (max-width: 150px) 100vw, 150px\" \/><\/p>\n<p style=\"text-align: right;\"><a href=\"http:\/\/lattes.cnpq.br\/3638337581552573\"><strong>L\u00edcia Barcelos<\/strong><\/a><\/p>\n<p>Doutora em Psicologia pela Universidade de<br \/>\nS\u00e3o Paulo (2001). Psic\u00f3loga contratada junto ao Departamento de Psicologia da FFCLRP-USP. \u00a0Atua nas \u00e1reas de sa\u00fade da comunidade e sa\u00fade mental, com \u00eanfase nas seguintes linhas tem\u00e1ticas: subjetividade e aspectos psicossociais das viv\u00eancias de pessoas que vivem com HIV\/AIDS; subjetividade e envelhecimento; psican\u00e1lise e processos cl\u00ednicos; promo\u00e7\u00e3o do cuidado em sa\u00fade; forma\u00e7\u00e3o e qualifica\u00e7\u00e3o de profissionais de sa\u00fade.<\/td>\n<\/tr>\n<tr>\n<td width=\"182\"><img loading=\"lazy\" decoding=\"async\" class=\"alignnone wp-image-301 size-thumbnail\" src=\"https:\/\/sites.usp.br\/laprosus\/wp-content\/uploads\/sites\/1117\/2022\/06\/7-150x150.jpg\" alt=\"\" width=\"150\" height=\"150\" srcset=\"https:\/\/sites.usp.br\/laprosus\/wp-content\/uploads\/sites\/1117\/2022\/06\/7-150x150.jpg 150w, https:\/\/sites.usp.br\/laprosus\/wp-content\/uploads\/sites\/1117\/2022\/06\/7-45x45.jpg 45w, https:\/\/sites.usp.br\/laprosus\/wp-content\/uploads\/sites\/1117\/2022\/06\/7.jpg 194w\" sizes=\"auto, (max-width: 150px) 100vw, 150px\" \/><\/p>\n<p><a href=\"http:\/\/lattes.cnpq.br\/2397845631731445\"><strong>Livia Colazante Moyano Malara<br \/>\n<\/strong><\/a><\/td>\n<td width=\"182\"><img loading=\"lazy\" decoding=\"async\" class=\"wp-image-299 size-thumbnail alignright\" src=\"https:\/\/sites.usp.br\/laprosus\/wp-content\/uploads\/sites\/1117\/2022\/06\/5-150x150.jpg\" alt=\"\" width=\"150\" height=\"150\" srcset=\"https:\/\/sites.usp.br\/laprosus\/wp-content\/uploads\/sites\/1117\/2022\/06\/5-150x150.jpg 150w, https:\/\/sites.usp.br\/laprosus\/wp-content\/uploads\/sites\/1117\/2022\/06\/5-300x300.jpg 300w, https:\/\/sites.usp.br\/laprosus\/wp-content\/uploads\/sites\/1117\/2022\/06\/5-45x45.jpg 45w, https:\/\/sites.usp.br\/laprosus\/wp-content\/uploads\/sites\/1117\/2022\/06\/5-200x200.jpg 200w, https:\/\/sites.usp.br\/laprosus\/wp-content\/uploads\/sites\/1117\/2022\/06\/5.jpg 302w\" sizes=\"auto, (max-width: 150px) 100vw, 150px\" \/><\/p>\n<p style=\"text-align: right;\"><a href=\"http:\/\/lattes.cnpq.br\/5377195957582373\"><strong>Luiza Loredanna Moraes Stedile<\/strong><\/a><\/p>\n<p>Mestrado &#8211; &#8220;A Humaniza\u00e7\u00e3o na Disciplina de Odontopediatria a Partir das Viv\u00eancias dos Estudantes na Cl\u00ednica-escola&#8221;.<\/td>\n<\/tr>\n<tr>\n<td width=\"182\"><img loading=\"lazy\" decoding=\"async\" class=\"alignnone wp-image-298 size-thumbnail\" src=\"https:\/\/sites.usp.br\/laprosus\/wp-content\/uploads\/sites\/1117\/2022\/06\/4-150x150.jpg\" alt=\"\" width=\"150\" height=\"150\" srcset=\"https:\/\/sites.usp.br\/laprosus\/wp-content\/uploads\/sites\/1117\/2022\/06\/4-150x150.jpg 150w, https:\/\/sites.usp.br\/laprosus\/wp-content\/uploads\/sites\/1117\/2022\/06\/4-300x300.jpg 300w, https:\/\/sites.usp.br\/laprosus\/wp-content\/uploads\/sites\/1117\/2022\/06\/4-45x45.jpg 45w, https:\/\/sites.usp.br\/laprosus\/wp-content\/uploads\/sites\/1117\/2022\/06\/4-200x200.jpg 200w, https:\/\/sites.usp.br\/laprosus\/wp-content\/uploads\/sites\/1117\/2022\/06\/4.jpg 302w\" sizes=\"auto, (max-width: 150px) 100vw, 150px\" \/><\/p>\n<p><a href=\"http:\/\/lattes.cnpq.br\/9476539702787619\"><strong>Lydiane Bocamino<br \/>\n<\/strong><\/a>Mestrado &#8211; &#8220;Meu filho nasceu em casa&#8221;: compreendendo a experi\u00eancia de mulheres que optaram pelo parto domiciliar planejado&#8221;.<\/td>\n<td width=\"182\"><img loading=\"lazy\" decoding=\"async\" class=\"wp-image-314 size-thumbnail alignright\" src=\"https:\/\/sites.usp.br\/laprosus\/wp-content\/uploads\/sites\/1117\/2022\/06\/11-150x150.jpg\" alt=\"\" width=\"150\" height=\"150\" srcset=\"https:\/\/sites.usp.br\/laprosus\/wp-content\/uploads\/sites\/1117\/2022\/06\/11-150x150.jpg 150w, https:\/\/sites.usp.br\/laprosus\/wp-content\/uploads\/sites\/1117\/2022\/06\/11-45x45.jpg 45w, https:\/\/sites.usp.br\/laprosus\/wp-content\/uploads\/sites\/1117\/2022\/06\/11.jpg 194w\" sizes=\"auto, (max-width: 150px) 100vw, 150px\" \/><\/p>\n<p style=\"text-align: right;\"><a href=\"http:\/\/lattes.cnpq.br\/0001293791263689\"><strong>Mara Soares Frateschi<\/strong><\/a><\/p>\n<p>Doutorado &#8211; &#8220;Viv\u00eancia de adoecimento e cuidados em sa\u00fade mental: estudo compreensivo e longitudinal a partir da alta da interna\u00e7\u00e3o psiqui\u00e1trica&#8221;.<\/td>\n<\/tr>\n<tr>\n<td width=\"182\"><img loading=\"lazy\" decoding=\"async\" class=\"alignnone wp-image-313 size-thumbnail\" src=\"https:\/\/sites.usp.br\/laprosus\/wp-content\/uploads\/sites\/1117\/2022\/06\/10-150x150.jpg\" alt=\"\" width=\"150\" height=\"150\" srcset=\"https:\/\/sites.usp.br\/laprosus\/wp-content\/uploads\/sites\/1117\/2022\/06\/10-150x150.jpg 150w, https:\/\/sites.usp.br\/laprosus\/wp-content\/uploads\/sites\/1117\/2022\/06\/10-300x300.jpg 300w, https:\/\/sites.usp.br\/laprosus\/wp-content\/uploads\/sites\/1117\/2022\/06\/10-45x45.jpg 45w, https:\/\/sites.usp.br\/laprosus\/wp-content\/uploads\/sites\/1117\/2022\/06\/10-200x200.jpg 200w, https:\/\/sites.usp.br\/laprosus\/wp-content\/uploads\/sites\/1117\/2022\/06\/10.jpg 302w\" sizes=\"auto, (max-width: 150px) 100vw, 150px\" \/><\/p>\n<p><strong>Marcela de Oliveira<br \/>\n<\/strong><\/td>\n<td width=\"182\"><img loading=\"lazy\" decoding=\"async\" class=\"wp-image-297 size-thumbnail alignright\" src=\"https:\/\/sites.usp.br\/laprosus\/wp-content\/uploads\/sites\/1117\/2022\/06\/3-150x150.jpg\" alt=\"\" width=\"150\" height=\"150\" srcset=\"https:\/\/sites.usp.br\/laprosus\/wp-content\/uploads\/sites\/1117\/2022\/06\/3-150x150.jpg 150w, https:\/\/sites.usp.br\/laprosus\/wp-content\/uploads\/sites\/1117\/2022\/06\/3-300x300.jpg 300w, https:\/\/sites.usp.br\/laprosus\/wp-content\/uploads\/sites\/1117\/2022\/06\/3-45x45.jpg 45w, https:\/\/sites.usp.br\/laprosus\/wp-content\/uploads\/sites\/1117\/2022\/06\/3-200x200.jpg 200w, https:\/\/sites.usp.br\/laprosus\/wp-content\/uploads\/sites\/1117\/2022\/06\/3.jpg 302w\" sizes=\"auto, (max-width: 150px) 100vw, 150px\" \/><\/p>\n<p style=\"text-align: right;\"><a href=\"http:\/\/lattes.cnpq.br\/9786063824407369\"><strong>Mar\u00edlia Hormanez<\/strong><\/a><\/p>\n<p>Mestrado &#8211; &#8220;Ampliando a compreens\u00e3o sobre o Grupo Comunit\u00e1rio de Sa\u00fade Mental: A Etapa Reflexiva&#8221;, com desenvolvimento de estudos e investiga\u00e7\u00e3o em Portugal e na Espanha.<\/td>\n<\/tr>\n<tr>\n<td width=\"182\"><img loading=\"lazy\" decoding=\"async\" class=\"alignnone wp-image-316 size-thumbnail\" src=\"https:\/\/sites.usp.br\/laprosus\/wp-content\/uploads\/sites\/1117\/2022\/06\/13-150x150.jpg\" alt=\"\" width=\"150\" height=\"150\" srcset=\"https:\/\/sites.usp.br\/laprosus\/wp-content\/uploads\/sites\/1117\/2022\/06\/13-150x150.jpg 150w, https:\/\/sites.usp.br\/laprosus\/wp-content\/uploads\/sites\/1117\/2022\/06\/13-45x45.jpg 45w, https:\/\/sites.usp.br\/laprosus\/wp-content\/uploads\/sites\/1117\/2022\/06\/13.jpg 194w\" sizes=\"auto, (max-width: 150px) 100vw, 150px\" \/><\/p>\n<p><strong><a href=\"http:\/\/lattes.cnpq.br\/2297314812442537\">Nara Helena Lopes P. da Silva<\/a><br \/>\n<\/strong>Doutorado &#8211; &#8220;Sa\u00fade mental na Estrat\u00e9gia Sa\u00fade da Fam\u00edlia: uma compreens\u00e3o a partir da fenomenologia de Edith Stein&#8221;, com est\u00e1gio de pesquisa na Pontificia Universit\u00e0 Lateranense (Roma, It\u00e1lia).<\/td>\n<td width=\"182\"><img loading=\"lazy\" decoding=\"async\" class=\"wp-image-296 size-thumbnail alignright\" src=\"https:\/\/sites.usp.br\/laprosus\/wp-content\/uploads\/sites\/1117\/2022\/06\/2-150x150.jpg\" alt=\"\" width=\"150\" height=\"150\" srcset=\"https:\/\/sites.usp.br\/laprosus\/wp-content\/uploads\/sites\/1117\/2022\/06\/2-150x150.jpg 150w, https:\/\/sites.usp.br\/laprosus\/wp-content\/uploads\/sites\/1117\/2022\/06\/2-45x45.jpg 45w, https:\/\/sites.usp.br\/laprosus\/wp-content\/uploads\/sites\/1117\/2022\/06\/2-200x200.jpg 200w, https:\/\/sites.usp.br\/laprosus\/wp-content\/uploads\/sites\/1117\/2022\/06\/2.jpg 242w\" sizes=\"auto, (max-width: 150px) 100vw, 150px\" \/><\/p>\n<p style=\"text-align: right;\"><a href=\"http:\/\/lattes.cnpq.br\/0077150849623457\"><strong>Nath\u00e1lia Fernandes Minar\u00e9<\/strong><\/a><\/p>\n<p>Mestrado &#8211; &#8220;A participa\u00e7\u00e3o regular continuada e as rela\u00e7\u00f5es desenvolvidas com o Grupo Comunit\u00e1rio de Sa\u00fade Mental&#8221;.<\/td>\n<\/tr>\n<tr>\n<td width=\"182\"><img loading=\"lazy\" decoding=\"async\" class=\"alignnone wp-image-350 size-full\" src=\"https:\/\/sites.usp.br\/laprosus\/wp-content\/uploads\/sites\/1117\/2022\/06\/12-1.jpg\" alt=\"\" width=\"148\" height=\"148\" srcset=\"https:\/\/sites.usp.br\/laprosus\/wp-content\/uploads\/sites\/1117\/2022\/06\/12-1.jpg 148w, https:\/\/sites.usp.br\/laprosus\/wp-content\/uploads\/sites\/1117\/2022\/06\/12-1-45x45.jpg 45w\" sizes=\"auto, (max-width: 148px) 100vw, 148px\" \/><\/p>\n<p><strong><a href=\"http:\/\/lattes.cnpq.br\/3492996209224843\">Rita Martins Godoy Rocha<\/a><br \/>\n<\/strong>Doutorado &#8211; &#8220;An\u00e1lise compreensiva de uma nova modalidade de trabalho em sa\u00fade: o Grupo Comunit\u00e1rio de Sa\u00fade Mental&#8221;.<\/td>\n<td width=\"182\"><img loading=\"lazy\" decoding=\"async\" class=\"wp-image-316 size-thumbnail alignright\" src=\"https:\/\/sites.usp.br\/laprosus\/wp-content\/uploads\/sites\/1117\/2022\/06\/13-150x150.jpg\" alt=\"\" width=\"150\" height=\"150\" srcset=\"https:\/\/sites.usp.br\/laprosus\/wp-content\/uploads\/sites\/1117\/2022\/06\/13-150x150.jpg 150w, https:\/\/sites.usp.br\/laprosus\/wp-content\/uploads\/sites\/1117\/2022\/06\/13-45x45.jpg 45w, https:\/\/sites.usp.br\/laprosus\/wp-content\/uploads\/sites\/1117\/2022\/06\/13.jpg 194w\" sizes=\"auto, (max-width: 150px) 100vw, 150px\" \/><\/p>\n<p style=\"text-align: right;\"><a href=\"http:\/\/lattes.cnpq.br\/0279373995992239\"><strong>Viviane Milan Pupin<\/strong><\/a><\/p>\n<p>Doutorado &#8211; &#8220;O trabalho do Agente Comunit\u00e1rio de Sa\u00fade: concep\u00e7\u00f5es de profissionais e usu\u00e1rios&#8221;.<\/td>\n<\/tr>\n<tr>\n<td width=\"182\"><\/td>\n<td width=\"182\"><\/td>\n<\/tr>\n<tr>\n<td width=\"182\"><\/td>\n<td width=\"182\"><\/td>\n<\/tr>\n<tr>\n<td width=\"182\"><\/td>\n<td width=\"182\"><\/td>\n<\/tr>\n<\/tbody>\n<\/table>\n<p>&nbsp;<\/p>\n","protected":false},"excerpt":{"rendered":"<p>COORDENA\u00c7\u00c3O Carmen L\u00facia\u00a0Cardoso LATTES Professora Associada da Universidade de S\u00e3o Paulo, Livre Doc\u00eancia na \u00e1rea da Psicologia da Sa\u00fade pela Faculdade de Filosofia, Ci\u00eancias e Letras da Universidade de S\u00e3o Paulo &#8211; FFCLRP. Tem experi\u00eancia na \u00e1rea de Pesquisa e Interven\u00e7\u00e3o em Aspectos Psicossociais da Sa\u00fade, atuando principalmente nos seguintes temas: psicologia da sa\u00fade, programa [&hellip;]<\/p>\n","protected":false},"author":1,"featured_media":0,"parent":0,"menu_order":0,"comment_status":"closed","ping_status":"closed","template":"","meta":{"footnotes":"","_links_to":"","_links_to_target":""},"class_list":["post-62","page","type-page","status-publish","hentry"],"_links":{"self":[{"href":"https:\/\/sites.usp.br\/laprosus\/wp-json\/wp\/v2\/pages\/62","targetHints":{"allow":["GET"]}}],"collection":[{"href":"https:\/\/sites.usp.br\/laprosus\/wp-json\/wp\/v2\/pages"}],"about":[{"href":"https:\/\/sites.usp.br\/laprosus\/wp-json\/wp\/v2\/types\/page"}],"author":[{"embeddable":true,"href":"https:\/\/sites.usp.br\/laprosus\/wp-json\/wp\/v2\/users\/1"}],"replies":[{"embeddable":true,"href":"https:\/\/sites.usp.br\/laprosus\/wp-json\/wp\/v2\/comments?post=62"}],"version-history":[{"count":5,"href":"https:\/\/sites.usp.br\/laprosus\/wp-json\/wp\/v2\/pages\/62\/revisions"}],"predecessor-version":[{"id":455,"href":"https:\/\/sites.usp.br\/laprosus\/wp-json\/wp\/v2\/pages\/62\/revisions\/455"}],"wp:attachment":[{"href":"https:\/\/sites.usp.br\/laprosus\/wp-json\/wp\/v2\/media?parent=62"}],"curies":[{"name":"wp","href":"https:\/\/api.w.org\/{rel}","templated":true}]}}