{"id":64,"date":"2014-02-12T11:28:54","date_gmt":"2014-02-12T13:28:54","guid":{"rendered":"http:\/\/sites.usp.br\/laprosus\/?page_id=64"},"modified":"2022-06-13T00:43:10","modified_gmt":"2022-06-13T02:43:10","slug":"pagina-2","status":"publish","type":"page","link":"https:\/\/sites.usp.br\/laprosus\/pagina-2\/","title":{"rendered":"Nossa Hist\u00f3ria"},"content":{"rendered":"<p class=\"yiv9146079130ydp5d2d9ca1MsoNormal\"><img loading=\"lazy\" decoding=\"async\" class=\"wp-image-266 size-medium aligncenter\" src=\"https:\/\/sites.usp.br\/laprosus\/wp-content\/uploads\/sites\/1117\/2022\/06\/LOGO-ORIGINAL-PNG-2-300x132.png\" alt=\"\" width=\"300\" height=\"132\" srcset=\"https:\/\/sites.usp.br\/laprosus\/wp-content\/uploads\/sites\/1117\/2022\/06\/LOGO-ORIGINAL-PNG-2-300x132.png 300w, https:\/\/sites.usp.br\/laprosus\/wp-content\/uploads\/sites\/1117\/2022\/06\/LOGO-ORIGINAL-PNG-2-1024x451.png 1024w, https:\/\/sites.usp.br\/laprosus\/wp-content\/uploads\/sites\/1117\/2022\/06\/LOGO-ORIGINAL-PNG-2-768x338.png 768w, https:\/\/sites.usp.br\/laprosus\/wp-content\/uploads\/sites\/1117\/2022\/06\/LOGO-ORIGINAL-PNG-2-1536x677.png 1536w, https:\/\/sites.usp.br\/laprosus\/wp-content\/uploads\/sites\/1117\/2022\/06\/LOGO-ORIGINAL-PNG-2-2048x903.png 2048w, https:\/\/sites.usp.br\/laprosus\/wp-content\/uploads\/sites\/1117\/2022\/06\/LOGO-ORIGINAL-PNG-2-400x176.png 400w\" sizes=\"auto, (max-width: 300px) 100vw, 300px\" \/><\/p>\n<p>&nbsp;<\/p>\n<p class=\"yiv9146079130ydp5d2d9ca1MsoNormal\">O <strong>Laborat\u00f3rio de Processos de Subjetiva\u00e7\u00e3o em Sa\u00fade \u2013 LaProSuS<\/strong> est\u00e1 ligado a Faculdade de Filosofia, Ci\u00eancias e Letras da Universidade de S\u00e3o Paulo \u2013 USP no campus de Ribeir\u00e3o Preto.<\/p>\n<p class=\"yiv9146079130ydp5d2d9ca1MsoNormal\">O grupo \u00e9 coordenado pela professora doutora Carmen L\u00facia Cardoso.<\/p>\n<p class=\"yiv9146079130ydp5d2d9ca1MsoNormal\">Atualmente, o grupo de pesquisa se re\u00fane quinzenalmente, onde s\u00e3o discutidos os projetos de pesquisas e as produ\u00e7\u00f5es dos participantes ligados aos programas de mestrado e doutorado da USP.<\/p>\n<p class=\"yiv9146079130ydp5d2d9ca1MsoNormal\">Al\u00e9m disso, o grupo realiza as leituras de textos te\u00f3ricos, metodol\u00f3gicos e filos\u00f3ficos que servem de base e fundamental para o desenvolvimento das pesquisas em andamento.<\/p>\n<p class=\"yiv9146079130ydp5d2d9ca1MsoNormal\">Em seus trabalhos, o grupo trabalha com um formato de parceria m\u00fatua, onde cada pesquisador, na singularidade do seu trabalho, recebe as contribui\u00e7\u00f5es e observa\u00e7\u00f5es dos demais participantes.<\/p>\n<p class=\"yiv9146079130ydp5d2d9ca1MsoNormal\">Esta colabora\u00e7\u00e3o m\u00fatua perpassa todo o percurso de pesquisa, envolvendo constru\u00e7\u00e3o de projetos de pesquisas, estudos e discuss\u00f5es em grupo, leituras conjuntas, submiss\u00e3o ao comit\u00ea de \u00e9tica, solicita\u00e7\u00e3o de bolsas e discuss\u00e3o de dados.<\/p>\n<p class=\"yiv9146079130ydp5d2d9ca1MsoNormal\">Al\u00e9m disso, o LAPROSUS colabora com a constru\u00e7\u00e3o e organiza\u00e7\u00e3o de eventos cient\u00edficos no \u00e2mbito do Programa de P\u00f3s Gradua\u00e7\u00e3o em Psicologia da USP e tamb\u00e9m na organiza\u00e7\u00e3o do Encontro Anual do Grupo Comunit\u00e1rio de Sa\u00fade Mental.<\/p>\n<p class=\"yiv9146079130ydp5d2d9ca1MsoNormal\">O LAPROSUS se orienta pelo paradigma de investiga\u00e7\u00e3o cient\u00edfica qualitativo, encontrando no m\u00e9todo fenomenol\u00f3gico proposto por Edmund Husserl e na an\u00e1lise tem\u00e1tica de Braun e Clarke, fundamentos necess\u00e1rios a realiza\u00e7\u00e3o de pesquisas no \u00e2mbito da sa\u00fade e da sa\u00fade mental.<\/p>\n<p class=\"yiv9146079130ydp5d2d9ca1MsoNormal\">A linha organizadora de pesquisa do grupo s\u00e3o as \u201cPr\u00e1ticas em Sa\u00fade e Aten\u00e7\u00e3o Psicossocial\u201d, dividindo-se em tr\u00eas vertentes:<\/p>\n<p class=\"yiv9146079130ydp5d2d9ca1MsoNormal\">A primeira busca compreender a constru\u00e7\u00e3o do saber\/fazer na aten\u00e7\u00e3o b\u00e1sica \u00e0 sa\u00fade a partir de seus m\u00faltiplos atores: gestores, profissionais e comunidade usu\u00e1ria. Envolvendo aprofundamentos e compreens\u00f5es acerca da reforma sanit\u00e1ria brasileira, do sistema \u00fanico de sa\u00fade, da aten\u00e7\u00e3o prim\u00e1ria \u00e0 sa\u00fade, bem como os efeitos da reforma psiqui\u00e1trica e os servi\u00e7os substitutivos em sa\u00fade mental. Nessa vertente, a sa\u00fade \u00e9 considerada como processo, sendo analisado o cuidado de base territorial e suas implica\u00e7\u00f5es para a promo\u00e7\u00e3o de sa\u00fade e preven\u00e7\u00e3o aos agravos.<\/p>\n<p class=\"yiv9146079130ydp5d2d9ca1MsoNormal\">A segunda vertente busca descrever, analisar e avaliar novas pr\u00e1ticas comunit\u00e1rias em sa\u00fade mental, como os grupos e encontros comunit\u00e1rios de sa\u00fade mental que nasceu em 1997 no hospital dia do hospital das cl\u00ednicas da faculdade de medicina da universidade de S\u00e3o Paulo e na atualidade, al\u00e9m de formar coordenadores para o trabalho grupal, tem se revelado como uma pr\u00e1tica inovadora no campo da sa\u00fade mental.<\/p>\n<p class=\"yiv9146079130ydp5d2d9ca1MsoNormal\">Na terceira vertente de interesse investigativo do LaProSUS aparece o interesse em compreender experi\u00eancias de usu\u00e1rios, familiares e profissionais da sa\u00fade no processo de sa\u00fade doen\u00e7a.<\/p>\n<p class=\"yiv9146079130ydp5d2d9ca1MsoNormal\">Na Atualidade, O LaProSUS \u00e9 composto por diferentes participantes, oriundos de diferentes partes do pa\u00eds e vinculados \u00e0 USP atrav\u00e9s de suas pesquisas, abrindo espa\u00e7os de participa\u00e7\u00e3o para pesquisadores de outras universidades atrav\u00e9s de encontros de discuss\u00e3o, workshops e outras pr\u00e1ticas de produ\u00e7\u00e3o do conhecimento cient\u00edfico.<\/p>\n<div id='gallery-1' class='gallery galleryid-64 gallery-columns-3 gallery-size-medium'><dl class='gallery-item'>\n\t\t\t<dt class='gallery-icon landscape'>\n\t\t\t\t<a href='https:\/\/sites.usp.br\/laprosus\/inicio\/logo-original-2\/'><img loading=\"lazy\" decoding=\"async\" width=\"300\" height=\"132\" src=\"https:\/\/sites.usp.br\/laprosus\/wp-content\/uploads\/sites\/1117\/2022\/06\/LOGO-ORIGINAL-1-300x132.jpg\" class=\"attachment-medium size-medium\" alt=\"\" srcset=\"https:\/\/sites.usp.br\/laprosus\/wp-content\/uploads\/sites\/1117\/2022\/06\/LOGO-ORIGINAL-1-300x132.jpg 300w, https:\/\/sites.usp.br\/laprosus\/wp-content\/uploads\/sites\/1117\/2022\/06\/LOGO-ORIGINAL-1-1024x451.jpg 1024w, https:\/\/sites.usp.br\/laprosus\/wp-content\/uploads\/sites\/1117\/2022\/06\/LOGO-ORIGINAL-1-768x338.jpg 768w, https:\/\/sites.usp.br\/laprosus\/wp-content\/uploads\/sites\/1117\/2022\/06\/LOGO-ORIGINAL-1-1536x677.jpg 1536w, https:\/\/sites.usp.br\/laprosus\/wp-content\/uploads\/sites\/1117\/2022\/06\/LOGO-ORIGINAL-1-2048x903.jpg 2048w, https:\/\/sites.usp.br\/laprosus\/wp-content\/uploads\/sites\/1117\/2022\/06\/LOGO-ORIGINAL-1-400x176.jpg 400w\" sizes=\"auto, (max-width: 300px) 100vw, 300px\" \/><\/a>\n\t\t\t<\/dt><\/dl><dl class='gallery-item'>\n\t\t\t<dt class='gallery-icon landscape'>\n\t\t\t\t<a href='https:\/\/sites.usp.br\/laprosus\/lapr\/'><img loading=\"lazy\" decoding=\"async\" width=\"300\" height=\"169\" src=\"https:\/\/sites.usp.br\/laprosus\/wp-content\/uploads\/sites\/1117\/2022\/06\/lapr-300x169.png\" class=\"attachment-medium size-medium\" alt=\"\" srcset=\"https:\/\/sites.usp.br\/laprosus\/wp-content\/uploads\/sites\/1117\/2022\/06\/lapr-300x169.png 300w, https:\/\/sites.usp.br\/laprosus\/wp-content\/uploads\/sites\/1117\/2022\/06\/lapr-1024x576.png 1024w, https:\/\/sites.usp.br\/laprosus\/wp-content\/uploads\/sites\/1117\/2022\/06\/lapr-768x432.png 768w, https:\/\/sites.usp.br\/laprosus\/wp-content\/uploads\/sites\/1117\/2022\/06\/lapr-310x174.png 310w, https:\/\/sites.usp.br\/laprosus\/wp-content\/uploads\/sites\/1117\/2022\/06\/lapr-400x225.png 400w, https:\/\/sites.usp.br\/laprosus\/wp-content\/uploads\/sites\/1117\/2022\/06\/lapr.png 1366w\" sizes=\"auto, (max-width: 300px) 100vw, 300px\" \/><\/a>\n\t\t\t<\/dt><\/dl><dl class='gallery-item'>\n\t\t\t<dt class='gallery-icon landscape'>\n\t\t\t\t<a href='https:\/\/sites.usp.br\/laprosus\/3-2\/'><img loading=\"lazy\" decoding=\"async\" width=\"300\" height=\"121\" src=\"https:\/\/sites.usp.br\/laprosus\/wp-content\/uploads\/sites\/1117\/2022\/06\/3-300x121.png\" class=\"attachment-medium size-medium\" alt=\"\" srcset=\"https:\/\/sites.usp.br\/laprosus\/wp-content\/uploads\/sites\/1117\/2022\/06\/3-300x121.png 300w, https:\/\/sites.usp.br\/laprosus\/wp-content\/uploads\/sites\/1117\/2022\/06\/3-1024x414.png 1024w, https:\/\/sites.usp.br\/laprosus\/wp-content\/uploads\/sites\/1117\/2022\/06\/3-768x311.png 768w, https:\/\/sites.usp.br\/laprosus\/wp-content\/uploads\/sites\/1117\/2022\/06\/3-1536x622.png 1536w, https:\/\/sites.usp.br\/laprosus\/wp-content\/uploads\/sites\/1117\/2022\/06\/3-400x162.png 400w, https:\/\/sites.usp.br\/laprosus\/wp-content\/uploads\/sites\/1117\/2022\/06\/3.png 1920w\" sizes=\"auto, (max-width: 300px) 100vw, 300px\" \/><\/a>\n\t\t\t<\/dt><\/dl><br style=\"clear: both\" \/><dl class='gallery-item'>\n\t\t\t<dt class='gallery-icon landscape'>\n\t\t\t\t<a href='https:\/\/sites.usp.br\/laprosus\/111111\/'><img loading=\"lazy\" decoding=\"async\" width=\"300\" height=\"132\" src=\"https:\/\/sites.usp.br\/laprosus\/wp-content\/uploads\/sites\/1117\/2022\/06\/111111-300x132.png\" class=\"attachment-medium size-medium\" alt=\"\" srcset=\"https:\/\/sites.usp.br\/laprosus\/wp-content\/uploads\/sites\/1117\/2022\/06\/111111-300x132.png 300w, https:\/\/sites.usp.br\/laprosus\/wp-content\/uploads\/sites\/1117\/2022\/06\/111111-1024x449.png 1024w, https:\/\/sites.usp.br\/laprosus\/wp-content\/uploads\/sites\/1117\/2022\/06\/111111-768x337.png 768w, https:\/\/sites.usp.br\/laprosus\/wp-content\/uploads\/sites\/1117\/2022\/06\/111111-400x175.png 400w, https:\/\/sites.usp.br\/laprosus\/wp-content\/uploads\/sites\/1117\/2022\/06\/111111.png 1361w\" sizes=\"auto, (max-width: 300px) 100vw, 300px\" \/><\/a>\n\t\t\t<\/dt><\/dl><dl class='gallery-item'>\n\t\t\t<dt class='gallery-icon landscape'>\n\t\t\t\t<a href='https:\/\/sites.usp.br\/laprosus\/2-2\/'><img loading=\"lazy\" decoding=\"async\" width=\"300\" height=\"222\" src=\"https:\/\/sites.usp.br\/laprosus\/wp-content\/uploads\/sites\/1117\/2022\/06\/2-300x222.png\" class=\"attachment-medium size-medium\" alt=\"\" srcset=\"https:\/\/sites.usp.br\/laprosus\/wp-content\/uploads\/sites\/1117\/2022\/06\/2-300x222.png 300w, https:\/\/sites.usp.br\/laprosus\/wp-content\/uploads\/sites\/1117\/2022\/06\/2-1024x759.png 1024w, https:\/\/sites.usp.br\/laprosus\/wp-content\/uploads\/sites\/1117\/2022\/06\/2-768x569.png 768w, https:\/\/sites.usp.br\/laprosus\/wp-content\/uploads\/sites\/1117\/2022\/06\/2-80x60.png 80w, https:\/\/sites.usp.br\/laprosus\/wp-content\/uploads\/sites\/1117\/2022\/06\/2-400x297.png 400w, https:\/\/sites.usp.br\/laprosus\/wp-content\/uploads\/sites\/1117\/2022\/06\/2.png 1048w\" sizes=\"auto, (max-width: 300px) 100vw, 300px\" \/><\/a>\n\t\t\t<\/dt><\/dl><dl class='gallery-item'>\n\t\t\t<dt class='gallery-icon landscape'>\n\t\t\t\t<a href='https:\/\/sites.usp.br\/laprosus\/1\/'><img loading=\"lazy\" decoding=\"async\" width=\"300\" height=\"175\" src=\"https:\/\/sites.usp.br\/laprosus\/wp-content\/uploads\/sites\/1117\/2022\/06\/1-300x175.png\" class=\"attachment-medium size-medium\" alt=\"\" srcset=\"https:\/\/sites.usp.br\/laprosus\/wp-content\/uploads\/sites\/1117\/2022\/06\/1-300x175.png 300w, https:\/\/sites.usp.br\/laprosus\/wp-content\/uploads\/sites\/1117\/2022\/06\/1-1024x598.png 1024w, https:\/\/sites.usp.br\/laprosus\/wp-content\/uploads\/sites\/1117\/2022\/06\/1-768x449.png 768w, https:\/\/sites.usp.br\/laprosus\/wp-content\/uploads\/sites\/1117\/2022\/06\/1-400x234.png 400w, https:\/\/sites.usp.br\/laprosus\/wp-content\/uploads\/sites\/1117\/2022\/06\/1.png 1453w\" sizes=\"auto, (max-width: 300px) 100vw, 300px\" \/><\/a>\n\t\t\t<\/dt><\/dl><br style=\"clear: both\" \/>\n\t\t<\/div>\n\n<p>&nbsp;<\/p>\n","protected":false},"excerpt":{"rendered":"<p>&nbsp; O Laborat\u00f3rio de Processos de Subjetiva\u00e7\u00e3o em Sa\u00fade \u2013 LaProSuS est\u00e1 ligado a Faculdade de Filosofia, Ci\u00eancias e Letras da Universidade de S\u00e3o Paulo \u2013 USP no campus de Ribeir\u00e3o Preto. O grupo \u00e9 coordenado pela professora doutora Carmen L\u00facia Cardoso. Atualmente, o grupo de pesquisa se re\u00fane quinzenalmente, onde s\u00e3o discutidos os projetos [&hellip;]<\/p>\n","protected":false},"author":1,"featured_media":0,"parent":0,"menu_order":0,"comment_status":"closed","ping_status":"closed","template":"","meta":{"footnotes":"","_links_to":"","_links_to_target":""},"class_list":["post-64","page","type-page","status-publish","hentry"],"_links":{"self":[{"href":"https:\/\/sites.usp.br\/laprosus\/wp-json\/wp\/v2\/pages\/64","targetHints":{"allow":["GET"]}}],"collection":[{"href":"https:\/\/sites.usp.br\/laprosus\/wp-json\/wp\/v2\/pages"}],"about":[{"href":"https:\/\/sites.usp.br\/laprosus\/wp-json\/wp\/v2\/types\/page"}],"author":[{"embeddable":true,"href":"https:\/\/sites.usp.br\/laprosus\/wp-json\/wp\/v2\/users\/1"}],"replies":[{"embeddable":true,"href":"https:\/\/sites.usp.br\/laprosus\/wp-json\/wp\/v2\/comments?post=64"}],"version-history":[{"count":4,"href":"https:\/\/sites.usp.br\/laprosus\/wp-json\/wp\/v2\/pages\/64\/revisions"}],"predecessor-version":[{"id":367,"href":"https:\/\/sites.usp.br\/laprosus\/wp-json\/wp\/v2\/pages\/64\/revisions\/367"}],"wp:attachment":[{"href":"https:\/\/sites.usp.br\/laprosus\/wp-json\/wp\/v2\/media?parent=64"}],"curies":[{"name":"wp","href":"https:\/\/api.w.org\/{rel}","templated":true}]}}