{"id":1306,"date":"2019-04-02T15:40:23","date_gmt":"2019-04-02T17:40:23","guid":{"rendered":"http:\/\/sites.usp.br\/lapsape\/?page_id=1306"},"modified":"2025-10-19T10:24:10","modified_gmt":"2025-10-19T12:24:10","slug":"estagiarios","status":"publish","type":"page","link":"https:\/\/sites.usp.br\/lapsape\/estagiarios\/","title":{"rendered":"Estagi\u00e1rios"},"content":{"rendered":"<p><span style=\"color: #008000;\"><strong>2025<\/strong><\/span><\/p>\n<p>Larissa de Oliveira Jacob<\/p>\n<p>Maria Eudarda Camargo Mattos<\/p>\n<p>Nero Lippi Zorzetto dos Santos<\/p>\n<p>Sofia Leme Duarte<\/p>\n<p><span style=\"color: #008000;\"><strong>2024<\/strong><\/span><\/p>\n<p>Clara Neiva Lazzareschi<\/p>\n<p>F\u00e1bio Faundes<\/p>\n<p>Lucas Ren\u00f3<\/p>\n<p>Lucca Miguel Gallo Godoi<\/p>\n<p>Rhuan Gabriel Silva Mendon\u00e7a<\/p>\n<p>Yukari Teodoro Costa Fukuti<\/p>\n<p><span style=\"color: #008000;\"><strong>2022<\/strong><\/span><\/p>\n<p>Ana Carolina Martins Parizoto Bergamo<\/p>\n<p>Maria Vanessa Barbosa dos Santos<\/p>\n<p>Natalli\u00ea Ma\u00e7an\u00e1rio dos Santos<\/p>\n<p>Thais Rossi Moda<\/p>\n<p>Victoria Marcella Macedo Martins<\/p>\n<p><span style=\"color: #008000;\"><strong>2020<\/strong><\/span><\/p>\n<p>Isabeli Julia Calejao Sabino<\/p>\n<p>Mayara Liye Arita<\/p>\n<p>Milena Zucchi Martins<\/p>\n<p>Natalli\u00ea Ma\u00e7an\u00e1rio Neis<\/p>\n<p>Sarah Magela Morais<\/p>\n<p><span style=\"color: #008000;\"><strong>2019<\/strong><\/span><\/p>\n<p>Laura Resende Gual<\/p>\n<p>Leonardo Ricieri Mantoani<\/p>\n<p>Marina Picinin<\/p>\n<p>Pamela Perina Braz Sola<\/p>\n<p>Taisa de Fatima Rodrigues<\/p>\n<p><span style=\"color: #008000;\"><strong>2018<\/strong><\/span><\/p>\n<p>Bianca Oliveira de Macedo<\/p>\n<p>Let\u00edcia Michele Stencel<\/p>\n<p>Raul Gomes de Almeida<\/p>\n<p>&nbsp;<\/p>\n<p>&nbsp;<\/p>\n","protected":false},"excerpt":{"rendered":"<p>2025 Larissa de Oliveira Jacob Maria Eudarda Camargo Mattos Nero Lippi Zorzetto dos Santos Sofia Leme Duarte 2024 Clara Neiva Lazzareschi F\u00e1bio Faundes Lucas Ren\u00f3 Lucca Miguel Gallo Godoi Rhuan Gabriel Silva Mendon\u00e7a Yukari Teodoro Costa Fukuti 2022 Ana Carolina Martins Parizoto Bergamo Maria Vanessa Barbosa dos Santos Natalli\u00ea Ma\u00e7an\u00e1rio dos Santos Thais Rossi Moda &hellip; <\/p>\n<p class=\"link-more\"><a href=\"https:\/\/sites.usp.br\/lapsape\/estagiarios\/\" class=\"more-link\">Continue lendo<span class=\"screen-reader-text\"> &#8220;Estagi\u00e1rios&#8221;<\/span><\/a><\/p>\n","protected":false},"author":156,"featured_media":0,"parent":0,"menu_order":0,"comment_status":"closed","ping_status":"closed","template":"","meta":{"footnotes":"","_links_to":"","_links_to_target":""},"class_list":["post-1306","page","type-page","status-publish","hentry"],"_links":{"self":[{"href":"https:\/\/sites.usp.br\/lapsape\/wp-json\/wp\/v2\/pages\/1306","targetHints":{"allow":["GET"]}}],"collection":[{"href":"https:\/\/sites.usp.br\/lapsape\/wp-json\/wp\/v2\/pages"}],"about":[{"href":"https:\/\/sites.usp.br\/lapsape\/wp-json\/wp\/v2\/types\/page"}],"author":[{"embeddable":true,"href":"https:\/\/sites.usp.br\/lapsape\/wp-json\/wp\/v2\/users\/156"}],"replies":[{"embeddable":true,"href":"https:\/\/sites.usp.br\/lapsape\/wp-json\/wp\/v2\/comments?post=1306"}],"version-history":[{"count":4,"href":"https:\/\/sites.usp.br\/lapsape\/wp-json\/wp\/v2\/pages\/1306\/revisions"}],"predecessor-version":[{"id":1917,"href":"https:\/\/sites.usp.br\/lapsape\/wp-json\/wp\/v2\/pages\/1306\/revisions\/1917"}],"wp:attachment":[{"href":"https:\/\/sites.usp.br\/lapsape\/wp-json\/wp\/v2\/media?parent=1306"}],"curies":[{"name":"wp","href":"https:\/\/api.w.org\/{rel}","templated":true}]}}