{"id":1670,"date":"2020-10-02T11:45:06","date_gmt":"2020-10-02T13:45:06","guid":{"rendered":"http:\/\/sites.usp.br\/lapsape\/?page_id=1670"},"modified":"2021-01-24T17:42:23","modified_gmt":"2021-01-24T19:42:23","slug":"lapsapecast","status":"publish","type":"page","link":"https:\/\/sites.usp.br\/lapsape\/lapsapecast\/","title":{"rendered":"LAPSAPEcast"},"content":{"rendered":"<p>O LAPSAPEcast \u00e9 nosso podcast,\u00a0 um projeto desenvolvido pelo laborat\u00f3rio com o objetivo realizar um debate descontra\u00eddo sobre ci\u00eancia, Psicologia Ambiental e o cotidiano da pesquisa em Psicologia.<\/p>\n<p>Os epis\u00f3dios s\u00e3o distribu\u00eddos em tr\u00eas quadros:<\/p>\n<p><b><i><b style=\"font-style: normal;\"><i><img loading=\"lazy\" decoding=\"async\" class=\"size-medium wp-image-1769 alignleft\" src=\"https:\/\/sites.usp.br\/lapsape\/wp-content\/uploads\/sites\/79\/2020\/10\/WhatsApp-Image-2020-08-04-at-18.02.14-300x300.jpeg\" alt=\"\" width=\"300\" height=\"300\" srcset=\"https:\/\/sites.usp.br\/lapsape\/wp-content\/uploads\/sites\/79\/2020\/10\/WhatsApp-Image-2020-08-04-at-18.02.14-300x300.jpeg 300w, https:\/\/sites.usp.br\/lapsape\/wp-content\/uploads\/sites\/79\/2020\/10\/WhatsApp-Image-2020-08-04-at-18.02.14-1024x1024.jpeg 1024w, https:\/\/sites.usp.br\/lapsape\/wp-content\/uploads\/sites\/79\/2020\/10\/WhatsApp-Image-2020-08-04-at-18.02.14-150x150.jpeg 150w, https:\/\/sites.usp.br\/lapsape\/wp-content\/uploads\/sites\/79\/2020\/10\/WhatsApp-Image-2020-08-04-at-18.02.14-768x768.jpeg 768w, https:\/\/sites.usp.br\/lapsape\/wp-content\/uploads\/sites\/79\/2020\/10\/WhatsApp-Image-2020-08-04-at-18.02.14-100x100.jpeg 100w, https:\/\/sites.usp.br\/lapsape\/wp-content\/uploads\/sites\/79\/2020\/10\/WhatsApp-Image-2020-08-04-at-18.02.14-45x45.jpeg 45w, https:\/\/sites.usp.br\/lapsape\/wp-content\/uploads\/sites\/79\/2020\/10\/WhatsApp-Image-2020-08-04-at-18.02.14-200x200.jpeg 200w, https:\/\/sites.usp.br\/lapsape\/wp-content\/uploads\/sites\/79\/2020\/10\/WhatsApp-Image-2020-08-04-at-18.02.14-400x400.jpeg 400w, https:\/\/sites.usp.br\/lapsape\/wp-content\/uploads\/sites\/79\/2020\/10\/WhatsApp-Image-2020-08-04-at-18.02.14.jpeg 1080w\" sizes=\"auto, (max-width: 300px) 100vw, 300px\" \/><\/i><\/b><\/i><\/b><\/p>\n<p>&nbsp;<\/p>\n<p>&nbsp;<\/p>\n<p><b><i><b style=\"font-style: normal;\"><i>Essa tal de Psicologia Ambiental<\/i><\/b><b style=\"font-style: normal;\">:<\/b><span style=\"font-weight: 400;\"> Nesse quadro s\u00e3o apresentados epis\u00f3dios que abordam quest\u00f5es de pesquisa e interven\u00e7\u00e3o relacionadas a problem\u00e1ticas ambientais.\u00a0<\/span><\/i><\/b><\/p>\n<p>&nbsp;<\/p>\n<p><b><i><img loading=\"lazy\" decoding=\"async\" class=\"alignleft size-medium wp-image-1770\" src=\"https:\/\/sites.usp.br\/lapsape\/wp-content\/uploads\/sites\/79\/2020\/10\/WhatsApp-Image-2020-09-29-at-00.22.54-300x300.jpeg\" alt=\"\" width=\"300\" height=\"300\" srcset=\"https:\/\/sites.usp.br\/lapsape\/wp-content\/uploads\/sites\/79\/2020\/10\/WhatsApp-Image-2020-09-29-at-00.22.54-300x300.jpeg 300w, https:\/\/sites.usp.br\/lapsape\/wp-content\/uploads\/sites\/79\/2020\/10\/WhatsApp-Image-2020-09-29-at-00.22.54-1024x1024.jpeg 1024w, https:\/\/sites.usp.br\/lapsape\/wp-content\/uploads\/sites\/79\/2020\/10\/WhatsApp-Image-2020-09-29-at-00.22.54-150x150.jpeg 150w, https:\/\/sites.usp.br\/lapsape\/wp-content\/uploads\/sites\/79\/2020\/10\/WhatsApp-Image-2020-09-29-at-00.22.54-768x768.jpeg 768w, https:\/\/sites.usp.br\/lapsape\/wp-content\/uploads\/sites\/79\/2020\/10\/WhatsApp-Image-2020-09-29-at-00.22.54-100x100.jpeg 100w, https:\/\/sites.usp.br\/lapsape\/wp-content\/uploads\/sites\/79\/2020\/10\/WhatsApp-Image-2020-09-29-at-00.22.54-45x45.jpeg 45w, https:\/\/sites.usp.br\/lapsape\/wp-content\/uploads\/sites\/79\/2020\/10\/WhatsApp-Image-2020-09-29-at-00.22.54-200x200.jpeg 200w, https:\/\/sites.usp.br\/lapsape\/wp-content\/uploads\/sites\/79\/2020\/10\/WhatsApp-Image-2020-09-29-at-00.22.54-400x400.jpeg 400w, https:\/\/sites.usp.br\/lapsape\/wp-content\/uploads\/sites\/79\/2020\/10\/WhatsApp-Image-2020-09-29-at-00.22.54.jpeg 1080w\" sizes=\"auto, (max-width: 300px) 100vw, 300px\" \/><\/i><\/b><\/p>\n<p>&nbsp;<\/p>\n<p>&nbsp;<\/p>\n<p><b><i>Ferramenteiras<\/i><\/b><b>:<\/b><span style=\"font-weight: 400;\"> epis\u00f3dios sobre os princ\u00edpios do laborat\u00f3rio que orientam a pr\u00e1xis da pesquisa, do ensino e da extens\u00e3o.\u00a0<\/span><\/p>\n<p>&nbsp;<\/p>\n<p>&nbsp;<\/p>\n<p>&nbsp;<\/p>\n<p><b><i>Derivas<\/i><\/b><b>:<\/b>\u00a0conversas com pesquisadores sobre os resultados e os desdobramentos dos estudos desenvolvidos e a forma\u00e7\u00e3o em pesquisa.<\/p>\n<p>Para ouvir e acompanhar os epis\u00f3dios siga o LAPSAPEcast no Spotify:<\/p>\n<p><iframe title=\"Spotify Embed: LAPSAPEcast\" style=\"border-radius: 12px\" width=\"100%\" height=\"152\" frameborder=\"0\" allowfullscreen allow=\"autoplay; clipboard-write; encrypted-media; fullscreen; picture-in-picture\" loading=\"lazy\" src=\"https:\/\/open.spotify.com\/embed\/show\/2U6UOiItxHcDXTU6lHXDG1?si=TFPCPyZETyGbARTNDtmC6A&#038;utm_source=oembed\"><\/iframe><\/p>\n<p>As respons\u00e1veis pelo LAPSAPEcast s\u00e3o:<\/p>\n<p>Bianca Oliveira Macedo<\/p>\n<p>Juliana Bezzon da Silva<\/p>\n<p>Karine Regina Jurado<\/p>\n<p>Natalli\u00ea Ma\u00e7an\u00e1rio Neis<\/p>\n<p>&nbsp;<\/p>\n","protected":false},"excerpt":{"rendered":"<p>O LAPSAPEcast \u00e9 nosso podcast,\u00a0 um projeto desenvolvido pelo laborat\u00f3rio com o objetivo realizar um debate descontra\u00eddo sobre ci\u00eancia, Psicologia Ambiental e o cotidiano da pesquisa em Psicologia. Os epis\u00f3dios s\u00e3o distribu\u00eddos em tr\u00eas quadros: &nbsp; &nbsp; Essa tal de Psicologia Ambiental: Nesse quadro s\u00e3o apresentados epis\u00f3dios que abordam quest\u00f5es de pesquisa e interven\u00e7\u00e3o relacionadas &hellip; <\/p>\n<p class=\"link-more\"><a href=\"https:\/\/sites.usp.br\/lapsape\/lapsapecast\/\" class=\"more-link\">Continue lendo<span class=\"screen-reader-text\"> &#8220;LAPSAPEcast&#8221;<\/span><\/a><\/p>\n","protected":false},"author":156,"featured_media":0,"parent":0,"menu_order":0,"comment_status":"closed","ping_status":"closed","template":"","meta":{"footnotes":"","_links_to":"","_links_to_target":""},"class_list":["post-1670","page","type-page","status-publish","hentry"],"_links":{"self":[{"href":"https:\/\/sites.usp.br\/lapsape\/wp-json\/wp\/v2\/pages\/1670","targetHints":{"allow":["GET"]}}],"collection":[{"href":"https:\/\/sites.usp.br\/lapsape\/wp-json\/wp\/v2\/pages"}],"about":[{"href":"https:\/\/sites.usp.br\/lapsape\/wp-json\/wp\/v2\/types\/page"}],"author":[{"embeddable":true,"href":"https:\/\/sites.usp.br\/lapsape\/wp-json\/wp\/v2\/users\/156"}],"replies":[{"embeddable":true,"href":"https:\/\/sites.usp.br\/lapsape\/wp-json\/wp\/v2\/comments?post=1670"}],"version-history":[{"count":4,"href":"https:\/\/sites.usp.br\/lapsape\/wp-json\/wp\/v2\/pages\/1670\/revisions"}],"predecessor-version":[{"id":1773,"href":"https:\/\/sites.usp.br\/lapsape\/wp-json\/wp\/v2\/pages\/1670\/revisions\/1773"}],"wp:attachment":[{"href":"https:\/\/sites.usp.br\/lapsape\/wp-json\/wp\/v2\/media?parent=1670"}],"curies":[{"name":"wp","href":"https:\/\/api.w.org\/{rel}","templated":true}]}}