{"id":291,"date":"2019-05-20T17:48:44","date_gmt":"2019-05-20T19:48:44","guid":{"rendered":"http:\/\/sites.usp.br\/lapsono\/?page_id=291"},"modified":"2024-11-27T10:33:11","modified_gmt":"2024-11-27T12:33:11","slug":"pagina-inicial-elementor","status":"publish","type":"page","link":"https:\/\/sites.usp.br\/lapsono\/","title":{"rendered":"P\u00e1gina Inicial Elementor"},"content":{"rendered":"\t\t<div data-elementor-type=\"wp-post\" data-elementor-id=\"291\" class=\"elementor elementor-291\" data-elementor-post-type=\"page\">\n\t\t\t\t\t\t<section class=\"elementor-section elementor-top-section elementor-element elementor-element-1e43509 elementor-section-boxed elementor-section-height-default elementor-section-height-default\" data-id=\"1e43509\" data-element_type=\"section\">\n\t\t\t\t\t\t<div class=\"elementor-container elementor-column-gap-default\">\n\t\t\t\t\t<div class=\"elementor-column elementor-col-100 elementor-top-column elementor-element elementor-element-d84fac7\" data-id=\"d84fac7\" data-element_type=\"column\">\n\t\t\t<div class=\"elementor-widget-wrap elementor-element-populated\">\n\t\t\t\t\t\t<div class=\"elementor-element elementor-element-d44f433 elementor-widget elementor-widget-image\" data-id=\"d44f433\" data-element_type=\"widget\" data-widget_type=\"image.default\">\n\t\t\t\t<div class=\"elementor-widget-container\">\n\t\t\t\t\t\t\t\t\t\t\t\t\t<img fetchpriority=\"high\" decoding=\"async\" width=\"1024\" height=\"464\" src=\"https:\/\/sites.usp.br\/lapsono\/wp-content\/uploads\/sites\/1510\/2024\/09\/Imagem-do-WhatsApp-de-2024-09-20-as-19.42.56_045c28a1-1024x464.jpg\" class=\"attachment-large size-large wp-image-966\" alt=\"\" srcset=\"https:\/\/sites.usp.br\/lapsono\/wp-content\/uploads\/sites\/1510\/2024\/09\/Imagem-do-WhatsApp-de-2024-09-20-as-19.42.56_045c28a1-1024x464.jpg 1024w, https:\/\/sites.usp.br\/lapsono\/wp-content\/uploads\/sites\/1510\/2024\/09\/Imagem-do-WhatsApp-de-2024-09-20-as-19.42.56_045c28a1-300x136.jpg 300w, https:\/\/sites.usp.br\/lapsono\/wp-content\/uploads\/sites\/1510\/2024\/09\/Imagem-do-WhatsApp-de-2024-09-20-as-19.42.56_045c28a1-768x348.jpg 768w, https:\/\/sites.usp.br\/lapsono\/wp-content\/uploads\/sites\/1510\/2024\/09\/Imagem-do-WhatsApp-de-2024-09-20-as-19.42.56_045c28a1-400x181.jpg 400w, https:\/\/sites.usp.br\/lapsono\/wp-content\/uploads\/sites\/1510\/2024\/09\/Imagem-do-WhatsApp-de-2024-09-20-as-19.42.56_045c28a1.jpg 1366w\" sizes=\"(max-width: 1024px) 100vw, 1024px\" \/>\t\t\t\t\t\t\t\t\t\t\t\t\t<\/div>\n\t\t\t\t<\/div>\n\t\t\t\t<div class=\"elementor-element elementor-element-8355eab elementor-widget__width-initial elementor-widget elementor-widget-text-editor\" data-id=\"8355eab\" data-element_type=\"widget\" data-widget_type=\"text-editor.default\">\n\t\t\t\t<div class=\"elementor-widget-container\">\n\t\t\t\t\t\t\t<h1>Bem-vindo(a) ao LAPSONO!<\/h1><p>A miss\u00e3o do Laborat\u00f3rio de Psicologia do Sono e Psicoterapia Comportamental (LAPSONO) da Universidade de S\u00e3o Paulo \u00e9 promover atividades de investiga\u00e7\u00e3o, ensino e forma\u00e7\u00e3o em Psicologia do Sono e Psicoterapia Comportamental.<br \/>O objetivo do LAPSONO \u00e9 avan\u00e7ar no conhecimento sobre avalia\u00e7\u00e3o, desenvolvimento, manuten\u00e7\u00e3o e tratamento da ins\u00f4nia e outras queixas de sofrimento mental.<\/p><p>A investiga\u00e7\u00e3o realizada no LAPSONO pretende avan\u00e7ar na constru\u00e7\u00e3o de conhecimento profissional voltado \u00e0 promo\u00e7\u00e3o de sa\u00fade do sono e qualidade de vida das pessoas que sofrem de ins\u00f4nia e outras queixas de sofrimento mental.<\/p><h2><strong>Interesses de pesquisa:<\/strong><\/h2><p>Ins\u00f4nia, sa\u00fade do sono, transtornos mentais e queixas de sofrimento mental. Desenvolvimento de tratamento comportamental. Efic\u00e1cia de tratamentos. Psicoterapia comportamental contextual. Terapia de Aceita\u00e7\u00e3o e Compromisso. Mudan\u00e7a de Comportamento. Ci\u00eancia da implementa\u00e7\u00e3o.<\/p><h2>Estamos interessados em investiga\u00e7\u00f5es sobre:<\/h2>\t\t\t\t\t\t<\/div>\n\t\t\t\t<\/div>\n\t\t\t\t<section class=\"elementor-section elementor-inner-section elementor-element elementor-element-d14caeb elementor-section-boxed elementor-section-height-default elementor-section-height-default\" data-id=\"d14caeb\" data-element_type=\"section\">\n\t\t\t\t\t\t<div class=\"elementor-container elementor-column-gap-default\">\n\t\t\t\t\t<div class=\"elementor-column elementor-col-25 elementor-inner-column elementor-element elementor-element-d0cedc8\" data-id=\"d0cedc8\" data-element_type=\"column\">\n\t\t\t<div class=\"elementor-widget-wrap elementor-element-populated\">\n\t\t\t\t\t\t<div class=\"elementor-element elementor-element-2f88403 elementor-widget elementor-widget-image\" data-id=\"2f88403\" data-element_type=\"widget\" data-widget_type=\"image.default\">\n\t\t\t\t<div class=\"elementor-widget-container\">\n\t\t\t\t\t\t\t\t\t\t\t\t\t<img decoding=\"async\" width=\"309\" height=\"166\" src=\"https:\/\/sites.usp.br\/lapsono\/wp-content\/uploads\/sites\/1510\/2024\/11\/01.png\" class=\"attachment-large size-large wp-image-1532\" alt=\"\" srcset=\"https:\/\/sites.usp.br\/lapsono\/wp-content\/uploads\/sites\/1510\/2024\/11\/01.png 309w, https:\/\/sites.usp.br\/lapsono\/wp-content\/uploads\/sites\/1510\/2024\/11\/01-300x161.png 300w\" sizes=\"(max-width: 309px) 100vw, 309px\" \/>\t\t\t\t\t\t\t\t\t\t\t\t\t<\/div>\n\t\t\t\t<\/div>\n\t\t\t\t<div class=\"elementor-element elementor-element-f8022b4 elementor-widget elementor-widget-text-editor\" data-id=\"f8022b4\" data-element_type=\"widget\" data-widget_type=\"text-editor.default\">\n\t\t\t\t<div class=\"elementor-widget-container\">\n\t\t\t\t\t\t\t<p>as vari\u00e1veis comportamentais contextuais e ambientais na etiologia e manuten\u00e7\u00e3o de queixas de sofrimento mental, em especial a ins\u00f4nia.<\/p>\t\t\t\t\t\t<\/div>\n\t\t\t\t<\/div>\n\t\t\t\t\t<\/div>\n\t\t<\/div>\n\t\t\t\t<div class=\"elementor-column elementor-col-25 elementor-inner-column elementor-element elementor-element-0b11327\" data-id=\"0b11327\" data-element_type=\"column\">\n\t\t\t<div class=\"elementor-widget-wrap elementor-element-populated\">\n\t\t\t\t\t\t<div class=\"elementor-element elementor-element-5754afc elementor-widget elementor-widget-image\" data-id=\"5754afc\" data-element_type=\"widget\" data-widget_type=\"image.default\">\n\t\t\t\t<div class=\"elementor-widget-container\">\n\t\t\t\t\t\t\t\t\t\t\t\t\t<img decoding=\"async\" width=\"308\" height=\"166\" src=\"https:\/\/sites.usp.br\/lapsono\/wp-content\/uploads\/sites\/1510\/2024\/11\/02.png\" class=\"attachment-large size-large wp-image-1533\" alt=\"\" srcset=\"https:\/\/sites.usp.br\/lapsono\/wp-content\/uploads\/sites\/1510\/2024\/11\/02.png 308w, https:\/\/sites.usp.br\/lapsono\/wp-content\/uploads\/sites\/1510\/2024\/11\/02-300x162.png 300w\" sizes=\"(max-width: 308px) 100vw, 308px\" \/>\t\t\t\t\t\t\t\t\t\t\t\t\t<\/div>\n\t\t\t\t<\/div>\n\t\t\t\t<div class=\"elementor-element elementor-element-2f2f6ac elementor-widget elementor-widget-text-editor\" data-id=\"2f2f6ac\" data-element_type=\"widget\" data-widget_type=\"text-editor.default\">\n\t\t\t\t<div class=\"elementor-widget-container\">\n\t\t\t\t\t\t\t<p>no desenvolvimento e avalia\u00e7\u00e3o da efic\u00e1cia de tratamentos comportamentais e contextuais para ins\u00f4nia e outras queixas de sofrimento mental em diferentes popula\u00e7\u00f5es.<\/p>\t\t\t\t\t\t<\/div>\n\t\t\t\t<\/div>\n\t\t\t\t\t<\/div>\n\t\t<\/div>\n\t\t\t\t<div class=\"elementor-column elementor-col-25 elementor-inner-column elementor-element elementor-element-30c9498\" data-id=\"30c9498\" data-element_type=\"column\">\n\t\t\t<div class=\"elementor-widget-wrap elementor-element-populated\">\n\t\t\t\t\t\t<div class=\"elementor-element elementor-element-f0f06fc elementor-widget elementor-widget-image\" data-id=\"f0f06fc\" data-element_type=\"widget\" data-widget_type=\"image.default\">\n\t\t\t\t<div class=\"elementor-widget-container\">\n\t\t\t\t\t\t\t\t\t\t\t\t\t<img loading=\"lazy\" decoding=\"async\" width=\"309\" height=\"166\" src=\"https:\/\/sites.usp.br\/lapsono\/wp-content\/uploads\/sites\/1510\/2024\/11\/03.png\" class=\"attachment-large size-large wp-image-1531\" alt=\"\" srcset=\"https:\/\/sites.usp.br\/lapsono\/wp-content\/uploads\/sites\/1510\/2024\/11\/03.png 309w, https:\/\/sites.usp.br\/lapsono\/wp-content\/uploads\/sites\/1510\/2024\/11\/03-300x161.png 300w\" sizes=\"(max-width: 309px) 100vw, 309px\" \/>\t\t\t\t\t\t\t\t\t\t\t\t\t<\/div>\n\t\t\t\t<\/div>\n\t\t\t\t<div class=\"elementor-element elementor-element-02faa36 elementor-widget elementor-widget-text-editor\" data-id=\"02faa36\" data-element_type=\"widget\" data-widget_type=\"text-editor.default\">\n\t\t\t\t<div class=\"elementor-widget-container\">\n\t\t\t\t\t\t\t<p>nos fatores associados ao sucesso e ades\u00e3o de interven\u00e7\u00f5es e terapias comportamentais.<\/p>\t\t\t\t\t\t<\/div>\n\t\t\t\t<\/div>\n\t\t\t\t\t<\/div>\n\t\t<\/div>\n\t\t\t\t<div class=\"elementor-column elementor-col-25 elementor-inner-column elementor-element elementor-element-c22a9a3\" data-id=\"c22a9a3\" data-element_type=\"column\">\n\t\t\t<div class=\"elementor-widget-wrap elementor-element-populated\">\n\t\t\t\t\t\t<div class=\"elementor-element elementor-element-493bf8d elementor-widget elementor-widget-image\" data-id=\"493bf8d\" data-element_type=\"widget\" data-widget_type=\"image.default\">\n\t\t\t\t<div class=\"elementor-widget-container\">\n\t\t\t\t\t\t\t\t\t\t\t\t\t<img loading=\"lazy\" decoding=\"async\" width=\"308\" height=\"166\" src=\"https:\/\/sites.usp.br\/lapsono\/wp-content\/uploads\/sites\/1510\/2024\/11\/04-1.png\" class=\"attachment-large size-large wp-image-1534\" alt=\"\" srcset=\"https:\/\/sites.usp.br\/lapsono\/wp-content\/uploads\/sites\/1510\/2024\/11\/04-1.png 308w, https:\/\/sites.usp.br\/lapsono\/wp-content\/uploads\/sites\/1510\/2024\/11\/04-1-300x162.png 300w\" sizes=\"(max-width: 308px) 100vw, 308px\" \/>\t\t\t\t\t\t\t\t\t\t\t\t\t<\/div>\n\t\t\t\t<\/div>\n\t\t\t\t<div class=\"elementor-element elementor-element-2ce9248 elementor-widget elementor-widget-text-editor\" data-id=\"2ce9248\" data-element_type=\"widget\" data-widget_type=\"text-editor.default\">\n\t\t\t\t<div class=\"elementor-widget-container\">\n\t\t\t\t\t\t\t<p>na implementa\u00e7\u00e3o de tecnologias baseadas na terapia comportamental e contextual para pol\u00edticas p\u00fablicas nos diferentes n\u00edveis de assist\u00eancia (aten\u00e7\u00e3o prim\u00e1ria, secund\u00e1ria e terci\u00e1ria).<\/p>\t\t\t\t\t\t<\/div>\n\t\t\t\t<\/div>\n\t\t\t\t\t<\/div>\n\t\t<\/div>\n\t\t\t\t\t<\/div>\n\t\t<\/section>\n\t\t\t\t\t<\/div>\n\t\t<\/div>\n\t\t\t\t\t<\/div>\n\t\t<\/section>\n\t\t\t\t<\/div>\n\t\t","protected":false},"excerpt":{"rendered":"<p>Bem-vindo(a) ao LAPSONO! A miss\u00e3o do Laborat\u00f3rio de Psicologia do Sono e Psicoterapia Comportamental (LAPSONO) da Universidade de S\u00e3o Paulo \u00e9 promover atividades de investiga\u00e7\u00e3o, ensino e forma\u00e7\u00e3o em Psicologia do Sono e Psicoterapia Comportamental.O objetivo do LAPSONO \u00e9 avan\u00e7ar no conhecimento sobre avalia\u00e7\u00e3o, desenvolvimento, manuten\u00e7\u00e3o e tratamento da ins\u00f4nia e outras queixas de sofrimento [&hellip;]<\/p>\n","protected":false},"author":1,"featured_media":0,"parent":0,"menu_order":0,"comment_status":"closed","ping_status":"closed","template":"elementor_header_footer","meta":{"footnotes":"","_links_to":"","_links_to_target":""},"class_list":["post-291","page","type-page","status-publish","hentry","entry"],"_links":{"self":[{"href":"https:\/\/sites.usp.br\/lapsono\/wp-json\/wp\/v2\/pages\/291","targetHints":{"allow":["GET"]}}],"collection":[{"href":"https:\/\/sites.usp.br\/lapsono\/wp-json\/wp\/v2\/pages"}],"about":[{"href":"https:\/\/sites.usp.br\/lapsono\/wp-json\/wp\/v2\/types\/page"}],"author":[{"embeddable":true,"href":"https:\/\/sites.usp.br\/lapsono\/wp-json\/wp\/v2\/users\/1"}],"replies":[{"embeddable":true,"href":"https:\/\/sites.usp.br\/lapsono\/wp-json\/wp\/v2\/comments?post=291"}],"version-history":[{"count":4,"href":"https:\/\/sites.usp.br\/lapsono\/wp-json\/wp\/v2\/pages\/291\/revisions"}],"predecessor-version":[{"id":1610,"href":"https:\/\/sites.usp.br\/lapsono\/wp-json\/wp\/v2\/pages\/291\/revisions\/1610"}],"wp:attachment":[{"href":"https:\/\/sites.usp.br\/lapsono\/wp-json\/wp\/v2\/media?parent=291"}],"curies":[{"name":"wp","href":"https:\/\/api.w.org\/{rel}","templated":true}]}}