{"id":230,"date":"2023-10-20T14:32:43","date_gmt":"2023-10-20T17:32:43","guid":{"rendered":"https:\/\/sites.usp.br\/latm\/?page_id=230"},"modified":"2025-05-07T20:26:54","modified_gmt":"2025-05-07T23:26:54","slug":"sobre","status":"publish","type":"page","link":"https:\/\/sites.usp.br\/latm\/sobre\/","title":{"rendered":"Sobre"},"content":{"rendered":"<h1>Sobre o LATM<\/h1>\n<p><img fetchpriority=\"high\" decoding=\"async\" class=\" wp-image-251 alignleft\" src=\"https:\/\/sites.usp.br\/latm\/wp-content\/uploads\/sites\/980\/2023\/10\/prov_latm-1-253x300.jpg\" alt=\"\" width=\"243\" height=\"288\" srcset=\"https:\/\/sites.usp.br\/latm\/wp-content\/uploads\/sites\/980\/2023\/10\/prov_latm-1-253x300.jpg 253w, https:\/\/sites.usp.br\/latm\/wp-content\/uploads\/sites\/980\/2023\/10\/prov_latm-1.jpg 353w\" sizes=\"(max-width: 243px) 100vw, 243px\" \/><\/p>\n<div id=\"main\">\n<div class=\"inner\">\n<p>O LATM \u00e9 um laborat\u00f3rio de pesquisa e desenvolvimento de tecnologias de \u00e1udio, computa\u00e7\u00e3o sonora e musical vinculado \u00e0 Escola de Artes, Ci\u00eancias e Humanidades (EACH) da Universidade de S\u00e3o Paulo (USP).<\/p>\n<p>Al\u00e9m da pesquisa inovadora, o laborat\u00f3rio hospeda e suporta atividades de extens\u00e3o <span class=\"\">\u2014<\/span> como semin\u00e1rios e eventos cient\u00edficos <span class=\"\">\u2014<\/span> e de educa\u00e7\u00e3o <span class=\"\">\u2014<\/span> como cursos de gradua\u00e7\u00e3o, p\u00f3s-gradua\u00e7\u00e3o, treinamento e capacita\u00e7\u00e3o <span class=\"\">\u2014<\/span> bem como atividades voltadas para cria\u00e7\u00e3o sonora, produ\u00e7\u00e3o cultural e art\u00edstica mediada por tecnologias.<\/p>\n<p>Defendemos valores \u00e9ticos e humanistas no projeto de novas tecnologias, e buscamos adotar uma postura altru\u00edsta com posi\u00e7\u00f5es que defendam o bem estar e a evolu\u00e7\u00e3o como diretrizes norteadoras. Este site \u00e9 um ponto de informa\u00e7\u00e3o objetivo e simplificado sobre os projetos e desenvolvimentos realizados pela equipe e colaboradores do laborat\u00f3rio.<\/p>\n<\/div>\n<p>&nbsp;<\/p>\n<div class=\"inner\">\n<h4>\u00c1reas de atua\u00e7\u00e3o:<\/h4>\n<\/div>\n<div class=\"inner\">\n<ul>\n<li>computa\u00e7\u00e3o sonora e musical<\/li>\n<li>\u00e1udio espacial e imersivo<\/li>\n<li>realidade sonora virtual e expandida<\/li>\n<li>an\u00e1lise sonora e bioac\u00fastica<\/li>\n<li>m\u00fasica digital<\/li>\n<li>cria\u00e7\u00e3o e produ\u00e7\u00e3o sonora e musical<\/li>\n<li>engenharia de \u00e1udio<\/li>\n<\/ul>\n<p>O LATM desenvolve tecnologias e sistemas na forma de processos, dispositivos e software para cria\u00e7\u00e3o, processamento, produ\u00e7\u00e3o, transmiss\u00e3o e reprodu\u00e7\u00e3o de \u00e1udio e m\u00fasica. O laborat\u00f3rio empreende projetos acad\u00eamicos e tamb\u00e9m industriais, encomendados por setores p\u00fablico e privado.<\/p>\n<h4>Links:<\/h4>\n<ul>\n<li><a href=\"http:\/\/linktr.ee\/latm.usp\">linktr.ee\/latm.usp<\/a><\/li>\n<li>instagram <a href=\"https:\/\/www.instagram.com\/latm.usp\/\">@latm.usp<\/a><\/li>\n<li>canal <a href=\"https:\/\/www.youtube.com\/channel\/UCSXoNyeH6JCSZShXrY-298w\">youtube<\/a><\/li>\n<li>github <a href=\"https:\/\/github.com\/latm-usp\">latm-usp<\/a><\/li>\n<li><a href=\"https:\/\/www.researchgate.net\/lab\/Laboratorio-de-Audio-e-Tecnologias-Musicais-Regis-Rossi-Alves-Faria\">Research Gate<\/a><\/li>\n<li>grupo de pesquisa <a href=\"http:\/\/dgp.cnpq.br\/dgp\/espelhogrupo\/3288812724049602\">LATM no DGP do CNPq<\/a><\/li>\n<\/ul>\n<h4>Contato:<\/h4>\n<p>latm at usp.br<\/p>\n<hr \/>\n<h2>Centros e laborat\u00f3rios de pesquisa parceiros<\/h2>\n<ul>\n<li>N\u00facleo de Engenharia de \u00c1udio e Codifica\u00e7\u00e3o Sonora &#8211; <a href=\"http:\/\/www.lsi.usp.br\/neac\">NEAC<\/a><\/li>\n<li>Laborat\u00f3rio de Arte, M\u00eddia e Tecnologias Digitais &#8211; <a href=\"https:\/\/sites.usp.br\/labartemidia\">LabArteM\u00eddia<\/a> da Escola de Comunica\u00e7\u00f5es e Artes da USP<\/li>\n<li><a href=\"http:\/\/www.lsi.usp.br\">Laborat\u00f3rio de Sistemas Integr\u00e1veis<\/a> (LSI) da Escola Polit\u00e9cnica da USP<\/li>\n<li>Centro Interdisciplinar de Tecnologias Interativas <a href=\"http:\/\/www.lsi.usp.br\/citi\">CITI-USP<\/a><\/li>\n<li>N\u00facleo de Pesquisas em Sonologia &#8211; <a href=\"https:\/\/nusom.eca.usp.br\/\">NuSom<\/a><\/li>\n<li><a href=\"http:\/\/sites.usp.br\/lamus-each\">LAMUS<\/a> &#8211; Laborat\u00f3rio de Musicologia da EACH\/USP<\/li>\n<\/ul>\n<\/div>\n<\/div>\n","protected":false},"excerpt":{"rendered":"<p>Sobre o LATM O LATM \u00e9 um laborat\u00f3rio de pesquisa e desenvolvimento de tecnologias de \u00e1udio, computa\u00e7\u00e3o sonora e musical vinculado \u00e0 Escola de Artes, Ci\u00eancias e Humanidades (EACH) da Universidade de S\u00e3o Paulo (USP). Al\u00e9m da pesquisa inovadora, o laborat\u00f3rio hospeda e suporta atividades de extens\u00e3o \u2014 como semin\u00e1rios e eventos cient\u00edficos \u2014 e [&hellip;]<\/p>\n","protected":false},"author":23652,"featured_media":0,"parent":0,"menu_order":0,"comment_status":"closed","ping_status":"closed","template":"","meta":{"_acf_changed":false,"ocean_post_layout":"","ocean_both_sidebars_style":"","ocean_both_sidebars_content_width":0,"ocean_both_sidebars_sidebars_width":0,"ocean_sidebar":"0","ocean_second_sidebar":"0","ocean_disable_margins":"enable","ocean_add_body_class":"","ocean_shortcode_before_top_bar":"","ocean_shortcode_after_top_bar":"","ocean_shortcode_before_header":"","ocean_shortcode_after_header":"","ocean_has_shortcode":"","ocean_shortcode_after_title":"","ocean_shortcode_before_footer_widgets":"","ocean_shortcode_after_footer_widgets":"","ocean_shortcode_before_footer_bottom":"","ocean_shortcode_after_footer_bottom":"","ocean_display_top_bar":"default","ocean_display_header":"default","ocean_header_style":"","ocean_center_header_left_menu":"0","ocean_custom_header_template":"0","ocean_custom_logo":0,"ocean_custom_retina_logo":0,"ocean_custom_logo_max_width":0,"ocean_custom_logo_tablet_max_width":0,"ocean_custom_logo_mobile_max_width":0,"ocean_custom_logo_max_height":0,"ocean_custom_logo_tablet_max_height":0,"ocean_custom_logo_mobile_max_height":0,"ocean_header_custom_menu":"0","ocean_menu_typo_font_family":"0","ocean_menu_typo_font_subset":"","ocean_menu_typo_font_size":0,"ocean_menu_typo_font_size_tablet":0,"ocean_menu_typo_font_size_mobile":0,"ocean_menu_typo_font_size_unit":"px","ocean_menu_typo_font_weight":"","ocean_menu_typo_font_weight_tablet":"","ocean_menu_typo_font_weight_mobile":"","ocean_menu_typo_transform":"","ocean_menu_typo_transform_tablet":"","ocean_menu_typo_transform_mobile":"","ocean_menu_typo_line_height":0,"ocean_menu_typo_line_height_tablet":0,"ocean_menu_typo_line_height_mobile":0,"ocean_menu_typo_line_height_unit":"","ocean_menu_typo_spacing":0,"ocean_menu_typo_spacing_tablet":0,"ocean_menu_typo_spacing_mobile":0,"ocean_menu_typo_spacing_unit":"","ocean_menu_link_color":"","ocean_menu_link_color_hover":"","ocean_menu_link_color_active":"","ocean_menu_link_background":"","ocean_menu_link_hover_background":"","ocean_menu_link_active_background":"","ocean_menu_social_links_bg":"","ocean_menu_social_hover_links_bg":"","ocean_menu_social_links_color":"","ocean_menu_social_hover_links_color":"","ocean_disable_title":"default","ocean_disable_heading":"default","ocean_post_title":"","ocean_post_subheading":"","ocean_post_title_style":"","ocean_post_title_background_color":"","ocean_post_title_background":0,"ocean_post_title_bg_image_position":"","ocean_post_title_bg_image_attachment":"","ocean_post_title_bg_image_repeat":"","ocean_post_title_bg_image_size":"","ocean_post_title_height":0,"ocean_post_title_bg_overlay":0.5,"ocean_post_title_bg_overlay_color":"","ocean_disable_breadcrumbs":"default","ocean_breadcrumbs_color":"","ocean_breadcrumbs_separator_color":"","ocean_breadcrumbs_links_color":"","ocean_breadcrumbs_links_hover_color":"","ocean_display_footer_widgets":"default","ocean_display_footer_bottom":"default","ocean_custom_footer_template":"0","footnotes":"","_links_to":"","_links_to_target":""},"class_list":["post-230","page","type-page","status-publish","hentry","entry"],"acf":[],"_links":{"self":[{"href":"https:\/\/sites.usp.br\/latm\/wp-json\/wp\/v2\/pages\/230","targetHints":{"allow":["GET"]}}],"collection":[{"href":"https:\/\/sites.usp.br\/latm\/wp-json\/wp\/v2\/pages"}],"about":[{"href":"https:\/\/sites.usp.br\/latm\/wp-json\/wp\/v2\/types\/page"}],"author":[{"embeddable":true,"href":"https:\/\/sites.usp.br\/latm\/wp-json\/wp\/v2\/users\/23652"}],"replies":[{"embeddable":true,"href":"https:\/\/sites.usp.br\/latm\/wp-json\/wp\/v2\/comments?post=230"}],"version-history":[{"count":5,"href":"https:\/\/sites.usp.br\/latm\/wp-json\/wp\/v2\/pages\/230\/revisions"}],"predecessor-version":[{"id":662,"href":"https:\/\/sites.usp.br\/latm\/wp-json\/wp\/v2\/pages\/230\/revisions\/662"}],"wp:attachment":[{"href":"https:\/\/sites.usp.br\/latm\/wp-json\/wp\/v2\/media?parent=230"}],"curies":[{"name":"wp","href":"https:\/\/api.w.org\/{rel}","templated":true}]}}