{"id":237,"date":"2023-10-20T14:34:19","date_gmt":"2023-10-20T17:34:19","guid":{"rendered":"https:\/\/sites.usp.br\/latm\/?page_id=237"},"modified":"2023-10-27T19:07:14","modified_gmt":"2023-10-27T22:07:14","slug":"tv-3-0","status":"publish","type":"page","link":"https:\/\/sites.usp.br\/latm\/tv-3-0\/","title":{"rendered":"TV 3.0"},"content":{"rendered":"<h1>TV 3.0<\/h1>\n<div class=\"page\" title=\"Page 33\">\n<div class=\"layoutArea\">\n<div class=\"column\">\n<div class=\"page\" title=\"Page 25\">\n<div class=\"layoutArea\">\n<div class=\"column\">\n<p>O <a href=\"https:\/\/forumsbtvd.org.br\/tv3_0\/\">projeto TV3.0<\/a> e\u0301 uma iniciativa do governo federal e do <a href=\"https:\/\/forumsbtvd.org.br\">Fo\u0301rum do Sistema Brasileiro de TV Digital (SBTVD)<\/a> dirigido ao desenvolvimento da pro\u0301xima gerac\u0327a\u0303o de TV Digital no Brasil, denominada TV 3.0, e esperada para entrada em operac\u0327a\u0303o comercial em 2025.<\/p>\n<p>O projeto tem 3 fases previstas. Sua Fase 2 foi realizada em 2021 e objetivou a avaliac\u0327a\u0303o e testes das tecnologias candidatas para comporem o novo sistema. Esta fase foi realizada em escala nacional, com grupos de testes organizados pelas diferentes camadas te\u0301cnicas do Sistema Brasileiro de TV Digital (SBTVD) e executados por distintos grupos de pesquisa de va\u0301rias universidades brasileiras, atendendo ao disposto na <a href=\"https:\/\/forumsbtvd.org.br\/wp-content\/uploads\/2021\/03\/SBTVD-TV_3_0-P2_TE_2021-03-15.pdf\">Chamada Pu\u0301blica do SBTVD \u201cTV 3.0 CfP Fase 2 \/ Teste e Avaliac\u0327a\u0303o\u201d<\/a>.<\/p>\n<p><strong>USP TEST LAB<\/strong><\/p>\n<p>No Projeto TV3.0 o USP TEST LAB realizou os 13 grupos de testes laboratoriais referentes a\u0300 Camada de Codificac\u0327a\u0303o de A\u0301udio do sistema, conforme dispostos como requisitos na Chamada. O USP TEST LAB \u00e9 constitu\u00eddo pela associac\u0327a\u0303o das compete\u0302ncias do Laborato\u0301rio de A\u0301udio e Tecnologias Musicais (LATM\/EACH\/USP) e do Laborato\u0301rio de Arte, Mi\u0301dia e Tecnologias Digitais (LabArteMi\u0301dia), vinculado ao Departamento de Cinema, Ra\u0301dio e Televisa\u0303o (CTR\/ECA\/USP) e tambe\u0301m do Nu\u0301cleo de Engenharia de A\u0301udio e Codificac\u0327a\u0303o Sonora (NEAC\/LSI-EP-USP).<\/p>\n<p>O USP TEST LAB do projeto TV3.0 em sua fase 2 teve 8 pesquisadores integrantes:<\/p>\n<ul>\n<li>Prof. Regis Rossi Alves Faria (EACH\/USP, coordenador)<\/li>\n<li>Prof. Almir Antonio Rosa (CTR\/ECA\/USP, co-coordenador)<\/li>\n<li>Prof. Eduardo Simo\u0303es dos Santos Mendes (CTR\/ECA\/USP, especialista em edic\u0327a\u0303o de som e sound design em cinema, como supervisor geral de testes)<\/li>\n<li>Profa. Ana Ame\u0301lia Benedito Silva (SI\/EACH\/USP, atuando no planejamento, ana\u0301lise e documentac\u0327a\u0303o de testes)<\/li>\n<li>MSc. Sandro Dalla Costa (CTR\/ECA\/USP, especialista em comunicac\u0327a\u0303o e tecnologia, com e\u0302nfase em som para cinema, ra\u0301dio, televisa\u0303o, meios digitais e de streaming)<\/li>\n<li>MSc. Doutorando Douglas Henrique Siqueira Abreu (UNICAMP, engenheiro especialista em processamento de sinais, a\u0301udio acu\u0301stica e computac\u0327a\u0303o)<\/li>\n<li>Gabriel Kendy Faria Komatsu (graduando em Sistemas de Informac\u0327a\u0303o, EACH\/USP)<\/li>\n<li>Henrique Ferreira Rozena (graduando em Design de Mi\u0301dias Digitais, Faculdade de Tecnologia Estadual Paula Souza)<\/li>\n<\/ul>\n<p>Os resultados dos testes, em conjunto com outros elementos de ana\u0301lise de mercado e de propriedade intelectual das tecnologias testadas, objetivam subsidiar as deciso\u0303es do Governo Federal sobre as tecnologias a serem adotadas para a 3a. gerac\u0327a\u0303o de TV digital no Brasil. Os relat\u00f3rios finais desta fase est\u00e3o <a href=\"https:\/\/forumsbtvd.org.br\/tv3_0\/#panel-phase2\">publicados no site<\/a> do F\u00f3rum SBTVD.<\/p>\n<p><strong>Fase 3<\/strong><\/p>\n<p>Na fase atual (fase 3) os grupos de trabalho (GT) est\u00e3o focalizados nos desenvolvimentos e testes de tecnologias adicionais bem como no processo de implementa\u00e7\u00e3o do novo sistema. <span class=\"HwtZe\" lang=\"pt\"><span class=\"jCAhz ChMk0b\"><span class=\"ryNqvb\">Os trabalhos seguem em conformidade com o <a href=\"http:\/\/www.planalto .gov.br\/ccivil_03\/_ato2023-2026\/2023\/decreto\/D11484.htm\">Decreto Presidencial n\u00ba 11.484<\/a> publicado em abril de 2023, que estabelece as diretrizes para a evolu\u00e7\u00e3o do Sistema Brasileiro de Televis\u00e3o Digital Terrestre e para garantir a disponibilidade do espectro radioel\u00e9trico para sua implanta\u00e7\u00e3o<\/span><\/span>.<\/span><\/p>\n<p><strong>O \u00e1udio na TV3.0<\/strong><\/p>\n<p>O novo sistema de TV Digital dever\u00e1 integrar novos servi\u00e7os \u00e0 radiodifus\u00e3o livre da televis\u00e3o e oferecer novas modalidades de acesso \u00e0 programa\u00e7\u00e3o das emissoras bem como novas funcionalidades. No contexto de \u00e1udio, algumas novas funcionalidades v\u00e3o permitir ao espectador:<\/p>\n<ul style=\"list-style-type: square;\">\n<li><span class=\"HwtZe\" lang=\"pt\"><span class=\"jCAhz ChMk0b\"><span class=\"ryNqvb\">alterar as op\u00e7\u00f5es de \u00e1udio preferidas dentre as op\u00e7\u00f5es dispon\u00edveis transmitidas no programa<br \/>\n<\/span><\/span><\/span><\/li>\n<li><span class=\"HwtZe\" lang=\"pt\"><span class=\"jCAhz ChMk0b\"><span class=\"ryNqvb\">mudar o idioma<\/span><\/span> <span class=\"jCAhz ChMk0b\"><span class=\"ryNqvb\">de narra\u00e7\u00e3o e decidir pelo uso ou n\u00e3o do recurso de audiodescri\u00e7\u00e3o<\/span><\/span> <\/span><\/li>\n<li><span class=\"HwtZe\" lang=\"pt\"><span class=\"jCAhz ChMk0b\"><span class=\"ryNqvb\">alterar a configura\u00e7\u00e3o de reprodu\u00e7\u00e3o, podendo optar por 2D ou 3D para uma experi\u00eancia de imers\u00e3o sonora completa, e utilizar <\/span><\/span><\/span><span class=\"HwtZe\" lang=\"pt\"><span class=\"jCAhz ChMk0b\"><span class=\"ryNqvb\">al\u00e9m dos alto-falantes da televis\u00e3o <\/span><\/span><\/span><span class=\"HwtZe\" lang=\"pt\"><span class=\"jCAhz ChMk0b\"><span class=\"ryNqvb\">sistemas de alto-falantes Surround 5.1\/7.1 e 5.1+4H, ou soundbars<br \/>\n<\/span><\/span><\/span><\/li>\n<li><span class=\"HwtZe\" lang=\"pt\"><span class=\"jCAhz ChMk0b\"><span class=\"ryNqvb\">escolher quais elementos sonoros (ou objetos) do programa quer ouvir (por exemplo escolhendo o narrador e o som de fundo) e poder modificar o <\/span><\/span><span class=\"jCAhz ChMk0b\"><span class=\"ryNqvb\">n\u00edvel de presen\u00e7a de sons espec\u00edficos (ajuste de volume) e a posi\u00e7\u00e3o espacial (dire\u00e7\u00e3o de onde vem o som)<br \/>\n<\/span><\/span><\/span><\/li>\n<li><span class=\"HwtZe\" lang=\"pt\"><span class=\"jCAhz ChMk0b\"><span class=\"ryNqvb\">definir o posicionamento ao seu redor para sons espec\u00edficos no programa (configura\u00e7\u00e3o de panorama)<\/span><\/span> <span class=\"jCAhz ChMk0b\"><span class=\"ryNqvb\">e a proemin\u00eancia do som<\/span><\/span> <span class=\"jCAhz ChMk0b\"><span class=\"ryNqvb\">2D ou 3D (com eleva\u00e7\u00e3o)<\/span><\/span><\/span><\/li>\n<\/ul>\n<p>O LATM tem trabalhado no desenvolvimento de novas ferramentas para produ\u00e7\u00e3o sonora 3D para audiovisual e m\u00fasica digital, como o m\u00f3dulo AUDIENCE S3P (<em>Spatial Sound Scene Production<\/em>) e com desenvolvimentos e testes complementares para sistemas plataformas de consumo de RV\/XR, calibrac\u0327a\u0303o de resoluc\u0327a\u0303o, processos e ferramentas para autoria 3D, produc\u0327a\u0303o de conteu\u0301do para testes, e integrac\u0327a\u0303o com normas MPEG, particularmente participando do WG6 (ISO\/MPEG Working Group 6 Audio) no desenvolvimento da nova norma internacional MPEG-I (ISO\/IEC 23090 &#8211; <em>Coded Representation of Immersive Media, Part 4: Immersive Audio<\/em>).<\/p>\n<p>Para informa\u00e7\u00f5es adicionais e interesse em participar entre em contato com o LATM.<\/p>\n<\/div>\n<\/div>\n<\/div>\n<\/div>\n<\/div>\n<\/div>\n","protected":false},"excerpt":{"rendered":"<p>TV 3.0 O projeto TV3.0 e\u0301 uma iniciativa do governo federal e do Fo\u0301rum do Sistema Brasileiro de TV Digital (SBTVD) dirigido ao desenvolvimento da pro\u0301xima gerac\u0327a\u0303o de TV Digital no Brasil, denominada TV 3.0, e esperada para entrada em operac\u0327a\u0303o comercial em 2025. O projeto tem 3 fases previstas. Sua Fase 2 foi realizada [&hellip;]<\/p>\n","protected":false},"author":23652,"featured_media":0,"parent":0,"menu_order":0,"comment_status":"closed","ping_status":"closed","template":"","meta":{"_acf_changed":false,"ocean_post_layout":"","ocean_both_sidebars_style":"","ocean_both_sidebars_content_width":0,"ocean_both_sidebars_sidebars_width":0,"ocean_sidebar":"0","ocean_second_sidebar":"0","ocean_disable_margins":"enable","ocean_add_body_class":"","ocean_shortcode_before_top_bar":"","ocean_shortcode_after_top_bar":"","ocean_shortcode_before_header":"","ocean_shortcode_after_header":"","ocean_has_shortcode":"","ocean_shortcode_after_title":"","ocean_shortcode_before_footer_widgets":"","ocean_shortcode_after_footer_widgets":"","ocean_shortcode_before_footer_bottom":"","ocean_shortcode_after_footer_bottom":"","ocean_display_top_bar":"default","ocean_display_header":"default","ocean_header_style":"","ocean_center_header_left_menu":"0","ocean_custom_header_template":"0","ocean_custom_logo":0,"ocean_custom_retina_logo":0,"ocean_custom_logo_max_width":0,"ocean_custom_logo_tablet_max_width":0,"ocean_custom_logo_mobile_max_width":0,"ocean_custom_logo_max_height":0,"ocean_custom_logo_tablet_max_height":0,"ocean_custom_logo_mobile_max_height":0,"ocean_header_custom_menu":"0","ocean_menu_typo_font_family":"0","ocean_menu_typo_font_subset":"","ocean_menu_typo_font_size":0,"ocean_menu_typo_font_size_tablet":0,"ocean_menu_typo_font_size_mobile":0,"ocean_menu_typo_font_size_unit":"px","ocean_menu_typo_font_weight":"","ocean_menu_typo_font_weight_tablet":"","ocean_menu_typo_font_weight_mobile":"","ocean_menu_typo_transform":"","ocean_menu_typo_transform_tablet":"","ocean_menu_typo_transform_mobile":"","ocean_menu_typo_line_height":0,"ocean_menu_typo_line_height_tablet":0,"ocean_menu_typo_line_height_mobile":0,"ocean_menu_typo_line_height_unit":"","ocean_menu_typo_spacing":0,"ocean_menu_typo_spacing_tablet":0,"ocean_menu_typo_spacing_mobile":0,"ocean_menu_typo_spacing_unit":"","ocean_menu_link_color":"","ocean_menu_link_color_hover":"","ocean_menu_link_color_active":"","ocean_menu_link_background":"","ocean_menu_link_hover_background":"","ocean_menu_link_active_background":"","ocean_menu_social_links_bg":"","ocean_menu_social_hover_links_bg":"","ocean_menu_social_links_color":"","ocean_menu_social_hover_links_color":"","ocean_disable_title":"default","ocean_disable_heading":"default","ocean_post_title":"","ocean_post_subheading":"","ocean_post_title_style":"","ocean_post_title_background_color":"","ocean_post_title_background":0,"ocean_post_title_bg_image_position":"","ocean_post_title_bg_image_attachment":"","ocean_post_title_bg_image_repeat":"","ocean_post_title_bg_image_size":"","ocean_post_title_height":0,"ocean_post_title_bg_overlay":0.5,"ocean_post_title_bg_overlay_color":"","ocean_disable_breadcrumbs":"default","ocean_breadcrumbs_color":"","ocean_breadcrumbs_separator_color":"","ocean_breadcrumbs_links_color":"","ocean_breadcrumbs_links_hover_color":"","ocean_display_footer_widgets":"default","ocean_display_footer_bottom":"default","ocean_custom_footer_template":"0","footnotes":"","_links_to":"","_links_to_target":""},"class_list":["post-237","page","type-page","status-publish","hentry","entry"],"acf":[],"_links":{"self":[{"href":"https:\/\/sites.usp.br\/latm\/wp-json\/wp\/v2\/pages\/237","targetHints":{"allow":["GET"]}}],"collection":[{"href":"https:\/\/sites.usp.br\/latm\/wp-json\/wp\/v2\/pages"}],"about":[{"href":"https:\/\/sites.usp.br\/latm\/wp-json\/wp\/v2\/types\/page"}],"author":[{"embeddable":true,"href":"https:\/\/sites.usp.br\/latm\/wp-json\/wp\/v2\/users\/23652"}],"replies":[{"embeddable":true,"href":"https:\/\/sites.usp.br\/latm\/wp-json\/wp\/v2\/comments?post=237"}],"version-history":[{"count":4,"href":"https:\/\/sites.usp.br\/latm\/wp-json\/wp\/v2\/pages\/237\/revisions"}],"predecessor-version":[{"id":482,"href":"https:\/\/sites.usp.br\/latm\/wp-json\/wp\/v2\/pages\/237\/revisions\/482"}],"wp:attachment":[{"href":"https:\/\/sites.usp.br\/latm\/wp-json\/wp\/v2\/media?parent=237"}],"curies":[{"name":"wp","href":"https:\/\/api.w.org\/{rel}","templated":true}]}}