{"id":239,"date":"2023-10-20T14:34:50","date_gmt":"2023-10-20T17:34:50","guid":{"rendered":"https:\/\/sites.usp.br\/latm\/?page_id=239"},"modified":"2023-10-27T20:00:17","modified_gmt":"2023-10-27T23:00:17","slug":"feedback-loop","status":"publish","type":"page","link":"https:\/\/sites.usp.br\/latm\/feedback-loop\/","title":{"rendered":"Feedback-loop"},"content":{"rendered":"<h1>Estruturas musicais emergentes em Ecossistemas Aud\u00edveis<\/h1>\n<p>Projeto de pesquisa (Doutorado) em processos de cria\u00e7\u00e3o musical e desenvolvimento de tecnologias musicais para cria\u00e7\u00e3o e performance em ecossistemas aud\u00edveis.<\/p>\n<p>Palavras-chave: Ecossistemas aud\u00edveis. Teorias da Emerg\u00eancia. Controle de Retroalimenta\u00e7\u00e3o. Processos de cria\u00e7\u00e3o musical. Performance ecossist\u00eamica.<\/p>\n<p>Este trabalho investiga possibilidades de estrutura\u00e7\u00e3o musical com base em teorias de emerg\u00eancias, encontrando no modelo dos ecossistemas aud\u00edveis um territ\u00f3rio f\u00e9rtil para pesquisa experimental e art\u00edstica. A inclus\u00e3o do ambiente ac\u00fastico como um componente ativo do sistema musical convida a uma reconsidera\u00e7\u00e3o no uso de t\u00e9cnicas cl\u00e1ssicas para cria\u00e7\u00e3o e modelagem sonora, bem como no uso de modelos tradicionais de performance eletroac\u00fastica, atrav\u00e9s de uma cr\u00edtica sobre o papel das intera\u00e7\u00f5es sob uma perspectiva qualitativa. Nesse sentido, parte-se da no\u00e7\u00e3o de composi\u00e7\u00e3o de intera\u00e7\u00f5es em dire\u00e7\u00e3o \u00e0 composi\u00e7\u00e3o de rela\u00e7\u00f5es, onde processos reativos, interativos e interdependentes beneficiam uma abordagem criativa amparada pela ideia de estruturas emergentes modeladas. Tomamos como hip\u00f3tese inicial a possibilidade de elabora\u00e7\u00e3o de estrat\u00e9gias de controle de estruturas emergentes atrav\u00e9s da instrumentaliza\u00e7\u00e3o do la\u00e7o de retroalimenta\u00e7\u00e3o como elemento formador do ecossistema aud\u00edvel. Para tanto, foi desenvolvido um modelo de controle de retroalimenta\u00e7\u00e3o ac\u00fastica- digital que possibilitou a observa\u00e7\u00e3o, estudo e modelagem de ecossistema aud\u00edvel. As estrat\u00e9gias de controle decorrentes comp\u00f5em o Instrumento Espacial, utilizado para performance com ecossistemas aud\u00edveis. Como causa e consequ\u00eancia deste desenvolvimento, elaborou-se uma metodologia de modelagem e an\u00e1lise multin\u00edvel com um quadro te\u00f3rico espec\u00edfico para elucidar a estrutura e comportamento organizacional do ecossistema aud\u00edvel criado. A natureza comportamental do ecossistema aud\u00edvel aparece como objeto de an\u00e1lise e confronto com as pr\u00e1ticas contempor\u00e2neas, provocando um debate cr\u00edtico distinguindo aplica\u00e7\u00f5es gen\u00e9ricas e fetichistas dos conceitos de estruturas emergentes e interatividade. Os resultados obtidos e o debate cr\u00edtico associado contribuem para que se lance novos olhares sobre a performance musical contempor\u00e2nea e sobre o papel da pesquisa em artes em um cen\u00e1rio cient\u00edfico multidisciplinar.<\/p>\n<p>Tese: THOMASI, Ricardo de Oliveira. <em>Estudos Ecos e vislumbres de uma performance musical ecossist\u00eamica: uma investiga\u00e7\u00e3o sobre estrat\u00e9gias de controle de estruturas emergentes em ecossistemas aud\u00edveis<\/em>. 2022. Tese (Doutorado em Processos de Cria\u00e7\u00e3o Musical) &#8211; Escola de Comunica\u00e7\u00f5es e Artes, Universidade de S\u00e3o Paulo, S\u00e3o Paulo, 2022. <a href=\"https:\/\/doi.org\/10.11606\/T.27.2022.tde-26092022-113044\">doi:10.11606\/T.27.2022.tde-26092022-113044<\/a>.<\/p>\n","protected":false},"excerpt":{"rendered":"<p>Estruturas musicais emergentes em Ecossistemas Aud\u00edveis Projeto de pesquisa (Doutorado) em processos de cria\u00e7\u00e3o musical e desenvolvimento de tecnologias musicais para cria\u00e7\u00e3o e performance em ecossistemas aud\u00edveis. Palavras-chave: Ecossistemas aud\u00edveis. Teorias da Emerg\u00eancia. Controle de Retroalimenta\u00e7\u00e3o. Processos de cria\u00e7\u00e3o musical. Performance ecossist\u00eamica. Este trabalho investiga possibilidades de estrutura\u00e7\u00e3o musical com base em teorias de emerg\u00eancias, [&hellip;]<\/p>\n","protected":false},"author":23652,"featured_media":0,"parent":0,"menu_order":0,"comment_status":"closed","ping_status":"closed","template":"","meta":{"_acf_changed":false,"ocean_post_layout":"","ocean_both_sidebars_style":"","ocean_both_sidebars_content_width":0,"ocean_both_sidebars_sidebars_width":0,"ocean_sidebar":"0","ocean_second_sidebar":"0","ocean_disable_margins":"enable","ocean_add_body_class":"","ocean_shortcode_before_top_bar":"","ocean_shortcode_after_top_bar":"","ocean_shortcode_before_header":"","ocean_shortcode_after_header":"","ocean_has_shortcode":"","ocean_shortcode_after_title":"","ocean_shortcode_before_footer_widgets":"","ocean_shortcode_after_footer_widgets":"","ocean_shortcode_before_footer_bottom":"","ocean_shortcode_after_footer_bottom":"","ocean_display_top_bar":"default","ocean_display_header":"default","ocean_header_style":"","ocean_center_header_left_menu":"0","ocean_custom_header_template":"0","ocean_custom_logo":0,"ocean_custom_retina_logo":0,"ocean_custom_logo_max_width":0,"ocean_custom_logo_tablet_max_width":0,"ocean_custom_logo_mobile_max_width":0,"ocean_custom_logo_max_height":0,"ocean_custom_logo_tablet_max_height":0,"ocean_custom_logo_mobile_max_height":0,"ocean_header_custom_menu":"0","ocean_menu_typo_font_family":"0","ocean_menu_typo_font_subset":"","ocean_menu_typo_font_size":0,"ocean_menu_typo_font_size_tablet":0,"ocean_menu_typo_font_size_mobile":0,"ocean_menu_typo_font_size_unit":"px","ocean_menu_typo_font_weight":"","ocean_menu_typo_font_weight_tablet":"","ocean_menu_typo_font_weight_mobile":"","ocean_menu_typo_transform":"","ocean_menu_typo_transform_tablet":"","ocean_menu_typo_transform_mobile":"","ocean_menu_typo_line_height":0,"ocean_menu_typo_line_height_tablet":0,"ocean_menu_typo_line_height_mobile":0,"ocean_menu_typo_line_height_unit":"","ocean_menu_typo_spacing":0,"ocean_menu_typo_spacing_tablet":0,"ocean_menu_typo_spacing_mobile":0,"ocean_menu_typo_spacing_unit":"","ocean_menu_link_color":"","ocean_menu_link_color_hover":"","ocean_menu_link_color_active":"","ocean_menu_link_background":"","ocean_menu_link_hover_background":"","ocean_menu_link_active_background":"","ocean_menu_social_links_bg":"","ocean_menu_social_hover_links_bg":"","ocean_menu_social_links_color":"","ocean_menu_social_hover_links_color":"","ocean_disable_title":"default","ocean_disable_heading":"default","ocean_post_title":"","ocean_post_subheading":"","ocean_post_title_style":"","ocean_post_title_background_color":"","ocean_post_title_background":0,"ocean_post_title_bg_image_position":"","ocean_post_title_bg_image_attachment":"","ocean_post_title_bg_image_repeat":"","ocean_post_title_bg_image_size":"","ocean_post_title_height":0,"ocean_post_title_bg_overlay":0.5,"ocean_post_title_bg_overlay_color":"","ocean_disable_breadcrumbs":"default","ocean_breadcrumbs_color":"","ocean_breadcrumbs_separator_color":"","ocean_breadcrumbs_links_color":"","ocean_breadcrumbs_links_hover_color":"","ocean_display_footer_widgets":"default","ocean_display_footer_bottom":"default","ocean_custom_footer_template":"0","footnotes":"","_links_to":"","_links_to_target":""},"class_list":["post-239","page","type-page","status-publish","hentry","entry"],"acf":[],"_links":{"self":[{"href":"https:\/\/sites.usp.br\/latm\/wp-json\/wp\/v2\/pages\/239","targetHints":{"allow":["GET"]}}],"collection":[{"href":"https:\/\/sites.usp.br\/latm\/wp-json\/wp\/v2\/pages"}],"about":[{"href":"https:\/\/sites.usp.br\/latm\/wp-json\/wp\/v2\/types\/page"}],"author":[{"embeddable":true,"href":"https:\/\/sites.usp.br\/latm\/wp-json\/wp\/v2\/users\/23652"}],"replies":[{"embeddable":true,"href":"https:\/\/sites.usp.br\/latm\/wp-json\/wp\/v2\/comments?post=239"}],"version-history":[{"count":4,"href":"https:\/\/sites.usp.br\/latm\/wp-json\/wp\/v2\/pages\/239\/revisions"}],"predecessor-version":[{"id":492,"href":"https:\/\/sites.usp.br\/latm\/wp-json\/wp\/v2\/pages\/239\/revisions\/492"}],"wp:attachment":[{"href":"https:\/\/sites.usp.br\/latm\/wp-json\/wp\/v2\/media?parent=239"}],"curies":[{"name":"wp","href":"https:\/\/api.w.org\/{rel}","templated":true}]}}