{"id":241,"date":"2023-10-20T14:35:13","date_gmt":"2023-10-20T17:35:13","guid":{"rendered":"https:\/\/sites.usp.br\/latm\/?page_id=241"},"modified":"2025-03-29T20:59:28","modified_gmt":"2025-03-29T23:59:28","slug":"esteriotipia","status":"publish","type":"page","link":"https:\/\/sites.usp.br\/latm\/esteriotipia\/","title":{"rendered":"Esteriotipia"},"content":{"rendered":"<h1>Estereotipia Musical<\/h1>\n<h2>An\u00e1lise de Musemas Recorrentes em Trilhas Musicais Cinematogr\u00e1ficas<\/h2>\n<hr \/>\n<section>\n<div class=\"box alt\">\n<div class=\"row gtr-uniform\"><\/div>\n<\/div>\n<\/section>\n<h4>Computa\u00e7\u00e3o musical &#8211; Projeto de pesquisa de Doutorado<\/h4>\n<p>&nbsp;<\/p>\n<h3><img fetchpriority=\"high\" decoding=\"async\" class=\"wp-image-342 alignright\" style=\"font-size: 16px;\" src=\"https:\/\/sites.usp.br\/latm\/wp-content\/uploads\/sites\/980\/2023\/10\/imperial-300x184.png\" alt=\"\" width=\"333\" height=\"204\" srcset=\"https:\/\/sites.usp.br\/latm\/wp-content\/uploads\/sites\/980\/2023\/10\/imperial-300x184.png 300w, https:\/\/sites.usp.br\/latm\/wp-content\/uploads\/sites\/980\/2023\/10\/imperial.png 353w\" sizes=\"(max-width: 333px) 100vw, 333px\" \/><\/h3>\n<p><!--\n\n\n<h3>Introdu\u00e7\u00e3o<\/h3>\n\n\n--><\/p>\n<h4><img decoding=\"async\" class=\" wp-image-341 alignleft\" src=\"https:\/\/sites.usp.br\/latm\/wp-content\/uploads\/sites\/980\/2023\/10\/mysterious-300x184.png\" alt=\"\" width=\"333\" height=\"204\" srcset=\"https:\/\/sites.usp.br\/latm\/wp-content\/uploads\/sites\/980\/2023\/10\/mysterious-300x184.png 300w, https:\/\/sites.usp.br\/latm\/wp-content\/uploads\/sites\/980\/2023\/10\/mysterious.png 353w\" sizes=\"(max-width: 333px) 100vw, 333px\" \/><\/h4>\n<p>Identificam-se nas trilhas musicais cinematogr\u00e1ficas uma reitera\u00e7\u00e3o de elementos ou estruturas musicais que denominamos musemas que, vinculadas a certos movimentos imag\u00e9ticos ou moods, e reiteradas ao longo de d\u00e9cadas em sentidos conotativos semelhantes, ganharam significados extramusicais. As caracter\u00edsticas destas recorr\u00eancias no cinema sonoro, todavia, n\u00e3o s\u00e3o muito bem conhecidas. <i>[\u00e0 esquerda: trecho de uma colet\u00e2nea do in\u00edcio do s\u00e9c. 20, mostrando 6 musemas] [\u00e0 direita: trecho da Marcha Imperial de Star Wars mostrando musemas equivalentes]<\/i><\/p>\n<h4>Hip\u00f3tese<\/h4>\n<p>Propomos que estes musemas sejam identific\u00e1veis e extra\u00edveis, e que esta busca possa ser otimizada com o aux\u00edlio de ferramentas computacionais, como descritores musicais. Este projeto prop\u00f5e uma investiga\u00e7\u00e3o sobre musemas reiterados em g\u00eaneros cinematogr\u00e1ficos espec\u00edficos, levantando-se a quantidade e a forma como estes materiais musicais foram utilizados e o modo como foram vinculados \u00e0s imagens.<br \/>\nUtilizamos a An\u00e1lise Musem\u00e1tica desenvolvida por Philip Tagg (2003) para a compara\u00e7\u00e3o entre os musemas selecionados das cole\u00e7\u00f5es e os musemas encontrados em trilhas de filmes selecionados. A metodologia inclui uma fase de an\u00e1lise manual, com elei\u00e7\u00e3o dos musemas prim\u00e1rios (objeto de an\u00e1lise) para a extra\u00e7\u00e3o de caracter\u00edsticas. Uma sele\u00e7\u00e3o de filmes \u00e9 definida para compara\u00e7\u00e3o (material de compara\u00e7\u00e3o interobjetiva). Para extra\u00e7\u00e3o de musemas usamos descritores simb\u00f3licos, como nas ferramentas para descri\u00e7\u00e3o simb\u00f3lica <a href=\"https:\/\/www.music21.org\/music21docs\/\">Music21<\/a> e <a href=\"https:\/\/jmir.sourceforge.net\/jSymbolic.html\">JSymbolic<\/a>. Numa fase de avalia\u00e7\u00e3o experimental prevemos uma an\u00e1lise musem\u00e1tica com compara\u00e7\u00e3o interobjetiva entre musemas de refer\u00eancia e musemas de trilhas sonoras de filmes, buscando definir meios de classifica\u00e7\u00e3o de similaridade para testar a hip\u00f3tese. Ao produzir um mapeamento de exemplos e an\u00e1lises da recorr\u00eancia destes estere\u00f3tipos musicais, pretende-se fornecer um material de apoio a profissionais e pesquisadores do audiovisual para o estudo e cria\u00e7\u00e3o da narrativa sonora dentro do cinema ocidental.<\/p>\n<p><!--\n\n\n<div>\n\n\n\n<hr>\n\n\n\n\n\n<h2>Auxiliary Objects:<\/h2>\n\n\n&nbsp;\n\nThese patches plays distinct roles when it comes to their usage inside the Reactive distribution. Objects such as\nPatchbay and Nano are applyed for enhancing live performance. Antideadlock, voluminho, voluminhost and Faixa mainly integrates\nthe main object's structures in order to simplify processes acting as subpatches. Datatrack, progcurve and instr are useful when\nit comes to manipulating both data and signal.\n\n\n<div class=\"table-wrapper\">\n\n\n<table class=\"alt\">\n\n\n<thead>\n\n\n<tr>\n\n\n<th>Name<\/th>\n\n\n\n\n<th>Description<\/th>\n\n\n<\/tr>\n\n\n<\/thead>\n\n\n\n\n<tbody>\n\n\n<tr>\n\n\n<td>Datatrack<\/td>\n\n\n\n\n<td>Data management and control<\/td>\n\n\n<\/tr>\n\n\n\n\n<tr>\n\n\n<td>Progcurve<\/td>\n\n\n\n\n<td>Programable curve for data management and control in a Pure Data patch.<\/td>\n\n\n<\/tr>\n\n\n\n\n<tr>\n\n\n<td>Instr<\/td>\n\n\n\n\n<td>Instrument simulator.<\/td>\n\n\n<\/tr>\n\n\n\n\n<tr>\n\n\n<td>Ponta<\/td>\n\n\n\n\n<td>Probe for verifying signal points in patches.<\/td>\n\n\n<\/tr>\n\n\n\n\n<tr>\n\n\n<td>Nano<\/td>\n\n\n\n\n<td>Tool to expand Korg Nanokontrol2 surface controlability.<\/td>\n\n\n<\/tr>\n\n\n\n\n<tr>\n\n\n<td>Antideadlock<\/td>\n\n\n\n\n<td>Antideadlock for sliders.<\/td>\n\n\n<\/tr>\n\n\n\n\n<tr>\n\n\n<td>voluminho<\/td>\n\n\n\n\n<td>Mono volume slider with on\/off button.<\/td>\n\n\n<\/tr>\n\n\n\n\n<tr>\n\n\n<td>voluminhost<\/td>\n\n\n\n\n<td>Stereo volume slider with on\/off button.<\/td>\n\n\n<\/tr>\n\n\n\n\n<tr>\n\n\n<td>Faixa<\/td>\n\n\n\n\n<td>Range converter.<\/td>\n\n\n<\/tr>\n\n\n<\/tbody>\n\n\n\n\n<tfoot>\n\n\n<tr>\n\n\n<td colspan=\"2\"><\/td>\n\n\n<\/tr>\n\n\n<\/tfoot>\n\n\n<\/table>\n\n\n<\/div>\n\n\n<\/div>\n\n\n\n\n\n<hr>\n\n\n\n--><\/p>\n<section>\n<h3>Refer\u00eancias<\/h3>\n<p>1. TAGG, Philip. Music&#8217;s meanings: a modern musicology for non-musos. Nova York: MMMSP, 2013.<\/p>\n<p>2. OLIVEIRA, Juliano de. A significa\u00e7\u00e3o na m\u00fasica de cinema. Paco Editorial. Jundia\u00ed, 2018.<\/p>\n<p>3. MEREDITH, David. Computational Music Analysis. Springer. Su\u00ed\u00e7a, 2016.<\/p>\n<p>4. CUTHBERT, Michael; ARIZA, Cristopher T. music21: A Toolkit for Computer-Aided Musicology and Symbolic Music Data. Proceedings of the International Symposium on Music Information Retrieval. pp. 637-42, 2010.<\/p>\n<p>&nbsp;<\/p>\n<\/section>\n","protected":false},"excerpt":{"rendered":"<p>Estereotipia Musical An\u00e1lise de Musemas Recorrentes em Trilhas Musicais Cinematogr\u00e1ficas Computa\u00e7\u00e3o musical &#8211; Projeto de pesquisa de Doutorado &nbsp; Identificam-se nas trilhas musicais cinematogr\u00e1ficas uma reitera\u00e7\u00e3o de elementos ou estruturas musicais que denominamos musemas que, vinculadas a certos movimentos imag\u00e9ticos ou moods, e reiteradas ao longo de d\u00e9cadas em sentidos conotativos semelhantes, ganharam significados extramusicais. [&hellip;]<\/p>\n","protected":false},"author":23652,"featured_media":0,"parent":0,"menu_order":0,"comment_status":"closed","ping_status":"closed","template":"","meta":{"_acf_changed":false,"ocean_post_layout":"","ocean_both_sidebars_style":"","ocean_both_sidebars_content_width":0,"ocean_both_sidebars_sidebars_width":0,"ocean_sidebar":"0","ocean_second_sidebar":"0","ocean_disable_margins":"enable","ocean_add_body_class":"","ocean_shortcode_before_top_bar":"","ocean_shortcode_after_top_bar":"","ocean_shortcode_before_header":"","ocean_shortcode_after_header":"","ocean_has_shortcode":"","ocean_shortcode_after_title":"","ocean_shortcode_before_footer_widgets":"","ocean_shortcode_after_footer_widgets":"","ocean_shortcode_before_footer_bottom":"","ocean_shortcode_after_footer_bottom":"","ocean_display_top_bar":"default","ocean_display_header":"default","ocean_header_style":"","ocean_center_header_left_menu":"0","ocean_custom_header_template":"0","ocean_custom_logo":0,"ocean_custom_retina_logo":0,"ocean_custom_logo_max_width":0,"ocean_custom_logo_tablet_max_width":0,"ocean_custom_logo_mobile_max_width":0,"ocean_custom_logo_max_height":0,"ocean_custom_logo_tablet_max_height":0,"ocean_custom_logo_mobile_max_height":0,"ocean_header_custom_menu":"0","ocean_menu_typo_font_family":"0","ocean_menu_typo_font_subset":"","ocean_menu_typo_font_size":0,"ocean_menu_typo_font_size_tablet":0,"ocean_menu_typo_font_size_mobile":0,"ocean_menu_typo_font_size_unit":"px","ocean_menu_typo_font_weight":"","ocean_menu_typo_font_weight_tablet":"","ocean_menu_typo_font_weight_mobile":"","ocean_menu_typo_transform":"","ocean_menu_typo_transform_tablet":"","ocean_menu_typo_transform_mobile":"","ocean_menu_typo_line_height":0,"ocean_menu_typo_line_height_tablet":0,"ocean_menu_typo_line_height_mobile":0,"ocean_menu_typo_line_height_unit":"","ocean_menu_typo_spacing":0,"ocean_menu_typo_spacing_tablet":0,"ocean_menu_typo_spacing_mobile":0,"ocean_menu_typo_spacing_unit":"","ocean_menu_link_color":"","ocean_menu_link_color_hover":"","ocean_menu_link_color_active":"","ocean_menu_link_background":"","ocean_menu_link_hover_background":"","ocean_menu_link_active_background":"","ocean_menu_social_links_bg":"","ocean_menu_social_hover_links_bg":"","ocean_menu_social_links_color":"","ocean_menu_social_hover_links_color":"","ocean_disable_title":"default","ocean_disable_heading":"default","ocean_post_title":"","ocean_post_subheading":"","ocean_post_title_style":"","ocean_post_title_background_color":"","ocean_post_title_background":0,"ocean_post_title_bg_image_position":"","ocean_post_title_bg_image_attachment":"","ocean_post_title_bg_image_repeat":"","ocean_post_title_bg_image_size":"","ocean_post_title_height":0,"ocean_post_title_bg_overlay":0.5,"ocean_post_title_bg_overlay_color":"","ocean_disable_breadcrumbs":"default","ocean_breadcrumbs_color":"","ocean_breadcrumbs_separator_color":"","ocean_breadcrumbs_links_color":"","ocean_breadcrumbs_links_hover_color":"","ocean_display_footer_widgets":"default","ocean_display_footer_bottom":"default","ocean_custom_footer_template":"0","footnotes":"","_links_to":"","_links_to_target":""},"class_list":["post-241","page","type-page","status-publish","hentry","entry"],"acf":[],"_links":{"self":[{"href":"https:\/\/sites.usp.br\/latm\/wp-json\/wp\/v2\/pages\/241","targetHints":{"allow":["GET"]}}],"collection":[{"href":"https:\/\/sites.usp.br\/latm\/wp-json\/wp\/v2\/pages"}],"about":[{"href":"https:\/\/sites.usp.br\/latm\/wp-json\/wp\/v2\/types\/page"}],"author":[{"embeddable":true,"href":"https:\/\/sites.usp.br\/latm\/wp-json\/wp\/v2\/users\/23652"}],"replies":[{"embeddable":true,"href":"https:\/\/sites.usp.br\/latm\/wp-json\/wp\/v2\/comments?post=241"}],"version-history":[{"count":5,"href":"https:\/\/sites.usp.br\/latm\/wp-json\/wp\/v2\/pages\/241\/revisions"}],"predecessor-version":[{"id":644,"href":"https:\/\/sites.usp.br\/latm\/wp-json\/wp\/v2\/pages\/241\/revisions\/644"}],"wp:attachment":[{"href":"https:\/\/sites.usp.br\/latm\/wp-json\/wp\/v2\/media?parent=241"}],"curies":[{"name":"wp","href":"https:\/\/api.w.org\/{rel}","templated":true}]}}