{"id":247,"date":"2023-10-20T14:36:21","date_gmt":"2023-10-20T17:36:21","guid":{"rendered":"https:\/\/sites.usp.br\/latm\/?page_id=247"},"modified":"2023-10-23T21:46:14","modified_gmt":"2023-10-24T00:46:14","slug":"audio-diagnostico","status":"publish","type":"page","link":"https:\/\/sites.usp.br\/latm\/audio-diagnostico\/","title":{"rendered":"Audio-Diagn\u00f3stico"},"content":{"rendered":"<h1>An\u00e1lise de respira\u00e7\u00e3o para audiodiagn\u00f3stico<\/h1>\n<h3>Projeto na \u00e1rea de an\u00e1lise sonora\/musical<\/h3>\n<p><img fetchpriority=\"high\" decoding=\"async\" class=\"alignnone wp-image-335\" src=\"https:\/\/sites.usp.br\/latm\/wp-content\/uploads\/sites\/980\/2023\/10\/som_respiracao-300x169.jpg\" alt=\"\" width=\"726\" height=\"409\" srcset=\"https:\/\/sites.usp.br\/latm\/wp-content\/uploads\/sites\/980\/2023\/10\/som_respiracao-300x169.jpg 300w, https:\/\/sites.usp.br\/latm\/wp-content\/uploads\/sites\/980\/2023\/10\/som_respiracao-1024x576.jpg 1024w, https:\/\/sites.usp.br\/latm\/wp-content\/uploads\/sites\/980\/2023\/10\/som_respiracao-768x432.jpg 768w, https:\/\/sites.usp.br\/latm\/wp-content\/uploads\/sites\/980\/2023\/10\/som_respiracao-800x450.jpg 800w, https:\/\/sites.usp.br\/latm\/wp-content\/uploads\/sites\/980\/2023\/10\/som_respiracao-310x174.jpg 310w, https:\/\/sites.usp.br\/latm\/wp-content\/uploads\/sites\/980\/2023\/10\/som_respiracao.jpg 1280w\" sizes=\"(max-width: 726px) 100vw, 726px\" \/><\/p>\n<p>&nbsp;<\/p>\n<p>No contexto da pandemia por COVID-19, a identifica\u00e7\u00e3o r\u00e1pida e domiciliar de sintomas que requeiram cuidados m\u00e9dicos por diagn\u00f3stico n\u00e3o invasivo e sem exposi\u00e7\u00e3o social pode ser uma ferramenta muito \u00fatil para garantir a\u00e7\u00e3o r\u00e1pida em casos potencialmente graves de problemas respirat\u00f3rios.<\/p>\n<p>Buscamos neste projeto pesquisar descritores e esquemas para infer\u00eancia em bioac\u00fastica para analisar grava\u00e7\u00f5es de respira\u00e7\u00e3o de indiv\u00edduos saud\u00e1veis e infectados pelo novo coronav\u00edrus feitas por celular em diferentes est\u00e1gios da infec\u00e7\u00e3o, e verificar a emerg\u00eancia de padr\u00f5es respirat\u00f3rios indicativos de aten\u00e7\u00e3o. Uma etapa ser\u00e1 validar a efic\u00e1cia de t\u00e9cnicas de an\u00e1lises e classifica\u00e7\u00e3o para \u00e1udio-diagn\u00f3stico diferencial e ent\u00e3o numa etapa posterior propor uma ferramenta como website ou aplicativo para uso disseminado para a sociedade.<\/p>\n<h3>Pesquisadores<\/h3>\n<p>Atualmente a equipe \u00e9 composta por:<\/p>\n<ul>\n<li>Eduardo Bonachela da Silva (EACH-USP)<\/li>\n<li>Prof. Dr. Regis Rossi A. Faria (EACH-USP)<\/li>\n<\/ul>\n<h3>Financiamento<\/h3>\n<p>PIBIC\/CNPq (Inicia\u00e7\u00e3o Cient\u00edfica)<\/p>\n","protected":false},"excerpt":{"rendered":"<p>An\u00e1lise de respira\u00e7\u00e3o para audiodiagn\u00f3stico Projeto na \u00e1rea de an\u00e1lise sonora\/musical &nbsp; No contexto da pandemia por COVID-19, a identifica\u00e7\u00e3o r\u00e1pida e domiciliar de sintomas que requeiram cuidados m\u00e9dicos por diagn\u00f3stico n\u00e3o invasivo e sem exposi\u00e7\u00e3o social pode ser uma ferramenta muito \u00fatil para garantir a\u00e7\u00e3o r\u00e1pida em casos potencialmente graves de problemas respirat\u00f3rios. Buscamos [&hellip;]<\/p>\n","protected":false},"author":23652,"featured_media":0,"parent":0,"menu_order":0,"comment_status":"closed","ping_status":"closed","template":"","meta":{"_acf_changed":false,"ocean_post_layout":"","ocean_both_sidebars_style":"","ocean_both_sidebars_content_width":0,"ocean_both_sidebars_sidebars_width":0,"ocean_sidebar":"0","ocean_second_sidebar":"0","ocean_disable_margins":"enable","ocean_add_body_class":"","ocean_shortcode_before_top_bar":"","ocean_shortcode_after_top_bar":"","ocean_shortcode_before_header":"","ocean_shortcode_after_header":"","ocean_has_shortcode":"","ocean_shortcode_after_title":"","ocean_shortcode_before_footer_widgets":"","ocean_shortcode_after_footer_widgets":"","ocean_shortcode_before_footer_bottom":"","ocean_shortcode_after_footer_bottom":"","ocean_display_top_bar":"default","ocean_display_header":"default","ocean_header_style":"","ocean_center_header_left_menu":"0","ocean_custom_header_template":"0","ocean_custom_logo":0,"ocean_custom_retina_logo":0,"ocean_custom_logo_max_width":0,"ocean_custom_logo_tablet_max_width":0,"ocean_custom_logo_mobile_max_width":0,"ocean_custom_logo_max_height":0,"ocean_custom_logo_tablet_max_height":0,"ocean_custom_logo_mobile_max_height":0,"ocean_header_custom_menu":"0","ocean_menu_typo_font_family":"0","ocean_menu_typo_font_subset":"","ocean_menu_typo_font_size":0,"ocean_menu_typo_font_size_tablet":0,"ocean_menu_typo_font_size_mobile":0,"ocean_menu_typo_font_size_unit":"px","ocean_menu_typo_font_weight":"","ocean_menu_typo_font_weight_tablet":"","ocean_menu_typo_font_weight_mobile":"","ocean_menu_typo_transform":"","ocean_menu_typo_transform_tablet":"","ocean_menu_typo_transform_mobile":"","ocean_menu_typo_line_height":0,"ocean_menu_typo_line_height_tablet":0,"ocean_menu_typo_line_height_mobile":0,"ocean_menu_typo_line_height_unit":"","ocean_menu_typo_spacing":0,"ocean_menu_typo_spacing_tablet":0,"ocean_menu_typo_spacing_mobile":0,"ocean_menu_typo_spacing_unit":"","ocean_menu_link_color":"","ocean_menu_link_color_hover":"","ocean_menu_link_color_active":"","ocean_menu_link_background":"","ocean_menu_link_hover_background":"","ocean_menu_link_active_background":"","ocean_menu_social_links_bg":"","ocean_menu_social_hover_links_bg":"","ocean_menu_social_links_color":"","ocean_menu_social_hover_links_color":"","ocean_disable_title":"default","ocean_disable_heading":"default","ocean_post_title":"","ocean_post_subheading":"","ocean_post_title_style":"","ocean_post_title_background_color":"","ocean_post_title_background":0,"ocean_post_title_bg_image_position":"","ocean_post_title_bg_image_attachment":"","ocean_post_title_bg_image_repeat":"","ocean_post_title_bg_image_size":"","ocean_post_title_height":0,"ocean_post_title_bg_overlay":0.5,"ocean_post_title_bg_overlay_color":"","ocean_disable_breadcrumbs":"default","ocean_breadcrumbs_color":"","ocean_breadcrumbs_separator_color":"","ocean_breadcrumbs_links_color":"","ocean_breadcrumbs_links_hover_color":"","ocean_display_footer_widgets":"default","ocean_display_footer_bottom":"default","ocean_custom_footer_template":"0","footnotes":"","_links_to":"","_links_to_target":""},"class_list":["post-247","page","type-page","status-publish","hentry","entry"],"acf":[],"_links":{"self":[{"href":"https:\/\/sites.usp.br\/latm\/wp-json\/wp\/v2\/pages\/247","targetHints":{"allow":["GET"]}}],"collection":[{"href":"https:\/\/sites.usp.br\/latm\/wp-json\/wp\/v2\/pages"}],"about":[{"href":"https:\/\/sites.usp.br\/latm\/wp-json\/wp\/v2\/types\/page"}],"author":[{"embeddable":true,"href":"https:\/\/sites.usp.br\/latm\/wp-json\/wp\/v2\/users\/23652"}],"replies":[{"embeddable":true,"href":"https:\/\/sites.usp.br\/latm\/wp-json\/wp\/v2\/comments?post=247"}],"version-history":[{"count":3,"href":"https:\/\/sites.usp.br\/latm\/wp-json\/wp\/v2\/pages\/247\/revisions"}],"predecessor-version":[{"id":337,"href":"https:\/\/sites.usp.br\/latm\/wp-json\/wp\/v2\/pages\/247\/revisions\/337"}],"wp:attachment":[{"href":"https:\/\/sites.usp.br\/latm\/wp-json\/wp\/v2\/media?parent=247"}],"curies":[{"name":"wp","href":"https:\/\/api.w.org\/{rel}","templated":true}]}}