{"id":359,"date":"2023-10-23T22:51:50","date_gmt":"2023-10-24T01:51:50","guid":{"rendered":"https:\/\/sites.usp.br\/latm\/?page_id=359"},"modified":"2025-03-31T21:27:31","modified_gmt":"2025-04-01T00:27:31","slug":"grupo","status":"publish","type":"page","link":"https:\/\/sites.usp.br\/latm\/grupo\/","title":{"rendered":"Grupo"},"content":{"rendered":"<h1>Grupo de pesquisadores<\/h1>\n<h3>Regis Rossi Alves Faria<\/h3>\n<h5>Coordenador do LATM<\/h5>\n<h3><img decoding=\"async\" class=\"size-medium wp-image-352 alignleft\" style=\"font-size: 16px; font-style: italic;\" src=\"https:\/\/sites.usp.br\/latm\/wp-content\/uploads\/sites\/980\/2023\/10\/rgs21.jpg\" alt=\"\" width=\"219\" height=\"219\" srcset=\"https:\/\/sites.usp.br\/latm\/wp-content\/uploads\/sites\/980\/2023\/10\/rgs21.jpg 219w, https:\/\/sites.usp.br\/latm\/wp-content\/uploads\/sites\/980\/2023\/10\/rgs21-150x150.jpg 150w, https:\/\/sites.usp.br\/latm\/wp-content\/uploads\/sites\/980\/2023\/10\/rgs21-45x45.jpg 45w\" sizes=\"(max-width: 219px) 100vw, 219px\" \/><\/h3>\n<div align=\"justify\">Professor Associado livre-docente da Universidade de S\u00e3o Paulo nos cursos de Gradua\u00e7\u00e3o e P\u00f3s-Gradua\u00e7\u00e3o em Sistemas de Informa\u00e7\u00e3o da Escola de Artes, Ci\u00eancias e Humanidades\u00a0 (EACH-USP) e no Programa de P\u00f3s-Gradua\u00e7\u00e3o em M\u00fasica da Escola de Comunica\u00e7\u00f5es e Artes (ECA-USP). Atua na interdisciplinaridade entre artes e ci\u00eancias, nas \u00e1reas de computa\u00e7\u00e3o sonora e musical e engenharia de \u00e1udio, abordando quest\u00f5es relacionadas \u00e0 cria\u00e7\u00e3o e \u00e0 recep\u00e7\u00e3o sonora utilizando recursos tecnol\u00f3gicos, desenvolvendo aplica\u00e7\u00f5es e sistemas para \u00e1udio, m\u00fasica digital e processamento sonoro. Tem gradua\u00e7\u00e3o e p\u00f3s-gradua\u00e7\u00e3o em Engenharia El\u00e9trica e \u00e9 m\u00fasico (flautista). Coordena o <a href=\"http:\/\/sites.usp.br\/latm\">LATM<\/a> na EACH-USP e o N\u00facleo de Engenharia de \u00c1udio e Codifica\u00e7\u00e3o Sonora (<a href=\"http:\/\/lsi.usp.br\/neac\">NEAC<\/a>) na Escola Polit\u00e9cnica (EP-USP), sendo ainda pesquisador colaborador no <a href=\"http:\/\/sites.usp.br\/labartemidia\">LabArteM\u00eddia<\/a> (ECA), no Centro Interdisciplinar em Tecnologias Interativas (CITI-USP) e no N\u00facleo de Pesquisas em Sonologia (ECA). \u00c9 membro da <i>Audio Engineering Society<\/i>, da Sociedade Brasileira de Computa\u00e7\u00e3o (SBC), e da Comiss\u00e3o de Estudo de Codifica\u00e7\u00e3o de \u00c1udio, Imagem, Multim\u00eddia e Hiperm\u00eddia da ABNT, atuando como <i>audio expert<\/i> junto \u00e0 ISO\/IEC MPEG WG6 &#8211; Audio Coding.<\/div>\n<div align=\"justify\"><\/div>\n<p><b>links:<\/b> <a href=\"http:\/\/lattes.cnpq.br\/9990463602315076\">curr\u00edculo Lattes<\/a><\/p>\n<p>&nbsp;<\/p>\n<h3><\/h3>\n<h3>Ricardo de Oliveira Thomasi<\/h3>\n<h5>Computa\u00e7\u00e3o musical &#8211; Cria\u00e7\u00e3o e performance em ecossistemas aud\u00edveis (doutorado, bolsa CAPES)<\/h5>\n<p><img decoding=\"async\" class=\"wp-image-350 size-full alignright\" src=\"https:\/\/sites.usp.br\/latm\/wp-content\/uploads\/sites\/980\/2023\/10\/thomasi2.jpg\" alt=\"\" width=\"219\" height=\"219\" srcset=\"https:\/\/sites.usp.br\/latm\/wp-content\/uploads\/sites\/980\/2023\/10\/thomasi2.jpg 219w, https:\/\/sites.usp.br\/latm\/wp-content\/uploads\/sites\/980\/2023\/10\/thomasi2-150x150.jpg 150w, https:\/\/sites.usp.br\/latm\/wp-content\/uploads\/sites\/980\/2023\/10\/thomasi2-45x45.jpg 45w\" sizes=\"(max-width: 219px) 100vw, 219px\" \/><\/p>\n<div align=\"justify\">M\u00fasico, compositor, instrumentista e professor de m\u00fasica desde 2003. Desde 2010 tem se dedicado \u00e0 m\u00fasica eletr\u00f4nica e \u00e0 arte sonora. Doutor (2022) pela Universidade de S\u00e3o Paulo (USP) pelo Programa de P\u00f3s-Gradua\u00e7\u00e3o em M\u00fasica na \u00e1rea de Sonologia &#8211; Processos Criativos. Mestre em composi\u00e7\u00e3o musical pela Universidade Federal do Paran\u00e1 (UFPR) e graduado em m\u00fasica pela Universidade Estadual do Paran\u00e1 (UNESPAR). \u00c9 pesquisador integrante do LATM (EACH\/USP) e do <a href=\"http:\/\/www.nucleomusicanova.com.br\">N\u00facleo M\u00fasica Nova<\/a>. \u00c9 produtor musical do est\u00fadio de cria\u00e7\u00e3o Sala 1 e diretor art\u00edstico do selo de m\u00fasica experimental Arte Estranha. Tem experi\u00eancia como professor de gradua\u00e7\u00e3o e p\u00f3s-gradua\u00e7\u00e3o nas \u00e1reas de m\u00fasica e tecnologias e estrutura\u00e7\u00e3o musical, al\u00e9m de ministrar cursos, workshops e oficinas para forma\u00e7\u00e3o continuada e forma\u00e7\u00e3o t\u00e9cnica. Seus trabalhos art\u00edsticos envolvem improvisa\u00e7\u00e3o eletroac\u00fastica e audiovisual, performances colaborativas multim\u00eddia, v\u00eddeo-arte e instala\u00e7\u00f5es art\u00edsticas interativas, entre outros projetos relacionados com m\u00fasica eletr\u00f4nica comercial, pop e m\u00fasica brasileira. Atualmente \u00e9 professor titular na Universidade Estadual do Paran\u00e1.<\/div>\n<div align=\"justify\"><\/div>\n<p><b>links:<\/b> <a href=\"https:\/\/linktr.ee\/ricardothomasi\/\">https:\/\/linktr.ee\/ricardothomasi<\/a><\/p>\n<p>&nbsp;<\/p>\n<h3>Jo\u00e3o Paulo Silva Monnazzi<\/h3>\n<h5>Computa\u00e7\u00e3o musical &#8211; An\u00e1lise de trilhas musicais cinematogr\u00e1ficas (doutorado, bolsa CAPES)<\/h5>\n<p><img decoding=\"async\" class=\"size-medium wp-image-356 alignleft\" src=\"https:\/\/sites.usp.br\/latm\/wp-content\/uploads\/sites\/980\/2023\/10\/monna.png\" alt=\"\" width=\"219\" height=\"219\" srcset=\"https:\/\/sites.usp.br\/latm\/wp-content\/uploads\/sites\/980\/2023\/10\/monna.png 219w, https:\/\/sites.usp.br\/latm\/wp-content\/uploads\/sites\/980\/2023\/10\/monna-150x150.png 150w, https:\/\/sites.usp.br\/latm\/wp-content\/uploads\/sites\/980\/2023\/10\/monna-45x45.png 45w\" sizes=\"(max-width: 219px) 100vw, 219px\" \/><\/p>\n<div align=\"justify\">Mestre e graduado em M\u00fasica pela Universidade de S\u00e3o Paulo (FFCLRP-USP). Doutor (2023) pelo Programa de P\u00f3s-Gradua\u00e7\u00e3o em M\u00fasica (PPGMUS\/ECA-USP) com o projeto &#8220;Estereotipia Musical: um estudo de caso anal\u00edtico sobre a recorr\u00eancia de musemas em trilhas musicais cinematogr\u00e1ficas&#8221; na \u00e1rea de Sonologia &#8211; Processos de cria\u00e7\u00e3o musical. Jo\u00e3o (Jom) Monnazzi \u00e9 compositor, sound designer para projetos audiovisuais e produtor musical frente ao Monn Custom Audio. Atua como professor em gradua\u00e7\u00f5es e p\u00f3s-gradua\u00e7\u00f5es nas \u00e1reas de artes, composi\u00e7\u00e3o musical, edi\u00e7\u00e3o e mixagem de \u00e1udio. \u00c9 especialista em composi\u00e7\u00e3o para trilha sonora. Mestre na \u00e1rea de processos criativos com pesquisa em composi\u00e7\u00e3o e sistemas musicais interativos para performances. Membro dos grupos de pesquisa LabArteM\u00eddia (CTR-USP), NEAC (POLI-USP) e LATM (EACH-USP). Trabalha com formas de composi\u00e7\u00e3o, sound design, capta\u00e7\u00e3o, mixagem e espacializa\u00e7\u00e3o para projetos de realidade aumentada, virtual e instala\u00e7\u00f5es multim\u00eddia.<\/div>\n<div align=\"justify\"><\/div>\n<p><b>links:<\/b> <a href=\"http:\/\/lattes.cnpq.br\/6908188126284100\">curr\u00edculo Lattes<\/a> &#8211; <a href=\"https:\/\/linktr.ee\/Monnazzi\">https:\/\/linktr.ee\/Monnazzi<\/a><\/p>\n<p>&nbsp;<\/p>\n<h3>Daniel Conti do Nascimento<\/h3>\n<h5>Computa\u00e7\u00e3o musical &#8211; Cantautores e Inovac\u0327o\u0303es Tecnolo\u0301gicas (mestrado, bolsa CAPES)<\/h5>\n<p><img loading=\"lazy\" decoding=\"async\" class=\"wp-image-647 size-full alignright\" src=\"https:\/\/sites.usp.br\/latm\/wp-content\/uploads\/sites\/980\/2025\/03\/daniel-conti.jpg\" alt=\"\" width=\"219\" height=\"219\" srcset=\"https:\/\/sites.usp.br\/latm\/wp-content\/uploads\/sites\/980\/2025\/03\/daniel-conti.jpg 219w, https:\/\/sites.usp.br\/latm\/wp-content\/uploads\/sites\/980\/2025\/03\/daniel-conti-150x150.jpg 150w, https:\/\/sites.usp.br\/latm\/wp-content\/uploads\/sites\/980\/2025\/03\/daniel-conti-45x45.jpg 45w\" sizes=\"(max-width: 219px) 100vw, 219px\" \/><\/p>\n<div align=\"justify\"><span class=\"HwtZe\" lang=\"pt\"><span class=\"jCAhz ChMk0b\"><span class=\"ryNqvb\">Daniel Conti <\/span><\/span>\u00e9 compositor, cantor, multi-instrumentista e produtor musical. Mestrando em M\u00fasica pela ECA\/USP, se graduou em Viol\u00e3o Popular na Universidade Estadual de Campinas (UNICAMP), fez especializa\u00e7\u00e3o em Can\u00e7\u00e3o Popular pela Faculdade Santa Marcelina (SP) e cursou canto popular na Universidade Livre de M\u00fasica (ULM, atual EMESP). Suas produ\u00e7\u00f5es envolvem predominantemente pesquisas em processos criativos e perform\u00e1ticos na \u00e1rea de can\u00e7\u00e3o popular<\/span>. Seu projeto de mestrado aborda a incorpora\u00e7\u00e3o de inova\u00e7\u00f5es tecnol\u00f3gicas na cria\u00e7\u00e3o e <em>performance<\/em>, particularmente no cen\u00e1rio contempor\u00e2neio dos cantautores brasileiros.<\/div>\n<div align=\"justify\"><\/div>\n<p><b>links:<\/b> <a href=\"http:\/\/lattes.cnpq.br\/8843342098874709\">curr\u00edculo lattes<\/a> &#8211; <a href=\"https:\/\/linktr.ee\/danielconti\">LinkTree<\/a><\/p>\n<p>&nbsp;<\/p>\n<p>&nbsp;<\/p>\n<h3>Adiginton Jackson King Ferreira<\/h3>\n<h5>Computa\u00e7\u00e3o sonora e musical &#8211; VSAT-AUDIENCE (pesquisador)<\/h5>\n<p><img loading=\"lazy\" decoding=\"async\" class=\"wp-image-645 size-thumbnail alignleft\" src=\"https:\/\/sites.usp.br\/latm\/wp-content\/uploads\/sites\/980\/2025\/03\/adiginton-150x150.png\" alt=\"\" width=\"150\" height=\"150\" srcset=\"https:\/\/sites.usp.br\/latm\/wp-content\/uploads\/sites\/980\/2025\/03\/adiginton-150x150.png 150w, https:\/\/sites.usp.br\/latm\/wp-content\/uploads\/sites\/980\/2025\/03\/adiginton-45x45.png 45w, https:\/\/sites.usp.br\/latm\/wp-content\/uploads\/sites\/980\/2025\/03\/adiginton.png 219w\" sizes=\"(max-width: 150px) 100vw, 150px\" \/><\/p>\n<div align=\"justify\"><span class=\"HwtZe\" lang=\"pt\">Adiginton \u00e9 graduado em Sistemas de Informa\u00e7\u00e3o na Escola de Artes, Ci\u00eancias e Humanidades da USP (EACH), e atualmente matriculado no mestrado em Sistemas de Informa\u00e7\u00e3o tamb\u00e9m na EACH, com o projeto intitulado &#8220;Gera\u00e7\u00e3o de modelos tridimensionais termais e sens\u00edveis \u00e0 varia\u00e7\u00e3o de temperatura a partir de imagens termogr\u00e1ficas&#8221;. Fez parte de dois projetos de inicia\u00e7\u00e3o cient\u00edfica na \u00e1rea de reconstru\u00e7\u00e3o tridimensional a partir de fotografias, com um artigo publicado<\/span>. Integra o projeto de pesquisa e desenvolvimento VSAT-AUDIENCE como pesquisador graduado desde mar\u00e7o de 2025.<\/div>\n<div align=\"justify\"><\/div>\n<p><b>links:<\/b> <a href=\"http:\/\/lattes.cnpq.br\/5474961004211488\">curr\u00edculo Lattes<\/a><\/p>\n<p>&nbsp;<\/p>\n<p>&nbsp;<\/p>\n<h3>Ana Luisa Oliveira da Silva<\/h3>\n<h5>Computa\u00e7\u00e3o sonora e musical &#8211; VSAT-AUDIENCE (Inicia\u00e7\u00e3o Cient\u00edfica)<\/h5>\n<p><img loading=\"lazy\" decoding=\"async\" class=\"wp-image-634 size-thumbnail alignright\" src=\"https:\/\/sites.usp.br\/latm\/wp-content\/uploads\/sites\/980\/2025\/03\/analuisa3-150x150.jpg\" alt=\"\" width=\"150\" height=\"150\" srcset=\"https:\/\/sites.usp.br\/latm\/wp-content\/uploads\/sites\/980\/2025\/03\/analuisa3-150x150.jpg 150w, https:\/\/sites.usp.br\/latm\/wp-content\/uploads\/sites\/980\/2025\/03\/analuisa3-45x45.jpg 45w, https:\/\/sites.usp.br\/latm\/wp-content\/uploads\/sites\/980\/2025\/03\/analuisa3.jpg 219w\" sizes=\"(max-width: 150px) 100vw, 150px\" \/><\/p>\n<div align=\"justify\"><span class=\"HwtZe\" lang=\"pt\"><span class=\"jCAhz ChMk0b\"><span class=\"ryNqvb\">Ana Luisa \u00e9 aluna de gradua\u00e7\u00e3o em Sistemas de Informa\u00e7\u00e3o pela Escola de Artes, Ci\u00eancias e Humanidades da USP (EACH).<\/span><\/span> Possui conhecimentos de diferentes linguagens de programa\u00e7\u00e3o, linguagens de marca\u00e7\u00e3o e estiliza\u00e7\u00e3o e banco de dados, al\u00e9m pr\u00e1tica em habilidades comportamentais. J\u00e1 participou da produ\u00e7\u00e3o de jogos (Izzy e Alli) e atuou na cria\u00e7\u00e3o de narrativas, di\u00e1logos e <em>storytelling, <\/em>tendo recebido subs\u00eddio no 2<sup>o<\/sup> edital do programa Sampa Games da Adesampa. <span class=\"jCAhz ChMk0b\"><span class=\"ryNqvb\">Integra o projeto VSAT-AUDIENCE voltado para o desenvolvimento de uma plataforma imersiva para <em>story-telling<\/em> como bolsista de Inicia\u00e7\u00e3o Cient\u00edfica desde mar\u00e7o de 2025<\/span><\/span><\/span>.<\/div>\n<div align=\"justify\"><\/div>\n<p><b>links:<\/b> <a href=\"http:\/\/lattes.cnpq.br\/5039390057143919\">curr\u00edculo lattes<\/a><\/p>\n<p>&nbsp;<\/p>\n<p>&nbsp;<\/p>\n<h3>Lucas Cesar Kataque<\/h3>\n<h5>Computa\u00e7\u00e3o sonora e musical &#8211; AUDIENCE (Inicia\u00e7\u00e3o Cient\u00edfica PUB\/USP)<\/h5>\n<p><img loading=\"lazy\" decoding=\"async\" class=\"alignleft wp-image-629 size-thumbnail\" src=\"https:\/\/sites.usp.br\/latm\/wp-content\/uploads\/sites\/980\/2025\/03\/20241218_lucas2-150x150.jpg\" alt=\"\" width=\"150\" height=\"150\" srcset=\"https:\/\/sites.usp.br\/latm\/wp-content\/uploads\/sites\/980\/2025\/03\/20241218_lucas2-150x150.jpg 150w, https:\/\/sites.usp.br\/latm\/wp-content\/uploads\/sites\/980\/2025\/03\/20241218_lucas2-45x45.jpg 45w, https:\/\/sites.usp.br\/latm\/wp-content\/uploads\/sites\/980\/2025\/03\/20241218_lucas2.jpg 219w\" sizes=\"(max-width: 150px) 100vw, 150px\" \/><\/p>\n<div align=\"justify\"><span class=\"HwtZe\" lang=\"pt\"><span class=\"jCAhz ChMk0b\"><span class=\"ryNqvb\">Lucas Cesar Kataque \u00e9 aluno de gradua\u00e7\u00e3o em Sistemas de Informa\u00e7\u00e3o pela Escola de Artes, Ci\u00eancias e Humanidades da USP (EACH).<\/span><\/span> <span class=\"jCAhz ChMk0b\"><span class=\"ryNqvb\">Integra o projeto de inicia\u00e7\u00e3o cient\u00edfica \u201cComputa\u00e7\u00e3o sonora espacial: algoritmos de mixagem matricial e codifica\u00e7\u00e3o ac\u00fastica\u201d pelo Programa Unificado de Bolsas da USP (PUB) desde setembro de 2024 e tamb\u00e9m \u00e9 guitarrista e cantor amador<\/span><\/span><\/span>.<\/div>\n<div align=\"justify\"><\/div>\n<p><b>links:<\/b> <a href=\"http:\/\/lattes.cnpq.br\/8135277129216549\">curr\u00edculo Lattes<\/a><\/p>\n<p>&nbsp;<\/p>\n<p>&nbsp;<\/p>\n<h3>Raphael Ghidella<\/h3>\n<h5>Computa\u00e7\u00e3o musical &#8211; AUDIENCE (Inicia\u00e7\u00e3o Cient\u00edfica PUB\/USP)<\/h5>\n<p><img loading=\"lazy\" decoding=\"async\" class=\"alignright wp-image-529 size-thumbnail\" src=\"https:\/\/sites.usp.br\/latm\/wp-content\/uploads\/sites\/980\/2024\/05\/guidella-150x150.jpeg\" alt=\"\" width=\"150\" height=\"150\" srcset=\"https:\/\/sites.usp.br\/latm\/wp-content\/uploads\/sites\/980\/2024\/05\/guidella-150x150.jpeg 150w, https:\/\/sites.usp.br\/latm\/wp-content\/uploads\/sites\/980\/2024\/05\/guidella-45x45.jpeg 45w, https:\/\/sites.usp.br\/latm\/wp-content\/uploads\/sites\/980\/2024\/05\/guidella.jpeg 217w\" sizes=\"(max-width: 150px) 100vw, 150px\" \/><\/p>\n<div align=\"justify\">Raphael Ghidella \u00e9 graduando de Sistemas de Informa\u00e7\u00e3o na Escola de Artes, Ci\u00eancias e Humanidades da USP (EACH). Admirador de m\u00fasica e tecnologia, come\u00e7ou a tocar teclado desde crian\u00e7a. Integrou o projeto de inicia\u00e7\u00e3o cient\u00edfica &#8220;Computa\u00e7\u00e3o Espacial Sonora: Algoritmos para mixagem vetorial e vers\u00e3o plug-in para o sistema AUDIENCE de \u00e1udio espacial\u201d de 2023 a 2024. Possui interesse em desenvolvimento de software e solu\u00e7\u00f5es para cen\u00e1rios de realidade aumentada.<\/div>\n<div align=\"justify\"><\/div>\n<p><b>links: <\/b><a href=\"https:\/\/github.com\/ghidella\">https:\/\/github.com\/ghidella<\/a><\/p>\n<p>&nbsp;<\/p>\n<p>&nbsp;<\/p>\n<h3>Eduardo Bonachela<\/h3>\n<h5>Bioac\u00fastica &#8211; An\u00e1lise de respira\u00e7\u00e3o para audiodiagn\u00f3stico (PIBIC\/CNPq)<\/h5>\n<p><img loading=\"lazy\" decoding=\"async\" class=\"alignleft wp-image-351 size-thumbnail\" src=\"https:\/\/sites.usp.br\/latm\/wp-content\/uploads\/sites\/980\/2023\/10\/bonachela-150x150.jpg\" alt=\"\" width=\"150\" height=\"150\" srcset=\"https:\/\/sites.usp.br\/latm\/wp-content\/uploads\/sites\/980\/2023\/10\/bonachela-150x150.jpg 150w, https:\/\/sites.usp.br\/latm\/wp-content\/uploads\/sites\/980\/2023\/10\/bonachela-45x45.jpg 45w, https:\/\/sites.usp.br\/latm\/wp-content\/uploads\/sites\/980\/2023\/10\/bonachela.jpg 219w\" sizes=\"(max-width: 150px) 100vw, 150px\" \/><\/p>\n<div align=\"justify\">Eduardo Bonachela da Silva \u00e9 graduando de Sistemas de Informa\u00e7\u00e3o na Escola de Artes, Ci\u00eancias e Humanidades (EACH) da USP. Pesquisador integrante do Laborat\u00f3rio de \u00c1udio e Tecnologias Musicais (EACH\/USP) e do Programa de Educa\u00e7\u00e3o Tutorial PET-SI (EACH\/USP). Foi bolsista de Inicia\u00e7\u00e3o Cient\u00edfica (PIBIC\/CNPq) em 2020\/2021 em projeto voltado para o \u00e1udio-diagn\u00f3stico de doen\u00e7as respirat\u00f3rias atrav\u00e9s da an\u00e1lise de respira\u00e7\u00e3o por celular.<\/div>\n<div align=\"justify\"><\/div>\n<p><b>links:<\/b> <a href=\"http:\/\/lattes.cnpq.br\/0304464829337755\">curr\u00edculo Lattes<\/a><\/p>\n<p>&nbsp;<\/p>\n<p>&nbsp;<\/p>\n<h3>Andr\u00e9 Giolito<\/h3>\n<h5>Computa\u00e7\u00e3o musical &#8211; M\u00fasica Reativa (Inicia\u00e7\u00e3o Cient\u00edfica PUB\/USP)<\/h5>\n<p><img loading=\"lazy\" decoding=\"async\" class=\"alignright wp-image-353 size-thumbnail\" src=\"https:\/\/sites.usp.br\/latm\/wp-content\/uploads\/sites\/980\/2023\/10\/giolito-150x150.png\" alt=\"\" width=\"150\" height=\"150\" srcset=\"https:\/\/sites.usp.br\/latm\/wp-content\/uploads\/sites\/980\/2023\/10\/giolito-150x150.png 150w, https:\/\/sites.usp.br\/latm\/wp-content\/uploads\/sites\/980\/2023\/10\/giolito-45x45.png 45w, https:\/\/sites.usp.br\/latm\/wp-content\/uploads\/sites\/980\/2023\/10\/giolito.png 219w\" sizes=\"(max-width: 150px) 100vw, 150px\" \/><\/p>\n<div align=\"justify\">Andr\u00e9 Giolito \u00e9 graduando de Sistemas de Informa\u00e7\u00e3o na Escola de Artes, Ci\u00eancias e Humanidades da USP (EACH) e m\u00fasico instrumentista. Iniciou sua inicia\u00e7\u00e3o cient\u00edfica no LATM sobre o tema &#8220;M\u00fasica Reativa e Reatores Musicais&#8221; em outubro de 2020 pelo Programa Unificado de Bolsas da USP (PUB), sendo pesquisador colaborador do laborat\u00f3rio.<\/div>\n<div align=\"justify\"><\/div>\n<p><strong>links<\/strong>: <a href=\"http:\/\/lattes.cnpq.br\/8633397351958233\">curr\u00edculo Lattes<\/a> &#8211; <a href=\"https:\/\/linktr.ee\/degiolito\">https:\/\/linktr.ee\/degiolito<\/a><\/p>\n<p>&nbsp;<\/p>\n<p>&nbsp;<\/p>\n<p>&nbsp;<\/p>\n<h3><\/h3>\n<h3>Pesquisadores em projetos de conclus\u00e3o de curso (TCC):<\/h3>\n<ul>\n<li>Yuri Vinicius de Lima Chen (2021). Gradua\u00e7\u00e3o em Sistemas de Informa\u00e7\u00e3o, EACH, USP. <em>Implementa\u00e7\u00e3o de interfaces gr\u00e1ficas para produ\u00e7\u00e3o de cenas sonoras expandidas no sistema AUDIENCE de \u00e1udio espacial<\/em>.<\/li>\n<li>Lucas Gabriel Arantes Moreira (2021). Gradua\u00e7\u00e3o em Sistemas de Informa\u00e7\u00e3o, EACH, USP. <em>Uma vers\u00e3o livre para Octave do software Wavesynt para an\u00e1lise wavelet em multiresolu\u00e7\u00e3o de \u00e1udio<\/em>.<\/li>\n<li>Vitor Caetano da Silva (2022). Gradua\u00e7\u00e3o em Sistemas de Informa\u00e7\u00e3o, EACH, USP. <em>Desenvolvimentos de funcionalidades e interfaces para produ\u00e7\u00e3o sonora 3D no sistema de \u00e1udio espacial AUDIENCE<\/em>.<\/li>\n<\/ul>\n<p>&nbsp;<\/p>\n<hr \/>\n<h3>Participantes anteriores:<\/h3>\n<p>O LATM foi fundado como &#8220;Laborat\u00f3rio de Ac\u00fastica e Tecnologia Musical&#8221; na <a href=\"https:\/\/ffclrp.usp.br\/\">FFCLRP<\/a>\/USP em 2011, sendo transferido para a EACH\/USP em 2019 sob nova denomina\u00e7\u00e3o. Desde 2011 o laborat\u00f3rio hospedou v\u00e1rias atividades de forma\u00e7\u00e3o e pesquisa em projetos envolvendo a participa\u00e7\u00e3o de pesquisadores professores, alunos de gradua\u00e7\u00e3o e de p\u00f3s-gradua\u00e7\u00e3o da FFCLRP\/USP, POLI\/USP e ECA\/USP:<\/p>\n<ul>\n<li>Micael Antunes da Silva (mestrado, PPGMUS-USP, modelagem da disson\u00e2ncia sensorial, 2016-2019)<\/li>\n<li>Thamie Briane da Silva (inicia\u00e7\u00e3o cient\u00edfica, m\u00fasica reativa e espacial, 2018-2019)<\/li>\n<li>Marcos de Souza Boger (inicia\u00e7\u00e3o cient\u00edfica, dimens\u00e3o espacial de paisagens naturais, biomala, 2017-2018)<\/li>\n<li>Luciana da Costa Marques (inicia\u00e7\u00e3o cient\u00edfica, microfones 3D, 2017-2018)<\/li>\n<li>Gustavo de Oliveira Lavandeira (inicia\u00e7\u00e3o cient\u00edfica, m\u00fasica reativa, 2016-2017)<\/li>\n<li>Matheus Bueno Lisboa (inicia\u00e7\u00e3o cient\u00edfica em cultura\/extens\u00e3o, LATM Apresenta, 2016-2017)<\/li>\n<li>Renan de Melo Santos (inicia\u00e7\u00e3o cient\u00edfica, design de instrumenta\u00e7\u00e3o espacial, 2015-2016)<\/li>\n<li>Gabriel Donizete da Silva Ferreira (inicia\u00e7\u00e3o cient\u00edfica, m\u00fasica reativa, 2018-2019)<\/li>\n<li>Frederico Marques Plotze (inicia\u00e7\u00e3o cient\u00edfica, modelagem rea\u00e7\u00f5es musicais, 2016-2017)<\/li>\n<li>Rafael de Oliveira Carosia (inicia\u00e7\u00e3o cient\u00edfica, m\u00fasica reativa: intera\u00e7\u00e3o e reatividade, 2014-2015)<\/li>\n<li>Ruy Borges da Cunha J\u00fanior (inicia\u00e7\u00e3o cient\u00edfica, m\u00fasica reativa, 2013-2014)<\/li>\n<li>Eduardo da Silva Afonso (inicia\u00e7\u00e3o cient\u00edfica, processadores musicais em software, 2012-2013<\/li>\n<\/ul>\n","protected":false},"excerpt":{"rendered":"<p>Grupo de pesquisadores Regis Rossi Alves Faria Coordenador do LATM Professor Associado livre-docente da Universidade de S\u00e3o Paulo nos cursos de Gradua\u00e7\u00e3o e P\u00f3s-Gradua\u00e7\u00e3o em Sistemas de Informa\u00e7\u00e3o da Escola de Artes, Ci\u00eancias e Humanidades\u00a0 (EACH-USP) e no Programa de P\u00f3s-Gradua\u00e7\u00e3o em M\u00fasica da Escola de Comunica\u00e7\u00f5es e Artes (ECA-USP). Atua na interdisciplinaridade entre artes [&hellip;]<\/p>\n","protected":false},"author":23652,"featured_media":0,"parent":0,"menu_order":0,"comment_status":"closed","ping_status":"closed","template":"","meta":{"_acf_changed":false,"ocean_post_layout":"","ocean_both_sidebars_style":"","ocean_both_sidebars_content_width":0,"ocean_both_sidebars_sidebars_width":0,"ocean_sidebar":"0","ocean_second_sidebar":"0","ocean_disable_margins":"enable","ocean_add_body_class":"","ocean_shortcode_before_top_bar":"","ocean_shortcode_after_top_bar":"","ocean_shortcode_before_header":"","ocean_shortcode_after_header":"","ocean_has_shortcode":"","ocean_shortcode_after_title":"","ocean_shortcode_before_footer_widgets":"","ocean_shortcode_after_footer_widgets":"","ocean_shortcode_before_footer_bottom":"","ocean_shortcode_after_footer_bottom":"","ocean_display_top_bar":"default","ocean_display_header":"default","ocean_header_style":"","ocean_center_header_left_menu":"0","ocean_custom_header_template":"0","ocean_custom_logo":0,"ocean_custom_retina_logo":0,"ocean_custom_logo_max_width":0,"ocean_custom_logo_tablet_max_width":0,"ocean_custom_logo_mobile_max_width":0,"ocean_custom_logo_max_height":0,"ocean_custom_logo_tablet_max_height":0,"ocean_custom_logo_mobile_max_height":0,"ocean_header_custom_menu":"0","ocean_menu_typo_font_family":"0","ocean_menu_typo_font_subset":"","ocean_menu_typo_font_size":0,"ocean_menu_typo_font_size_tablet":0,"ocean_menu_typo_font_size_mobile":0,"ocean_menu_typo_font_size_unit":"px","ocean_menu_typo_font_weight":"","ocean_menu_typo_font_weight_tablet":"","ocean_menu_typo_font_weight_mobile":"","ocean_menu_typo_transform":"","ocean_menu_typo_transform_tablet":"","ocean_menu_typo_transform_mobile":"","ocean_menu_typo_line_height":0,"ocean_menu_typo_line_height_tablet":0,"ocean_menu_typo_line_height_mobile":0,"ocean_menu_typo_line_height_unit":"","ocean_menu_typo_spacing":0,"ocean_menu_typo_spacing_tablet":0,"ocean_menu_typo_spacing_mobile":0,"ocean_menu_typo_spacing_unit":"","ocean_menu_link_color":"","ocean_menu_link_color_hover":"","ocean_menu_link_color_active":"","ocean_menu_link_background":"","ocean_menu_link_hover_background":"","ocean_menu_link_active_background":"","ocean_menu_social_links_bg":"","ocean_menu_social_hover_links_bg":"","ocean_menu_social_links_color":"","ocean_menu_social_hover_links_color":"","ocean_disable_title":"default","ocean_disable_heading":"default","ocean_post_title":"","ocean_post_subheading":"","ocean_post_title_style":"","ocean_post_title_background_color":"","ocean_post_title_background":0,"ocean_post_title_bg_image_position":"","ocean_post_title_bg_image_attachment":"","ocean_post_title_bg_image_repeat":"","ocean_post_title_bg_image_size":"","ocean_post_title_height":0,"ocean_post_title_bg_overlay":0.5,"ocean_post_title_bg_overlay_color":"","ocean_disable_breadcrumbs":"default","ocean_breadcrumbs_color":"","ocean_breadcrumbs_separator_color":"","ocean_breadcrumbs_links_color":"","ocean_breadcrumbs_links_hover_color":"","ocean_display_footer_widgets":"default","ocean_display_footer_bottom":"default","ocean_custom_footer_template":"0","footnotes":"","_links_to":"","_links_to_target":""},"class_list":["post-359","page","type-page","status-publish","hentry","entry"],"acf":[],"_links":{"self":[{"href":"https:\/\/sites.usp.br\/latm\/wp-json\/wp\/v2\/pages\/359","targetHints":{"allow":["GET"]}}],"collection":[{"href":"https:\/\/sites.usp.br\/latm\/wp-json\/wp\/v2\/pages"}],"about":[{"href":"https:\/\/sites.usp.br\/latm\/wp-json\/wp\/v2\/types\/page"}],"author":[{"embeddable":true,"href":"https:\/\/sites.usp.br\/latm\/wp-json\/wp\/v2\/users\/23652"}],"replies":[{"embeddable":true,"href":"https:\/\/sites.usp.br\/latm\/wp-json\/wp\/v2\/comments?post=359"}],"version-history":[{"count":5,"href":"https:\/\/sites.usp.br\/latm\/wp-json\/wp\/v2\/pages\/359\/revisions"}],"predecessor-version":[{"id":649,"href":"https:\/\/sites.usp.br\/latm\/wp-json\/wp\/v2\/pages\/359\/revisions\/649"}],"wp:attachment":[{"href":"https:\/\/sites.usp.br\/latm\/wp-json\/wp\/v2\/media?parent=359"}],"curies":[{"name":"wp","href":"https:\/\/api.w.org\/{rel}","templated":true}]}}