{"id":403,"date":"2023-10-26T11:42:44","date_gmt":"2023-10-26T14:42:44","guid":{"rendered":"https:\/\/sites.usp.br\/latm\/?page_id=403"},"modified":"2025-06-25T13:24:15","modified_gmt":"2025-06-25T16:24:15","slug":"softhard","status":"publish","type":"page","link":"https:\/\/sites.usp.br\/latm\/softhard\/","title":{"rendered":"Softhard"},"content":{"rendered":"<h1>Software e Hardware<\/h1>\n<p>Softwares produzidos pelo grupo de pesquisa:<\/p>\n<ul style=\"list-style-type: disc;\">\n<li>WaveSynt &#8211; Biblioteca para an\u00e1lise\/res\u00edntese de sinais sonoros em multiresolu\u00e7\u00e3o com Wavelets (para Matlab\/Octave)\n<ul style=\"list-style-type: circle;\">\n<li><a href=\"https:\/\/ccsl.ime.usp.br\/neac\/pt-br\/node\/18\"> v.3.1.4, release 2005<\/a><\/li>\n<li>v.4.1.0, release 2021 (reposit\u00f3rio no GitHub)<\/li>\n<\/ul>\n<\/li>\n<li>AUDIENCE Spatial Audio &#8211; Biblioteca para produ\u00e7\u00e3o e reprodu\u00e7\u00e3o de \u00e1udio espacial e multicanal para Pd\n<ul style=\"list-style-type: circle;\">\n<li>OpenAUDIENCE, <a href=\"https:\/\/ccsl.ime.usp.br\/neac\/pt-br\/openaudience\">v.1.0.3, release 2012<\/a><\/li>\n<li>AUDIENCE, v.3, release 2025 (reposit\u00f3rio no GitHub para pesquisadores)<\/li>\n<li>AUDIENCE S3P (Spatial Sound Scene Production) &#8211; extens\u00e3o para produ\u00e7\u00e3o\/p\u00f3s-produ\u00e7\u00e3o de trilhas sonoras 3D (reposit\u00f3rio no Github para pesquisadores e produtores)<\/li>\n<li>AUDIENCE WFS (Wave Field Synthesis) &#8211; extens\u00e3o modular de patches din\u00e2micos para Wave Field Synthesis (reposit\u00f3rio no Github restrito, licenci\u00e1vel)<\/li>\n<\/ul>\n<\/li>\n<li>REACTIVE &#8211; A library for Reactive Music applications (para Pd)\n<ul style=\"list-style-type: circle;\">\n<li><a href=\"https:\/\/github.com\/LATM-USP\/reactive\">v.3, release 2022<\/a> (reposit\u00f3rio p\u00fablico no GitHub)<\/li>\n<\/ul>\n<\/li>\n<\/ul>\n<p>Os programas s\u00e3o distribu\u00eddos em vers\u00f5es abertas, livres, restritas a desenvolvedores e licenci\u00e1veis, sob diferentes tipos de licen\u00e7as (GPL, BSD, CC).<\/p>\n<p>Hardwares produzidos pelo grupo de pesquisa:<\/p>\n<ul style=\"list-style-type: disc;\">\n<li>Microfone 3D (prot\u00f3tipo de microphone array esf\u00e9rico com 6 c\u00e1psulas compat\u00edvel para capta\u00e7\u00e3o em Ambisonics)<\/li>\n<li>Placa de Faria (placa retangular para captura sonora 360<sup>o<\/sup> bi-hemisf\u00e9rica, para gravadores est\u00e9reo port\u00e1teis)<\/li>\n<li>Amplificador anal\u00f3gico de 8 canais para auraliza\u00e7\u00e3o multicanal (30W\/canal, conectoriza\u00e7\u00e3o em TRS P10)<\/li>\n<li>Alto-falantes para WFS (Wave Field Synthesis) &#8211; 18 prot\u00f3tipos 30W ativos 3\u201d full range com ganho ajust\u00e1vel e conectoriza\u00e7\u00e3o RCA, produzidos sob demanda e em parceria com a empresa <a href=\"http:\/\/www.lando.com.br\">LANDO<\/a><\/li>\n<\/ul>\n<p>Os dispositivos s\u00e3o resultados de pesquisa e desenvolvimentos pr\u00f3prios, est\u00e3o dispon\u00edveis e funcionais em diferentes vers\u00f5es de prot\u00f3tipos, n\u00e3o fabricados comercialmente. O LATM possui ainda equipamentos de sonoriza\u00e7\u00e3o que incluem cerca de 40 alto-falantes para montagens de leiautes de escuta surround, 2D, 3D e <em>arrays<\/em> lineares.<\/p>\n<p>&nbsp;<\/p>\n","protected":false},"excerpt":{"rendered":"<p>Software e Hardware Softwares produzidos pelo grupo de pesquisa: WaveSynt &#8211; Biblioteca para an\u00e1lise\/res\u00edntese de sinais sonoros em multiresolu\u00e7\u00e3o com Wavelets (para Matlab\/Octave) v.3.1.4, release 2005 v.4.1.0, release 2021 (reposit\u00f3rio no GitHub) AUDIENCE Spatial Audio &#8211; Biblioteca para produ\u00e7\u00e3o e reprodu\u00e7\u00e3o de \u00e1udio espacial e multicanal para Pd OpenAUDIENCE, v.1.0.3, release 2012 AUDIENCE, v.3, release [&hellip;]<\/p>\n","protected":false},"author":23652,"featured_media":0,"parent":0,"menu_order":0,"comment_status":"closed","ping_status":"closed","template":"","meta":{"_acf_changed":false,"ocean_post_layout":"","ocean_both_sidebars_style":"","ocean_both_sidebars_content_width":0,"ocean_both_sidebars_sidebars_width":0,"ocean_sidebar":"0","ocean_second_sidebar":"0","ocean_disable_margins":"enable","ocean_add_body_class":"","ocean_shortcode_before_top_bar":"","ocean_shortcode_after_top_bar":"","ocean_shortcode_before_header":"","ocean_shortcode_after_header":"","ocean_has_shortcode":"","ocean_shortcode_after_title":"","ocean_shortcode_before_footer_widgets":"","ocean_shortcode_after_footer_widgets":"","ocean_shortcode_before_footer_bottom":"","ocean_shortcode_after_footer_bottom":"","ocean_display_top_bar":"default","ocean_display_header":"default","ocean_header_style":"","ocean_center_header_left_menu":"0","ocean_custom_header_template":"0","ocean_custom_logo":0,"ocean_custom_retina_logo":0,"ocean_custom_logo_max_width":0,"ocean_custom_logo_tablet_max_width":0,"ocean_custom_logo_mobile_max_width":0,"ocean_custom_logo_max_height":0,"ocean_custom_logo_tablet_max_height":0,"ocean_custom_logo_mobile_max_height":0,"ocean_header_custom_menu":"0","ocean_menu_typo_font_family":"0","ocean_menu_typo_font_subset":"","ocean_menu_typo_font_size":0,"ocean_menu_typo_font_size_tablet":0,"ocean_menu_typo_font_size_mobile":0,"ocean_menu_typo_font_size_unit":"px","ocean_menu_typo_font_weight":"","ocean_menu_typo_font_weight_tablet":"","ocean_menu_typo_font_weight_mobile":"","ocean_menu_typo_transform":"","ocean_menu_typo_transform_tablet":"","ocean_menu_typo_transform_mobile":"","ocean_menu_typo_line_height":0,"ocean_menu_typo_line_height_tablet":0,"ocean_menu_typo_line_height_mobile":0,"ocean_menu_typo_line_height_unit":"","ocean_menu_typo_spacing":0,"ocean_menu_typo_spacing_tablet":0,"ocean_menu_typo_spacing_mobile":0,"ocean_menu_typo_spacing_unit":"","ocean_menu_link_color":"","ocean_menu_link_color_hover":"","ocean_menu_link_color_active":"","ocean_menu_link_background":"","ocean_menu_link_hover_background":"","ocean_menu_link_active_background":"","ocean_menu_social_links_bg":"","ocean_menu_social_hover_links_bg":"","ocean_menu_social_links_color":"","ocean_menu_social_hover_links_color":"","ocean_disable_title":"default","ocean_disable_heading":"default","ocean_post_title":"","ocean_post_subheading":"","ocean_post_title_style":"","ocean_post_title_background_color":"","ocean_post_title_background":0,"ocean_post_title_bg_image_position":"","ocean_post_title_bg_image_attachment":"","ocean_post_title_bg_image_repeat":"","ocean_post_title_bg_image_size":"","ocean_post_title_height":0,"ocean_post_title_bg_overlay":0.5,"ocean_post_title_bg_overlay_color":"","ocean_disable_breadcrumbs":"default","ocean_breadcrumbs_color":"","ocean_breadcrumbs_separator_color":"","ocean_breadcrumbs_links_color":"","ocean_breadcrumbs_links_hover_color":"","ocean_display_footer_widgets":"default","ocean_display_footer_bottom":"default","ocean_custom_footer_template":"0","footnotes":"","_links_to":"","_links_to_target":""},"class_list":["post-403","page","type-page","status-publish","hentry","entry"],"acf":[],"_links":{"self":[{"href":"https:\/\/sites.usp.br\/latm\/wp-json\/wp\/v2\/pages\/403","targetHints":{"allow":["GET"]}}],"collection":[{"href":"https:\/\/sites.usp.br\/latm\/wp-json\/wp\/v2\/pages"}],"about":[{"href":"https:\/\/sites.usp.br\/latm\/wp-json\/wp\/v2\/types\/page"}],"author":[{"embeddable":true,"href":"https:\/\/sites.usp.br\/latm\/wp-json\/wp\/v2\/users\/23652"}],"replies":[{"embeddable":true,"href":"https:\/\/sites.usp.br\/latm\/wp-json\/wp\/v2\/comments?post=403"}],"version-history":[{"count":4,"href":"https:\/\/sites.usp.br\/latm\/wp-json\/wp\/v2\/pages\/403\/revisions"}],"predecessor-version":[{"id":684,"href":"https:\/\/sites.usp.br\/latm\/wp-json\/wp\/v2\/pages\/403\/revisions\/684"}],"wp:attachment":[{"href":"https:\/\/sites.usp.br\/latm\/wp-json\/wp\/v2\/media?parent=403"}],"curies":[{"name":"wp","href":"https:\/\/api.w.org\/{rel}","templated":true}]}}