{"id":405,"date":"2023-10-26T11:43:04","date_gmt":"2023-10-26T14:43:04","guid":{"rendered":"https:\/\/sites.usp.br\/latm\/?page_id=405"},"modified":"2025-06-25T13:21:04","modified_gmt":"2025-06-25T16:21:04","slug":"eventos","status":"publish","type":"page","link":"https:\/\/sites.usp.br\/latm\/eventos\/","title":{"rendered":"Eventos"},"content":{"rendered":"<h1>Eventos<\/h1>\n<h3>Semin\u00e1rios, congressos, eventos cient\u00edficos e art\u00edsticos organizados pelo LATM<\/h3>\n<h4><strong>Semin\u00e1rios LATM<\/strong> &#8211; Ciclo de palestras e semin\u00e1rios do Laborat\u00f3rio de \u00c1udio e Tecnologias Musicais<\/h4>\n<ul>\n<li><strong>Semin\u00e1rios LATM &#8211; Produ\u00e7\u00e3o Sonora 3D no Audiovisual e Artes Imersivas, Edi\u00e7\u00e3o 2023<\/strong>, 24\/11\/2023, Audit\u00f3rio Vermelho, EACH-USP e online pelo <a href=\"https:\/\/www.youtube.com\/@latmlab\">canal LATM<\/a>. Palestras em <a href=\"https:\/\/www.youtube.com\/watch?v=y_HX8VOoUOY\">Link<\/a>.<br \/>\nPalestrantes: Regis Rossi A. Faria (LATM), Prof. Almir Almas (CTR-ECA\/USP e LabArteM\u00eddia, ECA\/USP), Prof. Bruno Masiero (FEEC\/Unicamp), Jo\u00e3o Monnazzi, Ricardo Thomasi (LATM), Lyara Luisa de Oliveira Alvarenga (LabArteM\u00eddia e Socine\/SP), Ariel Henrique e Ricardo Zollner (Instituto Fraunhofer), Prof. Jos\u00e9 Augusto Mannis e Igor A. Aguilar (IA\/Unicamp).<\/li>\n<li><strong>Semin\u00e1rios LATM &#8211; Fronteiras em An\u00e1lise e S\u00edntese Musical e Sonora, Edi\u00e7\u00e3o 2021<\/strong>, 24\/09\/21. EACH0-USP, Online. Programa\u00e7\u00e3o e palestras em <a href=\"https:\/\/www.youtube.com\/watch?v=qj0NKjV7uBA\">Link1<\/a>. <a href=\"https:\/\/www.youtube.com\/watch?v=6vZKxy4efIw\">Link2<\/a>.<br \/>\nPalestrantes: Andr\u00e9 Giolito, Eduardo Bonachela (bolsistas IC LATM), Gabriel F. Lemos,\u00a0 Jo\u00e3o Monnazzi, Ricardo Thomasi (p\u00f3s-graduandos do Programa de P\u00f3s-gradua\u00e7\u00e3o em M\u00fasica, ECA\/USP), Yuri Chen, Lucas Moreira (SI, EACH-USP).<\/li>\n<li><strong>Semin\u00e1rios LATM\/NEAC &#8211; Tecnologias para An\u00e1lise e Cria\u00e7\u00e3o Musical, Edi\u00e7\u00e3o 2019<\/strong>, 13\/11\/2019. Audit\u00f3rio B, Departamento de Cinema, R\u00e1dio e TV (CTR), ECA-USP, S\u00e3o Paulo. Institui\u00e7\u00f5es promotoras: Laborat\u00f3rio de \u00c1udio e Tecnologias Musicais (LATM\/EACH-USP), N\u00facleo de Engenharia de \u00c1udio e Codifica\u00e7\u00e3o Sonora (NEAC\/LSI-USP), LabArteM\u00eddia (ECA-USP).<br \/>\nPalestrantes: Ricardo Thomasi e Jo\u00e3o Monnazzi, Jorge A. Aguilar (p\u00f3s-graduandos do Programa de P\u00f3s-Gradua\u00e7\u00e3o em M\u00fasica, ECA\/USP); Regis Rossi A. Faria (LATM\/NEAC &#8211; USP).<\/li>\n<li><strong>Semin\u00e1rios LATM\/NEAC &#8211; Psicoac\u00fastica e Instrumenta\u00e7\u00e3o, Edi\u00e7\u00e3o 2018<\/strong>, 25\/04\/2018. Departamento de M\u00fasica, Faculdade de Filosofia, Ci\u00eancias e Letras de Ribeir\u00e3o Preto, Universidade de S\u00e3o Paulo (USP), Ribeir\u00e3o Preto.<br \/>\nPalestrantes: Micael Antunes da Silva (Compositor e Mestrando do Programa de P\u00f3s-gradua\u00e7\u00e3o em M\u00fasica, ECA\/USP).<\/li>\n<li><strong>Semin\u00e1rios LATM &#8211; M\u00eddias e Performances Aumentadas, Edi\u00e7\u00e3o 2016<\/strong>, 26\/04\/2016. Departamento de M\u00fasica, Faculdade de Filosofia, Ci\u00eancias e Letras de Ribeir\u00e3o Preto, Universidade de S\u00e3o Paulo (USP), Ribeir\u00e3o Preto.<br \/>\nPalestrantes: Prof. Marcelo Wanderley (McGill University), Eduardo Meneses (UNICAMP). Prof. Regis Rossi A. Faria (abertura com demonstra\u00e7\u00e3o de instrumento virtual CrosScale). Alunos bolsistas do LATM Renan Melo Santos e Matheus Bueno Lisboa.<\/li>\n<\/ul>\n","protected":false},"excerpt":{"rendered":"<p>Eventos Semin\u00e1rios, congressos, eventos cient\u00edficos e art\u00edsticos organizados pelo LATM Semin\u00e1rios LATM &#8211; Ciclo de palestras e semin\u00e1rios do Laborat\u00f3rio de \u00c1udio e Tecnologias Musicais Semin\u00e1rios LATM &#8211; Produ\u00e7\u00e3o Sonora 3D no Audiovisual e Artes Imersivas, Edi\u00e7\u00e3o 2023, 24\/11\/2023, Audit\u00f3rio Vermelho, EACH-USP e online pelo canal LATM. Palestras em Link. Palestrantes: Regis Rossi A. Faria [&hellip;]<\/p>\n","protected":false},"author":23652,"featured_media":0,"parent":0,"menu_order":0,"comment_status":"closed","ping_status":"closed","template":"","meta":{"_acf_changed":false,"ocean_post_layout":"","ocean_both_sidebars_style":"","ocean_both_sidebars_content_width":0,"ocean_both_sidebars_sidebars_width":0,"ocean_sidebar":"0","ocean_second_sidebar":"0","ocean_disable_margins":"enable","ocean_add_body_class":"","ocean_shortcode_before_top_bar":"","ocean_shortcode_after_top_bar":"","ocean_shortcode_before_header":"","ocean_shortcode_after_header":"","ocean_has_shortcode":"","ocean_shortcode_after_title":"","ocean_shortcode_before_footer_widgets":"","ocean_shortcode_after_footer_widgets":"","ocean_shortcode_before_footer_bottom":"","ocean_shortcode_after_footer_bottom":"","ocean_display_top_bar":"default","ocean_display_header":"default","ocean_header_style":"","ocean_center_header_left_menu":"0","ocean_custom_header_template":"0","ocean_custom_logo":0,"ocean_custom_retina_logo":0,"ocean_custom_logo_max_width":0,"ocean_custom_logo_tablet_max_width":0,"ocean_custom_logo_mobile_max_width":0,"ocean_custom_logo_max_height":0,"ocean_custom_logo_tablet_max_height":0,"ocean_custom_logo_mobile_max_height":0,"ocean_header_custom_menu":"0","ocean_menu_typo_font_family":"0","ocean_menu_typo_font_subset":"","ocean_menu_typo_font_size":0,"ocean_menu_typo_font_size_tablet":0,"ocean_menu_typo_font_size_mobile":0,"ocean_menu_typo_font_size_unit":"px","ocean_menu_typo_font_weight":"","ocean_menu_typo_font_weight_tablet":"","ocean_menu_typo_font_weight_mobile":"","ocean_menu_typo_transform":"","ocean_menu_typo_transform_tablet":"","ocean_menu_typo_transform_mobile":"","ocean_menu_typo_line_height":0,"ocean_menu_typo_line_height_tablet":0,"ocean_menu_typo_line_height_mobile":0,"ocean_menu_typo_line_height_unit":"","ocean_menu_typo_spacing":0,"ocean_menu_typo_spacing_tablet":0,"ocean_menu_typo_spacing_mobile":0,"ocean_menu_typo_spacing_unit":"","ocean_menu_link_color":"","ocean_menu_link_color_hover":"","ocean_menu_link_color_active":"","ocean_menu_link_background":"","ocean_menu_link_hover_background":"","ocean_menu_link_active_background":"","ocean_menu_social_links_bg":"","ocean_menu_social_hover_links_bg":"","ocean_menu_social_links_color":"","ocean_menu_social_hover_links_color":"","ocean_disable_title":"default","ocean_disable_heading":"default","ocean_post_title":"","ocean_post_subheading":"","ocean_post_title_style":"","ocean_post_title_background_color":"","ocean_post_title_background":0,"ocean_post_title_bg_image_position":"","ocean_post_title_bg_image_attachment":"","ocean_post_title_bg_image_repeat":"","ocean_post_title_bg_image_size":"","ocean_post_title_height":0,"ocean_post_title_bg_overlay":0.5,"ocean_post_title_bg_overlay_color":"","ocean_disable_breadcrumbs":"default","ocean_breadcrumbs_color":"","ocean_breadcrumbs_separator_color":"","ocean_breadcrumbs_links_color":"","ocean_breadcrumbs_links_hover_color":"","ocean_display_footer_widgets":"default","ocean_display_footer_bottom":"default","ocean_custom_footer_template":"0","footnotes":"","_links_to":"","_links_to_target":""},"class_list":["post-405","page","type-page","status-publish","hentry","entry"],"acf":[],"_links":{"self":[{"href":"https:\/\/sites.usp.br\/latm\/wp-json\/wp\/v2\/pages\/405","targetHints":{"allow":["GET"]}}],"collection":[{"href":"https:\/\/sites.usp.br\/latm\/wp-json\/wp\/v2\/pages"}],"about":[{"href":"https:\/\/sites.usp.br\/latm\/wp-json\/wp\/v2\/types\/page"}],"author":[{"embeddable":true,"href":"https:\/\/sites.usp.br\/latm\/wp-json\/wp\/v2\/users\/23652"}],"replies":[{"embeddable":true,"href":"https:\/\/sites.usp.br\/latm\/wp-json\/wp\/v2\/comments?post=405"}],"version-history":[{"count":4,"href":"https:\/\/sites.usp.br\/latm\/wp-json\/wp\/v2\/pages\/405\/revisions"}],"predecessor-version":[{"id":680,"href":"https:\/\/sites.usp.br\/latm\/wp-json\/wp\/v2\/pages\/405\/revisions\/680"}],"wp:attachment":[{"href":"https:\/\/sites.usp.br\/latm\/wp-json\/wp\/v2\/media?parent=405"}],"curies":[{"name":"wp","href":"https:\/\/api.w.org\/{rel}","templated":true}]}}