{"id":541,"date":"2024-05-23T13:52:35","date_gmt":"2024-05-23T16:52:35","guid":{"rendered":"https:\/\/sites.usp.br\/latm\/?page_id=541"},"modified":"2024-12-16T18:24:14","modified_gmt":"2024-12-16T21:24:14","slug":"vsat-audience","status":"publish","type":"page","link":"https:\/\/sites.usp.br\/latm\/vsat-audience\/","title":{"rendered":"VSAT-AUDIENCE"},"content":{"rendered":"<h1>VSAT-AUDIENCE<\/h1>\n<p><em>Projeto de pesquisa e desenvolvimento parceria do LATM com o LabArteM\u00eddia\/ECA-USP e Oxford Brookes University (Inglaterra) voltado para integrar as plataformas AUDIENCE de \u00e1udio espacial e o toolkit VSAT para storytelling<\/em><\/p>\n<h3>Introdu\u00e7\u00e3o ao projeto<\/h3>\n<figure id=\"attachment_587\" aria-describedby=\"caption-attachment-587\" style=\"width: 300px\" class=\"wp-caption alignleft\"><img fetchpriority=\"high\" decoding=\"async\" class=\"wp-image-587 size-medium\" src=\"https:\/\/sites.usp.br\/latm\/wp-content\/uploads\/sites\/980\/2024\/12\/Imagem-vsat-2-300x190.png\" alt=\"\" width=\"300\" height=\"190\" srcset=\"https:\/\/sites.usp.br\/latm\/wp-content\/uploads\/sites\/980\/2024\/12\/Imagem-vsat-2-300x190.png 300w, https:\/\/sites.usp.br\/latm\/wp-content\/uploads\/sites\/980\/2024\/12\/Imagem-vsat-2-768x486.png 768w, https:\/\/sites.usp.br\/latm\/wp-content\/uploads\/sites\/980\/2024\/12\/Imagem-vsat-2.png 907w\" sizes=\"(max-width: 300px) 100vw, 300px\" \/><figcaption id=\"caption-attachment-587\" class=\"wp-caption-text\">Story &#8220;<a href=\"https:\/\/ancient-sierra-54813.herokuapp.com\/stories\/202\">The disturbing nature of consciousness and reality<\/a>&#8221; (by Oscar McEntee)<\/figcaption><\/figure>\n<p>O Virtual Storytelling Application and Toolkit (VSAT) \u00e9 uma plataforma de c\u00f3digo aberto que permite que usu\u00e1rios sem experi\u00eancia anterior criem uma poderosa experi\u00eancia de narrativa em RV em menos de 2 horas. Desenvolvido em um cons\u00f3rcio interdisciplinar usando fotografias e \u00e1udio em 360<sup>o<\/sup>, este aplicativo baseado na web tamb\u00e9m desenvolve narrativa, codifica\u00e7\u00e3o, captura de conte\u00fado, design digital e habilidades de produ\u00e7\u00e3o como parte do processo de aprendizagem.<\/p>\n<p>&nbsp;<\/p>\n<p>&nbsp;<\/p>\n<p>&nbsp;<\/p>\n<figure id=\"attachment_585\" aria-describedby=\"caption-attachment-585\" style=\"width: 300px\" class=\"wp-caption alignleft\"><img decoding=\"async\" class=\"wp-image-585 size-medium\" src=\"https:\/\/sites.usp.br\/latm\/wp-content\/uploads\/sites\/980\/2024\/12\/Imagem-vsat-1-300x207.png\" alt=\"\" width=\"300\" height=\"207\" srcset=\"https:\/\/sites.usp.br\/latm\/wp-content\/uploads\/sites\/980\/2024\/12\/Imagem-vsat-1-300x207.png 300w, https:\/\/sites.usp.br\/latm\/wp-content\/uploads\/sites\/980\/2024\/12\/Imagem-vsat-1-768x531.png 768w, https:\/\/sites.usp.br\/latm\/wp-content\/uploads\/sites\/980\/2024\/12\/Imagem-vsat-1.png 910w\" sizes=\"(max-width: 300px) 100vw, 300px\" \/><figcaption id=\"caption-attachment-585\" class=\"wp-caption-text\">P\u00e1gina de autora\u00e7\u00e3o VSAT (exemplo)<\/figcaption><\/figure>\n<p>Este projeto foi a pe\u00e7a central do ICS (Estudo de Caso de Impacto) para o REF 2021 (Dr. Eric White e Prof. Alex Goody) e ponto focal do projeto de troca de conhecimento Collaborative Online International Learning (COIL) de grande sucesso da Brookes University com a Universidade de S\u00e3o Paulo, Brasil. Seguindo a experi\u00eancia do projeto VSAT na produ\u00e7\u00e3o de est\u00f3rias em RV de refugiados e migrantes em S\u00e3o Paulo e Oxford, em seu terceiro ano, este projeto integrado com o LATM tem como objetivo impulsionar uma nova tecnologia para inclus\u00e3o social para cria\u00e7\u00e3o de narrativas integradas de texto, \u00e1udio e v\u00eddeo em ambiente de RV imersivo.<\/p>\n<hr \/>\n<h3 style=\"text-align: left;\">Objetivos<\/h3>\n<p>Objetivamos uma solu\u00e7\u00e3o de \u00e1udio espacial para o <em>toolkit<\/em> VSAT integrando a plataforma de \u00e1udio espacial <a href=\"https:\/\/sites.usp.br\/latm\/audience\/\">AUDIENCE<\/a> desenvolvida na USP.<\/p>\n<h3>Pesquisadores<\/h3>\n<p>Prof. Dr. Regis Rossi A. Faria (LATM\/EACH-USP)<br \/>\nProf. Dr. Almir Almas (CTR-ECA\/USP, LabArteMidia)<br \/>\nProf. Dr. Eric White (Oxford Brookes University)<br \/>\nProfa. Dra. Deisy Fernanda Feitosa (Univ. C\u00e1sper L\u00edbero)<\/p>\n<h3>Chamada de Bolsistas para Projeto VSAT-AUDIENCE 2025<\/h3>\n<p>O LATM lan\u00e7a Chamada para sele\u00e7\u00e3o de Bolsistas para bolsistas N\u00edvel I &#8211; Graduado e N\u00edvel II &#8211; Graduando (Inicia\u00e7\u00e3o Cient\u00edfica) em 2025, voltada para alunos de gradua\u00e7\u00e3o (em SI ou equivalente) e profissionais formados ou em p\u00f3s-gradua\u00e7\u00e3o, com conhecimentos em programa\u00e7\u00e3o e interesse em em desenvolvimento de aplicativos para autoria e consumo audiovisual em RV. A sele\u00e7\u00e3o ocorrer\u00e1 em Janeiro 2025 e o in\u00edcio de atividades, em Mar\u00e7o 2025, com bolsa equivalente \u00e0 refer\u00eancia IC FAPESP (Nivel II) e Mestrado CAPES (N\u00edvel I). Os interessados devem encaminhar curr\u00edculo e carta de inten\u00e7\u00e3o para o email latm@usp.br. Mais informa\u00e7\u00f5es pelo mesmo email.<\/p>\n","protected":false},"excerpt":{"rendered":"<p>VSAT-AUDIENCE Projeto de pesquisa e desenvolvimento parceria do LATM com o LabArteM\u00eddia\/ECA-USP e Oxford Brookes University (Inglaterra) voltado para integrar as plataformas AUDIENCE de \u00e1udio espacial e o toolkit VSAT para storytelling Introdu\u00e7\u00e3o ao projeto O Virtual Storytelling Application and Toolkit (VSAT) \u00e9 uma plataforma de c\u00f3digo aberto que permite que usu\u00e1rios sem experi\u00eancia anterior [&hellip;]<\/p>\n","protected":false},"author":23652,"featured_media":0,"parent":0,"menu_order":0,"comment_status":"closed","ping_status":"closed","template":"","meta":{"_acf_changed":false,"ocean_post_layout":"","ocean_both_sidebars_style":"","ocean_both_sidebars_content_width":0,"ocean_both_sidebars_sidebars_width":0,"ocean_sidebar":"0","ocean_second_sidebar":"0","ocean_disable_margins":"enable","ocean_add_body_class":"","ocean_shortcode_before_top_bar":"","ocean_shortcode_after_top_bar":"","ocean_shortcode_before_header":"","ocean_shortcode_after_header":"","ocean_has_shortcode":"","ocean_shortcode_after_title":"","ocean_shortcode_before_footer_widgets":"","ocean_shortcode_after_footer_widgets":"","ocean_shortcode_before_footer_bottom":"","ocean_shortcode_after_footer_bottom":"","ocean_display_top_bar":"default","ocean_display_header":"default","ocean_header_style":"","ocean_center_header_left_menu":"0","ocean_custom_header_template":"0","ocean_custom_logo":0,"ocean_custom_retina_logo":0,"ocean_custom_logo_max_width":0,"ocean_custom_logo_tablet_max_width":0,"ocean_custom_logo_mobile_max_width":0,"ocean_custom_logo_max_height":0,"ocean_custom_logo_tablet_max_height":0,"ocean_custom_logo_mobile_max_height":0,"ocean_header_custom_menu":"0","ocean_menu_typo_font_family":"0","ocean_menu_typo_font_subset":"","ocean_menu_typo_font_size":0,"ocean_menu_typo_font_size_tablet":0,"ocean_menu_typo_font_size_mobile":0,"ocean_menu_typo_font_size_unit":"px","ocean_menu_typo_font_weight":"","ocean_menu_typo_font_weight_tablet":"","ocean_menu_typo_font_weight_mobile":"","ocean_menu_typo_transform":"","ocean_menu_typo_transform_tablet":"","ocean_menu_typo_transform_mobile":"","ocean_menu_typo_line_height":0,"ocean_menu_typo_line_height_tablet":0,"ocean_menu_typo_line_height_mobile":0,"ocean_menu_typo_line_height_unit":"","ocean_menu_typo_spacing":0,"ocean_menu_typo_spacing_tablet":0,"ocean_menu_typo_spacing_mobile":0,"ocean_menu_typo_spacing_unit":"","ocean_menu_link_color":"","ocean_menu_link_color_hover":"","ocean_menu_link_color_active":"","ocean_menu_link_background":"","ocean_menu_link_hover_background":"","ocean_menu_link_active_background":"","ocean_menu_social_links_bg":"","ocean_menu_social_hover_links_bg":"","ocean_menu_social_links_color":"","ocean_menu_social_hover_links_color":"","ocean_disable_title":"default","ocean_disable_heading":"default","ocean_post_title":"","ocean_post_subheading":"","ocean_post_title_style":"","ocean_post_title_background_color":"","ocean_post_title_background":0,"ocean_post_title_bg_image_position":"","ocean_post_title_bg_image_attachment":"","ocean_post_title_bg_image_repeat":"","ocean_post_title_bg_image_size":"","ocean_post_title_height":0,"ocean_post_title_bg_overlay":0.5,"ocean_post_title_bg_overlay_color":"","ocean_disable_breadcrumbs":"default","ocean_breadcrumbs_color":"","ocean_breadcrumbs_separator_color":"","ocean_breadcrumbs_links_color":"","ocean_breadcrumbs_links_hover_color":"","ocean_display_footer_widgets":"default","ocean_display_footer_bottom":"default","ocean_custom_footer_template":"0","footnotes":"","_links_to":"","_links_to_target":""},"class_list":["post-541","page","type-page","status-publish","hentry","entry"],"acf":[],"_links":{"self":[{"href":"https:\/\/sites.usp.br\/latm\/wp-json\/wp\/v2\/pages\/541","targetHints":{"allow":["GET"]}}],"collection":[{"href":"https:\/\/sites.usp.br\/latm\/wp-json\/wp\/v2\/pages"}],"about":[{"href":"https:\/\/sites.usp.br\/latm\/wp-json\/wp\/v2\/types\/page"}],"author":[{"embeddable":true,"href":"https:\/\/sites.usp.br\/latm\/wp-json\/wp\/v2\/users\/23652"}],"replies":[{"embeddable":true,"href":"https:\/\/sites.usp.br\/latm\/wp-json\/wp\/v2\/comments?post=541"}],"version-history":[{"count":6,"href":"https:\/\/sites.usp.br\/latm\/wp-json\/wp\/v2\/pages\/541\/revisions"}],"predecessor-version":[{"id":604,"href":"https:\/\/sites.usp.br\/latm\/wp-json\/wp\/v2\/pages\/541\/revisions\/604"}],"wp:attachment":[{"href":"https:\/\/sites.usp.br\/latm\/wp-json\/wp\/v2\/media?parent=541"}],"curies":[{"name":"wp","href":"https:\/\/api.w.org\/{rel}","templated":true}]}}