{"id":114,"date":"2017-03-27T00:01:58","date_gmt":"2017-03-27T02:01:58","guid":{"rendered":"http:\/\/sites.usp.br\/lbbp\/?page_id=114"},"modified":"2020-12-26T13:01:00","modified_gmt":"2020-12-26T15:01:00","slug":"atuais","status":"publish","type":"page","link":"https:\/\/sites.usp.br\/lbbp\/atuais\/","title":{"rendered":"Membros Atuais"},"content":{"rendered":"<p>Desde o final do ano de 2008, em que foram entregues os laborat\u00f3rios da EACH-USP, o grupo de pesquisa do Prof. Dr. Felipe Chambergo t\u00eam desenvolvido intensamente suas atividades de pesquisa e forma\u00e7\u00e3o de recursos humanos. Alunos de gradua\u00e7\u00e3o, p\u00f3s-gradua\u00e7\u00e3o e p\u00f3s-doutorandos, origin\u00e1rios de IES de todo o pais,\u00a0 desenvolvem suas atividades de pesquisa em seus variados projetos de acordo a linhas de pesquisa do laborat\u00f3rio.\u00a0 Desde essa \u00e9poca o grupo interage e realiza colabora\u00e7\u00e3o com outros grupos de pesquisa, locais, nacionais e internacionais.<\/p>\n<p>&nbsp;<\/p>\n<p><a href=\"http:\/\/sites.usp.br\/lbbp\/wp-content\/uploads\/sites\/464\/2019\/02\/Felipe1.jpg\"><img loading=\"lazy\" decoding=\"async\" class=\" wp-image-742 alignleft\" src=\"http:\/\/sites.usp.br\/lbbp\/wp-content\/uploads\/sites\/464\/2019\/02\/Felipe1-299x300.jpg\" alt=\"\" width=\"194\" height=\"195\" srcset=\"https:\/\/sites.usp.br\/lbbp\/wp-content\/uploads\/sites\/464\/2019\/02\/Felipe1.jpg 299w, https:\/\/sites.usp.br\/lbbp\/wp-content\/uploads\/sites\/464\/2019\/02\/Felipe1-150x150.jpg 150w, https:\/\/sites.usp.br\/lbbp\/wp-content\/uploads\/sites\/464\/2019\/02\/Felipe1-250x250.jpg 250w, https:\/\/sites.usp.br\/lbbp\/wp-content\/uploads\/sites\/464\/2019\/02\/Felipe1-174x174.jpg 174w, https:\/\/sites.usp.br\/lbbp\/wp-content\/uploads\/sites\/464\/2019\/02\/Felipe1-45x45.jpg 45w, https:\/\/sites.usp.br\/lbbp\/wp-content\/uploads\/sites\/464\/2019\/02\/Felipe1-200x200.jpg 200w\" sizes=\"auto, (max-width: 194px) 100vw, 194px\" \/><\/a><strong>Dr. Felipe Santiago Chambergo Alcalde<\/strong><\/p>\n<p>Graduado em Biologia com especialidade em Microbiologia \u2013 Parasitologia \u2013 Universidad Nacional Pedro Ruiz Gallo (1989, Per\u00fa), doutorado em Ci\u00eancias Biol\u00f3gicas (Bioqu\u00edmica) pela Universidade de S\u00e3o Paulo (2002) e P\u00f3s-doutorado no Instituto de Qu\u00edmica-USP. Professor associado da Escola de Artes, Ci\u00eancias e Humanidades, EACH\/USP (2016). Experi\u00eancia na \u00e1rea de Bioqu\u00edmica, com \u00eanfase em Biologia Molecular, Metagen\u00f4mica e Processos biotecnol\u00f3gicos, atuando nos temas: an\u00e1lise de vias metab\u00f3licas e genomas, bioprospec\u00e7\u00e3o e produ\u00e7\u00e3o de prote\u00ednas recombinantes em procariotos e eucariotos, biologia sint\u00e9tica, biodegrada\u00e7\u00e3o de biomassa e manipula\u00e7\u00e3o gen\u00e9tica de microrganismos. <a href=\"http:\/\/sites.usp.br\/lbbp\/felipe\/\">Leia mais<\/a>.<\/p>\n<p>Ministra as <a href=\"http:\/\/sites.usp.br\/lbbp\/disciplinas\/\">Disciplinas de Gradua\u00e7\u00e3o e P\u00f3s-gradua\u00e7\u00e3o<\/a>.<\/p>\n<hr \/>\n<p style=\"text-align: left;\"><a href=\"http:\/\/sites.usp.br\/lbbp\/wp-content\/uploads\/sites\/464\/2019\/02\/PATRICIA1.jpg\"><img loading=\"lazy\" decoding=\"async\" class=\" wp-image-753 alignleft\" src=\"http:\/\/sites.usp.br\/lbbp\/wp-content\/uploads\/sites\/464\/2019\/02\/PATRICIA1-300x295.jpg\" alt=\"\" width=\"194\" height=\"191\" srcset=\"https:\/\/sites.usp.br\/lbbp\/wp-content\/uploads\/sites\/464\/2019\/02\/PATRICIA1-300x295.jpg 300w, https:\/\/sites.usp.br\/lbbp\/wp-content\/uploads\/sites\/464\/2019\/02\/PATRICIA1.jpg 305w, https:\/\/sites.usp.br\/lbbp\/wp-content\/uploads\/sites\/464\/2019\/02\/PATRICIA1-45x45.jpg 45w\" sizes=\"auto, (max-width: 194px) 100vw, 194px\" \/><\/a><\/p>\n<p style=\"text-align: left;\"><strong>MSc. Patricia Pereira Adriani<\/strong><\/p>\n<p style=\"padding-left: 150px; text-align: left;\">Doutoranda e Mestre em Biotecnologia pela Universidade de S\u00e3o Paulo. Formada em Ci\u00eancias Biol\u00f3gicas pelo Centro Universit\u00e1rio S\u00e3o Camilo (2011). Possui experi\u00eancia em engenharia gen\u00e9tica de leveduras para desenvolvimento de sistema de express\u00e3o induzido com estradiol. Atualmente trabalha na \u00e1rea de Biotecnologia com \u00eanfase em Biologia Molecular, Bioqu\u00edmica e Biologia Celular para express\u00e3o, purifica\u00e7\u00e3o e caracteriza\u00e7\u00e3o de enzimas antioxidantes de fungos filamentosos em diferentes cepas de <em>Escherichia coli<\/em> e an\u00e1lise da atividade enzim\u00e1tica em c\u00e9lulas humanas HaCat. <a href=\"http:\/\/sites.usp.br\/lbbp\/patricia-pereira-adriani\/\">Leia mais<\/a><\/p>\n<p>&nbsp;<\/p>\n<hr \/>\n<p><strong><a href=\"https:\/\/sites.usp.br\/lbbp\/wp-content\/uploads\/sites\/464\/2020\/05\/Vandierly-OK.jpg\"><img loading=\"lazy\" decoding=\"async\" class=\" wp-image-1408 alignleft\" src=\"https:\/\/sites.usp.br\/lbbp\/wp-content\/uploads\/sites\/464\/2020\/05\/Vandierly-OK-239x300.jpg\" alt=\"\" width=\"151\" height=\"189\" srcset=\"https:\/\/sites.usp.br\/lbbp\/wp-content\/uploads\/sites\/464\/2020\/05\/Vandierly-OK-239x300.jpg 239w, https:\/\/sites.usp.br\/lbbp\/wp-content\/uploads\/sites\/464\/2020\/05\/Vandierly-OK-400x502.jpg 400w, https:\/\/sites.usp.br\/lbbp\/wp-content\/uploads\/sites\/464\/2020\/05\/Vandierly-OK.jpg 718w\" sizes=\"auto, (max-width: 151px) 100vw, 151px\" \/><\/a><\/strong><\/p>\n<p><strong>Vandierly Sampaio de Melo<\/strong><\/p>\n<p>Biotecnologista pela Universidade Federal de Goi\u00e1s (UFG). Atualmente mestranda do programa de Bioqu\u00edmica e Biologia Molecular da Universidade de S\u00e3o Paulo (USP). Possui como projeto de pesquisa a purifica\u00e7\u00e3o e caracteriza\u00e7\u00e3o de enzimas lignocelul\u00edticas, sob a orienta\u00e7\u00e3o do prof. Dr. Felipe Chambergo. Tem interesse nas \u00e1reas de microbiologia aplicada, bioprocessos, biologia molecular, biologia celular e bioqu\u00edmica. <a href=\"https:\/\/sites.usp.br\/lbbp\/vandierly\/\">Leia mais<\/a><\/p>\n<p>&nbsp;<\/p>\n<hr \/>\n<p><em><a href=\"https:\/\/sites.usp.br\/lbbp\/wp-content\/uploads\/sites\/464\/2020\/05\/Brisa2-OK.jpg\"><img loading=\"lazy\" decoding=\"async\" class=\" wp-image-1406 alignleft\" src=\"https:\/\/sites.usp.br\/lbbp\/wp-content\/uploads\/sites\/464\/2020\/05\/Brisa2-OK-228x300.jpg\" alt=\"\" width=\"149\" height=\"197\" srcset=\"https:\/\/sites.usp.br\/lbbp\/wp-content\/uploads\/sites\/464\/2020\/05\/Brisa2-OK-228x300.jpg 228w, https:\/\/sites.usp.br\/lbbp\/wp-content\/uploads\/sites\/464\/2020\/05\/Brisa2-OK-400x527.jpg 400w, https:\/\/sites.usp.br\/lbbp\/wp-content\/uploads\/sites\/464\/2020\/05\/Brisa2-OK.jpg 721w\" sizes=\"auto, (max-width: 149px) 100vw, 149px\" \/><\/a><\/em><\/p>\n<p><strong>Brisa Moreira Gomes<\/strong><\/p>\n<p>Graduada em Ci\u00eancias Biol\u00f3gicas pelo Centro Universit\u00e1rio do Leste de Minas Gerais (2018), possui experi\u00eancia em pesquisa em Biologia molecular animal e An\u00e1lises f\u00edsico-qu\u00edmicas. Atualmente mestranda do programa de Bioqu\u00edmica e Biologia Molecular da Universidade de S\u00e3o Paulo (USP). <a href=\"https:\/\/sites.usp.br\/lbbp\/brisa\/\">Leia mais<\/a><\/p>\n<p>&nbsp;<\/p>\n<p>&nbsp;<\/p>\n<hr \/>\n<p><a href=\"https:\/\/sites.usp.br\/lbbp\/wp-content\/uploads\/sites\/464\/2019\/02\/Amanda1.jpg\"><img loading=\"lazy\" decoding=\"async\" class=\" wp-image-874 alignleft\" src=\"https:\/\/sites.usp.br\/lbbp\/wp-content\/uploads\/sites\/464\/2019\/02\/Amanda1-285x300.jpg\" alt=\"\" width=\"162\" height=\"170\" \/><\/a><\/p>\n<p><strong>Amanda Cristina Esteves Leite<\/strong><\/p>\n<p>Aluna do curso de gradua\u00e7\u00e3o em Biotecnologia na Escola de Artes, Ci\u00eancias e Humanidades da Universidade de S\u00e3o Paulo (2018), atualmente realizando Inicia\u00e7\u00e3o Cient\u00edfica no laborat\u00f3rio de bioqu\u00edmica de prote\u00ednas da faculdade. <a href=\"http:\/\/sites.usp.br\/lbbp\/amanda\/\">Leia mais.<\/a><\/p>\n<p>&nbsp;<\/p>\n<p>&nbsp;<\/p>\n<hr \/>\n<p><a href=\"http:\/\/sites.usp.br\/lbbp\/wp-content\/uploads\/sites\/464\/2019\/02\/Flavio1.jpg\"><img loading=\"lazy\" decoding=\"async\" class=\" wp-image-765 alignleft\" src=\"http:\/\/sites.usp.br\/lbbp\/wp-content\/uploads\/sites\/464\/2019\/02\/Flavio1-292x300.jpg\" alt=\"\" width=\"162\" height=\"166\" srcset=\"https:\/\/sites.usp.br\/lbbp\/wp-content\/uploads\/sites\/464\/2019\/02\/Flavio1.jpg 292w, https:\/\/sites.usp.br\/lbbp\/wp-content\/uploads\/sites\/464\/2019\/02\/Flavio1-45x45.jpg 45w\" sizes=\"auto, (max-width: 162px) 100vw, 162px\" \/><\/a><\/p>\n<p><strong>Flavio Vinicius Moreira<\/strong><\/p>\n<p>Aluno do bacharelado em Biotecnologia na Escola de Artes, Ci\u00eancias e Humanidades da Universidade de S\u00e3o Paulo (2018), atualmente realizando Inicia\u00e7\u00e3o Cient\u00edfica laborat\u00f3rio de bioqu\u00edmica de prote\u00ednas da faculdade. <a href=\"http:\/\/sites.usp.br\/lbbp\/flavio\/\">Leia mais.<\/a><\/p>\n<p>&nbsp;<\/p>\n<hr \/>\n<p><strong><a href=\"https:\/\/sites.usp.br\/lbbp\/wp-content\/uploads\/sites\/464\/2020\/02\/Thiago-Pinheiro-2019-1.jpg\"><img loading=\"lazy\" decoding=\"async\" class=\" wp-image-1141 alignleft\" src=\"https:\/\/sites.usp.br\/lbbp\/wp-content\/uploads\/sites\/464\/2020\/02\/Thiago-Pinheiro-2019-1.jpg\" alt=\"\" width=\"128\" height=\"167\" \/><\/a><\/strong><\/p>\n<p><strong>Thiago Pineiro Bizelli<\/strong><\/p>\n<p>Aluno do bacharelado em Biotecnologia na Escola de Artes, Ci\u00eancias e Humanidades da Universidade de S\u00e3o Paulo (2018), atualmente realizando Inicia\u00e7\u00e3o Cient\u00edfica no laborat\u00f3rio de bioqu\u00edmica de prote\u00ednas da faculdade. <a href=\"http:\/\/sites.usp.br\/lbbp\/thiago\/\">Leia mais.<\/a><\/p>\n<p>&nbsp;<\/p>\n<hr \/>\n<p><a href=\"https:\/\/sites.usp.br\/lbbp\/wp-content\/uploads\/sites\/464\/2020\/05\/LarissaB-ok.jpg\"><img loading=\"lazy\" decoding=\"async\" class=\" wp-image-1445 alignleft\" src=\"https:\/\/sites.usp.br\/lbbp\/wp-content\/uploads\/sites\/464\/2020\/05\/LarissaB-ok-218x300.jpg\" alt=\"\" width=\"137\" height=\"189\" srcset=\"https:\/\/sites.usp.br\/lbbp\/wp-content\/uploads\/sites\/464\/2020\/05\/LarissaB-ok-218x300.jpg 218w, https:\/\/sites.usp.br\/lbbp\/wp-content\/uploads\/sites\/464\/2020\/05\/LarissaB-ok-743x1024.jpg 743w, https:\/\/sites.usp.br\/lbbp\/wp-content\/uploads\/sites\/464\/2020\/05\/LarissaB-ok-768x1058.jpg 768w, https:\/\/sites.usp.br\/lbbp\/wp-content\/uploads\/sites\/464\/2020\/05\/LarissaB-ok-400x551.jpg 400w, https:\/\/sites.usp.br\/lbbp\/wp-content\/uploads\/sites\/464\/2020\/05\/LarissaB-ok.jpg 842w\" sizes=\"auto, (max-width: 137px) 100vw, 137px\" \/><\/a><\/p>\n<p><strong>Larissa Bianca de Menezes<\/strong><\/p>\n<p>Graduanda do curso de Biotecnologia da Escola de Artes Ci\u00eancias e Humanidades, USP (2018). Realiza inicia\u00e7\u00e3o cient\u00edfica no laborat\u00f3rio de Biotecnologia da EACH\/USP.<\/p>\n<p><a href=\"https:\/\/sites.usp.br\/lbbp\/lari\/\">Leia mais.<\/a><\/p>\n<p>&nbsp;<\/p>\n<p>&nbsp;<\/p>\n<hr \/>\n<p>&nbsp;<\/p>\n<p>&nbsp;<\/p>\n<p>&nbsp;<\/p>\n<p>&nbsp;<\/p>\n<p>&nbsp;<\/p>\n<p>&nbsp;<\/p>\n<p>&nbsp;<\/p>\n<p>&nbsp;<\/p>\n<p>&nbsp;<\/p>\n","protected":false},"excerpt":{"rendered":"<p>Desde o final do ano de 2008, em que foram entregues os laborat\u00f3rios da EACH-USP, o grupo de pesquisa do Prof. Dr. Felipe Chambergo t\u00eam desenvolvido intensamente suas atividades de pesquisa e forma\u00e7\u00e3o de recursos humanos. Alunos de gradua\u00e7\u00e3o, p\u00f3s-gradua\u00e7\u00e3o e p\u00f3s-doutorandos, origin\u00e1rios de IES de todo o pais,\u00a0 desenvolvem suas atividades de pesquisa em<a href=\"https:\/\/sites.usp.br\/lbbp\/atuais\/\">[&#8230;]<\/a><\/p>\n","protected":false},"author":309,"featured_media":0,"parent":0,"menu_order":0,"comment_status":"closed","ping_status":"closed","template":"","meta":{"_monsterinsights_skip_tracking":false,"_monsterinsights_sitenote_active":false,"_monsterinsights_sitenote_note":"","_monsterinsights_sitenote_category":0,"footnotes":"","_links_to":"","_links_to_target":""},"class_list":["post-114","page","type-page","status-publish","hentry"],"_links":{"self":[{"href":"https:\/\/sites.usp.br\/lbbp\/wp-json\/wp\/v2\/pages\/114","targetHints":{"allow":["GET"]}}],"collection":[{"href":"https:\/\/sites.usp.br\/lbbp\/wp-json\/wp\/v2\/pages"}],"about":[{"href":"https:\/\/sites.usp.br\/lbbp\/wp-json\/wp\/v2\/types\/page"}],"author":[{"embeddable":true,"href":"https:\/\/sites.usp.br\/lbbp\/wp-json\/wp\/v2\/users\/309"}],"replies":[{"embeddable":true,"href":"https:\/\/sites.usp.br\/lbbp\/wp-json\/wp\/v2\/comments?post=114"}],"version-history":[{"count":5,"href":"https:\/\/sites.usp.br\/lbbp\/wp-json\/wp\/v2\/pages\/114\/revisions"}],"predecessor-version":[{"id":1671,"href":"https:\/\/sites.usp.br\/lbbp\/wp-json\/wp\/v2\/pages\/114\/revisions\/1671"}],"wp:attachment":[{"href":"https:\/\/sites.usp.br\/lbbp\/wp-json\/wp\/v2\/media?parent=114"}],"curies":[{"name":"wp","href":"https:\/\/api.w.org\/{rel}","templated":true}]}}