{"id":1426,"date":"2020-05-03T13:20:52","date_gmt":"2020-05-03T15:20:52","guid":{"rendered":"http:\/\/sites.usp.br\/lbbp\/?page_id=1426"},"modified":"2020-05-03T13:23:12","modified_gmt":"2020-05-03T15:23:12","slug":"vandierly","status":"publish","type":"page","link":"https:\/\/sites.usp.br\/lbbp\/vandierly\/","title":{"rendered":"Vandierly Sampaio de Melo"},"content":{"rendered":"<p>Biotecnologista pela Universidade Federal de Goi\u00e1s (UFG). Atualmente mestranda do programa de Bioqu\u00edmica e Biologia Molecular da Universidade de S\u00e3o Paulo (USP). Possui como projeto de pesquisa a purifica\u00e7\u00e3o e caracteriza\u00e7\u00e3o de enzimas lignocelul\u00edticas, sob a orienta\u00e7\u00e3o do prof. Dr. Felipe Chambergo. Tem interesse nas \u00e1reas de microbiologia aplicada, bioprocessos, biologia molecular, biologia celular e bioqu\u00edmica.<\/p>\n<p>N\u00b0 USP: 11866640<\/p>\n<p>E-mail USP: vandy.melo@usp.br<\/p>\n<p>N\u00b0 ORCID:<\/p>\n<p><a href=\"http:\/\/lattes.cnpq.br\/7960836438172444\" target=\"_blank\" rel=\"noopener noreferrer\">Link CV Lattes<\/a><\/p>\n<p><strong>Forma\u00e7\u00e3o<\/strong><\/p>\n<p><strong>1- Gradua\u00e7\u00e3o: Bacharel em Biotecnologia<br \/>\n<\/strong><\/p>\n<p>Data de conclus\u00e3o: 28\/01\/2020<\/p>\n<p>IES: Universidade Federal de Goi\u00e1s<\/p>\n<p>Projeto: Express\u00e3o heter\u00f3loga de genes de LPMOs f\u00fangicas na levedura <em>Pichia pastoris<\/em><\/p>\n<p>A preocupa\u00e7\u00e3o com a polui\u00e7\u00e3o ambiental e depend\u00eancia de combust\u00edveis f\u00f3sseis levou \u00e0 busca por combust\u00edveis renov\u00e1veis como o etanol produzido a partir de biomassa vegetal. Para o processo de desconstru\u00e7\u00e3o da biomassa vegetal e obten\u00e7\u00e3o de a\u00e7\u00facares ferment\u00e1veis \u00e9 fundamental o uso de enzimas lignocelulol\u00edticas, em especial das LPMOs, pela capacidade de acelerar a convers\u00e3o enzim\u00e1tica da biomassa, reduzindo tempo e custo de produ\u00e7\u00e3o. Nesse sentido, o objetivo desse trabalho foi expressar genes de LPMOs <em>TlAA9 <\/em>de <em>Thermomyces lanuginosus <\/em>e <em>Af-egl61<\/em> de <em>Aspergillus fumigatus<\/em> (X7) na levedura <em>P. pastoris<\/em>. Para isso, c\u00e9lulas de <em>E. coli <\/em>XL10-GOLD foram transformadas com o vetor pGAPZ\/TlAA9 ou pHIL-D2\/Af-egl61 por eletropora\u00e7\u00e3o. Os vetores pGAPZ\/TlAA9 e pHIL-D2\/Af-egl61 foram linearizados com as enzimas <em>Avr<\/em>II e <em>Not<\/em>I, respectivamente, e inseridos em c\u00e9lulas de <em>P. pastoris <\/em>SMD1168 por eletropora\u00e7\u00e3o. Os transformantes obtidos foram cultivados em placas do tipo <em>deep well <\/em>e em frascos<em>. <\/em>An\u00e1lises por <em>western blot<\/em> e SDS-PAGE confirmaram a presen\u00e7a da LPMO TLAA9r no sobrenadante de cultura do T14. A enzima TLAA9r purificada em coluna de n\u00edquel apresentou uma massa molecular de aproximadamente 55 kDa. \u00a0O sobrenadante de cultura do E11 apresentou duas bandas intensas entre 48 kDa e 66,2 kDa, indicando a prov\u00e1vel presen\u00e7a da LPMO AF-EGL61r. Neste trabalho \u00e9 relatado pela primeira vez a express\u00e3o de uma LPMO de <em>T. lanuginosa <\/em>em <em>P. pastoris<\/em>.<\/p>\n<p>Bolsa: \u00a0N\u00e3o<\/p>\n<p><strong>2- P\u00f3s-gradua\u00e7\u00e3o<\/strong><\/p>\n<p>&#8211; N\u00edvel Mestrado:<\/p>\n<p>Curso: Bioqu\u00edmica e Biologia Molecular<\/p>\n<p>IES: Escola de Artes, Ci\u00eancias e Humanidades &#8211; USP.<\/p>\n<p>Ano de ingresso: 2020<\/p>\n<p>Ano de t\u00e9rmino ou conclus\u00e3o no programa: 2022<\/p>\n<p><strong>Projeto: Caracteriza\u00e7\u00e3o de glicosil hidrolases envolvidas na degrada\u00e7\u00e3o da biomassa lignocelul\u00f3sica<\/strong><\/p>\n<p>Em virtude dos problemas ambientais e econ\u00f4micos causados pelos combust\u00edveis f\u00f3sseis, uma importante alternativa ao seu uso s\u00e3o os biocombust\u00edveis, como o etanol 2G, produzido a partir da biomassa vegetal. Para o processo de desconstru\u00e7\u00e3o da biomassa vegetal e obten\u00e7\u00e3o de a\u00e7\u00facares ferment\u00e1veis \u00e9 fundamental o uso de enzimas lignocelulol\u00edticas, como por exemplo, as \u03b1-L-arabinofuranosidases e endo-\u03b1-1,5-L-arabinanases. O presente trabalho tem como objetivo caracterizar as enzimas hemicelulases recombinantes \u03b1-L-arabinofuranosidase-1, \u03b1-L-arabinofuranosidase-2 e endo-\u03b1-1,5-L-arabinanase de <em>Xanthomonas phaseoli <\/em>pv.<em> Phaseoli, Thermobifida fusca <\/em>YX e <em>Geobacillus <\/em>sp. JS12, respectivamente, produzidas em <em>E. coli<\/em>. As prote\u00ednas expressas em <em>E. coli<\/em> ser\u00e3o purificadas por cromatografia de afinidade e caracterizadas quanto a especificidade de substrato, influ\u00eancia do pH, temperatura, \u00edons met\u00e1licos e reagentes qu\u00edmicos na atividade enzim\u00e1tica e par\u00e2metros cin\u00e9ticos. O projeto pretende determinar as condi\u00e7\u00f5es \u00f3timas e os par\u00e2metros cin\u00e9ticos de atua\u00e7\u00e3o das enzimas recombinantes, a fim de contribuir com o avan\u00e7o tecnol\u00f3gico nacional, com a produ\u00e7\u00e3o de enzimas capazes de atuar de modo eficiente na desconstru\u00e7\u00e3o da biomassa vegetal.<\/p>\n<p>Bolsa Agencia: CAPES<\/p>\n<p>Processo:<\/p>\n<p>Vig\u00eancia: 01\/03\/2020 &#8211; 28\/02\/2022<\/p>\n<p><strong>Publica\u00e7\u00f5es:<\/strong><\/p>\n<p>&nbsp;<\/p>\n<p><strong>Participa\u00e7\u00e3o em eventos:<\/strong><\/p>\n<p>&nbsp;<\/p>\n","protected":false},"excerpt":{"rendered":"<p>Biotecnologista pela Universidade Federal de Goi\u00e1s (UFG). Atualmente mestranda do programa de Bioqu\u00edmica e Biologia Molecular da Universidade de S\u00e3o Paulo (USP). Possui como projeto de pesquisa a purifica\u00e7\u00e3o e caracteriza\u00e7\u00e3o de enzimas lignocelul\u00edticas, sob a orienta\u00e7\u00e3o do prof. Dr. Felipe Chambergo. Tem interesse nas \u00e1reas de microbiologia aplicada, bioprocessos, biologia molecular, biologia celular e<a href=\"https:\/\/sites.usp.br\/lbbp\/vandierly\/\">[&#8230;]<\/a><\/p>\n","protected":false},"author":208,"featured_media":0,"parent":0,"menu_order":0,"comment_status":"closed","ping_status":"closed","template":"","meta":{"_monsterinsights_skip_tracking":false,"_monsterinsights_sitenote_active":false,"_monsterinsights_sitenote_note":"","_monsterinsights_sitenote_category":0,"footnotes":"","_links_to":"","_links_to_target":""},"class_list":["post-1426","page","type-page","status-publish","hentry"],"_links":{"self":[{"href":"https:\/\/sites.usp.br\/lbbp\/wp-json\/wp\/v2\/pages\/1426","targetHints":{"allow":["GET"]}}],"collection":[{"href":"https:\/\/sites.usp.br\/lbbp\/wp-json\/wp\/v2\/pages"}],"about":[{"href":"https:\/\/sites.usp.br\/lbbp\/wp-json\/wp\/v2\/types\/page"}],"author":[{"embeddable":true,"href":"https:\/\/sites.usp.br\/lbbp\/wp-json\/wp\/v2\/users\/208"}],"replies":[{"embeddable":true,"href":"https:\/\/sites.usp.br\/lbbp\/wp-json\/wp\/v2\/comments?post=1426"}],"version-history":[{"count":3,"href":"https:\/\/sites.usp.br\/lbbp\/wp-json\/wp\/v2\/pages\/1426\/revisions"}],"predecessor-version":[{"id":1431,"href":"https:\/\/sites.usp.br\/lbbp\/wp-json\/wp\/v2\/pages\/1426\/revisions\/1431"}],"wp:attachment":[{"href":"https:\/\/sites.usp.br\/lbbp\/wp-json\/wp\/v2\/media?parent=1426"}],"curies":[{"name":"wp","href":"https:\/\/api.w.org\/{rel}","templated":true}]}}