{"id":1435,"date":"2020-05-03T13:42:59","date_gmt":"2020-05-03T15:42:59","guid":{"rendered":"http:\/\/sites.usp.br\/lbbp\/?page_id=1435"},"modified":"2020-05-03T13:42:59","modified_gmt":"2020-05-03T15:42:59","slug":"brisa","status":"publish","type":"page","link":"https:\/\/sites.usp.br\/lbbp\/brisa\/","title":{"rendered":"Brisa Moreira Gomes"},"content":{"rendered":"<p>Graduada em Ci\u00eancias Biol\u00f3gicas pelo Centro Universit\u00e1rio do Leste de Minas Gerais (2018), possui experi\u00eancia em pesquisa em Biologia molecular animal e An\u00e1lises f\u00edsico-qu\u00edmicas.\u00a0 Atualmente mestranda do programa de Bioqu\u00edmica e Biologia Molecular da Universidade de S\u00e3o Paulo (USP).<\/p>\n<p>N\u00b0 USP: 11868617<\/p>\n<p>E-mail USP: brisa.moreira@usp.br<\/p>\n<p>N\u00b0 ORCID:<\/p>\n<p><a href=\"http:\/\/buscatextual.cnpq.br\/buscatextual\/visualizacv.do?id=K2045979Y6\" target=\"_blank\" rel=\"noopener noreferrer\">Link CV Lattes<\/a><\/p>\n<p><strong>Forma\u00e7\u00e3o<\/strong><\/p>\n<p><strong>1- Gradua\u00e7\u00e3o: Ci\u00eancias Biol\u00f3gicas<br \/>\n<\/strong><\/p>\n<p>Data de conclus\u00e3o: 06\/07\/2018<\/p>\n<p>IES: Centro Universit\u00e1rio do Leste de Minas Gerais &#8211; UNILESTE<\/p>\n<p><strong>Projeto: An\u00e1lise f\u00edsico-qu\u00edmica da qualidade da \u00e1gua em diferentes \u00e1reas do c\u00f3rrego Timotinho, Tim\u00f3teo, Minas Gerais.<\/strong><\/p>\n<p>A intensifica\u00e7\u00e3o da degrada\u00e7\u00e3o ambiental causada por atividades humanas pode aumentar a carga de efluentes industriais e dom\u00e9sticos em corpos naturais de \u00e1gua, como os rios e c\u00f3rregos. O objetivo deste trabalho \u00e9 mensurar e descrever as vari\u00e1veis f\u00edsico-qu\u00edmicas de qualidade de \u00e1gua no c\u00f3rrego Timotinho em Tim\u00f3teo-MG. O c\u00f3rrego Timotinho \u00e9, ao longo de seu percurso, rodeado por atividade antr\u00f3pica. Desde sua nascente, localizada em um s\u00edtio da zona rural, nas proximidades da Serra da Baratinha, o c\u00f3rrego sofre a\u00e7\u00f5es diretas e indiretas da popula\u00e7\u00e3o que vive \u00e0s suas margens. A pesquisa realizada foi qualitativa e os dados foram coletados mensalmente em quatro pontos da margem: nascente, zona rural, per\u00edmetro urbano e foz. A sonda multipar\u00e2metros YSI foi usada para medir a temperatura da \u00e1gua, oxig\u00eanio dissolvido (OD), condutividade el\u00e9trica, satura\u00e7\u00e3o do oxig\u00eanio e pH. A alcalinidade e os S\u00f3lidos Totais Suspensos foram medidos em laborat\u00f3rio. P\u00f4de-se observar que os par\u00e2metros limnol\u00f3gicos analisados crescem \u00e0 medida que o c\u00f3rrego caminha em dire\u00e7\u00e3o \u00e0 para a sua foz no Rio Piracicaba, sendo relacionado diretamente com o n\u00edvel de atividade antr\u00f3pica. Os pontos PU (Per\u00edmetro Urbano) e FOZ apresentaram as maiores altera\u00e7\u00f5es nos par\u00e2metros f\u00edsicos e qu\u00edmicos de qualidade de \u00e1gua em fun\u00e7\u00e3o do processo de urbaniza\u00e7\u00e3o e lan\u00e7amento de esgoto dom\u00e9stico no c\u00f3rrego Timotinho.<\/p>\n<p>Bolsa: \u00a0N\u00e3o<\/p>\n<p><strong>2- P\u00f3s-gradua\u00e7\u00e3o<\/strong><\/p>\n<p>&#8211; N\u00edvel Mestrado:<\/p>\n<p>Curso: Bioqu\u00edmica e Biologia Molecular<\/p>\n<p>IES: Escola de Artes, Ci\u00eancias e Humanidades &#8211; USP.<\/p>\n<p>Ano de ingresso: 2020<\/p>\n<p>Ano de t\u00e9rmino ou conclus\u00e3o no programa: 2022<\/p>\n<p><strong>Projeto: Identifica\u00e7\u00e3o de microrganismos produtoras de mol\u00e9culas antimicrobianas.<br \/>\n<\/strong><\/p>\n<p>No processo da evolu\u00e7\u00e3o biol\u00f3gica as esp\u00e9cies v\u00e3o se adaptando ao longo dos milhares de anos e desenvolvem mecanismos de defesa para se perpetuar. A partir dos anos 20 do s\u00e9culo passado, antibi\u00f3ticos t\u00eam sido utilizados para o tratamento terap\u00eautico de doen\u00e7as infecciosas. Por\u00e9m, a crescente e r\u00e1pida dissemina\u00e7\u00e3o de antibi\u00f3ticos na agricultura, medicina humana e veterin\u00e1ria, tem aumentado a frequ\u00eancia de bact\u00e9rias resistentes aos antibi\u00f3ticos, como as \u201csuperbact\u00e9rias\u201d. Estas representam uma das principais amea\u00e7as \u00e0 sa\u00fade p\u00fablica mundial. Nossa proposta visa identificar microrganismos produtoras de mol\u00e9culas antimicrobianas, utilizando um sistema gen\u00e9tico, no qual um promotor \u00e9 ativado em resposta ao dano no DNA, inibi\u00e7\u00e3o de ribossomo ou dano \u00e0 parede celular. Este promotor estar\u00e1 fusionado a um gene rep\u00f3rter que produz uma prote\u00edna fluorescente ou luminescente, que permitir\u00e1 uma r\u00e1pida identifica\u00e7\u00e3o de microrganismos produtores de mol\u00e9culas antimicrobianas A identifica\u00e7\u00e3o de novos antibi\u00f3ticos \u00e9 uma etapa importante no processo de combate \u00e0 resist\u00eancia a antibi\u00f3ticos, que pode contribuir para conter este grave problema de sa\u00fade p\u00fablica mundial.<\/p>\n<p>Bolsa Agencia: N\u00e3o<\/p>\n<p>Processo:<\/p>\n<p>Vig\u00eancia:<\/p>\n<p><strong>Publica\u00e7\u00f5es:<\/strong><\/p>\n<p>&nbsp;<\/p>\n<p><strong>Participa\u00e7\u00e3o em eventos:<\/strong><\/p>\n<p>&nbsp;<\/p>\n","protected":false},"excerpt":{"rendered":"<p>Graduada em Ci\u00eancias Biol\u00f3gicas pelo Centro Universit\u00e1rio do Leste de Minas Gerais (2018), possui experi\u00eancia em pesquisa em Biologia molecular animal e An\u00e1lises f\u00edsico-qu\u00edmicas.\u00a0 Atualmente mestranda do programa de Bioqu\u00edmica e Biologia Molecular da Universidade de S\u00e3o Paulo (USP). N\u00b0 USP: 11868617 E-mail USP: brisa.moreira@usp.br N\u00b0 ORCID: Link CV Lattes Forma\u00e7\u00e3o 1- Gradua\u00e7\u00e3o: Ci\u00eancias Biol\u00f3gicas<a href=\"https:\/\/sites.usp.br\/lbbp\/brisa\/\">[&#8230;]<\/a><\/p>\n","protected":false},"author":208,"featured_media":0,"parent":0,"menu_order":0,"comment_status":"closed","ping_status":"closed","template":"","meta":{"_monsterinsights_skip_tracking":false,"_monsterinsights_sitenote_active":false,"_monsterinsights_sitenote_note":"","_monsterinsights_sitenote_category":0,"footnotes":"","_links_to":"","_links_to_target":""},"class_list":["post-1435","page","type-page","status-publish","hentry"],"_links":{"self":[{"href":"https:\/\/sites.usp.br\/lbbp\/wp-json\/wp\/v2\/pages\/1435","targetHints":{"allow":["GET"]}}],"collection":[{"href":"https:\/\/sites.usp.br\/lbbp\/wp-json\/wp\/v2\/pages"}],"about":[{"href":"https:\/\/sites.usp.br\/lbbp\/wp-json\/wp\/v2\/types\/page"}],"author":[{"embeddable":true,"href":"https:\/\/sites.usp.br\/lbbp\/wp-json\/wp\/v2\/users\/208"}],"replies":[{"embeddable":true,"href":"https:\/\/sites.usp.br\/lbbp\/wp-json\/wp\/v2\/comments?post=1435"}],"version-history":[{"count":1,"href":"https:\/\/sites.usp.br\/lbbp\/wp-json\/wp\/v2\/pages\/1435\/revisions"}],"predecessor-version":[{"id":1436,"href":"https:\/\/sites.usp.br\/lbbp\/wp-json\/wp\/v2\/pages\/1435\/revisions\/1436"}],"wp:attachment":[{"href":"https:\/\/sites.usp.br\/lbbp\/wp-json\/wp\/v2\/media?parent=1435"}],"curies":[{"name":"wp","href":"https:\/\/api.w.org\/{rel}","templated":true}]}}