{"id":1443,"date":"2020-05-03T22:35:50","date_gmt":"2020-05-04T00:35:50","guid":{"rendered":"http:\/\/sites.usp.br\/lbbp\/?page_id=1443"},"modified":"2020-05-03T22:35:50","modified_gmt":"2020-05-04T00:35:50","slug":"lari","status":"publish","type":"page","link":"https:\/\/sites.usp.br\/lbbp\/lari\/","title":{"rendered":"Larissa  Bianca de Menezes"},"content":{"rendered":"<p>Graduanda do curso de Biotecnologia da Escola de Artes Ci\u00eancias e Humanidades, USP (2018). Realiza inicia\u00e7\u00e3o cient\u00edfica no laborat\u00f3rio de Biotecnologia da EACH\/USP.<\/p>\n<p>N\u00b0 USP: 10720600<\/p>\n<p>E-mail USP: biianca_mz@usp.br<\/p>\n<p>Link CV Lattes:<\/p>\n<p><strong>Forma\u00e7\u00e3o<\/strong><\/p>\n<p>1- Gradua\u00e7\u00e3o: Bacharelado em Biotecnologia<\/p>\n<p>Data de conclus\u00e3o: 2018 &#8211; atual<\/p>\n<p>IES: Escola de Artes Ci\u00eancias e Humanidades, Universidade de S\u00e3o Paulo.<\/p>\n<p><strong>Projeto: <\/strong><\/p>\n<p>Bolsa Ag\u00eancia:<\/p>\n<p>Vig\u00eancia:<\/p>\n<p><strong>Participa\u00e7\u00e3o em eventos:<\/strong><\/p>\n","protected":false},"excerpt":{"rendered":"<p>Graduanda do curso de Biotecnologia da Escola de Artes Ci\u00eancias e Humanidades, USP (2018). Realiza inicia\u00e7\u00e3o cient\u00edfica no laborat\u00f3rio de Biotecnologia da EACH\/USP. N\u00b0 USP: 10720600 E-mail USP: biianca_mz@usp.br Link CV Lattes: Forma\u00e7\u00e3o 1- Gradua\u00e7\u00e3o: Bacharelado em Biotecnologia Data de conclus\u00e3o: 2018 &#8211; atual IES: Escola de Artes Ci\u00eancias e Humanidades, Universidade de S\u00e3o Paulo.<a href=\"https:\/\/sites.usp.br\/lbbp\/lari\/\">[&#8230;]<\/a><\/p>\n","protected":false},"author":208,"featured_media":0,"parent":0,"menu_order":0,"comment_status":"closed","ping_status":"closed","template":"","meta":{"_monsterinsights_skip_tracking":false,"_monsterinsights_sitenote_active":false,"_monsterinsights_sitenote_note":"","_monsterinsights_sitenote_category":0,"footnotes":"","_links_to":"","_links_to_target":""},"class_list":["post-1443","page","type-page","status-publish","hentry"],"_links":{"self":[{"href":"https:\/\/sites.usp.br\/lbbp\/wp-json\/wp\/v2\/pages\/1443","targetHints":{"allow":["GET"]}}],"collection":[{"href":"https:\/\/sites.usp.br\/lbbp\/wp-json\/wp\/v2\/pages"}],"about":[{"href":"https:\/\/sites.usp.br\/lbbp\/wp-json\/wp\/v2\/types\/page"}],"author":[{"embeddable":true,"href":"https:\/\/sites.usp.br\/lbbp\/wp-json\/wp\/v2\/users\/208"}],"replies":[{"embeddable":true,"href":"https:\/\/sites.usp.br\/lbbp\/wp-json\/wp\/v2\/comments?post=1443"}],"version-history":[{"count":1,"href":"https:\/\/sites.usp.br\/lbbp\/wp-json\/wp\/v2\/pages\/1443\/revisions"}],"predecessor-version":[{"id":1444,"href":"https:\/\/sites.usp.br\/lbbp\/wp-json\/wp\/v2\/pages\/1443\/revisions\/1444"}],"wp:attachment":[{"href":"https:\/\/sites.usp.br\/lbbp\/wp-json\/wp\/v2\/media?parent=1443"}],"curies":[{"name":"wp","href":"https:\/\/api.w.org\/{rel}","templated":true}]}}