{"id":1676,"date":"2020-12-26T13:28:14","date_gmt":"2020-12-26T15:28:14","guid":{"rendered":"http:\/\/sites.usp.br\/lbbp\/?page_id=1676"},"modified":"2022-09-09T19:16:26","modified_gmt":"2022-09-09T21:16:26","slug":"patentes","status":"publish","type":"page","link":"https:\/\/sites.usp.br\/lbbp\/patentes\/","title":{"rendered":"Patentes"},"content":{"rendered":"<div id=\"pl-1676\"  class=\"panel-layout\" ><div id=\"pg-1676-0\"  class=\"panel-grid panel-no-style\" ><div id=\"pgc-1676-0-0\"  class=\"panel-grid-cell\" ><div id=\"panel-1676-0-0-0\" class=\"so-panel widget widget_sow-editor panel-first-child panel-last-child\" data-index=\"0\" ><div\n\t\t\t\n\t\t\tclass=\"so-widget-sow-editor so-widget-sow-editor-base\"\n\t\t\t\n\t\t>\n<div class=\"siteorigin-widget-tinymce textwidget\">\n\t<p>1- DORRY, HFA.; GOMBERT, A,; <strong>CHAMBERGO, F.S.,<\/strong> ET AL. Patente da comunidade europ\u00e9ia sob o numero P200201930, em conjunto com a empresa espanhola NBT Newbiotechnic de Sevilla, Espanha, referente ao Projeto intitulado \u201cElemento regulador que activa la expression g\u00e9nica em condiciones de baja tensi\u00f3n de ox\u00edgeno y represi\u00f3n por glucosa y aplicaciones\u201d. 2002 (<a href=\"https:\/\/sites.usp.br\/lbbp\/wp-content\/uploads\/sites\/464\/2021\/05\/PatenteA2-2002-pp1.pdf\">pdf<\/a>).<\/p>\n<p>2. ADRIANI, P.P.; NUNES, V. A. ; <strong>CHAMBERGO, FELIPE S<\/strong>. ; FERNANDES, M. T. P. Patente: Privil\u00e9gio de Inova\u00e7\u00e3o. N\u00famero do registro: BR10202000987, t\u00edtulo: \"Sistema de entrega de enzimas recombinantes com a\u00e7\u00e3o antioxidante na pele e em outros tecidos\", Institui\u00e7\u00e3o de registro: INPI - Instituto Nacional da Propriedade Industrial. Dep\u00f3sito: 18\/05\/2020. (<a href=\"https:\/\/sites.usp.br\/lbbp\/wp-content\/uploads\/sites\/464\/2021\/05\/Flyer-Entrega-de-Enzimas-Skinzymes.pdf\">pdf<\/a>)<\/p>\n<p>3. VALENCIA, E.Y.; SPIRA, B,; NUNES, V. A. ; <strong>CHAMBERGO, FELIPE S<\/strong>. Patente: Privil\u00e9gio de Inova\u00e7\u00e3o. N\u00famero do registro: BR102020026097 9, t\u00edtulo: \"SISTEMA DE EXPRESS\u00c3O PARA IDENTIFICA\u00c7\u00c3O DE MOL\u00c9CULAS COM ATIVIDADE ANTIMICROBIANA, PROCESSO PARA CONSTRU\u00c7\u00c3O E USO DO REFERIDO SISTEMA \", Institui\u00e7\u00e3o de registro: INPI - Instituto Nacional da Propriedade Industrial. Dep\u00f3sito: 18\/12\/2020. (<a href=\"https:\/\/sites.usp.br\/lbbp\/wp-content\/uploads\/sites\/464\/2022\/09\/Patente-Sistema-Antimicrobiano.pdf\">pdf<\/a>)<\/p>\n<p>4. Gustavo R Reigado, <strong>Felipe Santiago Chambergo Alcalde<\/strong>, Viviane Abreu Nunes, Patricia Pereira Adriani. <strong>Patente depositada<\/strong> no INPI, sob o t\u00edtulo: \u201cProcesso para a produ\u00e7\u00e3o de uma enzima recombinante, e seus usos\u201d,\u00a0 <strong>N.\u00b0 do Pedido: <\/strong>BR 10 2022 005533 5<strong>,\u00a0 Data de Dep\u00f3sito: 23\/03\/2022<\/strong><\/p>\n<\/div>\n<\/div><\/div><\/div><\/div><\/div>","protected":false},"excerpt":{"rendered":"<p>1- DORRY, HFA.; GOMBERT, A,; CHAMBERGO, F.S., ET AL. Patente da comunidade europ\u00e9ia sob o numero P200201930, em conjunto com a empresa espanhola NBT Newbiotechnic de Sevilla, Espanha, referente ao Projeto intitulado \u201cElemento regulador que activa la expression g\u00e9nica em condiciones de baja tensi\u00f3n de ox\u00edgeno y represi\u00f3n por glucosa y aplicaciones\u201d. 2002 (pdf). 2.<a href=\"https:\/\/sites.usp.br\/lbbp\/patentes\/\">[&#8230;]<\/a><\/p>\n","protected":false},"author":208,"featured_media":0,"parent":0,"menu_order":0,"comment_status":"closed","ping_status":"closed","template":"","meta":{"_monsterinsights_skip_tracking":false,"_monsterinsights_sitenote_active":false,"_monsterinsights_sitenote_note":"","_monsterinsights_sitenote_category":0,"footnotes":"","_links_to":"","_links_to_target":""},"class_list":["post-1676","page","type-page","status-publish","hentry"],"_links":{"self":[{"href":"https:\/\/sites.usp.br\/lbbp\/wp-json\/wp\/v2\/pages\/1676","targetHints":{"allow":["GET"]}}],"collection":[{"href":"https:\/\/sites.usp.br\/lbbp\/wp-json\/wp\/v2\/pages"}],"about":[{"href":"https:\/\/sites.usp.br\/lbbp\/wp-json\/wp\/v2\/types\/page"}],"author":[{"embeddable":true,"href":"https:\/\/sites.usp.br\/lbbp\/wp-json\/wp\/v2\/users\/208"}],"replies":[{"embeddable":true,"href":"https:\/\/sites.usp.br\/lbbp\/wp-json\/wp\/v2\/comments?post=1676"}],"version-history":[{"count":3,"href":"https:\/\/sites.usp.br\/lbbp\/wp-json\/wp\/v2\/pages\/1676\/revisions"}],"predecessor-version":[{"id":2178,"href":"https:\/\/sites.usp.br\/lbbp\/wp-json\/wp\/v2\/pages\/1676\/revisions\/2178"}],"wp:attachment":[{"href":"https:\/\/sites.usp.br\/lbbp\/wp-json\/wp\/v2\/media?parent=1676"}],"curies":[{"name":"wp","href":"https:\/\/api.w.org\/{rel}","templated":true}]}}