{"id":261,"date":"2019-01-25T06:38:13","date_gmt":"2019-01-25T08:38:13","guid":{"rendered":"http:\/\/sites.usp.br\/lbbp\/?page_id=261"},"modified":"2026-01-19T10:43:14","modified_gmt":"2026-01-19T12:43:14","slug":"disciplinas","status":"publish","type":"page","link":"https:\/\/sites.usp.br\/lbbp\/disciplinas\/","title":{"rendered":"Disciplinas"},"content":{"rendered":"<div id=\"pl-261\"  class=\"panel-layout\" ><div id=\"pg-261-0\"  class=\"panel-grid panel-no-style\" ><div id=\"pgc-261-0-0\"  class=\"panel-grid-cell\" ><div id=\"panel-261-0-0-0\" class=\"so-panel widget widget_sow-editor panel-first-child panel-last-child\" data-index=\"0\" ><div\n\t\t\t\n\t\t\tclass=\"so-widget-sow-editor so-widget-sow-editor-base\"\n\t\t\t\n\t\t>\n<div class=\"siteorigin-widget-tinymce textwidget\">\n\t<h2 style=\"text-align: center\"><strong>Disciplinas<\/strong><\/h2>\n<p><strong>A. Gradua\u00e7\u00e3o:<\/strong><\/p>\n<p><strong>1. Gradua\u00e7\u00e3o em Educa\u00e7\u00e3o F\u00edsica e Sa\u00fade<\/strong><\/p>\n<p>ACH0505 - Fundamentos Biol\u00f3gicos da Atividade F\u00edsica III<\/p>\n<p>ACH0605- Fundamentos Biol\u00f3gicos da Atividade F\u00edsica IV<\/p>\n<p><a href=\"https:\/\/sites.usp.br\/lbbp\/ach0523\/\">ACH0523 \u2013 Aspectos Metab\u00f3licos e Nutricionais da Atividade F\u00edsica I<\/a><\/p>\n<p>&nbsp;<\/p>\n<p><strong>2. Gradua\u00e7\u00e3o em Biotecnologia<\/strong><\/p>\n<p>ACH5545 \u2013 Engenharia Gen\u00e9tica<\/p>\n<p><a href=\"http:\/\/sites.usp.br\/lbbp\/ach5557\/\">ACH5557 \u2013 Trabalho de Conclus\u00e3o de Curso<\/a><\/p>\n<p>ACH0042 - Resolu\u00e7\u00e3o de Problemas II<\/p>\n<p><a href=\"https:\/\/sites.usp.br\/lbbp\/ach3977\/\">ACH3977 - Biotecnologia na Comunidade<\/a><\/p>\n<p>&nbsp;<\/p>\n<p>&nbsp;<\/p>\n<p><strong>B. P\u00f3s-gradua\u00e7\u00e3o:<\/strong><\/p>\n<p><strong>1. Programa de Bioqu\u00edmica e Biologia Molecular (Conceito CAPES 5)<br \/>\n<\/strong><\/p>\n<p><a href=\"https:\/\/sites.usp.br\/lbbp\/bbm5002\/\">BBM5002 - Biologia Molecular<\/a><br \/>\nBBM5003 - Bioqu\u00edmica Metab\u00f3lica<br \/>\nBBM5004 - Sinaliza\u00e7\u00e3o Celular<\/p>\n<p><strong>2. Programa Interunidades em Biotecnologia (Conceito CAPES 5)<br \/>\n<\/strong><\/p>\n<p>BTC5827 - Fungos e Biotecnologia<\/p>\n<p>&nbsp;<\/p>\n<\/div>\n<\/div><\/div><\/div><\/div><\/div>","protected":false},"excerpt":{"rendered":"<p>Disciplinas A. Gradua\u00e7\u00e3o: 1. Gradua\u00e7\u00e3o em Educa\u00e7\u00e3o F\u00edsica e Sa\u00fade ACH0505 &#8211; Fundamentos Biol\u00f3gicos da Atividade F\u00edsica III ACH0605- Fundamentos Biol\u00f3gicos da Atividade F\u00edsica IV ACH0523 \u2013 Aspectos Metab\u00f3licos e Nutricionais da Atividade F\u00edsica I &nbsp; 2. Gradua\u00e7\u00e3o em Biotecnologia ACH5545 \u2013 Engenharia Gen\u00e9tica ACH5557 \u2013 Trabalho de Conclus\u00e3o de Curso ACH0042 &#8211; Resolu\u00e7\u00e3o de<a href=\"https:\/\/sites.usp.br\/lbbp\/disciplinas\/\">[&#8230;]<\/a><\/p>\n","protected":false},"author":208,"featured_media":0,"parent":0,"menu_order":0,"comment_status":"closed","ping_status":"closed","template":"","meta":{"_monsterinsights_skip_tracking":false,"_monsterinsights_sitenote_active":false,"_monsterinsights_sitenote_note":"","_monsterinsights_sitenote_category":0,"footnotes":"","_links_to":"","_links_to_target":""},"class_list":["post-261","page","type-page","status-publish","hentry"],"_links":{"self":[{"href":"https:\/\/sites.usp.br\/lbbp\/wp-json\/wp\/v2\/pages\/261","targetHints":{"allow":["GET"]}}],"collection":[{"href":"https:\/\/sites.usp.br\/lbbp\/wp-json\/wp\/v2\/pages"}],"about":[{"href":"https:\/\/sites.usp.br\/lbbp\/wp-json\/wp\/v2\/types\/page"}],"author":[{"embeddable":true,"href":"https:\/\/sites.usp.br\/lbbp\/wp-json\/wp\/v2\/users\/208"}],"replies":[{"embeddable":true,"href":"https:\/\/sites.usp.br\/lbbp\/wp-json\/wp\/v2\/comments?post=261"}],"version-history":[{"count":5,"href":"https:\/\/sites.usp.br\/lbbp\/wp-json\/wp\/v2\/pages\/261\/revisions"}],"predecessor-version":[{"id":2696,"href":"https:\/\/sites.usp.br\/lbbp\/wp-json\/wp\/v2\/pages\/261\/revisions\/2696"}],"wp:attachment":[{"href":"https:\/\/sites.usp.br\/lbbp\/wp-json\/wp\/v2\/media?parent=261"}],"curies":[{"name":"wp","href":"https:\/\/api.w.org\/{rel}","templated":true}]}}