{"id":310,"date":"2019-01-25T10:05:52","date_gmt":"2019-01-25T12:05:52","guid":{"rendered":"http:\/\/sites.usp.br\/lbbp\/?page_id=310"},"modified":"2020-12-26T12:47:08","modified_gmt":"2020-12-26T14:47:08","slug":"daniela","status":"publish","type":"page","link":"https:\/\/sites.usp.br\/lbbp\/daniela\/","title":{"rendered":"Daniela De Lucena Pedroso"},"content":{"rendered":"<p>Graduada em Ci\u00eancias Biol\u00f3gicas na modalidade bacharelado na Universidade Federal do Rio Grande do Norte e aluna de mestrado do Programa de p\u00f3s-gradua\u00e7\u00e3o em Bioqu\u00edmica e Biologia Molecular na Escola de Artes, Ci\u00eancias e Humanidades &#8211; USP\/leste. Participou de palestras e reuni\u00f5es relacionadas a psicobiologia nas \u00e1reas de estudo do comportamento humano, minicursos de psicopatologias e neuropatologias na inf\u00e2ncia, al\u00e9m de minicurso de cianobact\u00e9rias e simp\u00f3sio de oncologia, bioqu\u00edmica e biologia celular durante a gradua\u00e7\u00e3o. Com experi\u00eancia em laborat\u00f3rio de bioqu\u00edmica durante inicia\u00e7\u00e3o cient\u00edfica, especificamente atuando na purifica\u00e7\u00e3o de prote\u00ednas bioativas de origem vegetal, com foco no estudo de inibidores de protease e sua aplica\u00e7\u00e3o, no Laborat\u00f3rio de Qu\u00edmica em Fun\u00e7\u00e3o de Prote\u00ednas Bioativas (LQFPB). Atualmente faz parte de o grupo de pesquisa na Escola de Artes, Ci\u00eancias e Humanidades da USP, sendo atuante no estudo de microrganismos (fungos) e suas enzimas associadas, assim como o potencial no uso biotecnol\u00f3gico.<\/p>\n<p>N\u00b0 USP: 10761054<\/p>\n<p>E-mail USP: pedrosoddl@usp.br<\/p>\n<p>N\u00b0 ORCID: 0000-0001-9717-0425<\/p>\n<p><a href=\"http:\/\/lattes.cnpq.br\/7808346274574650\">Link CV Lattes<\/a><\/p>\n<p>&nbsp;<\/p>\n<p><strong>Forma\u00e7\u00e3o<\/strong><\/p>\n<p><strong>1- Gradua\u00e7\u00e3o: Ci\u00eancias Biol\u00f3gicas &#8211; bacharelado<\/strong><\/p>\n<p>Data de conclus\u00e3o: 2017.1<\/p>\n<p>IES: Universidade Federal do Rio Grande do Norte &#8211; UFRN<\/p>\n<p><strong>2- P\u00f3s-gradua\u00e7\u00e3o<\/strong><\/p>\n<p>&#8211; N\u00edvel Mestrado:<\/p>\n<p>Curso: Bioqu\u00edmica e Biologia Molecular<\/p>\n<p>IES: Escola de Artes, Ci\u00eancias e Humanidades &#8211; USP.<\/p>\n<p>Ano de ingresso: 2018.1<\/p>\n<p>Ano de t\u00e9rmino ou conclus\u00e3o no programa: 2020.1<\/p>\n<p><strong>Projeto: Enzimas oxidorredutases do fungo Pestalotiopsis sp.\u00a0<\/strong><\/p>\n<p><strong>Resumo:<\/strong><br \/>\nDurante a hidr\u00f3lise enzim\u00e1tica da biomassa lignocelul\u00f3sica s\u00e3o utilizadas misturas de enzimas para obter a\u00e7\u00facares sol\u00faveis ferment\u00e1veis. As principais enzimas que comp\u00f5em a mistura s\u00e3o: celobiohidrolases, endoglucanases, b-glicosidases, a-xilosidases, a-arabinofuranosidases, pectinases, feruloilesterases, oxidorreductases e outras enzimas acess\u00f3rias. Recentes pesquisas t\u00eam demonstrado a participa\u00e7\u00e3o e import\u00e2ncia de enzimas auxiliares ou acess\u00f3rias como \u00e0s enzimas oxidorreductases no processo de degrada\u00e7\u00e3o de lignocelulose. O presente projeto pretende a caracteriza\u00e7\u00e3o de enzimas oxidorreductases produzidas pelo fungo Pestalotiopsis sp durante seu crescimento em meio contendo baga\u00e7o de cana de a\u00e7\u00facar. O estudo de enzimas oxidorreductases com potencial utiliza\u00e7\u00e3o em biotecnologia e na hidr\u00f3lise de lignocelulose permitir\u00e1 o eficiente tratamento enzim\u00e1tico e obten\u00e7\u00e3o de maior n\u00edvel de a\u00e7ucares a partir da biomassa.<\/p>\n<p>Bolsa Agencia: FAPESP<\/p>\n<p>Processo: 2017\/25599-3<\/p>\n<p>Vig\u00eancia: 01\/04\/2018 a 31\/03\/2020<\/p>\n<p>Defesa: 08 de julho de 2020<\/p>\n","protected":false},"excerpt":{"rendered":"<p>Graduada em Ci\u00eancias Biol\u00f3gicas na modalidade bacharelado na Universidade Federal do Rio Grande do Norte e aluna de mestrado do Programa de p\u00f3s-gradua\u00e7\u00e3o em Bioqu\u00edmica e Biologia Molecular na Escola de Artes, Ci\u00eancias e Humanidades &#8211; USP\/leste. Participou de palestras e reuni\u00f5es relacionadas a psicobiologia nas \u00e1reas de estudo do comportamento humano, minicursos de psicopatologias<a href=\"https:\/\/sites.usp.br\/lbbp\/daniela\/\">[&#8230;]<\/a><\/p>\n","protected":false},"author":208,"featured_media":0,"parent":0,"menu_order":0,"comment_status":"closed","ping_status":"closed","template":"","meta":{"_monsterinsights_skip_tracking":false,"_monsterinsights_sitenote_active":false,"_monsterinsights_sitenote_note":"","_monsterinsights_sitenote_category":0,"footnotes":"","_links_to":"","_links_to_target":""},"class_list":["post-310","page","type-page","status-publish","hentry"],"_links":{"self":[{"href":"https:\/\/sites.usp.br\/lbbp\/wp-json\/wp\/v2\/pages\/310","targetHints":{"allow":["GET"]}}],"collection":[{"href":"https:\/\/sites.usp.br\/lbbp\/wp-json\/wp\/v2\/pages"}],"about":[{"href":"https:\/\/sites.usp.br\/lbbp\/wp-json\/wp\/v2\/types\/page"}],"author":[{"embeddable":true,"href":"https:\/\/sites.usp.br\/lbbp\/wp-json\/wp\/v2\/users\/208"}],"replies":[{"embeddable":true,"href":"https:\/\/sites.usp.br\/lbbp\/wp-json\/wp\/v2\/comments?post=310"}],"version-history":[{"count":4,"href":"https:\/\/sites.usp.br\/lbbp\/wp-json\/wp\/v2\/pages\/310\/revisions"}],"predecessor-version":[{"id":1669,"href":"https:\/\/sites.usp.br\/lbbp\/wp-json\/wp\/v2\/pages\/310\/revisions\/1669"}],"wp:attachment":[{"href":"https:\/\/sites.usp.br\/lbbp\/wp-json\/wp\/v2\/media?parent=310"}],"curies":[{"name":"wp","href":"https:\/\/api.w.org\/{rel}","templated":true}]}}