{"id":318,"date":"2019-01-25T10:06:49","date_gmt":"2019-01-25T12:06:49","guid":{"rendered":"http:\/\/sites.usp.br\/lbbp\/?page_id=318"},"modified":"2019-01-25T22:14:00","modified_gmt":"2019-01-26T00:14:00","slug":"flavio","status":"publish","type":"page","link":"https:\/\/sites.usp.br\/lbbp\/flavio\/","title":{"rendered":"Flavio Vinicius Moreira"},"content":{"rendered":"<p>Aluno do bacharelado em Biotecnologia na Escola de Artes, Ci\u00eancias e Humanidades da Universidade de S\u00e3o Paulo (2018), atualmente realizando est\u00e1gio no laborat\u00f3rio de bioqu\u00edmica de prote\u00ednas da faculdade.<\/p>\n<p>N\u00b0 USP: 10720447<\/p>\n<p>E-mail USP: Flaviomoreira@usp.br<\/p>\n<p>N\u00b0 ORCID:<\/p>\n<p><a href=\"http:\/\/lattes.cnpq.br\/2773927896838582\">Link CV Lattes:<\/a><\/p>\n<p><strong>Forma\u00e7\u00e3o<\/strong><\/p>\n<p><strong>1- Gradua\u00e7\u00e3o: Bacharelado em Biotecnologia<\/strong><\/p>\n<p>Data de Inicio: 2018 &#8211; atual<\/p>\n<p>IES: Escola de Artes, Ci\u00eancias e Humanidades &#8211; USP<\/p>\n<p>Projeto:<\/p>\n<p>Resumo:<\/p>\n<p>Bolsa:\u00a0 Agencia: PUB\/USP<\/p>\n<p>Processo:<\/p>\n<p>Vig\u00eancia: 2018 &#8211; 2019<\/p>\n<p>&nbsp;<\/p>\n<p>Participa\u00e7\u00e3o em eventos:<\/p>\n","protected":false},"excerpt":{"rendered":"<p>Aluno do bacharelado em Biotecnologia na Escola de Artes, Ci\u00eancias e Humanidades da Universidade de S\u00e3o Paulo (2018), atualmente realizando est\u00e1gio no laborat\u00f3rio de bioqu\u00edmica de prote\u00ednas da faculdade. N\u00b0 USP: 10720447 E-mail USP: Flaviomoreira@usp.br N\u00b0 ORCID: Link CV Lattes: Forma\u00e7\u00e3o 1- Gradua\u00e7\u00e3o: Bacharelado em Biotecnologia Data de Inicio: 2018 &#8211; atual IES: Escola de<a href=\"https:\/\/sites.usp.br\/lbbp\/flavio\/\">[&#8230;]<\/a><\/p>\n","protected":false},"author":208,"featured_media":0,"parent":0,"menu_order":0,"comment_status":"closed","ping_status":"closed","template":"","meta":{"_monsterinsights_skip_tracking":false,"_monsterinsights_sitenote_active":false,"_monsterinsights_sitenote_note":"","_monsterinsights_sitenote_category":0,"footnotes":"","_links_to":"","_links_to_target":""},"class_list":["post-318","page","type-page","status-publish","hentry"],"_links":{"self":[{"href":"https:\/\/sites.usp.br\/lbbp\/wp-json\/wp\/v2\/pages\/318","targetHints":{"allow":["GET"]}}],"collection":[{"href":"https:\/\/sites.usp.br\/lbbp\/wp-json\/wp\/v2\/pages"}],"about":[{"href":"https:\/\/sites.usp.br\/lbbp\/wp-json\/wp\/v2\/types\/page"}],"author":[{"embeddable":true,"href":"https:\/\/sites.usp.br\/lbbp\/wp-json\/wp\/v2\/users\/208"}],"replies":[{"embeddable":true,"href":"https:\/\/sites.usp.br\/lbbp\/wp-json\/wp\/v2\/comments?post=318"}],"version-history":[{"count":4,"href":"https:\/\/sites.usp.br\/lbbp\/wp-json\/wp\/v2\/pages\/318\/revisions"}],"predecessor-version":[{"id":489,"href":"https:\/\/sites.usp.br\/lbbp\/wp-json\/wp\/v2\/pages\/318\/revisions\/489"}],"wp:attachment":[{"href":"https:\/\/sites.usp.br\/lbbp\/wp-json\/wp\/v2\/media?parent=318"}],"curies":[{"name":"wp","href":"https:\/\/api.w.org\/{rel}","templated":true}]}}