{"id":333,"date":"2019-01-25T11:08:03","date_gmt":"2019-01-25T13:08:03","guid":{"rendered":"http:\/\/sites.usp.br\/lbbp\/?page_id=333"},"modified":"2019-02-03T06:34:22","modified_gmt":"2019-02-03T08:34:22","slug":"colaboradores","status":"publish","type":"page","link":"https:\/\/sites.usp.br\/lbbp\/colaboradores\/","title":{"rendered":"Colaboradores"},"content":{"rendered":"<div id=\"pl-333\"  class=\"panel-layout\" ><div id=\"pg-333-0\"  class=\"panel-grid panel-no-style\" ><div id=\"pgc-333-0-0\"  class=\"panel-grid-cell\" ><div id=\"panel-333-0-0-0\" class=\"so-panel widget widget_sow-editor panel-first-child panel-last-child\" data-index=\"0\" ><div class=\"panel-widget-style panel-widget-style-for-333-0-0-0\" ><div\n\t\t\t\n\t\t\tclass=\"so-widget-sow-editor so-widget-sow-editor-base\"\n\t\t\t\n\t\t><h3 class=\"widget-title\">Laborat\u00f3rio de Estudos e Diagn\u00f3sticos Ambientais<\/h3>\n<div class=\"siteorigin-widget-tinymce textwidget\">\n\t<\/div>\n<\/div><\/div><\/div><\/div><\/div><div id=\"pg-333-1\"  class=\"panel-grid panel-no-style\" ><div id=\"pgc-333-1-0\"  class=\"panel-grid-cell\" ><div id=\"panel-333-1-0-0\" class=\"so-panel widget widget_sow-editor panel-first-child panel-last-child\" data-index=\"1\" ><div class=\"panel-widget-style panel-widget-style-for-333-1-0-0\" ><div\n\t\t\t\n\t\t\tclass=\"so-widget-sow-editor so-widget-sow-editor-base\"\n\t\t\t\n\t\t><h3 class=\"widget-title\">Laborat\u00f3rio de Biologia Celular da EACH\/USP<\/h3>\n<div class=\"siteorigin-widget-tinymce textwidget\">\n\t<\/div>\n<\/div><\/div><\/div><\/div><\/div><\/div>","protected":false},"excerpt":{"rendered":"<p>Laborat\u00f3rio de Estudos e Diagn\u00f3sticos Ambientais Laborat\u00f3rio de Biologia Celular da EACH\/USP<\/p>\n","protected":false},"author":208,"featured_media":0,"parent":0,"menu_order":0,"comment_status":"closed","ping_status":"closed","template":"","meta":{"_monsterinsights_skip_tracking":false,"_monsterinsights_sitenote_active":false,"_monsterinsights_sitenote_note":"","_monsterinsights_sitenote_category":0,"footnotes":"","_links_to":"","_links_to_target":""},"class_list":["post-333","page","type-page","status-publish","hentry"],"_links":{"self":[{"href":"https:\/\/sites.usp.br\/lbbp\/wp-json\/wp\/v2\/pages\/333","targetHints":{"allow":["GET"]}}],"collection":[{"href":"https:\/\/sites.usp.br\/lbbp\/wp-json\/wp\/v2\/pages"}],"about":[{"href":"https:\/\/sites.usp.br\/lbbp\/wp-json\/wp\/v2\/types\/page"}],"author":[{"embeddable":true,"href":"https:\/\/sites.usp.br\/lbbp\/wp-json\/wp\/v2\/users\/208"}],"replies":[{"embeddable":true,"href":"https:\/\/sites.usp.br\/lbbp\/wp-json\/wp\/v2\/comments?post=333"}],"version-history":[{"count":4,"href":"https:\/\/sites.usp.br\/lbbp\/wp-json\/wp\/v2\/pages\/333\/revisions"}],"predecessor-version":[{"id":687,"href":"https:\/\/sites.usp.br\/lbbp\/wp-json\/wp\/v2\/pages\/333\/revisions\/687"}],"wp:attachment":[{"href":"https:\/\/sites.usp.br\/lbbp\/wp-json\/wp\/v2\/media?parent=333"}],"curies":[{"name":"wp","href":"https:\/\/api.w.org\/{rel}","templated":true}]}}