{"id":340,"date":"2019-01-25T11:15:08","date_gmt":"2019-01-25T13:15:08","guid":{"rendered":"http:\/\/sites.usp.br\/lbbp\/?page_id=340"},"modified":"2022-08-14T12:50:55","modified_gmt":"2022-08-14T14:50:55","slug":"ex-membros","status":"publish","type":"page","link":"https:\/\/sites.usp.br\/lbbp\/ex-membros\/","title":{"rendered":"Ex-membros"},"content":{"rendered":"<div id=\"pl-340\"  class=\"panel-layout\" ><div id=\"pg-340-0\"  class=\"panel-grid panel-no-style\" ><div id=\"pgc-340-0-0\"  class=\"panel-grid-cell\" ><div id=\"panel-340-0-0-0\" class=\"so-panel widget widget_sow-editor panel-first-child panel-last-child\" data-index=\"0\" ><div\n\t\t\t\n\t\t\tclass=\"so-widget-sow-editor so-widget-sow-editor-base\"\n\t\t\t\n\t\t>\n<div class=\"siteorigin-widget-tinymce textwidget\">\n\t<p>Alunos que desenvolverem suas atividades em nosso grupo de pesquisa, alguns ficaram anos e outros alguns meses, porem, todos deixaram seu carisma de trabalho, responsabilidade, fraternidade\u00a0 e desejo de supera\u00e7\u00e3o, todos deixaram saudades e vivem em nossa mem\u00f3ria atrav\u00e9s da lembran\u00e7a dos momentos vividos. A todos um Obrigado, por ter compartilhado conosco uma parte importante de sua vida.<\/p>\n<p><a href=\"http:\/\/sites.usp.br\/lbbp\/wp-content\/uploads\/sites\/464\/2019\/01\/Gabriel1-e1548447983189.jpg\"><img loading=\"lazy\" decoding=\"async\" class=\"wp-image-417 alignleft\" src=\"http:\/\/sites.usp.br\/lbbp\/wp-content\/uploads\/sites\/464\/2019\/01\/Gabriel1-300x300.jpg\" alt=\"\" width=\"137\" height=\"137\" \/><\/a><\/p>\n<p><strong>Gabriel Stephani de Oliveira<\/strong><\/p>\n<p>Doutor pelo Programa de p\u00f3s-gradua\u00e7\u00e3o Interunidades em Biotecnologia na Universidade de S\u00e3o Paulo (2018). Graduou-se em 2012 no curso de gest\u00e3o ambiental na Universidade de S\u00e3o Paulo, onde tamb\u00e9m realizou duas inicia\u00e7\u00f5es cient\u00edficas na \u00e1rea de Biologia molecular e Biotecnologia com bolsa CNPq. <a href=\"http:\/\/sites.usp.br\/lbbp\/gabriel\/\">Leia mais.<\/a><\/p>\n<hr \/>\n<p><a href=\"http:\/\/sites.usp.br\/lbbp\/wp-content\/uploads\/sites\/464\/2019\/01\/F\u00e1bio1-e1548450092834.jpg\"><img loading=\"lazy\" decoding=\"async\" class=\"wp-image-426 alignleft\" src=\"http:\/\/sites.usp.br\/lbbp\/wp-content\/uploads\/sites\/464\/2019\/01\/F\u00e1bio1-294x300.jpg\" alt=\"\" width=\"158\" height=\"161\" \/><\/a><strong>F\u00e1bio de Souza Garcia<\/strong><\/p>\n<p>Mestre em Biotecnologia pela Universidade de S\u00e3o Paulo (2018), bacharelado em Ci\u00eancias biol\u00f3gicas pela Universidade S\u00e3o Judas Tadeu (2010 \u2013 2014) e inicia\u00e7\u00e3o cient\u00edfica pela Universidade de S\u00e3o Paulo (2012 \u2013 2013). Foi bolsista na modalidade inicia\u00e7\u00e3o cient\u00edfica pelo CNPq vinculado a Universidade de S\u00e3o Paulo (2013). Foi bolsista pela CAPES durante o per\u00edodo de 2015 a 2017, atuando nas seguintes \u00e1reas: Identifica\u00e7\u00e3o taxon\u00f4mica e bioqu\u00edmica de fungos filamentosos e enzimas envolvidas na degrada\u00e7\u00e3o da lignocelulose.<a href=\"http:\/\/sites.usp.br\/lbbp\/fabio\/\"> Leia mais<\/a>.<\/p>\n<p><strong>\u00a0<\/strong><\/p>\n<p><a href=\"https:\/\/sites.usp.br\/lbbp\/wp-content\/uploads\/sites\/464\/2019\/02\/Ana-Paula1.jpg\"><img loading=\"lazy\" decoding=\"async\" class=\" wp-image-764 alignleft\" src=\"https:\/\/sites.usp.br\/lbbp\/wp-content\/uploads\/sites\/464\/2019\/02\/Ana-Paula1-261x300.jpg\" alt=\"\" width=\"135\" height=\"155\" \/><\/a><strong> \u00a0\u00a0\u00a0\u00a0\u00a0 Ana Paula Besenbruch<\/strong><\/p>\n<p>Possui ensino medio-segundo-grau pelo J\u00falio Mesquita (2016). Aluna do curso de gradua\u00e7\u00e3o em Biotecnologia da EACH\/USP (2018). Realiza Inicia\u00e7\u00e3o Cient\u00edfica na\u00a0\u00a0 Universidade de S\u00e3o Paulo (2018-atual). Tem experi\u00eancia na \u00e1rea de Biotecnologia. Atuo no laboratorio no projeto \"Estudo de enzimas para degrada\u00e7\u00e3o de Memicelulose, Junho 2018-Junho 2019.\u00a0 <a href=\"http:\/\/sites.usp.br\/lbbp\/ana-paula\/ \u200e\">Leia mais.<\/a><\/p>\n<p>&nbsp;<\/p>\n<p>&nbsp;<\/p>\n<p><strong><a href=\"https:\/\/sites.usp.br\/lbbp\/wp-content\/uploads\/sites\/464\/2019\/02\/Adriana1.jpg\"><img loading=\"lazy\" decoding=\"async\" class=\"wp-image-741 alignleft\" src=\"https:\/\/sites.usp.br\/lbbp\/wp-content\/uploads\/sites\/464\/2019\/02\/Adriana1-295x300.jpg\" alt=\"\" width=\"161\" height=\"164\" srcset=\"https:\/\/sites.usp.br\/lbbp\/wp-content\/uploads\/sites\/464\/2019\/02\/Adriana1.jpg 295w, https:\/\/sites.usp.br\/lbbp\/wp-content\/uploads\/sites\/464\/2019\/02\/Adriana1-45x45.jpg 45w\" sizes=\"auto, (max-width: 161px) 100vw, 161px\" \/><\/a>Adriana Sanches da Silva Cunha<\/strong><\/p>\n<p>Mestranda pelo Programa de P\u00f3s-gradua\u00e7\u00e3o Interunidades em Biotecnologia pela Universidade de S\u00e3o Paulo (2017). Desenvolvimento do projeto de pesquisa \u201cClonagem e caracteriza\u00e7\u00e3o da enzima ep\u00f3xido hidrolase de Phanerochaete chrysosporium\u201d.\u00a0 Bacharel em Engenharia Ambiental pela Universidade Cat\u00f3lica de Santos (2010 \u2013 2014). <a href=\"http:\/\/sites.usp.br\/lbbp\/adriana\/\">Leia mais<\/a><\/p>\n<p>&nbsp;<\/p>\n<p>&nbsp;<\/p>\n<p><strong><a href=\"https:\/\/sites.usp.br\/lbbp\/wp-content\/uploads\/sites\/464\/2021\/01\/Suelen2021.jpg\"><img loading=\"lazy\" decoding=\"async\" class=\"alignleft wp-image-1684\" src=\"https:\/\/sites.usp.br\/lbbp\/wp-content\/uploads\/sites\/464\/2021\/01\/Suelen2021-300x300.jpg\" alt=\"\" width=\"174\" height=\"174\" srcset=\"https:\/\/sites.usp.br\/lbbp\/wp-content\/uploads\/sites\/464\/2021\/01\/Suelen2021.jpg 300w, https:\/\/sites.usp.br\/lbbp\/wp-content\/uploads\/sites\/464\/2021\/01\/Suelen2021-150x150.jpg 150w, https:\/\/sites.usp.br\/lbbp\/wp-content\/uploads\/sites\/464\/2021\/01\/Suelen2021-250x250.jpg 250w, https:\/\/sites.usp.br\/lbbp\/wp-content\/uploads\/sites\/464\/2021\/01\/Suelen2021-174x174.jpg 174w, https:\/\/sites.usp.br\/lbbp\/wp-content\/uploads\/sites\/464\/2021\/01\/Suelen2021-45x45.jpg 45w, https:\/\/sites.usp.br\/lbbp\/wp-content\/uploads\/sites\/464\/2021\/01\/Suelen2021-200x200.jpg 200w\" sizes=\"auto, (max-width: 174px) 100vw, 174px\" \/><\/a>Suelen de Barros Sampaio<\/strong><\/p>\n<p>Gradua\u00e7\u00e3o em Ci\u00eancias Biol\u00f3gicas (Bacharelado e Licenciatura) pelo Centro Universit\u00e1rio Funda\u00e7\u00e3o Santo Andr\u00e9 - CUFSA. (2015). Mestrado em Ci\u00eancias pelo Programa Multic\u00eantrico de P\u00f3s-Gradua\u00e7\u00e3o em Bioqu\u00edmica e Biologia Molecular na Escola de Artes, Ci\u00eancias e Humanidades da Universidade de S\u00e3o Paulo - USP. (2019), onde desenvolveu o projeto de pesquisa \u201cEnzimas Oxidorredutases do Fungo\u00a0<em>Cochliobolus\u00a0<\/em>sp.\u201d no laborat\u00f3rio de Bioqu\u00edmica e Biotecnologia de Prote\u00ednas. <a href=\"http:\/\/sites.usp.br\/lbbp\/suelen\/\">Leia mais.<\/a><\/p>\n<p>&nbsp;<\/p>\n<p>&nbsp;<\/p>\n<p><a href=\"https:\/\/sites.usp.br\/lbbp\/wp-content\/uploads\/sites\/464\/2019\/02\/DanielaP1.jpg\"><img loading=\"lazy\" decoding=\"async\" class=\" wp-image-875 alignleft\" src=\"https:\/\/sites.usp.br\/lbbp\/wp-content\/uploads\/sites\/464\/2019\/02\/DanielaP1-280x300.jpg\" alt=\"\" width=\"154\" height=\"165\" \/><\/a><strong>Daniela de Lucena Pedroso<br \/>\n<\/strong><\/p>\n<p>Graduada em Ci\u00eancias Biol\u00f3gicas na modalidade bacharelado na Universidade Federal do Rio Grande do Norte e Mestre em Bioqu\u00edmica e Biologia Molecular na Escola de Artes, Ci\u00eancias e Humanidades \u2013 USP\/leste. <a href=\"http:\/\/sites.usp.br\/lbbp\/daniela\/\">Leia mais<\/a><\/p>\n<p>&nbsp;<\/p>\n<p>&nbsp;<\/p>\n<p><img loading=\"lazy\" decoding=\"async\" class=\"wp-image-1141 alignleft\" src=\"https:\/\/sites.usp.br\/lbbp\/wp-content\/uploads\/sites\/464\/2020\/02\/Thiago-Pinheiro-2019-1.jpg\" alt=\"\" width=\"164\" height=\"213\" \/><\/p>\n<p>&nbsp;<\/p>\n<p><strong>Thiago Pineiro Bizelli<\/strong><\/p>\n<p>Graduando do curso de Biotecnologia da Escola de Artes Ci\u00eancias e Humanidades, USP (2019). Realizou inicia\u00e7\u00e3o cient\u00edfica (2019) no projeto \u201cEstudo e caracteriza\u00e7\u00e3o de enzimas \u03b1-L-arabinofuranosidases recombinantes\u201d. <a href=\"https:\/\/sites.usp.br\/lbbp\/thiago\/\">Leia mais<\/a><\/p>\n<p>&nbsp;<\/p>\n<p>&nbsp;<\/p>\n<p>&nbsp;<\/p>\n<p><a href=\"https:\/\/sites.usp.br\/lbbp\/wp-content\/uploads\/sites\/464\/2019\/02\/PATRICIA1.jpg\"><img loading=\"lazy\" decoding=\"async\" class=\"wp-image-753 alignleft\" src=\"https:\/\/sites.usp.br\/lbbp\/wp-content\/uploads\/sites\/464\/2019\/02\/PATRICIA1-300x295.jpg\" alt=\"\" width=\"163\" height=\"160\" srcset=\"https:\/\/sites.usp.br\/lbbp\/wp-content\/uploads\/sites\/464\/2019\/02\/PATRICIA1-300x295.jpg 300w, https:\/\/sites.usp.br\/lbbp\/wp-content\/uploads\/sites\/464\/2019\/02\/PATRICIA1.jpg 305w, https:\/\/sites.usp.br\/lbbp\/wp-content\/uploads\/sites\/464\/2019\/02\/PATRICIA1-45x45.jpg 45w\" sizes=\"auto, (max-width: 163px) 100vw, 163px\" \/><\/a><strong>Patricia Pereira Adriani<\/strong><\/p>\n<p>Doutoranda e Mestre em Biotecnologia pela Universidade de S\u00e3o Paulo. Formada em Ci\u00eancias Biol\u00f3gicas pelo Centro Universit\u00e1rio S\u00e3o Camilo (2011). Possui experi\u00eancia em engenharia gen\u00e9tica de leveduras para desenvolvimento de sistema de express\u00e3o induzido com estradiol. Atualmente trabalha na \u00e1rea de Biotecnologia com \u00eanfase em Biologia Molecular, Bioqu\u00edmica e Biologia Celular para express\u00e3o, purifica\u00e7\u00e3o e caracteriza\u00e7\u00e3o de enzimas antioxidantes de fungos filamentosos em diferentes cepas de Escherichia coli e an\u00e1lise da atividade enzim\u00e1tica em c\u00e9lulas humanas HaCat. Defendeu a Tese de Doutorado: \"Desenho e avalia\u00e7\u00e3o de um sistema enzim\u00e1tico recombinante para prote\u00e7\u00e3o in vitro de c\u00e9lulas epid\u00e9rmicas humanas HaCaT ao estresse oxidativo\". 2021. Tese (Doutorado em Biotecnologia) \u2013 Universidade de S\u00e3o Paulo, Coordena\u00e7\u00e3o de Aperfei\u00e7oamento de Pessoal de N\u00edvel Superior.\u00a0 Data da defesa: 07\/04\/2021. <a href=\"https:\/\/sites.usp.br\/lbbp\/patricia-pereira-adriani\/\">Leia mais<\/a><\/p>\n<p><a href=\"https:\/\/sites.usp.br\/lbbp\/wp-content\/uploads\/sites\/464\/2019\/02\/Flavio1.jpg\"><img loading=\"lazy\" decoding=\"async\" class=\"wp-image-765 alignleft\" src=\"https:\/\/sites.usp.br\/lbbp\/wp-content\/uploads\/sites\/464\/2019\/02\/Flavio1-292x300.jpg\" alt=\"\" width=\"179\" height=\"184\" srcset=\"https:\/\/sites.usp.br\/lbbp\/wp-content\/uploads\/sites\/464\/2019\/02\/Flavio1.jpg 292w, https:\/\/sites.usp.br\/lbbp\/wp-content\/uploads\/sites\/464\/2019\/02\/Flavio1-45x45.jpg 45w\" sizes=\"auto, (max-width: 179px) 100vw, 179px\" \/><\/a><\/p>\n<p><strong>Flavio Vinicius Moreira<\/strong><\/p>\n<p>Aluno do bacharelado em Biotecnologia na Escola de Artes, Ci\u00eancias e Humanidades da Universidade de S\u00e3o Paulo (2018), atualmente realizando est\u00e1gio no laborat\u00f3rio de bioqu\u00edmica e biotecnologia da EACH-USP. <a href=\"https:\/\/sites.usp.br\/lbbp\/flavio\/\">Leia mais<\/a><\/p>\n<p>&nbsp;<\/p>\n<p>&nbsp;<\/p>\n<p><a href=\"https:\/\/sites.usp.br\/lbbp\/wp-content\/uploads\/sites\/464\/2020\/05\/Vandierly-OK.jpg\"><img loading=\"lazy\" decoding=\"async\" class=\"alignnone  wp-image-1408\" src=\"https:\/\/sites.usp.br\/lbbp\/wp-content\/uploads\/sites\/464\/2020\/05\/Vandierly-OK-239x300.jpg\" alt=\"\" width=\"182\" height=\"228\" srcset=\"https:\/\/sites.usp.br\/lbbp\/wp-content\/uploads\/sites\/464\/2020\/05\/Vandierly-OK-239x300.jpg 239w, https:\/\/sites.usp.br\/lbbp\/wp-content\/uploads\/sites\/464\/2020\/05\/Vandierly-OK-400x502.jpg 400w, https:\/\/sites.usp.br\/lbbp\/wp-content\/uploads\/sites\/464\/2020\/05\/Vandierly-OK.jpg 718w\" sizes=\"auto, (max-width: 182px) 100vw, 182px\" \/><\/a><\/p>\n<p>&nbsp;<\/p>\n<p><a href=\"https:\/\/sites.usp.br\/lbbp\/wp-content\/uploads\/sites\/464\/2020\/05\/LarissaB-ok.jpg\"><img loading=\"lazy\" decoding=\"async\" class=\"alignnone  wp-image-1445\" src=\"https:\/\/sites.usp.br\/lbbp\/wp-content\/uploads\/sites\/464\/2020\/05\/LarissaB-ok-218x300.jpg\" alt=\"\" width=\"184\" height=\"254\" srcset=\"https:\/\/sites.usp.br\/lbbp\/wp-content\/uploads\/sites\/464\/2020\/05\/LarissaB-ok-218x300.jpg 218w, https:\/\/sites.usp.br\/lbbp\/wp-content\/uploads\/sites\/464\/2020\/05\/LarissaB-ok-743x1024.jpg 743w, https:\/\/sites.usp.br\/lbbp\/wp-content\/uploads\/sites\/464\/2020\/05\/LarissaB-ok-768x1058.jpg 768w, https:\/\/sites.usp.br\/lbbp\/wp-content\/uploads\/sites\/464\/2020\/05\/LarissaB-ok-400x551.jpg 400w, https:\/\/sites.usp.br\/lbbp\/wp-content\/uploads\/sites\/464\/2020\/05\/LarissaB-ok.jpg 842w\" sizes=\"auto, (max-width: 184px) 100vw, 184px\" \/><\/a><\/p>\n<p>&nbsp;<\/p>\n<p><a href=\"https:\/\/sites.usp.br\/lbbp\/wp-content\/uploads\/sites\/464\/2019\/02\/Amanda1.jpg\"><img loading=\"lazy\" decoding=\"async\" class=\"alignnone  wp-image-874\" src=\"https:\/\/sites.usp.br\/lbbp\/wp-content\/uploads\/sites\/464\/2019\/02\/Amanda1-285x300.jpg\" alt=\"\" width=\"199\" height=\"209\" \/><\/a><\/p>\n<p>&nbsp;<\/p>\n<p>&nbsp;<\/p>\n<p>&nbsp;<\/p>\n<p>&nbsp;<\/p>\n<p>&nbsp;<\/p>\n<p>&nbsp;<\/p>\n<p>&nbsp;<\/p>\n<p>&nbsp;<\/p>\n<hr \/>\n<p>&nbsp;<\/p>\n<p>&nbsp;<\/p>\n<\/div>\n<\/div><\/div><\/div><\/div><\/div>","protected":false},"excerpt":{"rendered":"<p>Alunos que desenvolverem suas atividades em nosso grupo de pesquisa, alguns ficaram anos e outros alguns meses, porem, todos deixaram seu carisma de trabalho, responsabilidade, fraternidade\u00a0 e desejo de supera\u00e7\u00e3o, todos deixaram saudades e vivem em nossa mem\u00f3ria atrav\u00e9s da lembran\u00e7a dos momentos vividos. A todos um Obrigado, por ter compartilhado conosco uma parte importante<a href=\"https:\/\/sites.usp.br\/lbbp\/ex-membros\/\">[&#8230;]<\/a><\/p>\n","protected":false},"author":208,"featured_media":0,"parent":0,"menu_order":0,"comment_status":"closed","ping_status":"closed","template":"","meta":{"_monsterinsights_skip_tracking":false,"_monsterinsights_sitenote_active":false,"_monsterinsights_sitenote_note":"","_monsterinsights_sitenote_category":0,"footnotes":"","_links_to":"","_links_to_target":""},"class_list":["post-340","page","type-page","status-publish","hentry"],"_links":{"self":[{"href":"https:\/\/sites.usp.br\/lbbp\/wp-json\/wp\/v2\/pages\/340","targetHints":{"allow":["GET"]}}],"collection":[{"href":"https:\/\/sites.usp.br\/lbbp\/wp-json\/wp\/v2\/pages"}],"about":[{"href":"https:\/\/sites.usp.br\/lbbp\/wp-json\/wp\/v2\/types\/page"}],"author":[{"embeddable":true,"href":"https:\/\/sites.usp.br\/lbbp\/wp-json\/wp\/v2\/users\/208"}],"replies":[{"embeddable":true,"href":"https:\/\/sites.usp.br\/lbbp\/wp-json\/wp\/v2\/comments?post=340"}],"version-history":[{"count":5,"href":"https:\/\/sites.usp.br\/lbbp\/wp-json\/wp\/v2\/pages\/340\/revisions"}],"predecessor-version":[{"id":2141,"href":"https:\/\/sites.usp.br\/lbbp\/wp-json\/wp\/v2\/pages\/340\/revisions\/2141"}],"wp:attachment":[{"href":"https:\/\/sites.usp.br\/lbbp\/wp-json\/wp\/v2\/media?parent=340"}],"curies":[{"name":"wp","href":"https:\/\/api.w.org\/{rel}","templated":true}]}}