{"id":346,"date":"2019-01-25T11:33:48","date_gmt":"2019-01-25T13:33:48","guid":{"rendered":"http:\/\/sites.usp.br\/lbbp\/?page_id=346"},"modified":"2020-12-26T13:26:07","modified_gmt":"2020-12-26T15:26:07","slug":"publicacoes","status":"publish","type":"page","link":"https:\/\/sites.usp.br\/lbbp\/publicacoes\/","title":{"rendered":"Publica\u00e7\u00f5es"},"content":{"rendered":"<ol>\n<li>\u00a0ADRIANI, PATRICIA P.; DE PAIVA, FERNANDA C.R.; DE OLIVEIRA, GABRIEL S.; LEITE, AMANDA C.; SANCHES, ADRIANA S.; LOPES, ADRIANA RIOS; DIAS, MARCIO V.B.; Chambergo, Felipe S. Structural and functional characterization of the glutathione peroxidase-like thioredoxin peroxidase from the fungus Trichoderma reesei. INTERNATIONAL JOURNAL OF BIOLOGICAL MACROMOLECULES. , v.1, p.1 &#8211; 1, 2020.<\/li>\n<li>de Oliveira GS, Adriani PP, Ribeiro JA, Morisseau C, Hammock BD, Dias MVB, <strong>Chambergo FS<\/strong>. The molecular structure of an epoxide hydrolase from Trichoderma reesei in complex with urea or amide-based inhibitors. Int J Biol Macromol. 2019 Feb 13;129:653-658. doi: 10.1016\/j.ijbiomac.2019.02.070.<\/li>\n<li>Ramadan E, Maged M, El Hosseiny A, <strong>Chambergo FS<\/strong>, Setubal JC, El Dorry H. Molecular adaptations of bacterial mercuric reductase to the hypersaline Kebrit Deep in the Red Sea. Appl Appl Environ Microbiol. 2019 Feb 6;85(4). pii: e01431-18. doi: 10.1128\/AEM.01431-18.<\/li>\n<li>Costa RB; Campana PT; <strong>Chambergo FS<\/strong>; Napole\u00e3o TH; Paiva PMG; Pereira HJV; Oliva MLV; Gomes FS. Purification and characterization of a lectin with refolding ability from Genipa americana bark. Int J Biol Macromol. 2018 Nov;119:517-523. doi: 10.1016\/j.ijbiomac.2018.07.178.<\/li>\n<li>de Oliveira GS; Adriani PP; Wu H; Morisseau C; Hammock BD; <strong>Chambergo, FS.<\/strong> Substrate and inhibitor selectivity, and biological activity of an epoxide hydrolase from Trichoderma reesei. Mol Biol Rep. 2018 Nov 13. doi: 10.1007\/s11033-018-4481-4.<\/li>\n<li>Wilson C, De Oliveira GS, Adriani PP, <strong>Chambergo FS<\/strong>, Dias MVB. Structure of a soluble epoxide hydrolase identified in <em>Trichoderma reesei.<\/em> Biochim Biophys Acta. 2017 Aug;1865(8):1039-1045. doi: 10.1016\/j.bbapap.2017.05.004.<\/li>\n<li>de Oliveira GS, Adriani PP, Borges FG, Lopes AR, Campana PT, <strong>Chambergo FS<\/strong>. Data set of optimal parameters for colorimetric red assay of epoxide hydrolase activity. Data Brief. 2016 Jun 3;8:436-40. doi: 10.1016\/j.dib.2016.05.075. eCollection 2016 Sep.<\/li>\n<li>de Oliveira GS, Adriani PP, Borges FG, Lopes AR, Campana PT, <strong>Chambergo FS.<\/strong> Epoxide hydrolase of Trichoderma reesei: Biochemical properties and conformational characterization. Int J Biol Macromol. 2016 Aug;89:569-74. doi: 10.1016\/j.ijbiomac.2016.05.031.<\/li>\n<li><strong>Chambergo FS<\/strong>, Valencia EY. Fungal biodiversity to biotechnology. Appl Microbiol Biotechnol. 2016 Mar;100(6):2567-77. doi: 10.1007\/s00253-016-7305-2. Epub 2016 Jan 25.<\/li>\n<li>A.T. Fazio, A. Cavicchioli, D. S. A. Penna, <strong>F. S. Chambergo.<\/strong> D. L. A. Faria. (2015) Towards a better comprehension of Biodeterioration in earthen architecture: study of fungi colonisation on historic wall surfaces in Brazil. Journal of Cultural Heritage 16 (6): 934\u2013938. doi:10.1016\/j.culher.2015.04.001<\/li>\n<li>De Souza, Jos\u00e9 Ivanildo; Marano, Agostina V; Pires-Zottarelli, Carmen L; <strong>Chambergo, Felipe S.<\/strong>; Harakava, R. (2014) A new species of Backusella (Mucorales) from a Cerrado reserve in Southeast Brazil. Mycological Progress. 3: 1.<\/li>\n<li>Ferreira AJ, Siam R, Setubal JC, Moustafa A, Sayed A, <strong>Chambergo FS,<\/strong> Dawe AS, Ghazy MA, Sharaf H, Ouf A, Alam I, Abdel-Haleem AM, Lehvaslaiho H, Ramadan E, Antunes A, Stingl U, Archer JA, Jankovic BR, Sogin M, Bajic VB, El-Dorry H. Core microbial functional activities in ocean environments revealed by global metagenomic profiling analyses. PLoS One. 2014. 9(6):e97338.<\/li>\n<li>Sayed A, Ghazy MA, Ferreira AJ, Setubal JC, <strong>Chambergo FS,<\/strong> Ouf A, Adel M, Dawe AS, Archer JA, Bajic VB, Siam R, El-Dorry H. A novel mercuric reductase from the unique deep brine environment of Atlantis II in the Red Sea. J Biol Chem. 2014. 289(3):1675-87. doi: 10.1074\/jbc.M113.49342<\/li>\n<li>Valencia EY, <strong>Chambergo FS<\/strong>. Mini-review: Brazilian fungi diversity for biomass degradation. Fungal Genet Biol. 2013;60:9-18. doi: 10.1016\/j.fgb.2013.07.005.<\/li>\n<li><strong>Chambergo FS<\/strong>, Valencia EY, Ferreira-J\u00fanior JR, Camilo CM, Campana PT. Conformational stability of recombinant manganese superoxide dismutase from the filamentous fungus Trichoderma reesei. Int J Biol Macromol. 2012;50(1):19-24. doi: 10.1016\/j.ijbiomac.2011.09.015.<\/li>\n<li>Salinas RK, Camilo CM, Tomaselli S, Valencia EY, Farah CS, El-Dorry H, <strong>Chambergo FS<\/strong>. Solution structure of the C-terminal domain of multiprotein bridging factor 1 (MBF1) of Trichoderma reesei. Proteins. 2009 ;75(2):518-23. doi: 10.1002\/prot.22344.<\/li>\n<li>Ramos AS, <strong>Chambergo FS<\/strong>, Bonaccorsi ED, Ferreira AJ, Cella N, Gombert AK, Tonso A, El-Dorry H. Oxygen- and glucose-dependent expression of Trhxt1, a putative glucose transporter gene of Trichoderma reesei. Biochemistry. 2006l 4;45(26):8184-92.<\/li>\n<li>Bonaccorsi ED, Ferreira AJ, <strong>Chambergo FS<\/strong>, Ramos AS, Mantovani MC, Farah JP, Sorio CS, Gombert AK, Tonso A, El-Dorry H. Transcriptional response of the obligatory aerobe Trichoderma reesei to hypoxia and transient anoxia: implications for energy production and survival in the absence of oxygen. Biochemistry. 2006 28;45(12):3912-24.<\/li>\n<li>Ferreira J\u00fanior JR, Ramos AS, <strong>Chambergo FS<\/strong>, Stambuk BU, Muschellack LK, Schumacher R, El-Dorry H. Functional expression of the maize mitochondrial URF13 down-regulates galactose-induced GAL1 gene expression in Saccharomyces cerevisiae. Biochem Biophys Res Commun. 2006. 6;339(1):30-6.<\/li>\n<li>Ashmawi HA, <strong>Chambergo FS<\/strong>, Ara\u00fajo Palmeira CC, de Paula Posso I. The effects of pyrilamine and cimetidine on mRNA C-fos expression and nociceptive flinching behavior in rats. Anesth Analg. 2003;97(2):541-6.<\/li>\n<li>da Silva AC, Ferro JA, Reinach FC, Farah CS, Furlan LR, Quaggio RB, Monteiro-Vitorello CB, Van Sluys MA, Almeida NF, Alves LM, do Amaral AM, Bertolini MC, Camargo LE, Camarotte G, Cannavan F, Cardozo J, <strong>Chambergo FS<\/strong>, Ciapina LP, Cicarelli RM, Coutinho LL, Cursino-Santos JR, El-Dorry H, Faria JB, Ferreira AJ, et al. \u00a0Setubal JC, Kitajima JP. Comparison of the genomes of two Xanthomonas pathogens with differing host specificities. Nature. 2002;417(6887):459-63.<\/li>\n<li><strong>Chambergo FS<\/strong>, Bonaccorsi ED, Ferreira AJ, Ramos AS, Ferreira J\u00fanior JR, Abrah\u00e3o-Neto J, Farah JP, El-Dorry H. Elucidation of the metabolic fate of glucose in the filamentous fungus Trichoderma reesei using expressed sequence tag (EST) analysis and cDNA microarrays. J Biol Chem. 2002 Apr 19;277(16):13983-8.<\/li>\n<\/ol>\n<p>&nbsp;<\/p>\n<p><strong> Patentes:<\/strong><\/p>\n<p><strong>1- <\/strong>Patente da comunidade europ\u00e9ia sob o numero P200201930, em conjunto com a empresa espanhola NBT Newbiotechnic de Sevilla, Espanha, referente ao Projeto intitulado \u201cElemento regulador que activa la expression g\u00e9nica em condiciones de baja tensi\u00f3n de ox\u00edgeno y represi\u00f3n por glucosa y aplicaciones\u201d. 2002.<\/p>\n<p><strong>\u00a0<\/strong><\/p>\n","protected":false},"excerpt":{"rendered":"<p>\u00a0ADRIANI, PATRICIA P.; DE PAIVA, FERNANDA C.R.; DE OLIVEIRA, GABRIEL S.; LEITE, AMANDA C.; SANCHES, ADRIANA S.; LOPES, ADRIANA RIOS; DIAS, MARCIO V.B.; Chambergo, Felipe S. Structural and functional characterization of the glutathione peroxidase-like thioredoxin peroxidase from the fungus Trichoderma reesei. INTERNATIONAL JOURNAL OF BIOLOGICAL MACROMOLECULES. , v.1, p.1 &#8211; 1, 2020. de Oliveira GS,<a href=\"https:\/\/sites.usp.br\/lbbp\/publicacoes\/\">[&#8230;]<\/a><\/p>\n","protected":false},"author":208,"featured_media":0,"parent":0,"menu_order":0,"comment_status":"closed","ping_status":"closed","template":"","meta":{"_monsterinsights_skip_tracking":false,"_monsterinsights_sitenote_active":false,"_monsterinsights_sitenote_note":"","_monsterinsights_sitenote_category":0,"footnotes":"","_links_to":"","_links_to_target":""},"class_list":["post-346","page","type-page","status-publish","hentry"],"_links":{"self":[{"href":"https:\/\/sites.usp.br\/lbbp\/wp-json\/wp\/v2\/pages\/346","targetHints":{"allow":["GET"]}}],"collection":[{"href":"https:\/\/sites.usp.br\/lbbp\/wp-json\/wp\/v2\/pages"}],"about":[{"href":"https:\/\/sites.usp.br\/lbbp\/wp-json\/wp\/v2\/types\/page"}],"author":[{"embeddable":true,"href":"https:\/\/sites.usp.br\/lbbp\/wp-json\/wp\/v2\/users\/208"}],"replies":[{"embeddable":true,"href":"https:\/\/sites.usp.br\/lbbp\/wp-json\/wp\/v2\/comments?post=346"}],"version-history":[{"count":4,"href":"https:\/\/sites.usp.br\/lbbp\/wp-json\/wp\/v2\/pages\/346\/revisions"}],"predecessor-version":[{"id":1674,"href":"https:\/\/sites.usp.br\/lbbp\/wp-json\/wp\/v2\/pages\/346\/revisions\/1674"}],"wp:attachment":[{"href":"https:\/\/sites.usp.br\/lbbp\/wp-json\/wp\/v2\/media?parent=346"}],"curies":[{"name":"wp","href":"https:\/\/api.w.org\/{rel}","templated":true}]}}