{"id":348,"date":"2019-01-25T11:34:10","date_gmt":"2019-01-25T13:34:10","guid":{"rendered":"http:\/\/sites.usp.br\/lbbp\/?page_id=348"},"modified":"2024-10-20T13:12:31","modified_gmt":"2024-10-20T15:12:31","slug":"dissertacoes-defendidas","status":"publish","type":"page","link":"https:\/\/sites.usp.br\/lbbp\/dissertacoes-defendidas\/","title":{"rendered":"Disserta\u00e7\u00f5es Defendidas"},"content":{"rendered":"<p><b>Disserta\u00e7\u00e3o de mestrado<br \/>\n<\/b><\/p>\n<p>1. <a href=\"https:\/\/sites.usp.br\/lbbp\/wp-content\/uploads\/sites\/464\/2024\/10\/Disseracao-Karoll-Set24.jpg\">Karollaine Moura Neves.<\/a> Super\u00f3xido Dismutase fusionada a Pept\u00eddeo de Penetra\u00e7\u00e3o Celular e avalia\u00e7\u00e3o do estresse oxidativo em queratin\u00f3citos humanos. Disserta\u00e7\u00e3o (Mestrado em Biotecnologia) &#8211; Universidade de S\u00e3o Paulo, Coordena\u00e7\u00e3o de Aperfei\u00e7oamento de Pessoal de N\u00edvel Superior. Orientador: Felipe Santiago Chambergo Alcalde. Data da defesa:\u00a0 27 de setembro de 2024.<\/p>\n<p>2. <a href=\"https:\/\/sites.usp.br\/lbbp\/wp-content\/uploads\/sites\/464\/2024\/10\/Disseracao-Diogo-24.jpg\">Diogo de Aguiar Alves<\/a>. Estudo e caracteriza\u00e7\u00e3o de enzimas \u03b1-L-arabinofuranosidases recombinantes. Disserta\u00e7\u00e3o (Mestrado em Biotecnologia) &#8211; Universidade de S\u00e3o Paulo. Orientador: Felipe Santiago Chambergo Alcalde. Data da defesa:\u00a0 06 de maio de 2024.<\/p>\n<p>3. <a href=\"https:\/\/sites.usp.br\/lbbp\/wp-content\/uploads\/sites\/464\/2024\/10\/Dissertacao-Brisa-Ago22-scaled.jpg\">Brisa Moreira Gomes.<\/a> Caracteriza\u00e7\u00e3o de uma enzima \u03b1-L-arabinofuranosidase\/\u03b2-xilosidase bifuncional de metagenoma funcional.\u00a0Disserta\u00e7\u00e3o (Mestrado em Bioqu\u00edmica e Biologia Molecular) &#8211;\u00a0 Universidade de S\u00e3o Paulo. Orientador: Felipe Santiago Chambergo Alcalde. Data da defesa:\u00a0 02 de agosto de 2022.<\/p>\n<p>4. <a href=\"https:\/\/sites.usp.br\/lbbp\/wp-content\/uploads\/sites\/464\/2024\/10\/Dissertacao-Vandy-2022-scaled.jpg\">Vandierly Sampaio de Melo<\/a>. Caracteriza\u00e7\u00e3o de glicosil hidrolases envolvidas na degrada\u00e7\u00e3o de biomassa vegetal. Disserta\u00e7\u00e3o (Mestrado em Bioqu\u00edmica e Biologia Molecular) &#8211;\u00a0 Universidade de S\u00e3o Paulo, Coordena\u00e7\u00e3o de Aperfei\u00e7oamento de Pessoal de N\u00edvel Superior. Orientador: Felipe Santiago Chambergo Alcalde. Data da defesa:\u00a0 23 de mar\u00e7o de 2022.<\/p>\n<p><a href=\"https:\/\/sites.usp.br\/lbbp\/wp-content\/uploads\/sites\/464\/2020\/12\/Daniela-2020-scaled.jpg\">5. Daniela de Lucena Pedroso<\/a>. Enzimas Oxidorredutases do fungo <em>Pestalotiopsis sp<\/em>. 2018. Disserta\u00e7\u00e3o (Mestrado em Bioqu\u00edmica e Biologia Molecular) &#8211; Universidade de S\u00e3o Paulo, Funda\u00e7\u00e3o de Ampara a Pesquisa do Estado de S\u00e3o Paulo. Orientador: Felipe Santiago Chambergo Alcalde. Data da defesa Virtual (MeetGoogle):\u00a0 08 de julho de 2020.<\/p>\n<p><a href=\"https:\/\/sites.usp.br\/lbbp\/wp-content\/uploads\/sites\/464\/2020\/02\/Suelen1-scaled.jpg\">6. Suelen de Barros Sampaio<\/a>. Produ\u00e7\u00e3o, purifica\u00e7\u00e3o e caracteriza\u00e7\u00e3o da enzima lacase do fungo <em>Cochilobolus sativus<\/em>. 2017. Disserta\u00e7\u00e3o (Mestrado em Bioqu\u00edmica e Biologia Molecular) &#8211; Universidade de S\u00e3o Paulo, Funda\u00e7\u00e3o de Ampara a Pesquisa do Estado de S\u00e3o Paulo. Orientador: Felipe Santiago Chambergo Alcalde. Data da defesa:\u00a0 12 de novembro de 2019.<\/p>\n<p>7. <a href=\"https:\/\/sites.usp.br\/lbbp\/wp-content\/uploads\/sites\/464\/2020\/02\/Adriana1-scaled.jpg\">Adriana Sanches da Silva Cunha<\/a>. Estudo e Caracteriza\u00e7\u00e3o da enzima acetil xilano esterase de <em>Thermobifida fusca<\/em> para degrada\u00e7\u00e3o de biomassa. 2017. Disserta\u00e7\u00e3o (Mestrado em Biotecnologia) &#8211; Universidade de S\u00e3o Paulo, Coordena\u00e7\u00e3o de Aperfei\u00e7oamento de Pessoal de N\u00edvel Superior. Orientador: Felipe Santiago Chambergo Alcalde. Data da defesa:\u00a0 29 de Outubro de 2019.<\/p>\n<p>8. <a href=\"https:\/\/sites.usp.br\/lbbp\/wp-content\/uploads\/sites\/464\/2019\/04\/Fabio-Mestrado.jpg\">F\u00e1bio de Souza Garcia<\/a>. Estudo e caracteriza\u00e7\u00e3o de enzimas oxidases produzidas por fungos filamentosos em baga\u00e7o de cana-de-a\u00e7\u00facar. 2015. Disserta\u00e7\u00e3o (Mestrado em Biotecnologia) &#8211; Universidade de S\u00e3o Paulo, Coordena\u00e7\u00e3o de Aperfei\u00e7oamento de Pessoal de N\u00edvel Superior. Orientador: Felipe Santiago Chambergo Alcalde. Data da defesa: 13\/06\/2018.<\/p>\n<p>9. <a href=\"https:\/\/sites.usp.br\/lbbp\/wp-content\/uploads\/sites\/464\/2019\/04\/Paty-Mestrado.jpg\">Patricia Pereira Adriani<\/a>. Sistema de Express\u00e3o Induzido por Estradiol em <em>Trichoderma. reesei<\/em>. 2013. Disserta\u00e7\u00e3o (Mestrado em Biotecnologia) &#8211; Universidade de S\u00e3o Paulo, Coordena\u00e7\u00e3o de Aperfei\u00e7oamento de Pessoal de N\u00edvel Superior. Orientador: Felipe Santiago Chambergo Alcalde. Data da defesa: 03\/05\/2016.<\/p>\n<p>10. <a href=\"http:\/\/sites.usp.br\/lbbp\/wp-content\/uploads\/sites\/464\/2019\/02\/Fel36-2015.jpg\">Flavia Garc\u00eda Borges<\/a>. An\u00e1lise do promotor quim\u00e9rico regulado por zinco para a express\u00e3o de prote\u00ednas recombinantes em <em>Saccharomyces cerevisiae<\/em>. 2012. Disserta\u00e7\u00e3o (Mestrado em Biotecnologia) &#8211; Universidade de S\u00e3o Paulo, Coordena\u00e7\u00e3o de Aperfei\u00e7oamento de Pessoal de N\u00edvel Superior. Orientador: Felipe Santiago Chambergo Alcalde. Data da defesa: 05\/10\/2015.<\/p>\n<p>&nbsp;<\/p>\n","protected":false},"excerpt":{"rendered":"<p>Disserta\u00e7\u00e3o de mestrado 1. Karollaine Moura Neves. Super\u00f3xido Dismutase fusionada a Pept\u00eddeo de Penetra\u00e7\u00e3o Celular e avalia\u00e7\u00e3o do estresse oxidativo em queratin\u00f3citos humanos. Disserta\u00e7\u00e3o (Mestrado em Biotecnologia) &#8211; Universidade de S\u00e3o Paulo, Coordena\u00e7\u00e3o de Aperfei\u00e7oamento de Pessoal de N\u00edvel Superior. Orientador: Felipe Santiago Chambergo Alcalde. Data da defesa:\u00a0 27 de setembro de 2024. 2. Diogo<a href=\"https:\/\/sites.usp.br\/lbbp\/dissertacoes-defendidas\/\">[&#8230;]<\/a><\/p>\n","protected":false},"author":208,"featured_media":0,"parent":0,"menu_order":0,"comment_status":"closed","ping_status":"closed","template":"","meta":{"_monsterinsights_skip_tracking":false,"_monsterinsights_sitenote_active":false,"_monsterinsights_sitenote_note":"","_monsterinsights_sitenote_category":0,"footnotes":"","_links_to":"","_links_to_target":""},"class_list":["post-348","page","type-page","status-publish","hentry"],"_links":{"self":[{"href":"https:\/\/sites.usp.br\/lbbp\/wp-json\/wp\/v2\/pages\/348","targetHints":{"allow":["GET"]}}],"collection":[{"href":"https:\/\/sites.usp.br\/lbbp\/wp-json\/wp\/v2\/pages"}],"about":[{"href":"https:\/\/sites.usp.br\/lbbp\/wp-json\/wp\/v2\/types\/page"}],"author":[{"embeddable":true,"href":"https:\/\/sites.usp.br\/lbbp\/wp-json\/wp\/v2\/users\/208"}],"replies":[{"embeddable":true,"href":"https:\/\/sites.usp.br\/lbbp\/wp-json\/wp\/v2\/comments?post=348"}],"version-history":[{"count":5,"href":"https:\/\/sites.usp.br\/lbbp\/wp-json\/wp\/v2\/pages\/348\/revisions"}],"predecessor-version":[{"id":2586,"href":"https:\/\/sites.usp.br\/lbbp\/wp-json\/wp\/v2\/pages\/348\/revisions\/2586"}],"wp:attachment":[{"href":"https:\/\/sites.usp.br\/lbbp\/wp-json\/wp\/v2\/media?parent=348"}],"curies":[{"name":"wp","href":"https:\/\/api.w.org\/{rel}","templated":true}]}}