{"id":350,"date":"2019-01-25T11:34:38","date_gmt":"2019-01-25T13:34:38","guid":{"rendered":"http:\/\/sites.usp.br\/lbbp\/?page_id=350"},"modified":"2021-04-21T10:41:17","modified_gmt":"2021-04-21T12:41:17","slug":"teses-defendidas","status":"publish","type":"page","link":"https:\/\/sites.usp.br\/lbbp\/teses-defendidas\/","title":{"rendered":"Teses Defendidas"},"content":{"rendered":"<p><strong>Tese de doutorado<\/strong><\/p>\n<p>1. <a href=\"https:\/\/sites.usp.br\/lbbp\/wp-content\/uploads\/sites\/464\/2021\/04\/Teses-Patricia-07Abr21.jpg\">Patricia Pereira Adriani<\/a>. Desenho e avalia\u00e7\u00e3o de um sistema enzim\u00e1tico recombinante para prote\u00e7\u00e3o in vitro de c\u00e9lulas epid\u00e9rmicas humanas HaCaT ao estresse oxidativo. 2021. Tese (Doutorado em Biotecnologia) &#8211; Universidade de S\u00e3o Paulo, Coordena\u00e7\u00e3o de Aperfei\u00e7oamento de Pessoal de N\u00edvel Superior. Orientador: Felipe Santiago Chambergo Alcalde. Data da defesa: 07\/04\/2021.<br \/>\n2. <a href=\"https:\/\/sites.usp.br\/lbbp\/wp-content\/uploads\/sites\/464\/2020\/02\/Defesa-Gabriel1-16May18.jpg\" target=\"_blank\" rel=\"noopener noreferrer\">Gabriel Stephani de Oliveira<\/a>. Clonagem e caracteriza\u00e7\u00e3o da enzima epoxido hidrolase de <em>Trichoderma reesei<\/em>. 2013. Tese (Doutorado em Biotecnologia) &#8211; Universidade de S\u00e3o Paulo, Funda\u00e7\u00e3o de Amparo \u00e0 Pesquisa do Estado de S\u00e3o Paulo (FAPESP). Orientador: Felipe Santiago Chambergo Alcalde. Data da defesa: 16\/05\/2018.<\/p>\n","protected":false},"excerpt":{"rendered":"<p>Tese de doutorado 1. Patricia Pereira Adriani. Desenho e avalia\u00e7\u00e3o de um sistema enzim\u00e1tico recombinante para prote\u00e7\u00e3o in vitro de c\u00e9lulas epid\u00e9rmicas humanas HaCaT ao estresse oxidativo. 2021. Tese (Doutorado em Biotecnologia) &#8211; Universidade de S\u00e3o Paulo, Coordena\u00e7\u00e3o de Aperfei\u00e7oamento de Pessoal de N\u00edvel Superior. Orientador: Felipe Santiago Chambergo Alcalde. Data da defesa: 07\/04\/2021. 2.<a href=\"https:\/\/sites.usp.br\/lbbp\/teses-defendidas\/\">[&#8230;]<\/a><\/p>\n","protected":false},"author":208,"featured_media":0,"parent":0,"menu_order":0,"comment_status":"closed","ping_status":"closed","template":"","meta":{"_monsterinsights_skip_tracking":false,"_monsterinsights_sitenote_active":false,"_monsterinsights_sitenote_note":"","_monsterinsights_sitenote_category":0,"footnotes":"","_links_to":"","_links_to_target":""},"class_list":["post-350","page","type-page","status-publish","hentry"],"_links":{"self":[{"href":"https:\/\/sites.usp.br\/lbbp\/wp-json\/wp\/v2\/pages\/350","targetHints":{"allow":["GET"]}}],"collection":[{"href":"https:\/\/sites.usp.br\/lbbp\/wp-json\/wp\/v2\/pages"}],"about":[{"href":"https:\/\/sites.usp.br\/lbbp\/wp-json\/wp\/v2\/types\/page"}],"author":[{"embeddable":true,"href":"https:\/\/sites.usp.br\/lbbp\/wp-json\/wp\/v2\/users\/208"}],"replies":[{"embeddable":true,"href":"https:\/\/sites.usp.br\/lbbp\/wp-json\/wp\/v2\/comments?post=350"}],"version-history":[{"count":4,"href":"https:\/\/sites.usp.br\/lbbp\/wp-json\/wp\/v2\/pages\/350\/revisions"}],"predecessor-version":[{"id":1729,"href":"https:\/\/sites.usp.br\/lbbp\/wp-json\/wp\/v2\/pages\/350\/revisions\/1729"}],"wp:attachment":[{"href":"https:\/\/sites.usp.br\/lbbp\/wp-json\/wp\/v2\/media?parent=350"}],"curies":[{"name":"wp","href":"https:\/\/api.w.org\/{rel}","templated":true}]}}