{"id":352,"date":"2019-01-25T11:35:00","date_gmt":"2019-01-25T13:35:00","guid":{"rendered":"http:\/\/sites.usp.br\/lbbp\/?page_id=352"},"modified":"2019-02-03T17:52:06","modified_gmt":"2019-02-03T19:52:06","slug":"atividades-de-extensao","status":"publish","type":"page","link":"https:\/\/sites.usp.br\/lbbp\/atividades-de-extensao\/","title":{"rendered":"Atividades de Extens\u00e3o"},"content":{"rendered":"<ol>\n<li>Chambergo, Felipe S. Coordenador e Docente do Curso. 1\u00b0 Curso Te\u00f3rico \u2013 Pr\u00e1tico T\u00e9cnicas bioqu\u00edmicas para o estudo de biomol\u00e9culas: Prote\u00ednas e \u00c1cidos Nucl\u00e9icos, 2008. (Brasil)<\/li>\n<li>Chambergo, Felipe S., Valencia, E. Y. Coordenador e Docente do Curso Biolog\u00eda Molecular de Hongos y aplicaciones Biotecnol\u00f3gicas, 2012. Universidad de La Plata (Argentina).<\/li>\n<li>Barros, M. H., Chambergo, Felipe S., Ferreira-J\u00fanior, Jos\u00e9 Ribamar, Tambor, H. J. Docente do Curso. Microrganismos envolvidos na produ\u00e7\u00e3o de etanol, 2012. ICB, USP (Brasil).<\/li>\n<li>Chambergo, F.S, Viel, T. A., Campana, P. T., Menna-Barreto, L. S., Falceta, D., Dantas, A. Coordenador do II Semin\u00e1rio de Pesquisa EACH, 2012. (Brasil).<\/li>\n<li>Chambergo, Felipe S., Santos, L., Santos, L., Paulino, T. L., Cruz, M. S. Coordenador da VI Jornada de Ci\u00eancias da Atividade F\u00edsica &#8211; JoCAF, 2012. (Brasil)<\/li>\n<li>Chambergo, Felipe S., Chimoy, P. J. Coordenador e Docente do Curso: Avances en Biolog\u00eda Molecular de Hongos, 2013. Facultad de Ciencias Biologicas, Universidad Nacional Pedro Ruiz Gallo (Per\u00fa)<\/li>\n<li>Chambergo, Felipe S., Ferreira J\u00fanior, J. R., Cunha, F. M. Coordenador e Docente do Curso do 2\u00b0 Curso Te\u00f3rico &#8211; Pr\u00e1tico: T\u00e9cnicas bioqu\u00edmicas para o estudo de biomol\u00e9culas: Prote\u00ednas e \u00c1cidos Nucl\u00e9icos., 2013. EACH, USP (Brasil)<\/li>\n<li>Chambergo, Felipe S. Coordenador e Docente do Curso do 3\u00b0 Curso Te\u00f3rico &#8211; Pr\u00e1tico: T\u00e9cnicas bioqu\u00edmicas para o estudo de biomol\u00e9culas: Prote\u00ednas e \u00c1cidos Nucl\u00e9icos., 2015. EACH, USP (Brasil)<\/li>\n<li>Chambergo, F.S. Coordenador da Semana da Ci\u00eancia e SIICUSP EACH-USP, 2015. (Brasil).<\/li>\n<li>Chambergo, Felipe S. Coordenador e Docente do Curso do 4\u00b0 Curso Te\u00f3rico &#8211; Pr\u00e1tico: T\u00e9cnicas bioqu\u00edmicas para o estudo de biomol\u00e9culas: Prote\u00ednas e \u00c1cidos Nucl\u00e9icos., 2016. EACH, USP (Brasil)<\/li>\n<\/ol>\n<p>&nbsp;<\/p>\n<p>&nbsp;<\/p>\n","protected":false},"excerpt":{"rendered":"<p>Chambergo, Felipe S. Coordenador e Docente do Curso. 1\u00b0 Curso Te\u00f3rico \u2013 Pr\u00e1tico T\u00e9cnicas bioqu\u00edmicas para o estudo de biomol\u00e9culas: Prote\u00ednas e \u00c1cidos Nucl\u00e9icos, 2008. (Brasil) Chambergo, Felipe S., Valencia, E. Y. Coordenador e Docente do Curso Biolog\u00eda Molecular de Hongos y aplicaciones Biotecnol\u00f3gicas, 2012. Universidad de La Plata (Argentina). Barros, M. H., Chambergo, Felipe<a href=\"https:\/\/sites.usp.br\/lbbp\/atividades-de-extensao\/\">[&#8230;]<\/a><\/p>\n","protected":false},"author":208,"featured_media":0,"parent":0,"menu_order":0,"comment_status":"closed","ping_status":"closed","template":"","meta":{"_monsterinsights_skip_tracking":false,"_monsterinsights_sitenote_active":false,"_monsterinsights_sitenote_note":"","_monsterinsights_sitenote_category":0,"footnotes":"","_links_to":"","_links_to_target":""},"class_list":["post-352","page","type-page","status-publish","hentry"],"_links":{"self":[{"href":"https:\/\/sites.usp.br\/lbbp\/wp-json\/wp\/v2\/pages\/352","targetHints":{"allow":["GET"]}}],"collection":[{"href":"https:\/\/sites.usp.br\/lbbp\/wp-json\/wp\/v2\/pages"}],"about":[{"href":"https:\/\/sites.usp.br\/lbbp\/wp-json\/wp\/v2\/types\/page"}],"author":[{"embeddable":true,"href":"https:\/\/sites.usp.br\/lbbp\/wp-json\/wp\/v2\/users\/208"}],"replies":[{"embeddable":true,"href":"https:\/\/sites.usp.br\/lbbp\/wp-json\/wp\/v2\/comments?post=352"}],"version-history":[{"count":2,"href":"https:\/\/sites.usp.br\/lbbp\/wp-json\/wp\/v2\/pages\/352\/revisions"}],"predecessor-version":[{"id":699,"href":"https:\/\/sites.usp.br\/lbbp\/wp-json\/wp\/v2\/pages\/352\/revisions\/699"}],"wp:attachment":[{"href":"https:\/\/sites.usp.br\/lbbp\/wp-json\/wp\/v2\/media?parent=352"}],"curies":[{"name":"wp","href":"https:\/\/api.w.org\/{rel}","templated":true}]}}