{"id":356,"date":"2019-01-25T11:36:03","date_gmt":"2019-01-25T13:36:03","guid":{"rendered":"http:\/\/sites.usp.br\/lbbp\/?page_id=356"},"modified":"2019-02-03T06:41:21","modified_gmt":"2019-02-03T08:41:21","slug":"destaques","status":"publish","type":"page","link":"https:\/\/sites.usp.br\/lbbp\/destaques\/","title":{"rendered":"Divulga\u00e7\u00e3o Cient\u00edfica"},"content":{"rendered":"","protected":false},"excerpt":{"rendered":"","protected":false},"author":208,"featured_media":0,"parent":0,"menu_order":0,"comment_status":"closed","ping_status":"closed","template":"","meta":{"_monsterinsights_skip_tracking":false,"_monsterinsights_sitenote_active":false,"_monsterinsights_sitenote_note":"","_monsterinsights_sitenote_category":0,"footnotes":"","_links_to":"","_links_to_target":""},"class_list":["post-356","page","type-page","status-publish","hentry"],"_links":{"self":[{"href":"https:\/\/sites.usp.br\/lbbp\/wp-json\/wp\/v2\/pages\/356","targetHints":{"allow":["GET"]}}],"collection":[{"href":"https:\/\/sites.usp.br\/lbbp\/wp-json\/wp\/v2\/pages"}],"about":[{"href":"https:\/\/sites.usp.br\/lbbp\/wp-json\/wp\/v2\/types\/page"}],"author":[{"embeddable":true,"href":"https:\/\/sites.usp.br\/lbbp\/wp-json\/wp\/v2\/users\/208"}],"replies":[{"embeddable":true,"href":"https:\/\/sites.usp.br\/lbbp\/wp-json\/wp\/v2\/comments?post=356"}],"version-history":[{"count":2,"href":"https:\/\/sites.usp.br\/lbbp\/wp-json\/wp\/v2\/pages\/356\/revisions"}],"predecessor-version":[{"id":690,"href":"https:\/\/sites.usp.br\/lbbp\/wp-json\/wp\/v2\/pages\/356\/revisions\/690"}],"wp:attachment":[{"href":"https:\/\/sites.usp.br\/lbbp\/wp-json\/wp\/v2\/media?parent=356"}],"curies":[{"name":"wp","href":"https:\/\/api.w.org\/{rel}","templated":true}]}}