{"id":559,"date":"2019-01-26T14:03:13","date_gmt":"2019-01-26T16:03:13","guid":{"rendered":"http:\/\/sites.usp.br\/lbbp\/?page_id=559"},"modified":"2019-02-16T18:36:31","modified_gmt":"2019-02-16T20:36:31","slug":"resenha","status":"publish","type":"page","link":"https:\/\/sites.usp.br\/lbbp\/resenha\/","title":{"rendered":"Resenha"},"content":{"rendered":"<div id=\"pl-559\"  class=\"panel-layout\" ><div id=\"pg-559-0\"  class=\"panel-grid panel-has-style\" ><div class=\"panel-row-style panel-row-style-for-559-0\" ><div id=\"pgc-559-0-0\"  class=\"panel-grid-cell\" ><div id=\"panel-559-0-0-0\" class=\"so-panel widget widget_sow-editor panel-first-child panel-last-child\" data-index=\"0\" ><div class=\"panel-widget-style panel-widget-style-for-559-0-0-0\" ><div\n\t\t\t\n\t\t\tclass=\"so-widget-sow-editor so-widget-sow-editor-base\"\n\t\t\t\n\t\t>\n<div class=\"siteorigin-widget-tinymce textwidget\">\n\t<p>A tend\u00eancia global de promover a ind\u00fastria de biotecnologia \"branca\" (que utiliza bioprocessos), tem impulsionado a pesquisa por novos organismos, enzimas e bioprodutos com diversas propriedades e aplica\u00e7\u00f5es biotecnol\u00f3gicas. Uma grande variedade de fungos, leveduras e bact\u00e9rias apresentam habilidades metab\u00f3licas para degradar diversos produtos e produzir uma s\u00e9rie de enzimas e\/ou produtos naturais \u00fateis ao ser humano. Utilizando t\u00e9cnicas de biologia molecular, gen\u00f4mica e bioinform\u00e1tica, pretendemos, pesquisar novos genes, vias metab\u00f3licas, produtos qu\u00edmicos, enzimas, antibi\u00f3ticos e outros, de potencial utiliza\u00e7\u00e3o em processos biotecnol\u00f3gicos. Com essa vis\u00e3o iniciou no ano de 2009 as atividades de nosso grupo de pesquisa.<\/p>\n<\/div>\n<\/div><\/div><\/div><\/div><\/div><\/div><div id=\"pg-559-1\"  class=\"panel-grid panel-has-style\" ><div class=\"panel-row-style panel-row-style-for-559-1\" ><div id=\"pgc-559-1-0\"  class=\"panel-grid-cell\" ><div id=\"panel-559-1-0-0\" class=\"so-panel widget widget_sow-slider panel-first-child\" data-index=\"1\" ><div\n\t\t\t\n\t\t\tclass=\"so-widget-sow-slider so-widget-sow-slider-default-6d39609536fd-559\"\n\t\t\t\n\t\t>\t\t\t\t<div class=\"sow-slider-base\" style=\"display: none\" tabindex=\"0\">\n\t\t\t\t\t<ul\n\t\t\t\t\tclass=\"sow-slider-images\"\n\t\t\t\t\tdata-settings=\"{&quot;pagination&quot;:true,&quot;speed&quot;:800,&quot;timeout&quot;:8000,&quot;paused&quot;:false,&quot;pause_on_hover&quot;:false,&quot;swipe&quot;:true,&quot;nav_always_show_desktop&quot;:&quot;&quot;,&quot;nav_always_show_mobile&quot;:&quot;&quot;,&quot;breakpoint&quot;:&quot;780px&quot;,&quot;unmute&quot;:false,&quot;anchor&quot;:null}\"\n\t\t\t\t\t\t\t\t\t\tdata-anchor-id=\"\"\n\t\t\t\t>\t\t<li class=\"sow-slider-image\" style=\"visibility: visible;;cursor: pointer;\" data-url=\"{&quot;url&quot;:&quot;http:\\\/\\\/sites.usp.br\\\/lbbp\\\/wp-content\\\/uploads\\\/sites\\\/464\\\/2019\\\/01\\\/EACH7.jpg&quot;,&quot;new_window&quot;:true}\" >\n\t\t\t\t\t\t\t\t\t\t<a href=\"http:\/\/sites.usp.br\/lbbp\/wp-content\/uploads\/sites\/464\/2019\/01\/EACH7.jpg\"\n\t\t\t\t\t\t\t\t\t\t\t\t\t\t\ttarget=\"_blank\" \t\t\t\t\t\t\t\t\t\t\t\t\t\t\t\t\t\t\t\trel=\"noopener noreferrer\" \t\t\t\t\t\t\t\t\t>\n\t\t\t<img loading=\"lazy\" decoding=\"async\" width=\"400\" height=\"300\" src=\"https:\/\/sites.usp.br\/lbbp\/wp-content\/uploads\/sites\/464\/2019\/01\/EACH7.jpg\" class=\"sow-slider-background-image\" alt=\"\" style=\"\" srcset=\"https:\/\/sites.usp.br\/lbbp\/wp-content\/uploads\/sites\/464\/2019\/01\/EACH7.jpg 400w, https:\/\/sites.usp.br\/lbbp\/wp-content\/uploads\/sites\/464\/2019\/01\/EACH7-300x225.jpg 300w, https:\/\/sites.usp.br\/lbbp\/wp-content\/uploads\/sites\/464\/2019\/01\/EACH7-285x214.jpg 285w, https:\/\/sites.usp.br\/lbbp\/wp-content\/uploads\/sites\/464\/2019\/01\/EACH7-80x60.jpg 80w\" sizes=\"auto, (max-width: 400px) 100vw, 400px\" \/><\/a>\t\t<\/li>\n\t\t\t\t<li class=\"sow-slider-image\" style=\"visibility: hidden;;cursor: pointer;\" data-url=\"{&quot;url&quot;:&quot;http:\\\/\\\/sites.usp.br\\\/lbbp\\\/wp-content\\\/uploads\\\/sites\\\/464\\\/2014\\\/02\\\/Lab5.jpg&quot;,&quot;new_window&quot;:true}\" >\n\t\t\t\t\t\t\t\t\t\t<a href=\"http:\/\/sites.usp.br\/lbbp\/wp-content\/uploads\/sites\/464\/2014\/02\/Lab5.jpg\"\n\t\t\t\t\t\t\t\t\t\t\t\t\t\t\ttarget=\"_blank\" \t\t\t\t\t\t\t\t\t\t\t\t\t\t\t\t\t\t\t\trel=\"noopener noreferrer\" \t\t\t\t\t\t\t\t\t>\n\t\t\t<img loading=\"lazy\" decoding=\"async\" width=\"741\" height=\"300\" src=\"https:\/\/sites.usp.br\/lbbp\/wp-content\/uploads\/sites\/464\/2014\/02\/Lab5.jpg\" class=\"sow-slider-background-image\" alt=\"\" style=\"\" srcset=\"https:\/\/sites.usp.br\/lbbp\/wp-content\/uploads\/sites\/464\/2014\/02\/Lab5.jpg 741w, https:\/\/sites.usp.br\/lbbp\/wp-content\/uploads\/sites\/464\/2014\/02\/Lab5-300x121.jpg 300w, https:\/\/sites.usp.br\/lbbp\/wp-content\/uploads\/sites\/464\/2014\/02\/Lab5-400x162.jpg 400w\" sizes=\"auto, (max-width: 741px) 100vw, 741px\" \/><\/a>\t\t<\/li>\n\t\t<\/ul>\t\t\t\t<ol class=\"sow-slider-pagination\">\n\t\t\t\t\t\t\t\t\t\t\t<li><a href=\"#\" data-goto=\"0\" aria-label=\"Display slide 1\"><\/a><\/li>\n\t\t\t\t\t\t\t\t\t\t\t<li><a href=\"#\" data-goto=\"1\" aria-label=\"Display slide 2\"><\/a><\/li>\n\t\t\t\t\t\t\t\t\t<\/ol>\n\n\t\t\t\t<div class=\"sow-slide-nav sow-slide-nav-next\">\n\t\t\t\t\t<a href=\"#\" data-goto=\"next\" aria-label=\"Next slide\" data-action=\"next\">\n\t\t\t\t\t\t<em class=\"sow-sld-icon-thin-right\"><\/em>\n\t\t\t\t\t<\/a>\n\t\t\t\t<\/div>\n\n\t\t\t\t<div class=\"sow-slide-nav sow-slide-nav-prev\">\n\t\t\t\t\t<a href=\"#\" data-goto=\"previous\" aria-label=\"Previous slide\" data-action=\"prev\">\n\t\t\t\t\t\t<em class=\"sow-sld-icon-thin-left\"><\/em>\n\t\t\t\t\t<\/a>\n\t\t\t\t<\/div>\n\t\t\t\t<\/div><\/div><\/div><div id=\"panel-559-1-0-1\" class=\"so-panel widget widget_sow-slider panel-last-child\" data-index=\"2\" ><div\n\t\t\t\n\t\t\tclass=\"so-widget-sow-slider so-widget-sow-slider-default-6d39609536fd-559\"\n\t\t\t\n\t\t>\t\t\t\t<div class=\"sow-slider-base\" style=\"display: none\" tabindex=\"0\">\n\t\t\t\t\t<ul\n\t\t\t\t\tclass=\"sow-slider-images\"\n\t\t\t\t\tdata-settings=\"{&quot;pagination&quot;:true,&quot;speed&quot;:800,&quot;timeout&quot;:8000,&quot;paused&quot;:false,&quot;pause_on_hover&quot;:false,&quot;swipe&quot;:true,&quot;nav_always_show_desktop&quot;:&quot;&quot;,&quot;nav_always_show_mobile&quot;:&quot;&quot;,&quot;breakpoint&quot;:&quot;780px&quot;,&quot;unmute&quot;:false,&quot;anchor&quot;:null}\"\n\t\t\t\t\t\t\t\t\t\tdata-anchor-id=\"\"\n\t\t\t\t>\t\t<li class=\"sow-slider-image\" style=\"visibility: visible;;cursor: pointer;\" data-url=\"{&quot;url&quot;:&quot;http:\\\/\\\/sites.usp.br\\\/lbbp\\\/wp-content\\\/uploads\\\/sites\\\/464\\\/2019\\\/01\\\/EACH4.jpg&quot;,&quot;new_window&quot;:true}\" >\n\t\t\t\t\t\t\t\t\t\t<a href=\"http:\/\/sites.usp.br\/lbbp\/wp-content\/uploads\/sites\/464\/2019\/01\/EACH4.jpg\"\n\t\t\t\t\t\t\t\t\t\t\t\t\t\t\ttarget=\"_blank\" \t\t\t\t\t\t\t\t\t\t\t\t\t\t\t\t\t\t\t\trel=\"noopener noreferrer\" \t\t\t\t\t\t\t\t\t>\n\t\t\t<img loading=\"lazy\" decoding=\"async\" width=\"4912\" height=\"1080\" src=\"https:\/\/sites.usp.br\/lbbp\/wp-content\/uploads\/sites\/464\/2019\/01\/EACH4.jpg\" class=\"sow-slider-background-image\" alt=\"\" style=\"\" srcset=\"https:\/\/sites.usp.br\/lbbp\/wp-content\/uploads\/sites\/464\/2019\/01\/EACH4.jpg 4912w, https:\/\/sites.usp.br\/lbbp\/wp-content\/uploads\/sites\/464\/2019\/01\/EACH4-300x66.jpg 300w, https:\/\/sites.usp.br\/lbbp\/wp-content\/uploads\/sites\/464\/2019\/01\/EACH4-768x169.jpg 768w, https:\/\/sites.usp.br\/lbbp\/wp-content\/uploads\/sites\/464\/2019\/01\/EACH4-1024x225.jpg 1024w, https:\/\/sites.usp.br\/lbbp\/wp-content\/uploads\/sites\/464\/2019\/01\/EACH4-400x88.jpg 400w\" sizes=\"auto, (max-width: 4912px) 100vw, 4912px\" \/><\/a>\t\t<\/li>\n\t\t\t\t<li class=\"sow-slider-image\" style=\"visibility: hidden;;cursor: pointer;\" data-url=\"{&quot;url&quot;:&quot;http:\\\/\\\/sites.usp.br\\\/lbbp\\\/wp-content\\\/uploads\\\/sites\\\/464\\\/2019\\\/01\\\/EACH3.jpg&quot;,&quot;new_window&quot;:true}\" >\n\t\t\t\t\t\t\t\t\t\t<a href=\"http:\/\/sites.usp.br\/lbbp\/wp-content\/uploads\/sites\/464\/2019\/01\/EACH3.jpg\"\n\t\t\t\t\t\t\t\t\t\t\t\t\t\t\ttarget=\"_blank\" \t\t\t\t\t\t\t\t\t\t\t\t\t\t\t\t\t\t\t\trel=\"noopener noreferrer\" \t\t\t\t\t\t\t\t\t>\n\t\t\t<img loading=\"lazy\" decoding=\"async\" width=\"1364\" height=\"300\" src=\"https:\/\/sites.usp.br\/lbbp\/wp-content\/uploads\/sites\/464\/2019\/01\/EACH3.jpg\" class=\"sow-slider-background-image\" alt=\"\" style=\"\" srcset=\"https:\/\/sites.usp.br\/lbbp\/wp-content\/uploads\/sites\/464\/2019\/01\/EACH3.jpg 1364w, https:\/\/sites.usp.br\/lbbp\/wp-content\/uploads\/sites\/464\/2019\/01\/EACH3-300x66.jpg 300w, https:\/\/sites.usp.br\/lbbp\/wp-content\/uploads\/sites\/464\/2019\/01\/EACH3-768x169.jpg 768w, https:\/\/sites.usp.br\/lbbp\/wp-content\/uploads\/sites\/464\/2019\/01\/EACH3-1024x225.jpg 1024w, https:\/\/sites.usp.br\/lbbp\/wp-content\/uploads\/sites\/464\/2019\/01\/EACH3-400x88.jpg 400w\" sizes=\"auto, (max-width: 1364px) 100vw, 1364px\" \/><\/a>\t\t<\/li>\n\t\t<\/ul>\t\t\t\t<ol class=\"sow-slider-pagination\">\n\t\t\t\t\t\t\t\t\t\t\t<li><a href=\"#\" data-goto=\"0\" aria-label=\"Display slide 1\"><\/a><\/li>\n\t\t\t\t\t\t\t\t\t\t\t<li><a href=\"#\" data-goto=\"1\" aria-label=\"Display slide 2\"><\/a><\/li>\n\t\t\t\t\t\t\t\t\t<\/ol>\n\n\t\t\t\t<div class=\"sow-slide-nav sow-slide-nav-next\">\n\t\t\t\t\t<a href=\"#\" data-goto=\"next\" aria-label=\"Next slide\" data-action=\"next\">\n\t\t\t\t\t\t<em class=\"sow-sld-icon-thin-right\"><\/em>\n\t\t\t\t\t<\/a>\n\t\t\t\t<\/div>\n\n\t\t\t\t<div class=\"sow-slide-nav sow-slide-nav-prev\">\n\t\t\t\t\t<a href=\"#\" data-goto=\"previous\" aria-label=\"Previous slide\" data-action=\"prev\">\n\t\t\t\t\t\t<em class=\"sow-sld-icon-thin-left\"><\/em>\n\t\t\t\t\t<\/a>\n\t\t\t\t<\/div>\n\t\t\t\t<\/div><\/div><\/div><\/div><div id=\"pgc-559-1-1\"  class=\"panel-grid-cell\" ><div id=\"panel-559-1-1-0\" class=\"so-panel widget widget_sow-slider panel-first-child\" data-index=\"3\" ><div\n\t\t\t\n\t\t\tclass=\"so-widget-sow-slider so-widget-sow-slider-default-6d39609536fd-559\"\n\t\t\t\n\t\t>\t\t\t\t<div class=\"sow-slider-base\" style=\"display: none\" tabindex=\"0\">\n\t\t\t\t\t<ul\n\t\t\t\t\tclass=\"sow-slider-images\"\n\t\t\t\t\tdata-settings=\"{&quot;pagination&quot;:true,&quot;speed&quot;:800,&quot;timeout&quot;:8000,&quot;paused&quot;:false,&quot;pause_on_hover&quot;:false,&quot;swipe&quot;:true,&quot;nav_always_show_desktop&quot;:&quot;&quot;,&quot;nav_always_show_mobile&quot;:&quot;&quot;,&quot;breakpoint&quot;:&quot;780px&quot;,&quot;unmute&quot;:false,&quot;anchor&quot;:null}\"\n\t\t\t\t\t\t\t\t\t\tdata-anchor-id=\"\"\n\t\t\t\t>\t\t<li class=\"sow-slider-image\" style=\"visibility: visible;;cursor: pointer;\" data-url=\"{&quot;url&quot;:&quot;http:\\\/\\\/sites.usp.br\\\/lbbp\\\/wp-content\\\/uploads\\\/sites\\\/464\\\/2019\\\/01\\\/EACH6.jpg&quot;,&quot;new_window&quot;:true}\" >\n\t\t\t\t\t\t\t\t\t\t<a href=\"http:\/\/sites.usp.br\/lbbp\/wp-content\/uploads\/sites\/464\/2019\/01\/EACH6.jpg\"\n\t\t\t\t\t\t\t\t\t\t\t\t\t\t\ttarget=\"_blank\" \t\t\t\t\t\t\t\t\t\t\t\t\t\t\t\t\t\t\t\trel=\"noopener noreferrer\" \t\t\t\t\t\t\t\t\t>\n\t\t\t<img loading=\"lazy\" decoding=\"async\" width=\"483\" height=\"300\" src=\"https:\/\/sites.usp.br\/lbbp\/wp-content\/uploads\/sites\/464\/2019\/01\/EACH6.jpg\" class=\"sow-slider-background-image\" alt=\"\" style=\"\" srcset=\"https:\/\/sites.usp.br\/lbbp\/wp-content\/uploads\/sites\/464\/2019\/01\/EACH6.jpg 483w, https:\/\/sites.usp.br\/lbbp\/wp-content\/uploads\/sites\/464\/2019\/01\/EACH6-300x186.jpg 300w, https:\/\/sites.usp.br\/lbbp\/wp-content\/uploads\/sites\/464\/2019\/01\/EACH6-400x248.jpg 400w\" sizes=\"auto, (max-width: 483px) 100vw, 483px\" \/><\/a>\t\t<\/li>\n\t\t\t\t<li class=\"sow-slider-image\" style=\"visibility: hidden;;cursor: pointer;\" data-url=\"{&quot;url&quot;:&quot;http:\\\/\\\/sites.usp.br\\\/lbbp\\\/wp-content\\\/uploads\\\/sites\\\/464\\\/2019\\\/01\\\/EACH5.jpg&quot;,&quot;new_window&quot;:true}\" >\n\t\t\t\t\t\t\t\t\t\t<a href=\"http:\/\/sites.usp.br\/lbbp\/wp-content\/uploads\/sites\/464\/2019\/01\/EACH5.jpg\"\n\t\t\t\t\t\t\t\t\t\t\t\t\t\t\ttarget=\"_blank\" \t\t\t\t\t\t\t\t\t\t\t\t\t\t\t\t\t\t\t\trel=\"noopener noreferrer\" \t\t\t\t\t\t\t\t\t>\n\t\t\t<img loading=\"lazy\" decoding=\"async\" width=\"792\" height=\"300\" src=\"https:\/\/sites.usp.br\/lbbp\/wp-content\/uploads\/sites\/464\/2019\/01\/EACH5.jpg\" class=\"sow-slider-background-image\" alt=\"\" style=\"\" srcset=\"https:\/\/sites.usp.br\/lbbp\/wp-content\/uploads\/sites\/464\/2019\/01\/EACH5.jpg 792w, https:\/\/sites.usp.br\/lbbp\/wp-content\/uploads\/sites\/464\/2019\/01\/EACH5-300x114.jpg 300w, https:\/\/sites.usp.br\/lbbp\/wp-content\/uploads\/sites\/464\/2019\/01\/EACH5-768x291.jpg 768w, https:\/\/sites.usp.br\/lbbp\/wp-content\/uploads\/sites\/464\/2019\/01\/EACH5-400x152.jpg 400w\" sizes=\"auto, (max-width: 792px) 100vw, 792px\" \/><\/a>\t\t<\/li>\n\t\t<\/ul>\t\t\t\t<ol class=\"sow-slider-pagination\">\n\t\t\t\t\t\t\t\t\t\t\t<li><a href=\"#\" data-goto=\"0\" aria-label=\"Display slide 1\"><\/a><\/li>\n\t\t\t\t\t\t\t\t\t\t\t<li><a href=\"#\" data-goto=\"1\" aria-label=\"Display slide 2\"><\/a><\/li>\n\t\t\t\t\t\t\t\t\t<\/ol>\n\n\t\t\t\t<div class=\"sow-slide-nav sow-slide-nav-next\">\n\t\t\t\t\t<a href=\"#\" data-goto=\"next\" aria-label=\"Next slide\" data-action=\"next\">\n\t\t\t\t\t\t<em class=\"sow-sld-icon-thin-right\"><\/em>\n\t\t\t\t\t<\/a>\n\t\t\t\t<\/div>\n\n\t\t\t\t<div class=\"sow-slide-nav sow-slide-nav-prev\">\n\t\t\t\t\t<a href=\"#\" data-goto=\"previous\" aria-label=\"Previous slide\" data-action=\"prev\">\n\t\t\t\t\t\t<em class=\"sow-sld-icon-thin-left\"><\/em>\n\t\t\t\t\t<\/a>\n\t\t\t\t<\/div>\n\t\t\t\t<\/div><\/div><\/div><div id=\"panel-559-1-1-1\" class=\"so-panel widget widget_sow-slider panel-last-child\" data-index=\"4\" ><div\n\t\t\t\n\t\t\tclass=\"so-widget-sow-slider so-widget-sow-slider-default-6d39609536fd-559\"\n\t\t\t\n\t\t>\t\t\t\t<div class=\"sow-slider-base\" style=\"display: none\" tabindex=\"0\">\n\t\t\t\t\t<ul\n\t\t\t\t\tclass=\"sow-slider-images\"\n\t\t\t\t\tdata-settings=\"{&quot;pagination&quot;:true,&quot;speed&quot;:800,&quot;timeout&quot;:8000,&quot;paused&quot;:false,&quot;pause_on_hover&quot;:false,&quot;swipe&quot;:true,&quot;nav_always_show_desktop&quot;:&quot;&quot;,&quot;nav_always_show_mobile&quot;:&quot;&quot;,&quot;breakpoint&quot;:&quot;780px&quot;,&quot;unmute&quot;:false,&quot;anchor&quot;:null}\"\n\t\t\t\t\t\t\t\t\t\tdata-anchor-id=\"\"\n\t\t\t\t>\t\t<li class=\"sow-slider-image\" style=\"visibility: visible;;cursor: pointer;\" data-url=\"{&quot;url&quot;:&quot;http:\\\/\\\/sites.usp.br\\\/lbbp\\\/wp-content\\\/uploads\\\/sites\\\/464\\\/2019\\\/01\\\/EACH2.jpg&quot;,&quot;new_window&quot;:true}\" >\n\t\t\t\t\t\t\t\t\t\t<a href=\"http:\/\/sites.usp.br\/lbbp\/wp-content\/uploads\/sites\/464\/2019\/01\/EACH2.jpg\"\n\t\t\t\t\t\t\t\t\t\t\t\t\t\t\ttarget=\"_blank\" \t\t\t\t\t\t\t\t\t\t\t\t\t\t\t\t\t\t\t\trel=\"noopener noreferrer\" \t\t\t\t\t\t\t\t\t>\n\t\t\t<img loading=\"lazy\" decoding=\"async\" width=\"1364\" height=\"300\" src=\"https:\/\/sites.usp.br\/lbbp\/wp-content\/uploads\/sites\/464\/2019\/01\/EACH2.jpg\" class=\"sow-slider-background-image\" alt=\"\" style=\"\" srcset=\"https:\/\/sites.usp.br\/lbbp\/wp-content\/uploads\/sites\/464\/2019\/01\/EACH2.jpg 1364w, https:\/\/sites.usp.br\/lbbp\/wp-content\/uploads\/sites\/464\/2019\/01\/EACH2-300x66.jpg 300w, https:\/\/sites.usp.br\/lbbp\/wp-content\/uploads\/sites\/464\/2019\/01\/EACH2-768x169.jpg 768w, https:\/\/sites.usp.br\/lbbp\/wp-content\/uploads\/sites\/464\/2019\/01\/EACH2-1024x225.jpg 1024w, https:\/\/sites.usp.br\/lbbp\/wp-content\/uploads\/sites\/464\/2019\/01\/EACH2-400x88.jpg 400w\" sizes=\"auto, (max-width: 1364px) 100vw, 1364px\" \/><\/a>\t\t<\/li>\n\t\t\t\t<li class=\"sow-slider-image\" style=\"visibility: hidden;;cursor: pointer;\" data-url=\"{&quot;url&quot;:&quot;http:\\\/\\\/sites.usp.br\\\/lbbp\\\/wp-content\\\/uploads\\\/sites\\\/464\\\/2019\\\/01\\\/EACH1.jpg&quot;,&quot;new_window&quot;:true}\" >\n\t\t\t\t\t\t\t\t\t\t<a href=\"http:\/\/sites.usp.br\/lbbp\/wp-content\/uploads\/sites\/464\/2019\/01\/EACH1.jpg\"\n\t\t\t\t\t\t\t\t\t\t\t\t\t\t\ttarget=\"_blank\" \t\t\t\t\t\t\t\t\t\t\t\t\t\t\t\t\t\t\t\trel=\"noopener noreferrer\" \t\t\t\t\t\t\t\t\t>\n\t\t\t<img loading=\"lazy\" decoding=\"async\" width=\"1205\" height=\"300\" src=\"https:\/\/sites.usp.br\/lbbp\/wp-content\/uploads\/sites\/464\/2019\/01\/EACH1.jpg\" class=\"sow-slider-background-image\" alt=\"\" style=\"\" srcset=\"https:\/\/sites.usp.br\/lbbp\/wp-content\/uploads\/sites\/464\/2019\/01\/EACH1.jpg 1205w, https:\/\/sites.usp.br\/lbbp\/wp-content\/uploads\/sites\/464\/2019\/01\/EACH1-300x75.jpg 300w, https:\/\/sites.usp.br\/lbbp\/wp-content\/uploads\/sites\/464\/2019\/01\/EACH1-768x191.jpg 768w, https:\/\/sites.usp.br\/lbbp\/wp-content\/uploads\/sites\/464\/2019\/01\/EACH1-1024x255.jpg 1024w, https:\/\/sites.usp.br\/lbbp\/wp-content\/uploads\/sites\/464\/2019\/01\/EACH1-400x100.jpg 400w\" sizes=\"auto, (max-width: 1205px) 100vw, 1205px\" \/><\/a>\t\t<\/li>\n\t\t<\/ul>\t\t\t\t<ol class=\"sow-slider-pagination\">\n\t\t\t\t\t\t\t\t\t\t\t<li><a href=\"#\" data-goto=\"0\" aria-label=\"Display slide 1\"><\/a><\/li>\n\t\t\t\t\t\t\t\t\t\t\t<li><a href=\"#\" data-goto=\"1\" aria-label=\"Display slide 2\"><\/a><\/li>\n\t\t\t\t\t\t\t\t\t<\/ol>\n\n\t\t\t\t<div class=\"sow-slide-nav sow-slide-nav-next\">\n\t\t\t\t\t<a href=\"#\" data-goto=\"next\" aria-label=\"Next slide\" data-action=\"next\">\n\t\t\t\t\t\t<em class=\"sow-sld-icon-thin-right\"><\/em>\n\t\t\t\t\t<\/a>\n\t\t\t\t<\/div>\n\n\t\t\t\t<div class=\"sow-slide-nav sow-slide-nav-prev\">\n\t\t\t\t\t<a href=\"#\" data-goto=\"previous\" aria-label=\"Previous slide\" data-action=\"prev\">\n\t\t\t\t\t\t<em class=\"sow-sld-icon-thin-left\"><\/em>\n\t\t\t\t\t<\/a>\n\t\t\t\t<\/div>\n\t\t\t\t<\/div><\/div><\/div><\/div><\/div><\/div><\/div>","protected":false},"excerpt":{"rendered":"<p>A tend\u00eancia global de promover a ind\u00fastria de biotecnologia &#8220;branca&#8221; (que utiliza bioprocessos), tem impulsionado a pesquisa por novos organismos, enzimas e bioprodutos com diversas propriedades e aplica\u00e7\u00f5es biotecnol\u00f3gicas. Uma grande variedade de fungos, leveduras e bact\u00e9rias apresentam habilidades metab\u00f3licas para degradar diversos produtos e produzir uma s\u00e9rie de enzimas e\/ou produtos naturais \u00fateis ao<a href=\"https:\/\/sites.usp.br\/lbbp\/resenha\/\">[&#8230;]<\/a><\/p>\n","protected":false},"author":208,"featured_media":0,"parent":0,"menu_order":0,"comment_status":"closed","ping_status":"closed","template":"","meta":{"_monsterinsights_skip_tracking":false,"_monsterinsights_sitenote_active":false,"_monsterinsights_sitenote_note":"","_monsterinsights_sitenote_category":0,"footnotes":"","_links_to":"","_links_to_target":""},"class_list":["post-559","page","type-page","status-publish","hentry"],"_links":{"self":[{"href":"https:\/\/sites.usp.br\/lbbp\/wp-json\/wp\/v2\/pages\/559","targetHints":{"allow":["GET"]}}],"collection":[{"href":"https:\/\/sites.usp.br\/lbbp\/wp-json\/wp\/v2\/pages"}],"about":[{"href":"https:\/\/sites.usp.br\/lbbp\/wp-json\/wp\/v2\/types\/page"}],"author":[{"embeddable":true,"href":"https:\/\/sites.usp.br\/lbbp\/wp-json\/wp\/v2\/users\/208"}],"replies":[{"embeddable":true,"href":"https:\/\/sites.usp.br\/lbbp\/wp-json\/wp\/v2\/comments?post=559"}],"version-history":[{"count":5,"href":"https:\/\/sites.usp.br\/lbbp\/wp-json\/wp\/v2\/pages\/559\/revisions"}],"predecessor-version":[{"id":921,"href":"https:\/\/sites.usp.br\/lbbp\/wp-json\/wp\/v2\/pages\/559\/revisions\/921"}],"wp:attachment":[{"href":"https:\/\/sites.usp.br\/lbbp\/wp-json\/wp\/v2\/media?parent=559"}],"curies":[{"name":"wp","href":"https:\/\/api.w.org\/{rel}","templated":true}]}}