{"id":615,"date":"2019-01-27T22:19:45","date_gmt":"2019-01-28T00:19:45","guid":{"rendered":"http:\/\/sites.usp.br\/lbbp\/?page_id=615"},"modified":"2020-02-04T11:16:13","modified_gmt":"2020-02-04T13:16:13","slug":"orientacoes-e-supervisoes-em-andamento","status":"publish","type":"page","link":"https:\/\/sites.usp.br\/lbbp\/orientacoes-e-supervisoes-em-andamento\/","title":{"rendered":"Orienta\u00e7\u00f5es e Supervis\u00f5es em Andamento"},"content":{"rendered":"<p><strong>Disserta\u00e7\u00e3o de mestrado<\/strong><br \/>\n1. Daniela De Lucena Pedroso. Enzimas oxidorreductases do fungo Pestalotiopsis sp.. In\u00edcio: 2018. Disserta\u00e7\u00e3o (Mestrado em Bioquimica e Biologia Molecular) &#8211; Universidade de S\u00e3o Paulo, Funda\u00e7\u00e3o de Amparo \u00e0 Pesquisa do Estado de S\u00e3o Paulo. (Orientador).<\/p>\n<p><strong>Tese de doutorado<\/strong><br \/>\n1. Patricia Pereira Adriani. Desenho e avalia\u00e7\u00e3o de um sistema enzim\u00e1tico recombinante para prote\u00e7\u00e3o in vitro de c\u00e9lulas epid\u00e9rmicas humanas HaCat ao estresse oxidativo.. In\u00edcio: 2016. Tese (Doutorado em Biotecnologia) &#8211; Universidade de S\u00e3o Paulo, Conselho Nacional de Desenvolvimento Cient\u00edfico e Tecnol\u00f3gico. (Orientador).<\/p>\n<p><strong>Inicia\u00e7\u00e3o cient\u00edfica<\/strong><br \/>\n1. Amanda Cristina Esteves Leite. Estudo e caracteriza\u00e7\u00e3o das enzimas Catalase e Glutationa peroxidase de <em>Trichoderma reesei<\/em>. In\u00edcio: 2019. Inicia\u00e7\u00e3o cient\u00edfica (Graduando em Biotecnologia) &#8211; Universidade de S\u00e3o Paulo, Universidade de S\u00e3o Paulo &#8211; FAPESP. (Orientador).<\/p>\n<p>2. Flavio Vinicius Moreira. An\u00e1lise de bibliotecas para identificar bact\u00e9rias produtoras de enzimas de interesse industrial. In\u00edcio: 2018. Inicia\u00e7\u00e3o cient\u00edfica (Graduando em Biotecnologia) &#8211; Universidade de S\u00e3o Paulo, Universidade de S\u00e3o Paulo &#8211; Pr\u00f3-Reitoria de Gradua\u00e7\u00e3o. (Orientador).<\/p>\n<p>3. Thiago Pineiro Bizelli. Estudo e caracteriza\u00e7\u00e3o de enzimas \u03b1-L-arabinofuranosidases recombinantes. In\u00edcio: 2019. Inicia\u00e7\u00e3o cient\u00edfica (Graduando em Biotecnologia) &#8211; Universidade de S\u00e3o Paulo, Universidade de S\u00e3o Paulo &#8211; PIBIC\/CNPq. (Orientador).<\/p>\n<p>&nbsp;<\/p>\n","protected":false},"excerpt":{"rendered":"<p>Disserta\u00e7\u00e3o de mestrado 1. Daniela De Lucena Pedroso. Enzimas oxidorreductases do fungo Pestalotiopsis sp.. In\u00edcio: 2018. Disserta\u00e7\u00e3o (Mestrado em Bioquimica e Biologia Molecular) &#8211; Universidade de S\u00e3o Paulo, Funda\u00e7\u00e3o de Amparo \u00e0 Pesquisa do Estado de S\u00e3o Paulo. (Orientador). Tese de doutorado 1. Patricia Pereira Adriani. Desenho e avalia\u00e7\u00e3o de um sistema enzim\u00e1tico recombinante para<a href=\"https:\/\/sites.usp.br\/lbbp\/orientacoes-e-supervisoes-em-andamento\/\">[&#8230;]<\/a><\/p>\n","protected":false},"author":208,"featured_media":0,"parent":0,"menu_order":0,"comment_status":"closed","ping_status":"closed","template":"","meta":{"_monsterinsights_skip_tracking":false,"_monsterinsights_sitenote_active":false,"_monsterinsights_sitenote_note":"","_monsterinsights_sitenote_category":0,"footnotes":"","_links_to":"","_links_to_target":""},"class_list":["post-615","page","type-page","status-publish","hentry"],"_links":{"self":[{"href":"https:\/\/sites.usp.br\/lbbp\/wp-json\/wp\/v2\/pages\/615","targetHints":{"allow":["GET"]}}],"collection":[{"href":"https:\/\/sites.usp.br\/lbbp\/wp-json\/wp\/v2\/pages"}],"about":[{"href":"https:\/\/sites.usp.br\/lbbp\/wp-json\/wp\/v2\/types\/page"}],"author":[{"embeddable":true,"href":"https:\/\/sites.usp.br\/lbbp\/wp-json\/wp\/v2\/users\/208"}],"replies":[{"embeddable":true,"href":"https:\/\/sites.usp.br\/lbbp\/wp-json\/wp\/v2\/comments?post=615"}],"version-history":[{"count":3,"href":"https:\/\/sites.usp.br\/lbbp\/wp-json\/wp\/v2\/pages\/615\/revisions"}],"predecessor-version":[{"id":1152,"href":"https:\/\/sites.usp.br\/lbbp\/wp-json\/wp\/v2\/pages\/615\/revisions\/1152"}],"wp:attachment":[{"href":"https:\/\/sites.usp.br\/lbbp\/wp-json\/wp\/v2\/media?parent=615"}],"curies":[{"name":"wp","href":"https:\/\/api.w.org\/{rel}","templated":true}]}}