{"id":621,"date":"2019-01-27T22:28:26","date_gmt":"2019-01-28T00:28:26","guid":{"rendered":"http:\/\/sites.usp.br\/lbbp\/?page_id=621"},"modified":"2019-01-27T22:28:26","modified_gmt":"2019-01-28T00:28:26","slug":"outras-orientacoes-concluidas","status":"publish","type":"page","link":"https:\/\/sites.usp.br\/lbbp\/outras-orientacoes-concluidas\/","title":{"rendered":"Outras Orienta\u00e7\u00f5es Conclu\u00eddas"},"content":{"rendered":"<p><strong>\u00a0Inicia\u00e7\u00e3o cient\u00edfica<\/strong><br \/>\n1. Leticia Rojas. An\u00e1lise da enzima ep\u00f3xido hidrolase 2 de Trichoderma reesei. 2016. Inicia\u00e7\u00e3o Cient\u00edfica. (Graduando em Gest\u00e3o Ambiental) &#8211; Universidade de S\u00e3o Paulo. Orientador: Felipe Santiago Chambergo Alcalde.<\/p>\n<p>2. Beatriz de Paula Pereira. Estudo e caracteriza\u00e7\u00e3o de enzimas Celulases de Bact\u00e9rias. 2015. Inicia\u00e7\u00e3o Cient\u00edfica. (Graduando em Gest\u00e3o Ambiental) &#8211; Universidade de S\u00e3o Paulo, Funda\u00e7\u00e3o de Amparo \u00e0 Pesquisa do Estado de S\u00e3o Paulo. Orientador: Felipe Santiago Chambergo Alcalde.<\/p>\n<p>3. Filipe Guimar\u00e3es Gra\u00e7a. An\u00e1lise de promotor quim\u00e9rico induzido por zinco do gene celobiohidrolase I de Trichoderma reesei. 2013. Inicia\u00e7\u00e3o Cient\u00edfica. (Graduando em Gest\u00e3o Ambiental) &#8211; Universidade de S\u00e3o Paulo, Funda\u00e7\u00e3o de Amparo \u00e0 Pesquisa do Estado de S\u00e3o Paulo. Orientador: Felipe Santiago Chambergo Alcalde.<\/p>\n<p>4. Heitor de Lima Saballo. Sistema de express\u00e3o de prote\u00edna recombinante em Trichoderma reesei, induzido por estradiol.. 2013. Inicia\u00e7\u00e3o Cient\u00edfica. (Graduando em Gest\u00e3o Ambiental) &#8211; Universidade de S\u00e3o Paulo, Universidade de S\u00e3o Paulo &#8211; Reitoria. Orientador: Felipe Santiago Chambergo Alcalde.<\/p>\n<p>5. Suellen Sato Ide. Identifica\u00e7\u00e3o e caracteriza\u00e7\u00e3o de fungos com atividade inibidora de crescimento de outros microrganismos. 2013. Inicia\u00e7\u00e3o Cient\u00edfica. (Graduando em Gest\u00e3o Ambiental) &#8211; Universidade de S\u00e3o Paulo. Orientador: Felipe Santiago Chambergo Alcalde.<\/p>\n<p>6. Mariana Ign\u00e1cio. Clonagem, express\u00e3o e purifica\u00e7\u00e3o da enzima ep\u00f3xido hidrolase de Trichoderma reesei. 2013. Inicia\u00e7\u00e3o Cient\u00edfica. (Graduando em Gest\u00e3o Ambiental) &#8211; Universidade de S\u00e3o Paulo. Orientador: Felipe Santiago Chambergo Alcalde.<\/p>\n<p>7. Philipe Bolzan de Souza. Produ\u00e7\u00e3o de enzimas celulases de Trichoderma reesei. 2012. Inicia\u00e7\u00e3o Cient\u00edfica. (Graduando em Abi &#8211; Ci\u00eancias Biol\u00f3gicas) &#8211; Universidade de S\u00e3o Paulo, Conselho Nacional de Desenvolvimento Cient\u00edfico e Tecnol\u00f3gico. Orientador: Felipe Santiago Chambergo Alcalde.<\/p>\n<p>8. Fabio Pereira. An\u00e1lise da prote\u00edna de fus\u00e3o recombinante ?Dominio de liga\u00e7\u00e3o a celulosa-Super\u00f3xido dismutasa? de Trichoderma reesei. 2012. Inicia\u00e7\u00e3o Cient\u00edfica. (Graduando em Licenciatura em Ci\u00eancias da Natureza) &#8211; Universidade de S\u00e3o Paulo, Funda\u00e7\u00e3o de Amparo \u00e0 Pesquisa do Estado de S\u00e3o Paulo. Orientador: Felipe Santiago Chambergo Alcalde.<\/p>\n<p>9. Danielle Santos. Obten\u00e7\u00e3o de linhagens de Saccharomyces cerevisiae com maior toler\u00e2ncia osm\u00f3tica, t\u00e9rmica e ao etanol. 2012. Inicia\u00e7\u00e3o Cient\u00edfica. (Graduando em Licenciatura em Ci\u00eancias da Natureza) &#8211; Universidade de S\u00e3o Paulo, Universidade de S\u00e3o Paulo &#8211; Reitoria. Orientador: Felipe Santiago Chambergo Alcalde.<\/p>\n<p>10. Laura Cavalcanti Tsuji. Identifica\u00e7\u00e3o e Caracteriza\u00e7\u00e3o de microorganismos presentes no Patrim\u00f4nio cultural do Vale hist\u00f3rico Paulista. 2012. Inicia\u00e7\u00e3o Cient\u00edfica. (Graduando em Gest\u00e3o Ambiental) &#8211; Universidade de S\u00e3o Paulo, Banco Santander. Orientador: Felipe Santiago Chambergo Alcalde.<\/p>\n<p>11. Thais Maria Soares. An\u00e1lise de Bancos de dados de DNA para identifica\u00e7\u00e3o de vias metab\u00f3licas. 2012. Inicia\u00e7\u00e3o Cient\u00edfica. (Graduando em Licenciatura em Ci\u00eancias da Natureza) &#8211; Universidade de S\u00e3o Paulo, Universidade de S\u00e3o Paulo &#8211; Pr\u00f3-Reitoria de Gradua\u00e7\u00e3o. Orientador: Felipe Santiago Chambergo Alcalde.<\/p>\n<p>12. Mariana Nunes Lima Martins Borges. Produ\u00e7\u00e3o de enzimas celulases de Trichoderma reesei. 2011. Inicia\u00e7\u00e3o Cient\u00edfica. (Graduando em Ci\u00eancias Biol\u00f3gicas) &#8211; Universidade Santa Cec\u00edlia, Conselho Nacional de Desenvolvimento Cient\u00edfico e Tecnol\u00f3gico. Orientador: Felipe Santiago Chambergo Alcalde.<\/p>\n<p>13. Gabriel Stephani de Oliveira. An\u00e1lise do Promotor do gene Piruvato descarboxilase do fungo filamentoso Trichoderma reesei. 2010. Inicia\u00e7\u00e3o Cient\u00edfica. (Graduando em Gest\u00e3o Ambiental) &#8211; Universidade de S\u00e3o Paulo, Conselho Nacional de Desenvolvimento Cient\u00edfico e Tecnol\u00f3gico. Orientador: Felipe Santiago Chambergo Alcalde.<\/p>\n<p>14. Mayara Livia Bernardes. Produ\u00e7\u00e3o de enzimas celulases do fungo filamentoso Trichoderma reesei. 2010. Inicia\u00e7\u00e3o Cient\u00edfica. (Graduando em Gest\u00e3o Ambiental) &#8211; Universidade de S\u00e3o Paulo, Conselho Nacional de Desenvolvimento Cient\u00edfico e Tecnol\u00f3gico. Orientador: Felipe Santiago Chambergo Alcalde.<\/p>\n<p>15. Tiago Pelicer Lopes de Souza. Identifica\u00e7\u00e3o de promotores e elementos cis no genoma de fungos. 2007. Inicia\u00e7\u00e3o Cient\u00edfica. (Graduando em Sistemas de Informa\u00e7\u00e3o) &#8211; Universidade de S\u00e3o Paulo, Universidade de S\u00e3o Paulo &#8211; Pr\u00f3-Reitoria de Gradua\u00e7\u00e3o. Orientador: Felipe Santiago Chambergo Alcalde.<\/p>\n<p>16. Patr\u00edcia Cristina Stefanutto. Bioqu\u00edmica em movimento. 2007. Inicia\u00e7\u00e3o Cient\u00edfica. (Graduando em Licenciatura em Ci\u00eancias da Natureza) &#8211; Escola de Artes, Ci\u00eancias e Humanidades, Universidade de S\u00e3o Paulo &#8211; Pr\u00f3-Reitoria de Gradua\u00e7\u00e3o. Orientador: Felipe Santiago Chambergo Alcalde.<\/p>\n<p>17. C\u00e9sar Mois\u00e9s Camilo. Express\u00e3o heter\u00f3loga e purifica\u00e7\u00e3o de fatores transcricionais e prote\u00ednas transcricionalmente reguladas pela concentra\u00e7\u00e3o extracelular de oxig\u00eanio para determina\u00e7\u00e3o de estrutura tridimensional. 2004. Inicia\u00e7\u00e3o Cient\u00edfica. (Graduando em Farmacia) &#8211; Universidade de S\u00e3o Paulo, Funda\u00e7\u00e3o de Amparo \u00e0 Pesquisa do Estado de S\u00e3o Paulo. Orientador: Felipe Santiago Chambergo Alcalde.<\/p>\n<p><strong>Orienta\u00e7\u00f5es de outra natureza<\/strong><br \/>\n1. Anny Ayumi Iogi. An\u00e1lise do Secretoma de Fungos filamentosos: Caracteriza\u00e7\u00e3o de enzimas oxidases. 2017. Orienta\u00e7\u00e3o de outra natureza &#8211; Universidade de S\u00e3o Paulo, Funda\u00e7\u00e3o de Amparo \u00e0 Pesquisa do Estado de S\u00e3o Paulo. Orientador: Felipe Santiago Chambergo Alcalde.<\/p>\n<p>2. Carla Montanari Mergel. An\u00e1lise do Secretoma de Fungos filamentosos: Caracteriza\u00e7\u00e3o de enzimas oxidases. 2015. Orienta\u00e7\u00e3o de outra natureza &#8211; Universidade de S\u00e3o Paulo, Funda\u00e7\u00e3o de Amparo \u00e0 Pesquisa do Estado de S\u00e3o Paulo. Orientador: Felipe Santiago Chambergo Alcalde.<\/p>\n<p>3. Karen Marcelino. An\u00e1lise de promotores para express\u00e3o de prote\u00ednas recombinantes em Trichoderma reesei. 2013. Orienta\u00e7\u00e3o de outra natureza &#8211; Universidade de S\u00e3o Paulo. Orientador: Felipe Santiago Chambergo Alcalde.<\/p>\n<p>4. Patricia Pereira Adriani. An\u00e1lise de promotores para express\u00e3o de prote\u00ednas recombinantes em Trichoderma reesei. 2012. Orienta\u00e7\u00e3o de outra natureza &#8211; Universidade de S\u00e3o Paulo, Funda\u00e7\u00e3o de Amparo \u00e0 Pesquisa do Estado de S\u00e3o Paulo. Orientador: Felipe Santiago Chambergo Alcalde.<\/p>\n<p>5. Leandro Rossi Sampaio. P\u00e1gina de Internet Web site da Comiss\u00e3o de Pesquisa da Escola de Artes, Ci\u00eancias e Humanidades.. 2012. Orienta\u00e7\u00e3o de outra natureza. (Sistemas de Informa\u00e7\u00e3o) &#8211; Universidade de S\u00e3o Paulo, Universidade de S\u00e3o Paulo &#8211; Pr\u00f3-Reitoria de Pesquisa. Orientador: Felipe Santiago Chambergo Alcalde.<\/p>\n<p>6. Daysi da Silva Andrade Penna. Coleta e identifica\u00e7\u00e3o de microorganismos presentes no interior de edifica\u00e7\u00f5es hist\u00f3ricas no Vale Hist\u00f3rico Paulista. 2012. Orienta\u00e7\u00e3o de outra natureza &#8211; Universidade de S\u00e3o Paulo, Funda\u00e7\u00e3o de Amparo \u00e0 Pesquisa do Estado de S\u00e3o Paulo. Orientador: Felipe Santiago Chambergo Alcalde.<\/p>\n<p>7. Laura Correia Villela. Obten\u00e7\u00e3o de mutantes de Trichoderma reesei que expressam enzimas envolvidas na degrada\u00e7\u00e3o de biomassa. 2010. Orienta\u00e7\u00e3o de outra natureza &#8211; Universidade de S\u00e3o Paulo, Funda\u00e7\u00e3o de Amparo \u00e0 Pesquisa do Estado de S\u00e3o Paulo. Orientador: Felipe Santiago Chambergo Alcalde.<\/p>\n<p>8. Maur\u00edcio Yoshiaki Nishikata. Clonagem, express\u00e3o e purifica\u00e7\u00e3o de prote\u00ednas de Trichoderma reesei. 2007. Orienta\u00e7\u00e3o de outra natureza. (Odontologia) &#8211; Universidade de S\u00e3o Paulo, Funda\u00e7\u00e3o de Amparo \u00e0 Pesquisa do Estado de S\u00e3o Paulo. Orientador: Felipe Santiago Chambergo Alcalde.<\/p>\n","protected":false},"excerpt":{"rendered":"<p>\u00a0Inicia\u00e7\u00e3o cient\u00edfica 1. Leticia Rojas. An\u00e1lise da enzima ep\u00f3xido hidrolase 2 de Trichoderma reesei. 2016. Inicia\u00e7\u00e3o Cient\u00edfica. (Graduando em Gest\u00e3o Ambiental) &#8211; Universidade de S\u00e3o Paulo. Orientador: Felipe Santiago Chambergo Alcalde. 2. Beatriz de Paula Pereira. Estudo e caracteriza\u00e7\u00e3o de enzimas Celulases de Bact\u00e9rias. 2015. Inicia\u00e7\u00e3o Cient\u00edfica. (Graduando em Gest\u00e3o Ambiental) &#8211; Universidade de S\u00e3o<a href=\"https:\/\/sites.usp.br\/lbbp\/outras-orientacoes-concluidas\/\">[&#8230;]<\/a><\/p>\n","protected":false},"author":208,"featured_media":0,"parent":0,"menu_order":0,"comment_status":"closed","ping_status":"closed","template":"","meta":{"_monsterinsights_skip_tracking":false,"_monsterinsights_sitenote_active":false,"_monsterinsights_sitenote_note":"","_monsterinsights_sitenote_category":0,"footnotes":"","_links_to":"","_links_to_target":""},"class_list":["post-621","page","type-page","status-publish","hentry"],"_links":{"self":[{"href":"https:\/\/sites.usp.br\/lbbp\/wp-json\/wp\/v2\/pages\/621","targetHints":{"allow":["GET"]}}],"collection":[{"href":"https:\/\/sites.usp.br\/lbbp\/wp-json\/wp\/v2\/pages"}],"about":[{"href":"https:\/\/sites.usp.br\/lbbp\/wp-json\/wp\/v2\/types\/page"}],"author":[{"embeddable":true,"href":"https:\/\/sites.usp.br\/lbbp\/wp-json\/wp\/v2\/users\/208"}],"replies":[{"embeddable":true,"href":"https:\/\/sites.usp.br\/lbbp\/wp-json\/wp\/v2\/comments?post=621"}],"version-history":[{"count":1,"href":"https:\/\/sites.usp.br\/lbbp\/wp-json\/wp\/v2\/pages\/621\/revisions"}],"predecessor-version":[{"id":622,"href":"https:\/\/sites.usp.br\/lbbp\/wp-json\/wp\/v2\/pages\/621\/revisions\/622"}],"wp:attachment":[{"href":"https:\/\/sites.usp.br\/lbbp\/wp-json\/wp\/v2\/media?parent=621"}],"curies":[{"name":"wp","href":"https:\/\/api.w.org\/{rel}","templated":true}]}}