{"id":14,"date":"2022-05-17T20:29:36","date_gmt":"2022-05-17T23:29:36","guid":{"rendered":"https:\/\/sites.usp.br\/lbia\/?page_id=14"},"modified":"2022-08-25T19:14:58","modified_gmt":"2022-08-25T22:14:58","slug":"linha-de-pesquisa","status":"publish","type":"page","link":"https:\/\/sites.usp.br\/lbia\/linha-de-pesquisa\/","title":{"rendered":"Linha de pesquisa"},"content":{"rendered":"\t\t<div data-elementor-type=\"wp-page\" data-elementor-id=\"14\" class=\"elementor elementor-14\" data-elementor-post-type=\"page\">\n\t\t\t\t\t\t<section class=\"elementor-section elementor-top-section elementor-element elementor-element-d18cdf6 elementor-section-boxed elementor-section-height-default elementor-section-height-default\" data-id=\"d18cdf6\" data-element_type=\"section\">\n\t\t\t\t\t\t<div class=\"elementor-container elementor-column-gap-default\">\n\t\t\t\t\t<div class=\"elementor-column elementor-col-100 elementor-top-column elementor-element elementor-element-88f284f\" data-id=\"88f284f\" data-element_type=\"column\">\n\t\t\t<div class=\"elementor-widget-wrap elementor-element-populated\">\n\t\t\t\t\t\t<div class=\"elementor-element elementor-element-334fd0d elementor-widget elementor-widget-spacer\" data-id=\"334fd0d\" data-element_type=\"widget\" data-widget_type=\"spacer.default\">\n\t\t\t\t<div class=\"elementor-widget-container\">\n\t\t\t\t\t<div class=\"elementor-spacer\">\n\t\t\t<div class=\"elementor-spacer-inner\"><\/div>\n\t\t<\/div>\n\t\t\t\t<\/div>\n\t\t\t\t<\/div>\n\t\t\t\t<div class=\"elementor-element elementor-element-5df2ffc elementor-widget elementor-widget-heading\" data-id=\"5df2ffc\" data-element_type=\"widget\" data-widget_type=\"heading.default\">\n\t\t\t\t<div class=\"elementor-widget-container\">\n\t\t\t<h2 class=\"elementor-heading-title elementor-size-default\">LINHA DE PESQUISA<\/h2>\t\t<\/div>\n\t\t\t\t<\/div>\n\t\t\t\t<div class=\"elementor-element elementor-element-5bdd27a elementor-widget elementor-widget-spacer\" data-id=\"5bdd27a\" data-element_type=\"widget\" data-widget_type=\"spacer.default\">\n\t\t\t\t<div class=\"elementor-widget-container\">\n\t\t\t\t\t<div class=\"elementor-spacer\">\n\t\t\t<div class=\"elementor-spacer-inner\"><\/div>\n\t\t<\/div>\n\t\t\t\t<\/div>\n\t\t\t\t<\/div>\n\t\t\t\t\t<\/div>\n\t\t<\/div>\n\t\t\t\t\t<\/div>\n\t\t<\/section>\n\t\t\t\t<section class=\"elementor-section elementor-top-section elementor-element elementor-element-4cfb3ef elementor-section-boxed elementor-section-height-default elementor-section-height-default\" data-id=\"4cfb3ef\" data-element_type=\"section\" data-settings=\"{&quot;background_background&quot;:&quot;classic&quot;,&quot;shape_divider_bottom&quot;:&quot;curve&quot;}\">\n\t\t\t\t\t<div class=\"elementor-shape elementor-shape-bottom\" data-negative=\"false\">\n\t\t\t<svg xmlns=\"http:\/\/www.w3.org\/2000\/svg\" viewBox=\"0 0 1000 100\" preserveAspectRatio=\"none\">\n    <path class=\"elementor-shape-fill\" d=\"M1000,4.3V0H0v4.3C0.9,23.1,126.7,99.2,500,100S1000,22.7,1000,4.3z\"\/>\n<\/svg>\t\t<\/div>\n\t\t\t\t\t<div class=\"elementor-container elementor-column-gap-default\">\n\t\t\t\t\t<div class=\"elementor-column elementor-col-100 elementor-top-column elementor-element elementor-element-6ddca3d\" data-id=\"6ddca3d\" data-element_type=\"column\">\n\t\t\t<div class=\"elementor-widget-wrap elementor-element-populated\">\n\t\t\t\t\t\t<div class=\"elementor-element elementor-element-4bd92fa elementor-widget elementor-widget-text-editor\" data-id=\"4bd92fa\" data-element_type=\"widget\" data-widget_type=\"text-editor.default\">\n\t\t\t\t<div class=\"elementor-widget-container\">\n\t\t\t\t\t\t\t<p><span style=\"font-weight: 400;\">Os carrapatos s\u00e3o ectoparasitas que se alimentam do sangue de animais vertebrados (os hospedeiros), sendo vetores vers\u00e1teis de uma ampla diversidade de pat\u00f3genos. Dentre os pat\u00f3genos transmitidos ao homem por carrapatos, <\/span><i><span style=\"font-weight: 400;\">Rickettsia rickettsii<\/span><\/i><span style=\"font-weight: 400;\">, agente etiol\u00f3gico da febre maculosa brasileira (FMB &#8211; para mais informa\u00e7\u00f5es sobre a doen\u00e7a, acesse o<strong> <a href=\"https:\/\/www.saude.sp.gov.br\/resources\/sucen\/imagens-gerais\/febre-maculosa\/informe_tecnico_fmb.pdf\" target=\"_blank\" rel=\"noopener\">link<\/a><\/strong>), \u00e9 um dos mais letais. <\/span><em><span style=\"font-weight: 400;\">R. <\/span><\/em><i>rickettsii<\/i> pode se perpetuar por gera\u00e7\u00f5es subsequentes nas popula\u00e7\u00f5es de carrapatos de \u00e1reas end\u00eamicas para a FMB, pois apresenta transmiss\u00e3o transovariana (transmiss\u00e3o da m\u00e3e para a prog\u00eanie), al\u00e9m da transmiss\u00e3o transestadial (de um est\u00e1dio para outro do ciclo de vida do carrapato). Ou seja, os carrapatos, al\u00e9m de vetores, s\u00e3o reservat\u00f3rios da bact\u00e9ria na natureza.<\/p><p><span style=\"font-weight: 400;\">No Brasil, <\/span><i><span style=\"font-weight: 400;\">R. rickettsii<\/span><\/i><span style=\"font-weight: 400;\"> \u00e9 transmitida ao homem pela picada dos carrapatos <\/span><i><span style=\"font-weight: 400;\">Amblyomma sculptum <\/span><\/i><span style=\"font-weight: 400;\">e<\/span><i><span style=\"font-weight: 400;\"> Amblyomma aureolatum<\/span><\/i><span style=\"font-weight: 400;\">. Essas duas esp\u00e9cies de carrapatos apresentam diferen\u00e7as marcantes em rela\u00e7\u00e3o \u00e0 susceptibilidade \u00e0 infec\u00e7\u00e3o por <\/span><i><span style=\"font-weight: 400;\">R. rickettsii<\/span><\/i><span style=\"font-weight: 400;\"> (<\/span><i><span style=\"font-weight: 400;\">A. sculptum<\/span><\/i><span style=\"font-weight: 400;\"> \u00e9 bem menos suscept\u00edvel que <\/span><i><span style=\"font-weight: 400;\">A. aureolatum<\/span><\/i><span style=\"font-weight: 400;\">). Nosso grupo de pesquisa reportou anteriormente que os genes de <\/span><i><span style=\"font-weight: 400;\">A. sculptum<\/span><\/i><span style=\"font-weight: 400;\"> modulados pela infec\u00e7\u00e3o por <\/span><i><span style=\"font-weight: 400;\">R. rickettsii<\/span><\/i><span style=\"font-weight: 400;\"> s\u00e3o majoritariamente induzidos no intestino dos carrapatos, incluindo componentes do sistema imune, enquanto em <\/span><i><span style=\"font-weight: 400;\">A. aureolatum<\/span><\/i><span style=\"font-weight: 400;\"> a maioria dos genes \u00e9 reprimida. Tamb\u00e9m mostramos que o intestino de <\/span><i><span style=\"font-weight: 400;\">A. aureolatum<\/span><\/i><span style=\"font-weight: 400;\"> apresenta uma microbiota proeminente, enquanto o intestino de <\/span><i><span style=\"font-weight: 400;\">A. sculptum<\/span><\/i><span style=\"font-weight: 400;\"> \u00e9 praticamente est\u00e9ril. Em conjunto, esses dados sugerem que a microbiota, ao inv\u00e9s de ativar, dessensibilize o sistema imune no intestino de <\/span><i><span style=\"font-weight: 400;\">A. aureolatum<\/span><\/i><span style=\"font-weight: 400;\">, criando um ambiente favor\u00e1vel para o estabelecimento de <\/span><i><span style=\"font-weight: 400;\">R. rickettsii<\/span><\/i><span style=\"font-weight: 400;\">. <\/span><span style=\"font-weight: 400;\">N\u00f3s tamb\u00e9m j\u00e1 demonstramos que a microplusina, um pept\u00eddeo antimicrobiano, \u00e9 um dos fatores imunes envolvidos no controle da infec\u00e7\u00e3o por <\/span><i><span style=\"font-weight: 400;\">R. rickettii<\/span><\/i><span style=\"font-weight: 400;\"> no intestino de <\/span><i><span style=\"font-weight: 400;\">A. aureolatum<\/span><\/i><span style=\"font-weight: 400;\">. A apoptose tamb\u00e9m atua na defesa contra pat\u00f3genos, uma vez que a morte programada da c\u00e9lula infectada impede a dissemina\u00e7\u00e3o da infec\u00e7\u00e3o para as c\u00e9lulas adjacentes. Interessantemente, mostramos que <\/span><i><span style=\"font-weight: 400;\">R. rickettsii<\/span><\/i><span style=\"font-weight: 400;\"> apresenta a propriedade de inibir a apoptose de c\u00e9lulas de carrapatos, favorecendo o seu crescimento.<\/span><span style=\"font-weight: 400;\">\u00a0<\/span><\/p><p><span style=\"font-weight: 400;\">A transmiss\u00e3o de<\/span> <i><span style=\"font-weight: 400;\">R. rickettsii<\/span><\/i><span style=\"font-weight: 400;\"> para o hospedeiro vertebrado ocorre via saliva dos carrapatos. Ensaios imunol\u00f3gicos preliminares apontaram algumas prote\u00ednas da saliva de <\/span><i><span style=\"font-weight: 400;\">A. sculptum<\/span><\/i><span style=\"font-weight: 400;\"> que possuem a capacidade de estimular tanto a imunidade celular quanto humoral no modelo murino, sendo potencias alvos para o bloqueio da transmiss\u00e3o da bact\u00e9ria.<\/span><\/p><p><span style=\"font-weight: 400;\">Os estudos em andamento no laborat\u00f3rio t\u00eam como objetivo caracterizar os fatores moleculares e celulares envolvidos nas intera\u00e7\u00f5es entre <\/span><i><span style=\"font-weight: 400;\">R. rickettsii, <\/span><\/i><span style=\"font-weight: 400;\">seus vetores, a microbiota e o hospedeiro vertebrado, de modo a identificar alvos para o desenvolvimento de estrat\u00e9gias para o controle da FMB. Para isso, utilizamos diferentes t\u00e9cnicas, tais como RNA de interfer\u00eancia, PCR quantitativa, an\u00e1lises metagen\u00f4micas e citometria de fluxo. Para o desenvolvimento dos projetos, contamos n\u00e3o s\u00f3 com a infraestrutura do LBIA, mas tamb\u00e9m dos laborat\u00f3rios dos nossos colaboradores e do laborat\u00f3rio de biosseguran\u00e7a 3 (NB-3) do Departamento de Parasitologia do ICB-USP, idealizado e implementado pelos Profs. Drs. Andrea Foga\u00e7a e Carsten Wrenger.<\/span><\/p>\t\t\t\t\t\t<\/div>\n\t\t\t\t<\/div>\n\t\t\t\t<div class=\"elementor-element elementor-element-c3bdbe6 elementor-widget elementor-widget-spacer\" data-id=\"c3bdbe6\" data-element_type=\"widget\" data-widget_type=\"spacer.default\">\n\t\t\t\t<div class=\"elementor-widget-container\">\n\t\t\t\t\t<div class=\"elementor-spacer\">\n\t\t\t<div class=\"elementor-spacer-inner\"><\/div>\n\t\t<\/div>\n\t\t\t\t<\/div>\n\t\t\t\t<\/div>\n\t\t\t\t\t<\/div>\n\t\t<\/div>\n\t\t\t\t\t<\/div>\n\t\t<\/section>\n\t\t\t\t<section class=\"elementor-section elementor-top-section elementor-element elementor-element-9803fd0 elementor-section-boxed elementor-section-height-default elementor-section-height-default\" data-id=\"9803fd0\" data-element_type=\"section\" data-settings=\"{&quot;background_background&quot;:&quot;classic&quot;}\">\n\t\t\t\t\t\t<div class=\"elementor-container elementor-column-gap-default\">\n\t\t\t\t\t<div class=\"elementor-column elementor-col-33 elementor-top-column elementor-element elementor-element-6def274\" data-id=\"6def274\" data-element_type=\"column\">\n\t\t\t<div class=\"elementor-widget-wrap elementor-element-populated\">\n\t\t\t\t\t\t<div class=\"elementor-element elementor-element-7e743db elementor-widget elementor-widget-spacer\" data-id=\"7e743db\" data-element_type=\"widget\" data-widget_type=\"spacer.default\">\n\t\t\t\t<div class=\"elementor-widget-container\">\n\t\t\t\t\t<div class=\"elementor-spacer\">\n\t\t\t<div class=\"elementor-spacer-inner\"><\/div>\n\t\t<\/div>\n\t\t\t\t<\/div>\n\t\t\t\t<\/div>\n\t\t\t\t\t<\/div>\n\t\t<\/div>\n\t\t\t\t<div class=\"elementor-column elementor-col-33 elementor-top-column elementor-element elementor-element-e5d50f3\" data-id=\"e5d50f3\" data-element_type=\"column\">\n\t\t\t<div class=\"elementor-widget-wrap elementor-element-populated\">\n\t\t\t\t\t\t<div class=\"elementor-element elementor-element-eaa3874 elementor-widget elementor-widget-spacer\" data-id=\"eaa3874\" data-element_type=\"widget\" data-widget_type=\"spacer.default\">\n\t\t\t\t<div class=\"elementor-widget-container\">\n\t\t\t\t\t<div class=\"elementor-spacer\">\n\t\t\t<div class=\"elementor-spacer-inner\"><\/div>\n\t\t<\/div>\n\t\t\t\t<\/div>\n\t\t\t\t<\/div>\n\t\t\t\t<div class=\"elementor-element elementor-element-26fd921 elementor-widget elementor-widget-gallery\" data-id=\"26fd921\" data-element_type=\"widget\" data-settings=\"{&quot;gallery_layout&quot;:&quot;justified&quot;,&quot;ideal_row_height&quot;:{&quot;unit&quot;:&quot;px&quot;,&quot;size&quot;:405,&quot;sizes&quot;:[]},&quot;gap&quot;:{&quot;unit&quot;:&quot;px&quot;,&quot;size&quot;:26,&quot;sizes&quot;:[]},&quot;overlay_title&quot;:&quot;caption&quot;,&quot;image_hover_animation&quot;:&quot;grow&quot;,&quot;ideal_row_height_tablet&quot;:{&quot;unit&quot;:&quot;px&quot;,&quot;size&quot;:150,&quot;sizes&quot;:[]},&quot;ideal_row_height_mobile&quot;:{&quot;unit&quot;:&quot;px&quot;,&quot;size&quot;:150,&quot;sizes&quot;:[]},&quot;gap_tablet&quot;:{&quot;unit&quot;:&quot;px&quot;,&quot;size&quot;:10,&quot;sizes&quot;:[]},&quot;gap_mobile&quot;:{&quot;unit&quot;:&quot;px&quot;,&quot;size&quot;:10,&quot;sizes&quot;:[]},&quot;overlay_background&quot;:&quot;yes&quot;,&quot;content_hover_animation&quot;:&quot;fade-in&quot;}\" data-widget_type=\"gallery.default\">\n\t\t\t\t<div class=\"elementor-widget-container\">\n\t\t\t\t\t<div class=\"elementor-gallery__container\">\n\t\t\t\t\t\t\t<div class=\"e-gallery-item elementor-gallery-item elementor-animated-content\" tabindex=\"0\">\n\t\t\t\t\t<div class=\"e-gallery-image elementor-gallery-item__image\" data-thumbnail=\"https:\/\/sites.usp.br\/lbia\/wp-content\/uploads\/sites\/1115\/2022\/06\/Galeria-riquetsias-infectando-celulas-de-carrapatos-2-300x251.jpg\" data-width=\"300\" data-height=\"251\" aria-label=\"\" role=\"img\" ><\/div>\n\t\t\t\t\t\t\t\t\t\t\t<div class=\"elementor-gallery-item__overlay\"><\/div>\n\t\t\t\t\t\t\t\t\t\t\t\t\t\t\t<div class=\"elementor-gallery-item__content\">\n\t\t\t\t\t\t\t\t\t\t\t\t\t\t<div class=\"elementor-gallery-item__title\">\n\t\t\t\t\t\t\t\t\t\t\t\t\t\t\t\t\t\tRiqu\u00e9tsias infectando c\u00e9lulas de carrapatos\t\t\t\t\t\t\t\t<\/div>\n\t\t\t\t\t\t\t\t\t\t\t\t<\/div>\n\t\t\t\t\t\t\t\t\t<\/div>\n\t\t\t\t\t<\/div>\n\t\t\t<\/div>\n\t\t\t\t<\/div>\n\t\t\t\t\t<\/div>\n\t\t<\/div>\n\t\t\t\t<div class=\"elementor-column elementor-col-33 elementor-top-column elementor-element elementor-element-6cd53c7\" data-id=\"6cd53c7\" data-element_type=\"column\">\n\t\t\t<div class=\"elementor-widget-wrap elementor-element-populated\">\n\t\t\t\t\t\t<div class=\"elementor-element elementor-element-b030881 elementor-widget elementor-widget-spacer\" data-id=\"b030881\" data-element_type=\"widget\" data-widget_type=\"spacer.default\">\n\t\t\t\t<div class=\"elementor-widget-container\">\n\t\t\t\t\t<div class=\"elementor-spacer\">\n\t\t\t<div class=\"elementor-spacer-inner\"><\/div>\n\t\t<\/div>\n\t\t\t\t<\/div>\n\t\t\t\t<\/div>\n\t\t\t\t\t<\/div>\n\t\t<\/div>\n\t\t\t\t\t<\/div>\n\t\t<\/section>\n\t\t\t\t<section class=\"elementor-section elementor-top-section elementor-element elementor-element-3c92bda elementor-section-boxed elementor-section-height-default elementor-section-height-default\" data-id=\"3c92bda\" data-element_type=\"section\" data-settings=\"{&quot;background_background&quot;:&quot;classic&quot;}\">\n\t\t\t\t\t\t<div class=\"elementor-container elementor-column-gap-default\">\n\t\t\t\t\t<div class=\"elementor-column elementor-col-100 elementor-top-column elementor-element elementor-element-4f6fff2\" data-id=\"4f6fff2\" data-element_type=\"column\">\n\t\t\t<div class=\"elementor-widget-wrap elementor-element-populated\">\n\t\t\t\t\t\t<div class=\"elementor-element elementor-element-9a99cb6 elementor-widget elementor-widget-spacer\" data-id=\"9a99cb6\" data-element_type=\"widget\" data-widget_type=\"spacer.default\">\n\t\t\t\t<div class=\"elementor-widget-container\">\n\t\t\t\t\t<div class=\"elementor-spacer\">\n\t\t\t<div class=\"elementor-spacer-inner\"><\/div>\n\t\t<\/div>\n\t\t\t\t<\/div>\n\t\t\t\t<\/div>\n\t\t\t\t\t<\/div>\n\t\t<\/div>\n\t\t\t\t\t<\/div>\n\t\t<\/section>\n\t\t\t\t<\/div>\n\t\t","protected":false},"excerpt":{"rendered":"<p>LINHA DE PESQUISA Os carrapatos s\u00e3o ectoparasitas que se alimentam do sangue de animais vertebrados (os hospedeiros), sendo vetores vers\u00e1teis de uma ampla diversidade de pat\u00f3genos. Dentre os pat\u00f3genos transmitidos ao homem por carrapatos, Rickettsia rickettsii, agente etiol\u00f3gico da febre maculosa brasileira (FMB &#8211; para mais informa\u00e7\u00f5es sobre a doen\u00e7a, acesse o link), \u00e9 um [&hellip;]<\/p>\n","protected":false},"author":1200,"featured_media":0,"parent":0,"menu_order":0,"comment_status":"closed","ping_status":"closed","template":"elementor_header_footer","meta":{"ocean_post_layout":"","ocean_both_sidebars_style":"","ocean_both_sidebars_content_width":0,"ocean_both_sidebars_sidebars_width":0,"ocean_sidebar":"0","ocean_second_sidebar":"0","ocean_disable_margins":"enable","ocean_add_body_class":"","ocean_shortcode_before_top_bar":"","ocean_shortcode_after_top_bar":"","ocean_shortcode_before_header":"","ocean_shortcode_after_header":"","ocean_has_shortcode":"","ocean_shortcode_after_title":"","ocean_shortcode_before_footer_widgets":"","ocean_shortcode_after_footer_widgets":"","ocean_shortcode_before_footer_bottom":"","ocean_shortcode_after_footer_bottom":"","ocean_display_top_bar":"default","ocean_display_header":"default","ocean_header_style":"","ocean_center_header_left_menu":"0","ocean_custom_header_template":"0","ocean_custom_logo":0,"ocean_custom_retina_logo":0,"ocean_custom_logo_max_width":0,"ocean_custom_logo_tablet_max_width":0,"ocean_custom_logo_mobile_max_width":0,"ocean_custom_logo_max_height":0,"ocean_custom_logo_tablet_max_height":0,"ocean_custom_logo_mobile_max_height":0,"ocean_header_custom_menu":"0","ocean_menu_typo_font_family":"0","ocean_menu_typo_font_subset":"","ocean_menu_typo_font_size":0,"ocean_menu_typo_font_size_tablet":0,"ocean_menu_typo_font_size_mobile":0,"ocean_menu_typo_font_size_unit":"px","ocean_menu_typo_font_weight":"","ocean_menu_typo_font_weight_tablet":"","ocean_menu_typo_font_weight_mobile":"","ocean_menu_typo_transform":"","ocean_menu_typo_transform_tablet":"","ocean_menu_typo_transform_mobile":"","ocean_menu_typo_line_height":0,"ocean_menu_typo_line_height_tablet":0,"ocean_menu_typo_line_height_mobile":0,"ocean_menu_typo_line_height_unit":"","ocean_menu_typo_spacing":0,"ocean_menu_typo_spacing_tablet":0,"ocean_menu_typo_spacing_mobile":0,"ocean_menu_typo_spacing_unit":"","ocean_menu_link_color":"","ocean_menu_link_color_hover":"","ocean_menu_link_color_active":"","ocean_menu_link_background":"","ocean_menu_link_hover_background":"","ocean_menu_link_active_background":"","ocean_menu_social_links_bg":"","ocean_menu_social_hover_links_bg":"","ocean_menu_social_links_color":"","ocean_menu_social_hover_links_color":"","ocean_disable_title":"default","ocean_disable_heading":"default","ocean_post_title":"","ocean_post_subheading":"","ocean_post_title_style":"","ocean_post_title_background_color":"","ocean_post_title_background":0,"ocean_post_title_bg_image_position":"","ocean_post_title_bg_image_attachment":"","ocean_post_title_bg_image_repeat":"","ocean_post_title_bg_image_size":"","ocean_post_title_height":0,"ocean_post_title_bg_overlay":0.5,"ocean_post_title_bg_overlay_color":"","ocean_disable_breadcrumbs":"default","ocean_breadcrumbs_color":"","ocean_breadcrumbs_separator_color":"","ocean_breadcrumbs_links_color":"","ocean_breadcrumbs_links_hover_color":"","ocean_display_footer_widgets":"default","ocean_display_footer_bottom":"default","ocean_custom_footer_template":"0","footnotes":"","_links_to":"","_links_to_target":""},"class_list":["post-14","page","type-page","status-publish","hentry","entry"],"_links":{"self":[{"href":"https:\/\/sites.usp.br\/lbia\/wp-json\/wp\/v2\/pages\/14","targetHints":{"allow":["GET"]}}],"collection":[{"href":"https:\/\/sites.usp.br\/lbia\/wp-json\/wp\/v2\/pages"}],"about":[{"href":"https:\/\/sites.usp.br\/lbia\/wp-json\/wp\/v2\/types\/page"}],"author":[{"embeddable":true,"href":"https:\/\/sites.usp.br\/lbia\/wp-json\/wp\/v2\/users\/1200"}],"replies":[{"embeddable":true,"href":"https:\/\/sites.usp.br\/lbia\/wp-json\/wp\/v2\/comments?post=14"}],"version-history":[{"count":4,"href":"https:\/\/sites.usp.br\/lbia\/wp-json\/wp\/v2\/pages\/14\/revisions"}],"predecessor-version":[{"id":1103,"href":"https:\/\/sites.usp.br\/lbia\/wp-json\/wp\/v2\/pages\/14\/revisions\/1103"}],"wp:attachment":[{"href":"https:\/\/sites.usp.br\/lbia\/wp-json\/wp\/v2\/media?parent=14"}],"curies":[{"name":"wp","href":"https:\/\/api.w.org\/{rel}","templated":true}]}}