{"id":167,"date":"2014-05-13T12:36:57","date_gmt":"2014-05-13T15:36:57","guid":{"rendered":"http:\/\/sites.usp.brpadrao2\/?page_id=167"},"modified":"2025-12-04T13:57:48","modified_gmt":"2025-12-04T16:57:48","slug":"msc-students","status":"publish","type":"page","link":"https:\/\/sites.usp.br\/lbm\/lab-members\/msc-students\/","title":{"rendered":"M.Sc. students"},"content":{"rendered":"<p><strong>Felipe de Abreu Sodr\u00e9 Brand\u00e3o (FASB)<\/strong><\/p>\n<p>&nbsp;<\/p>\n<p><em>Background: <\/em>Graduated in Pharmacy from the University of S\u00e3o Paulo<\/p>\n<p><em>Research project:\u00a0<\/em><\/p>\n<p><em>Contact: <\/em>d<\/p>\n<p>&nbsp;<\/p>\n<p>&nbsp;<\/p>\n<p><strong>Julia Saito<\/strong><\/p>\n<p><a href=\"https:\/\/sites.usp.br\/lbm\/wp-content\/uploads\/sites\/142\/2025\/12\/WhatsApp-Image-2025-12-04-at-13.51.50_e5b34da4.jpg\"><img loading=\"lazy\" decoding=\"async\" class=\"alignnone size-medium wp-image-709\" src=\"https:\/\/sites.usp.br\/lbm\/wp-content\/uploads\/sites\/142\/2025\/12\/WhatsApp-Image-2025-12-04-at-13.51.50_e5b34da4-199x300.jpg\" alt=\"\" width=\"199\" height=\"300\" srcset=\"https:\/\/sites.usp.br\/lbm\/wp-content\/uploads\/sites\/142\/2025\/12\/WhatsApp-Image-2025-12-04-at-13.51.50_e5b34da4-199x300.jpg 199w, https:\/\/sites.usp.br\/lbm\/wp-content\/uploads\/sites\/142\/2025\/12\/WhatsApp-Image-2025-12-04-at-13.51.50_e5b34da4-681x1024.jpg 681w, https:\/\/sites.usp.br\/lbm\/wp-content\/uploads\/sites\/142\/2025\/12\/WhatsApp-Image-2025-12-04-at-13.51.50_e5b34da4-768x1155.jpg 768w, https:\/\/sites.usp.br\/lbm\/wp-content\/uploads\/sites\/142\/2025\/12\/WhatsApp-Image-2025-12-04-at-13.51.50_e5b34da4-400x600.jpg 400w, https:\/\/sites.usp.br\/lbm\/wp-content\/uploads\/sites\/142\/2025\/12\/WhatsApp-Image-2025-12-04-at-13.51.50_e5b34da4.jpg 851w\" sizes=\"auto, (max-width: 199px) 100vw, 199px\" \/><\/a><\/p>\n<p><em>Background<\/em>: J\u00falia Saito holds a Bachelor\u2019s degree in Medical Physics from the University of S\u00e3o Paulo (USP) and has experience in molecular biophysics, crystallography, and structural protein analysis, as well as projects involving machine learning applied to medical imaging. She has conducted research on GRASP family proteins and developed AI-based methods for identifying radiological patterns.<\/p>\n<p><em>Research project<\/em>: Currently a Master\u2019s student in Applied Physics to Medicine and Biology (USP), she investigates the molecular interactions between doxycycline (and derivatives) and model cell membranes, employing experimental biophysical approaches to understand structural and thermodynamic mechanisms relevant to the\u00a0drug\u2019s\u00a0action.<\/p>\n<p><em>Contact<\/em>: juliasaito@usp.br or juliakbsaito@gmail.com (https:\/\/orcid.org\/0009-0004-0032-8695)<\/p>\n","protected":false},"excerpt":{"rendered":"<p>Felipe de Abreu Sodr\u00e9 Brand\u00e3o (FASB) &nbsp; Background: Graduated in Pharmacy from the University of S\u00e3o Paulo Research project:\u00a0 Contact: d &nbsp; &nbsp; Julia Saito Background: J\u00falia Saito holds a Bachelor\u2019s degree in Medical Physics from the University of S\u00e3o Paulo (USP) and has experience in molecular biophysics, crystallography, and structural protein analysis, as well<a href=\"https:\/\/sites.usp.br\/lbm\/lab-members\/msc-students\/\">[&#8230;]<\/a><\/p>\n","protected":false},"author":1,"featured_media":0,"parent":40,"menu_order":0,"comment_status":"closed","ping_status":"closed","template":"","meta":{"footnotes":"","_links_to":"","_links_to_target":""},"class_list":["post-167","page","type-page","status-publish","hentry"],"_links":{"self":[{"href":"https:\/\/sites.usp.br\/lbm\/wp-json\/wp\/v2\/pages\/167","targetHints":{"allow":["GET"]}}],"collection":[{"href":"https:\/\/sites.usp.br\/lbm\/wp-json\/wp\/v2\/pages"}],"about":[{"href":"https:\/\/sites.usp.br\/lbm\/wp-json\/wp\/v2\/types\/page"}],"author":[{"embeddable":true,"href":"https:\/\/sites.usp.br\/lbm\/wp-json\/wp\/v2\/users\/1"}],"replies":[{"embeddable":true,"href":"https:\/\/sites.usp.br\/lbm\/wp-json\/wp\/v2\/comments?post=167"}],"version-history":[{"count":4,"href":"https:\/\/sites.usp.br\/lbm\/wp-json\/wp\/v2\/pages\/167\/revisions"}],"predecessor-version":[{"id":711,"href":"https:\/\/sites.usp.br\/lbm\/wp-json\/wp\/v2\/pages\/167\/revisions\/711"}],"up":[{"embeddable":true,"href":"https:\/\/sites.usp.br\/lbm\/wp-json\/wp\/v2\/pages\/40"}],"wp:attachment":[{"href":"https:\/\/sites.usp.br\/lbm\/wp-json\/wp\/v2\/media?parent=167"}],"curies":[{"name":"wp","href":"https:\/\/api.w.org\/{rel}","templated":true}]}}