{"id":642,"date":"2021-04-05T14:26:47","date_gmt":"2021-04-05T17:26:47","guid":{"rendered":"http:\/\/sites.usp.br\/lbm\/?page_id=642"},"modified":"2021-07-15T14:19:07","modified_gmt":"2021-07-15T17:19:07","slug":"presentations","status":"publish","type":"page","link":"https:\/\/sites.usp.br\/lbm\/presentations\/","title":{"rendered":"Presentations"},"content":{"rendered":"<p><span style=\"text-decoration: underline;\"><strong>Interview for the Circo da F\u00edsica &#8211; A little bit about myself (Antonio) in a very relaxed chat with the undergrads<\/strong><\/span><\/p>\n<p><a href=\"https:\/\/www.youtube.com\/watch?v=ho4f824G518&amp;t=4845s\">https:\/\/www.youtube.com\/watch?v=ho4f824G518&amp;t=4845s<\/a><\/p>\n<p>&nbsp;<\/p>\n<p><span style=\"text-decoration: underline;\"><strong>VI Regional Congress of the Brazilian Biophysical Society, 2021<\/strong><\/span><\/p>\n<ul>\n<li>Mariana Micheletto, &#8220;Interaction of genetically encoded photosensitizers with scintillating nanoparticles for X-ray activated photodynamics therapy&#8221;<\/li>\n<\/ul>\n<ol>\n<li style=\"list-style-type: none;\"><\/li>\n<\/ol>\n<p><iframe loading=\"lazy\" title=\"Mariana Chaves Micheletto\" width=\"640\" height=\"360\" src=\"https:\/\/www.youtube.com\/embed\/5Qr3gQeJOJI?start=6&#038;feature=oembed\" frameborder=\"0\" allow=\"accelerometer; autoplay; clipboard-write; encrypted-media; gyroscope; picture-in-picture; web-share\" referrerpolicy=\"strict-origin-when-cross-origin\" allowfullscreen><\/iframe><\/p>\n<p>&nbsp;<\/p>\n<ul>\n<li>Nathan Evangelista, &#8220;Constru\u00e7\u00e3o e caracteriza\u00e7\u00e3o de micro-reatores da prote\u00edna clorocatecol 1,2-dioxigenase que utilizam dom\u00ednios de baixa complexidade como adesivos moleculares&#8221;<\/li>\n<\/ul>\n<p><iframe loading=\"lazy\" title=\"Nathan Nunes Evangelista\" width=\"640\" height=\"480\" src=\"https:\/\/www.youtube.com\/embed\/nsaIEkpdj3w?start=14&#038;feature=oembed\" frameborder=\"0\" allow=\"accelerometer; autoplay; clipboard-write; encrypted-media; gyroscope; picture-in-picture; web-share\" referrerpolicy=\"strict-origin-when-cross-origin\" allowfullscreen><\/iframe><\/p>\n<p>&nbsp;<\/p>\n<p><span style=\"text-decoration: underline;\"><strong>A short video explaining how the so-called collapse of the health system is achieved in mathematical terms &#8211; Partnership with the Institute for Advanced Studies Polo Ribeir\u00e3o Preto<\/strong><\/span><\/p>\n<ul>\n<li>Antonio Costa and the collapse of the health system<\/li>\n<\/ul>\n<p><a href=\"https:\/\/www.youtube.com\/watch?v=ECQznGxxCOc&amp;t=3s\">https:\/\/www.youtube.com\/watch?v=ECQznGxxCOc&amp;t=3s<\/a><\/p>\n<p>&nbsp;<\/p>\n<p><span style=\"text-decoration: underline;\"><strong>IV Winter School on Physics Applied to Medicine and Biology, 2020<\/strong><\/span><\/p>\n<ul>\n<li>Antonio Costa, &#8220;Biof\u00edsica Molecular &#8211; O Culpado \u00e9 sempre o mordomo&#8221;<\/li>\n<\/ul>\n<p><a href=\"https:\/\/www.youtube.com\/watch?v=AmCfCZzUDvc&amp;t=237s\">https:\/\/www.youtube.com\/watch?v=AmCfCZzUDvc&amp;t=237s<\/a><\/p>\n<p>&nbsp;<\/p>\n","protected":false},"excerpt":{"rendered":"<p>Interview for the Circo da F\u00edsica &#8211; A little bit about myself (Antonio) in a very relaxed chat with the undergrads https:\/\/www.youtube.com\/watch?v=ho4f824G518&amp;t=4845s &nbsp; VI Regional Congress of the Brazilian Biophysical Society, 2021 Mariana Micheletto, &#8220;Interaction of genetically encoded photosensitizers with scintillating nanoparticles for X-ray activated photodynamics therapy&#8221; &nbsp; Nathan Evangelista, &#8220;Constru\u00e7\u00e3o e caracteriza\u00e7\u00e3o de micro-reatores<a href=\"https:\/\/sites.usp.br\/lbm\/presentations\/\">[&#8230;]<\/a><\/p>\n","protected":false},"author":247,"featured_media":0,"parent":0,"menu_order":0,"comment_status":"closed","ping_status":"closed","template":"","meta":{"footnotes":"","_links_to":"","_links_to_target":""},"class_list":["post-642","page","type-page","status-publish","hentry"],"_links":{"self":[{"href":"https:\/\/sites.usp.br\/lbm\/wp-json\/wp\/v2\/pages\/642","targetHints":{"allow":["GET"]}}],"collection":[{"href":"https:\/\/sites.usp.br\/lbm\/wp-json\/wp\/v2\/pages"}],"about":[{"href":"https:\/\/sites.usp.br\/lbm\/wp-json\/wp\/v2\/types\/page"}],"author":[{"embeddable":true,"href":"https:\/\/sites.usp.br\/lbm\/wp-json\/wp\/v2\/users\/247"}],"replies":[{"embeddable":true,"href":"https:\/\/sites.usp.br\/lbm\/wp-json\/wp\/v2\/comments?post=642"}],"version-history":[{"count":4,"href":"https:\/\/sites.usp.br\/lbm\/wp-json\/wp\/v2\/pages\/642\/revisions"}],"predecessor-version":[{"id":694,"href":"https:\/\/sites.usp.br\/lbm\/wp-json\/wp\/v2\/pages\/642\/revisions\/694"}],"wp:attachment":[{"href":"https:\/\/sites.usp.br\/lbm\/wp-json\/wp\/v2\/media?parent=642"}],"curies":[{"name":"wp","href":"https:\/\/api.w.org\/{rel}","templated":true}]}}